{"id":256130,"date":"2025-08-24T21:23:42","date_gmt":"2025-08-25T01:23:42","guid":{"rendered":"https:\/\/mendomedical.ca\/product\/boisson-thc-hybride-limonade-fraise\/"},"modified":"2026-04-14T00:31:58","modified_gmt":"2026-04-14T04:31:58","slug":"boisson-thc-hybride-limonade-fraise","status":"publish","type":"product","link":"https:\/\/mendomedical.ca\/fr\/produit\/boisson-thc-hybride-limonade-fraise\/","title":{"rendered":"Boisson THC hybride limonade fraise"},"content":{"rendered":"","protected":false},"excerpt":{"rendered":"<div class=\"ExternalClassA732D6394D4143BBB20FEF7B92BFD7FD\">\n<h3>Boisson THC hybride limonade fraise de CQ Sparkling<\/h3>\n<p>D\u00e9couvrez une alternative rafra\u00eechissante aux boissons traditionnelles avec CQ Sparkling&rsquo;s Strawberry Lemonade Hybrid THC Drink. Cette boisson pionni\u00e8re infus\u00e9e au cannabis, \u00e9labor\u00e9e par le premier fabricant californien de boissons au cannabis depuis 2008, offre une d\u00e9licieuse fusion de saveurs de fraise et de limonade dans un format pratique de 355 ml. <\/p>\n<p><strong>Si vous commandez une grande quantit\u00e9 de boissons (plus de 36), nous ne pourrons pas utiliser Postes Canada pour exp\u00e9dier votre commande et devrons faire appel \u00e0 un autre transporteur.<\/strong><\/p>\n<h4>Points forts du produit<\/h4>\n<p>- Emulsion de cannabis hybride de premi\u00e8re qualit\u00e9 pour des effets constants<br \/>\n- Go\u00fbt rafra\u00eechissant de limonade \u00e0 la fraise<br \/>\n- Une alternative sans alcool pour les occasions sociales<br \/>\n- Fabriqu\u00e9 \u00e0 partir d&rsquo;ingr\u00e9dients naturels, dont un v\u00e9ritable concentr\u00e9 de jus de fraise.<br \/>\n- Niveau de carbonatation parfait pour une exp\u00e9rience vive et p\u00e9tillante<\/p>\n<h4>Profil d&rsquo;ar\u00f4me<\/h4>\n<p>Cette boisson soigneusement \u00e9labor\u00e9e offre une combinaison \u00e9quilibr\u00e9e de notes de fraises sucr\u00e9es compl\u00e9t\u00e9es par une limonade piquante, cr\u00e9ant ainsi une exp\u00e9rience gustative rafra\u00eechissante et famili\u00e8re. Les saveurs naturelles sont rehauss\u00e9es par une carbonatation pr\u00e9cise, ce qui garantit que chaque gorg\u00e9e est aussi agr\u00e9able que la pr\u00e9c\u00e9dente. <\/p>\n<h4>Pourquoi choisir les boissons \u00e0 base de cannabis ?<\/h4>\n<p>Les boissons infus\u00e9es au cannabis offrent aux utilisateurs m\u00e9dicaux une m\u00e9thode de consommation discr\u00e8te et famili\u00e8re, sans avoir recours \u00e0 l&rsquo;inhalation. Elles constituent un moyen pratique d&rsquo;int\u00e9grer les cannabino\u00efdes dans votre routine de bien-\u00eatre, avec un dosage pr\u00e9cis et des effets constants. La formulation hybride peut aider \u00e0 soutenir la concentration tout en maintenant une exp\u00e9rience \u00e9quilibr\u00e9e.  <\/p>\n<h4>Exp\u00e9dition dans tout le Canada<\/h4>\n<p>Nous offrons une livraison rapide et fiable \u00e0 travers le Canada pour tous les produits CQ Sparkling. Profitez de la livraison gratuite pour les commandes de plus de 150 $. Nos boissons sont soigneusement emball\u00e9es pour garantir qu&rsquo;elles arrivent en parfait \u00e9tat.  <\/p>\n<p><strong>Avis important concernant l&rsquo;exp\u00e9dition en hiver : <\/strong>Veuillez noter que les produits liquides peuvent \u00eatre affect\u00e9s par des temp\u00e9ratures extr\u00eames pendant le transport. Nous vous recommandons de tenir compte des conditions m\u00e9t\u00e9orologiques lorsque vous passez votre commande. Malheureusement, nous ne pouvons pas offrir de remboursement ou de remplacement pour les produits endommag\u00e9s par la temp\u00e9rature pendant le transport.   Nous vous remercions de votre compr\u00e9hension.<\/p>\n<h4>Avantages et couverture pour les anciens combattants<\/h4>\n<p>La boisson THC hybride limonade fraise est admissible \u00e0 la couverture d&rsquo;ACC et \u00e0 la facturation directe par la Croix Bleue, ce qui signifie que les anciens combattants admissibles n&rsquo;ont pas \u00e0 d\u00e9bourser d&rsquo;argent. Vous n&rsquo;avez pas encore votre carte m\u00e9dicale ? <a href=\"https:\/\/mendomedical.ca\/fr\/carte-medicale\/\">Cliquez ici<\/a> pour obtenir votre carte m\u00e9dicale gratuite rapidement et facilement gr\u00e2ce \u00e0 notre processus simplifi\u00e9. <\/p>\n<div>\n<div>\n<div>\n<div>\n<div><b>Liste des ingr\u00e9dients :<\/b><\/div>\n<\/div>\n<\/div>\n<\/div>\n<div>\n<div>Eau gazeuse, sucres (sucre de canne, jus de fraise concentr\u00e9), ar\u00f4me naturel, \u00e9mulsion de cannabis (eau, gomme d&rsquo;acacia, huile de coco modifi\u00e9e (triglyc\u00e9rides \u00e0 cha\u00eene moyenne), acide citrique, vitamine E, sorbate de potassium, benzoate de sodium, extrait de quillaia), acide citrique, acide ascorbique.<\/div>\n<\/div>\n<p>&nbsp;<\/p>\n<\/div>\n<\/div>\n","protected":false},"featured_media":256129,"comment_status":"open","ping_status":"closed","template":"","meta":{"_acf_changed":false,"site-sidebar-layout":"default","site-content-layout":"","ast-site-content-layout":"default","site-content-style":"default","site-sidebar-style":"default","ast-global-header-display":"","ast-banner-title-visibility":"","ast-main-header-display":"","ast-hfb-above-header-display":"","ast-hfb-below-header-display":"","ast-hfb-mobile-header-display":"","site-post-title":"","ast-breadcrumbs-content":"","ast-featured-img":"","footer-sml-layout":"","ast-disable-related-posts":"","theme-transparent-header-meta":"default","adv-header-id-meta":"","stick-header-meta":"","header-above-stick-meta":"","header-main-stick-meta":"","header-below-stick-meta":"","astra-migrate-meta-layouts":"set","ast-page-background-enabled":"default","ast-page-background-meta":{"desktop":{"background-color":"var(--ast-global-color-4)","background-image":"","background-repeat":"repeat","background-position":"center center","background-size":"auto","background-attachment":"scroll","background-type":"","background-media":"","overlay-type":"","overlay-color":"","overlay-opacity":"","overlay-gradient":""},"tablet":{"background-color":"","background-image":"","background-repeat":"repeat","background-position":"center center","background-size":"auto","background-attachment":"scroll","background-type":"","background-media":"","overlay-type":"","overlay-color":"","overlay-opacity":"","overlay-gradient":""},"mobile":{"background-color":"","background-image":"","background-repeat":"repeat","background-position":"center center","background-size":"auto","background-attachment":"scroll","background-type":"","background-media":"","overlay-type":"","overlay-color":"","overlay-opacity":"","overlay-gradient":""}},"ast-content-background-meta":{"desktop":{"background-color":"var(--ast-global-color-5)","background-image":"","background-repeat":"repeat","background-position":"center center","background-size":"auto","background-attachment":"scroll","background-type":"","background-media":"","overlay-type":"","overlay-color":"","overlay-opacity":"","overlay-gradient":""},"tablet":{"background-color":"var(--ast-global-color-5)","background-image":"","background-repeat":"repeat","background-position":"center center","background-size":"auto","background-attachment":"scroll","background-type":"","background-media":"","overlay-type":"","overlay-color":"","overlay-opacity":"","overlay-gradient":""},"mobile":{"background-color":"var(--ast-global-color-5)","background-image":"","background-repeat":"repeat","background-position":"center center","background-size":"auto","background-attachment":"scroll","background-type":"","background-media":"","overlay-type":"","overlay-color":"","overlay-opacity":"","overlay-gradient":""}}},"product_brand":[],"product_cat":[1131,1128],"product_tag":[],"product_format_filter":[6363],"class_list":{"0":"post-256130","1":"product","2":"type-product","3":"status-publish","4":"has-post-thumbnail","6":"product_cat-boissons","7":"product_cat-comestibles","8":"pa_flavours-limonade-de-fraise","9":"pa_intensity-thc-moyen","10":"pa_marques-cq-petillant","11":"pa_origin-ontario-fr","12":"pa_type-de-plante-thc-fr","13":"product_format_filter-355ml","14":"desktop-align-left","15":"tablet-align-left","16":"mobile-align-left","18":"first","19":"instock","20":"taxable","21":"shipping-taxable","22":"purchasable","23":"product-type-simple"},"group_of_quantity":0,"min_quantity":0,"max_quantity":"","exclude_order_quantity_value_rules":"no","exclude_category_quantity_rules":"no","combine_variations":"no","acf":[],"_links":{"self":[{"href":"https:\/\/mendomedical.ca\/fr\/wp-json\/wp\/v2\/product\/256130","targetHints":{"allow":["GET"]}}],"collection":[{"href":"https:\/\/mendomedical.ca\/fr\/wp-json\/wp\/v2\/product"}],"about":[{"href":"https:\/\/mendomedical.ca\/fr\/wp-json\/wp\/v2\/types\/product"}],"replies":[{"embeddable":true,"href":"https:\/\/mendomedical.ca\/fr\/wp-json\/wp\/v2\/comments?post=256130"}],"wp:featuredmedia":[{"embeddable":true,"href":"https:\/\/mendomedical.ca\/fr\/wp-json\/wp\/v2\/media\/256129"}],"wp:attachment":[{"href":"https:\/\/mendomedical.ca\/fr\/wp-json\/wp\/v2\/media?parent=256130"}],"wp:term":[{"taxonomy":"product_brand","embeddable":true,"href":"https:\/\/mendomedical.ca\/fr\/wp-json\/wp\/v2\/product_brand?post=256130"},{"taxonomy":"product_cat","embeddable":true,"href":"https:\/\/mendomedical.ca\/fr\/wp-json\/wp\/v2\/product_cat?post=256130"},{"taxonomy":"product_tag","embeddable":true,"href":"https:\/\/mendomedical.ca\/fr\/wp-json\/wp\/v2\/product_tag?post=256130"},{"taxonomy":"product_format_filter","embeddable":true,"href":"https:\/\/mendomedical.ca\/fr\/wp-json\/wp\/v2\/product_format_filter?post=256130"}],"curies":[{"name":"wp","href":"https:\/\/api.w.org\/{rel}","templated":true}]}}