{"id":256127,"date":"2025-08-24T21:15:05","date_gmt":"2025-08-25T01:15:05","guid":{"rendered":"https:\/\/mendomedical.ca\/product\/sour-etto-thccbg-boisson\/"},"modified":"2026-04-16T09:59:27","modified_gmt":"2026-04-16T13:59:27","slug":"sour-etto-thccbg-boisson","status":"publish","type":"product","link":"https:\/\/mendomedical.ca\/fr\/produit\/sour-etto-thccbg-boisson\/","title":{"rendered":"Sour-etto THC:CBG Boisson"},"content":{"rendered":"","protected":false},"excerpt":{"rendered":"<div class=\"ExternalClassE51AF650149249DE8D0351A9295B7E08\">\n<h3>Boisson Sour-etto THC:CBG par KLON Mocktails<\/h3>\n<p>D\u00e9couvrez une alternative sophistiqu\u00e9e aux cocktails traditionnels avec la boisson Sour-etto THC:CBG. Ce mocktail de qualit\u00e9 sup\u00e9rieure infus\u00e9 au cannabis offre un m\u00e9lange parfaitement \u00e9quilibr\u00e9 de notes sucr\u00e9es et acides, offrant une exp\u00e9rience rafra\u00eechissante dans un format pratique de 355 ml. <\/p>\n<p><strong>Si vous commandez une grande quantit\u00e9 de boissons (plus de 36), nous ne pourrons pas utiliser Postes Canada pour exp\u00e9dier votre commande et devrons faire appel \u00e0 un autre transporteur.<\/strong><\/p>\n<h4>Caract\u00e9ristiques principales<\/h4>\n<p>- M\u00e9lange THC:CBG \u00e9labor\u00e9 avec pr\u00e9cision pour une exp\u00e9rience \u00e9quilibr\u00e9e<br \/>\n- Une alternative aux cocktails sans alcool dans une \u00e9l\u00e9gante canette de 355 ml<br \/>\n- Combinaison parfaite de saveurs aigre-douce<br \/>\n- Ingr\u00e9dients naturels, dont un concentr\u00e9 de jus de citron v\u00e9ritable<br \/>\n- Format pr\u00eat \u00e0 boire id\u00e9al pour les occasions sociales<\/p>\n<h4>Profil d&rsquo;ar\u00f4me<\/h4>\n<p>Cette boisson vive et rafra\u00eechissante offre un profil fruit\u00e9 sophistiqu\u00e9 avec des notes sucr\u00e9es et acides parfaitement \u00e9quilibr\u00e9es. Les ar\u00f4mes naturels et le concentr\u00e9 de jus de citron cr\u00e9ent une exp\u00e9rience gustative authentique inspir\u00e9e des cocktails sans alcool. <\/p>\n<h4>Pourquoi choisir les boissons \u00e0 base de cannabis ?<\/h4>\n<p>Les boissons infus\u00e9es au cannabis offrent aux utilisateurs m\u00e9dicaux un moyen pr\u00e9cis et discret de consommer leurs m\u00e9dicaments. Ces boissons constituent une alternative sans alcool pour les situations sociales, tout en offrant un dosage coh\u00e9rent dans un format familier. <\/p>\n<h4>Exp\u00e9dition dans tout le Canada<\/h4>\n<p>Nous offrons un service de livraison rapide et fiable \u00e0 travers le Canada pour la boisson Sour-etto THC:CBG. Profitez de la livraison gratuite pour les commandes de plus de 150 $. Notre emballage soign\u00e9 assure que votre boisson arrive en parfait \u00e9tat.  <\/p>\n<div>\n<p><b>Avis important concernant l&rsquo;exp\u00e9dition en hiver :<\/b> En raison des temp\u00e9ratures glaciales pendant le transport, les boissons en conserve peuvent arriver gonfl\u00e9es. Il s&rsquo;agit d&rsquo;un r\u00e9sultat naturel de la cong\u00e9lation qui n&rsquo;affecte pas la qualit\u00e9 ou la s\u00e9curit\u00e9 du produit. Si vos boissons arrivent congel\u00e9es, laissez-les simplement d\u00e9congeler compl\u00e8tement \u00e0 temp\u00e9rature ambiante avant de les consommer. Vous pouvez d\u00e9guster vos boissons en toute confiance !   <\/p>\n<div><\/div>\n<p><b>Veuillez noter :<\/b> Chaque commande peut contenir un maximum de 36 boissons en canettes. Pour commander plus de 36, veuillez passer plusieurs commandes. Pour toute assistance, n&rsquo;h\u00e9sitez pas \u00e0 contacter notre service client\u00e8le.  <\/p>\n<\/div>\n<h4>Avantages et couverture pour les anciens combattants<\/h4>\n<p>La boisson Sour-etto THC:CBG est admissible \u00e0 la couverture d&rsquo;ACC avec facturation directe par la Croix Bleue, ce qui signifie que les anciens combattants admissibles n&rsquo;ont pas \u00e0 d\u00e9bourser d&rsquo;argent. Vous n&rsquo;avez pas encore votre carte m\u00e9dicale ? <a href=\"https:\/\/mendomedical.ca\/fr\/carte-medicale\/\">Obtenez votre carte m\u00e9dicale gratuite rapidement et facilement ici<\/a>. <\/p>\n<h4>Ingr\u00e9dients<\/h4>\n<p>Eau gazeuse, sucres (saccharose), ar\u00f4mes naturels, acide citrique, \u00e9mulsion de cannabis (eau, gomme d&rsquo;acacia, huile de coco modifi\u00e9e (triglyc\u00e9rides \u00e0 cha\u00eene moyenne), acide citrique, vitamine E, sorbate de potassium, benzoate de sodium, extrait de quillaia), jus de citron concentr\u00e9, acide ascorbique, colorant caramel.<\/p>\n<\/div>\n","protected":false},"featured_media":256111,"comment_status":"open","ping_status":"closed","template":"","meta":{"_acf_changed":false,"site-sidebar-layout":"default","site-content-layout":"","ast-site-content-layout":"default","site-content-style":"default","site-sidebar-style":"default","ast-global-header-display":"","ast-banner-title-visibility":"","ast-main-header-display":"","ast-hfb-above-header-display":"","ast-hfb-below-header-display":"","ast-hfb-mobile-header-display":"","site-post-title":"","ast-breadcrumbs-content":"","ast-featured-img":"","footer-sml-layout":"","ast-disable-related-posts":"","theme-transparent-header-meta":"default","adv-header-id-meta":"","stick-header-meta":"","header-above-stick-meta":"","header-main-stick-meta":"","header-below-stick-meta":"","astra-migrate-meta-layouts":"set","ast-page-background-enabled":"default","ast-page-background-meta":{"desktop":{"background-color":"var(--ast-global-color-4)","background-image":"","background-repeat":"repeat","background-position":"center center","background-size":"auto","background-attachment":"scroll","background-type":"","background-media":"","overlay-type":"","overlay-color":"","overlay-opacity":"","overlay-gradient":""},"tablet":{"background-color":"","background-image":"","background-repeat":"repeat","background-position":"center center","background-size":"auto","background-attachment":"scroll","background-type":"","background-media":"","overlay-type":"","overlay-color":"","overlay-opacity":"","overlay-gradient":""},"mobile":{"background-color":"","background-image":"","background-repeat":"repeat","background-position":"center center","background-size":"auto","background-attachment":"scroll","background-type":"","background-media":"","overlay-type":"","overlay-color":"","overlay-opacity":"","overlay-gradient":""}},"ast-content-background-meta":{"desktop":{"background-color":"var(--ast-global-color-5)","background-image":"","background-repeat":"repeat","background-position":"center center","background-size":"auto","background-attachment":"scroll","background-type":"","background-media":"","overlay-type":"","overlay-color":"","overlay-opacity":"","overlay-gradient":""},"tablet":{"background-color":"var(--ast-global-color-5)","background-image":"","background-repeat":"repeat","background-position":"center center","background-size":"auto","background-attachment":"scroll","background-type":"","background-media":"","overlay-type":"","overlay-color":"","overlay-opacity":"","overlay-gradient":""},"mobile":{"background-color":"var(--ast-global-color-5)","background-image":"","background-repeat":"repeat","background-position":"center center","background-size":"auto","background-attachment":"scroll","background-type":"","background-media":"","overlay-type":"","overlay-color":"","overlay-opacity":"","overlay-gradient":""}}},"product_brand":[],"product_cat":[1131,3825,1128],"product_tag":[],"product_format_filter":[6363],"class_list":{"0":"post-256127","1":"product","2":"type-product","3":"status-publish","4":"has-post-thumbnail","6":"product_cat-boissons","7":"product_cat-cbd-minors-3-fr","8":"product_cat-comestibles","9":"pa_flavours-fruite","10":"pa_intensity-faible-thc","11":"pa_intensity-low-cbg-fr","12":"pa_marques-cocktails-klon","13":"pa_origin-ontario-fr","14":"pa_type-de-plante-cbg-fr","15":"pa_type-de-plante-thc-fr","16":"product_format_filter-355ml","17":"desktop-align-left","18":"tablet-align-left","19":"mobile-align-left","21":"first","22":"instock","23":"taxable","24":"shipping-taxable","25":"purchasable","26":"product-type-simple"},"group_of_quantity":0,"min_quantity":0,"max_quantity":"","exclude_order_quantity_value_rules":"no","exclude_category_quantity_rules":"no","combine_variations":"no","acf":[],"_links":{"self":[{"href":"https:\/\/mendomedical.ca\/fr\/wp-json\/wp\/v2\/product\/256127","targetHints":{"allow":["GET"]}}],"collection":[{"href":"https:\/\/mendomedical.ca\/fr\/wp-json\/wp\/v2\/product"}],"about":[{"href":"https:\/\/mendomedical.ca\/fr\/wp-json\/wp\/v2\/types\/product"}],"replies":[{"embeddable":true,"href":"https:\/\/mendomedical.ca\/fr\/wp-json\/wp\/v2\/comments?post=256127"}],"wp:featuredmedia":[{"embeddable":true,"href":"https:\/\/mendomedical.ca\/fr\/wp-json\/wp\/v2\/media\/256111"}],"wp:attachment":[{"href":"https:\/\/mendomedical.ca\/fr\/wp-json\/wp\/v2\/media?parent=256127"}],"wp:term":[{"taxonomy":"product_brand","embeddable":true,"href":"https:\/\/mendomedical.ca\/fr\/wp-json\/wp\/v2\/product_brand?post=256127"},{"taxonomy":"product_cat","embeddable":true,"href":"https:\/\/mendomedical.ca\/fr\/wp-json\/wp\/v2\/product_cat?post=256127"},{"taxonomy":"product_tag","embeddable":true,"href":"https:\/\/mendomedical.ca\/fr\/wp-json\/wp\/v2\/product_tag?post=256127"},{"taxonomy":"product_format_filter","embeddable":true,"href":"https:\/\/mendomedical.ca\/fr\/wp-json\/wp\/v2\/product_format_filter?post=256127"}],"curies":[{"name":"wp","href":"https:\/\/api.w.org\/{rel}","templated":true}]}}