{"id":255957,"date":"2025-09-27T03:00:57","date_gmt":"2025-09-27T07:00:57","guid":{"rendered":"https:\/\/mendomedical.ca\/product\/bouchees-au-beurre-de-cacahuete-et-au-thc\/"},"modified":"2026-04-05T17:39:38","modified_gmt":"2026-04-05T21:39:38","slug":"bouchees-au-beurre-de-cacahuete-et-au-thc","status":"publish","type":"product","link":"https:\/\/mendomedical.ca\/fr\/produit\/bouchees-au-beurre-de-cacahuete-et-au-thc\/","title":{"rendered":"Bouch\u00e9es au beurre de cacahu\u00e8tes"},"content":{"rendered":"","protected":false},"excerpt":{"rendered":"<div class=\"ExternalClass30093E1507104D4982905F4A4C05A02E\">\n<h3>Bouch\u00e9es au beurre d&rsquo;arachide et au THC par Balcony<\/h3>\n<p>Faites l&rsquo;exp\u00e9rience d&rsquo;une touche gastronomique sur un classique favori avec les bouch\u00e9es au beurre d&rsquo;arachide THC du Balcon. Ces produits comestibles artisanaux contiennent une garniture au beurre d&rsquo;arachide faite maison, envelopp\u00e9e dans du chocolat au lait belge de premi\u00e8re qualit\u00e9, offrant une dose parfaitement mesur\u00e9e de 5 mg de THC par bouch\u00e9e, provenant de fleurs enti\u00e8res de cannabis \u00e0 spectre complet, extraites au CO2. <\/p>\n<h4>Points forts du produit<\/h4>\n<p>- Chaque paquet contient 2 g\u00e9n\u00e9reuses bouch\u00e9es de 14 grammes.<br \/>\n- Pr\u00e9cis\u00e9ment dos\u00e9 \u00e0 5 mg de THC par bouch\u00e9e<br \/>\n- Fabriqu\u00e9 avec du chocolat au lait belge de premi\u00e8re qualit\u00e9<br \/>\n- Extrait de CO2 \u00e0 spectre complet pour un profil cannabino\u00efde complet<br \/>\n- Fabriqu\u00e9 avec des ingr\u00e9dients naturels et un fourrage au beurre d&rsquo;arachide fait maison.<\/p>\n<h4>Profil d&rsquo;ar\u00f4me<\/h4>\n<p>Ces bouch\u00e9es soigneusement \u00e9labor\u00e9es offrent une riche combinaison de chocolat au lait onctueux et de beurre d&rsquo;arachide naturel. Le chocolat belge de premi\u00e8re qualit\u00e9 offre une exp\u00e9rience luxueuse qui fond dans la bouche, tandis que le fourrage au beurre d&rsquo;arachide fait maison offre des saveurs authentiques de noix. <\/p>\n<h4>Pourquoi choisir les produits comestibles \u00e0 base de cannabis ?<\/h4>\n<p>Les edibles sont un moyen discret et pratique de consommer du cannabis, en fournissant un dosage constant \u00e0 chaque portion. La portion de 5 mg de THC est id\u00e9ale pour les utilisateurs m\u00e9dicaux \u00e0 la recherche d&rsquo;un soulagement mesur\u00e9, avec des effets qui peuvent favoriser la relaxation et le calme. <\/p>\n<h4>Exp\u00e9dition dans tout le Canada<\/h4>\n<p>Nous offrons une livraison rapide dans tout le Canada, avec une livraison gratuite pour les commandes de plus de 150 $. Veuillez noter que les produits chocolat\u00e9s peuvent \u00eatre affect\u00e9s par la chaleur durant les mois d&rsquo;\u00e9t\u00e9. Nous vous recommandons de tenir compte des conditions m\u00e9t\u00e9orologiques lorsque vous passez votre commande.   Malheureusement, nous ne pouvons pas offrir de remboursement ou de remplacement pour les produits qui fondent pendant le transport.<\/p>\n<h4>Avantages et couverture pour les anciens combattants<\/h4>\n<p>Les bouch\u00e9es au beurre d&rsquo;arachide et au THC sont admissibles \u00e0 la couverture d&rsquo;Anciens Combattants Canada (ACC) avec facturation directe par l&rsquo;entremise de la Croix Bleue, ce qui signifie qu&rsquo;il n&rsquo;y a pas de frais \u00e0 d\u00e9bourser. Vous n&rsquo;avez pas encore votre carte de cannabis m\u00e9dical ? <a href=\"https:\/\/mendomedical.ca\/fr\/carte-medicale\/\">Obtenez votre carte m\u00e9dicale gratuite rapidement et facilement gr\u00e2ce \u00e0 notre plateforme<\/a>. <\/p>\n<p><strong>Contient<\/strong>: Arachide, lait, soja. Peut contenir : Noisette, Noix. <\/p>\n<\/div>\n","protected":false},"featured_media":255955,"comment_status":"open","ping_status":"closed","template":"","meta":{"_acf_changed":false,"site-sidebar-layout":"default","site-content-layout":"","ast-site-content-layout":"default","site-content-style":"default","site-sidebar-style":"default","ast-global-header-display":"","ast-banner-title-visibility":"","ast-main-header-display":"","ast-hfb-above-header-display":"","ast-hfb-below-header-display":"","ast-hfb-mobile-header-display":"","site-post-title":"","ast-breadcrumbs-content":"","ast-featured-img":"","footer-sml-layout":"","ast-disable-related-posts":"","theme-transparent-header-meta":"default","adv-header-id-meta":"","stick-header-meta":"","header-above-stick-meta":"","header-main-stick-meta":"","header-below-stick-meta":"","astra-migrate-meta-layouts":"set","ast-page-background-enabled":"default","ast-page-background-meta":{"desktop":{"background-color":"var(--ast-global-color-4)","background-image":"","background-repeat":"repeat","background-position":"center center","background-size":"auto","background-attachment":"scroll","background-type":"","background-media":"","overlay-type":"","overlay-color":"","overlay-opacity":"","overlay-gradient":""},"tablet":{"background-color":"","background-image":"","background-repeat":"repeat","background-position":"center center","background-size":"auto","background-attachment":"scroll","background-type":"","background-media":"","overlay-type":"","overlay-color":"","overlay-opacity":"","overlay-gradient":""},"mobile":{"background-color":"","background-image":"","background-repeat":"repeat","background-position":"center center","background-size":"auto","background-attachment":"scroll","background-type":"","background-media":"","overlay-type":"","overlay-color":"","overlay-opacity":"","overlay-gradient":""}},"ast-content-background-meta":{"desktop":{"background-color":"var(--ast-global-color-5)","background-image":"","background-repeat":"repeat","background-position":"center center","background-size":"auto","background-attachment":"scroll","background-type":"","background-media":"","overlay-type":"","overlay-color":"","overlay-opacity":"","overlay-gradient":""},"tablet":{"background-color":"var(--ast-global-color-5)","background-image":"","background-repeat":"repeat","background-position":"center center","background-size":"auto","background-attachment":"scroll","background-type":"","background-media":"","overlay-type":"","overlay-color":"","overlay-opacity":"","overlay-gradient":""},"mobile":{"background-color":"var(--ast-global-color-5)","background-image":"","background-repeat":"repeat","background-position":"center center","background-size":"auto","background-attachment":"scroll","background-type":"","background-media":"","overlay-type":"","overlay-color":"","overlay-opacity":"","overlay-gradient":""}}},"product_brand":[],"product_cat":[1130,1511,1128],"product_tag":[],"product_format_filter":[],"class_list":{"0":"post-255957","1":"product","2":"type-product","3":"status-publish","4":"has-post-thumbnail","6":"product_cat-chocolats","7":"product_cat-full-spectrum-fr","8":"product_cat-comestibles","9":"pa_intensity-thc-moyen","10":"pa_marques-balcon","11":"pa_origin-ontario-fr","12":"pa_type-de-plante-hybride-fr","13":"pa_type-de-plante-thc-fr","14":"desktop-align-left","15":"tablet-align-left","16":"mobile-align-left","18":"first","19":"instock","20":"taxable","21":"shipping-taxable","22":"purchasable","23":"product-type-simple"},"group_of_quantity":0,"min_quantity":0,"max_quantity":"","exclude_order_quantity_value_rules":"no","exclude_category_quantity_rules":"no","combine_variations":"no","acf":[],"_links":{"self":[{"href":"https:\/\/mendomedical.ca\/fr\/wp-json\/wp\/v2\/product\/255957","targetHints":{"allow":["GET"]}}],"collection":[{"href":"https:\/\/mendomedical.ca\/fr\/wp-json\/wp\/v2\/product"}],"about":[{"href":"https:\/\/mendomedical.ca\/fr\/wp-json\/wp\/v2\/types\/product"}],"replies":[{"embeddable":true,"href":"https:\/\/mendomedical.ca\/fr\/wp-json\/wp\/v2\/comments?post=255957"}],"wp:featuredmedia":[{"embeddable":true,"href":"https:\/\/mendomedical.ca\/fr\/wp-json\/wp\/v2\/media\/255955"}],"wp:attachment":[{"href":"https:\/\/mendomedical.ca\/fr\/wp-json\/wp\/v2\/media?parent=255957"}],"wp:term":[{"taxonomy":"product_brand","embeddable":true,"href":"https:\/\/mendomedical.ca\/fr\/wp-json\/wp\/v2\/product_brand?post=255957"},{"taxonomy":"product_cat","embeddable":true,"href":"https:\/\/mendomedical.ca\/fr\/wp-json\/wp\/v2\/product_cat?post=255957"},{"taxonomy":"product_tag","embeddable":true,"href":"https:\/\/mendomedical.ca\/fr\/wp-json\/wp\/v2\/product_tag?post=255957"},{"taxonomy":"product_format_filter","embeddable":true,"href":"https:\/\/mendomedical.ca\/fr\/wp-json\/wp\/v2\/product_format_filter?post=255957"}],"curies":[{"name":"wp","href":"https:\/\/api.w.org\/{rel}","templated":true}]}}