{"id":255097,"date":"2025-09-28T19:00:36","date_gmt":"2025-09-28T23:00:36","guid":{"rendered":"https:\/\/mendomedical.ca\/?post_type=product&#038;p=255097"},"modified":"2026-04-16T13:27:22","modified_gmt":"2026-04-16T17:27:22","slug":"lemon-sorbet-fr","status":"publish","type":"product","link":"https:\/\/mendomedical.ca\/fr\/produit\/lemon-sorbet-fr\/","title":{"rendered":"Lemon Sorbet"},"content":{"rendered":"","protected":false},"excerpt":{"rendered":"<div class=\"ExternalClassBBFD087D2CE3459D85D4F7FDD040F1E0\">\n<h3>Lemon Sorbet by La Ruche - Premium Cannabis Flower<\/h3>\n<h3>Terp\u00e8nes totaux : 5,86%.<\/h3>\n<p>D\u00e9couvrez l&rsquo;essence vivifiante de Lemon Sorbet, une vari\u00e9t\u00e9 de Lemon Haze m\u00e9ticuleusement cultiv\u00e9e par La Ruche. Cette vari\u00e9t\u00e9 de fleur exceptionnelle offre une teneur en THC remarquable allant de 26% \u00e0 31%, compl\u00e9t\u00e9e par un profil terp\u00e9nique impressionnant de 5,86%.<\/p>\n<h4>Caract\u00e9ristiques principales du produit<\/h4>\n<p>- Format premium de 7g de fleurs de cannabis s\u00e9lectionn\u00e9es \u00e0 la main<br \/>\n- Une puissance de THC impressionnante de 26 \u00e0 31%.<br \/>\n- Riche en terp\u00e8nes (5,86 %)<br \/>\n- G\u00e9n\u00e9tique Lemon Haze soigneusement cultiv\u00e9e<\/p>\n<h4>Profil aromatique et gustatif<\/h4>\n<p>Lemon Sorbet offre une exp\u00e9rience sensorielle s\u00e9duisante gr\u00e2ce \u00e0 son profil prononc\u00e9 d&rsquo;agrumes. La palette de saveurs complexes de la vari\u00e9t\u00e9 combine des notes d&rsquo;agrumes piquantes avec des nuances sucr\u00e9es et fruit\u00e9es. Le bouquet aromatique pr\u00e9sente des notes distinctes d&rsquo;agrumes qui compl\u00e8tent parfaitement son profil gustatif.<\/p>\n<h4>Exp\u00e9rience et effets<\/h4>\n<p>Les utilisateurs peuvent ressentir un effet stimulant et \u00e9nergisant qui pourrait favoriser la concentration et la cr\u00e9ativit\u00e9. Les caract\u00e9ristiques de la vari\u00e9t\u00e9 peuvent contribuer \u00e0 une exp\u00e9rience plus sociale et engageante, favorisant potentiellement un \u00e9tat d&rsquo;esprit positif et une clart\u00e9 mentale accrue.<\/p>\n<h4>Pourquoi choisir les fleurs de cannabis de qualit\u00e9 sup\u00e9rieure ?<\/h4>\n<p>La fleur de cannabis de qualit\u00e9 sup\u00e9rieure offre aux utilisateurs m\u00e9dicaux la possibilit\u00e9 d&rsquo;exp\u00e9rimenter le spectre complet des compos\u00e9s naturels de la plante. Le format de la fleur enti\u00e8re permet un dosage pr\u00e9cis et des m\u00e9thodes de consommation polyvalentes, ce qui en fait un choix privil\u00e9gi\u00e9 pour de nombreux patients de cannabis m\u00e9dical.<\/p>\n<h4>Exp\u00e9dition dans tout le Canada<\/h4>\n<p>Profitez d&rsquo;une livraison rapide et discr\u00e8te \u00e0 travers le Canada pour votre commande de Sorbet au citron. Nous offrons une livraison gratuite pour les commandes de plus de 150 $, ce qui vous assure une exp\u00e9rience de livraison pratique et fiable.<\/p>\n<h4>Avantages et couverture pour les anciens combattants<\/h4>\n<p>Lemon Sorbet est admissible \u00e0 la couverture d&rsquo;Anciens Combattants Canada (ACC). Nous offrons la facturation directe par l&rsquo;entremise de la Croix Bleue, ce qui \u00e9limine les frais \u00e0 la charge des personnes admissibles. Vous n&rsquo;avez pas encore votre carte m\u00e9dicale ? <a href=\"https:\/\/mendomedical.ca\/fr\/carte-medicale\/\">Faites une demande ici<\/a> pour obtenir rapidement et facilement votre carte de cannabis m\u00e9dical.<\/p>\n<\/div>\n","protected":false},"featured_media":256252,"comment_status":"open","ping_status":"closed","template":"","meta":{"_acf_changed":false,"site-sidebar-layout":"default","site-content-layout":"","ast-site-content-layout":"default","site-content-style":"default","site-sidebar-style":"default","ast-global-header-display":"","ast-banner-title-visibility":"","ast-main-header-display":"","ast-hfb-above-header-display":"","ast-hfb-below-header-display":"","ast-hfb-mobile-header-display":"","site-post-title":"","ast-breadcrumbs-content":"","ast-featured-img":"","footer-sml-layout":"","ast-disable-related-posts":"","theme-transparent-header-meta":"default","adv-header-id-meta":"","stick-header-meta":"","header-above-stick-meta":"","header-main-stick-meta":"","header-below-stick-meta":"","astra-migrate-meta-layouts":"set","ast-page-background-enabled":"default","ast-page-background-meta":{"desktop":{"background-color":"var(--ast-global-color-4)","background-image":"","background-repeat":"repeat","background-position":"center center","background-size":"auto","background-attachment":"scroll","background-type":"","background-media":"","overlay-type":"","overlay-color":"","overlay-opacity":"","overlay-gradient":""},"tablet":{"background-color":"","background-image":"","background-repeat":"repeat","background-position":"center center","background-size":"auto","background-attachment":"scroll","background-type":"","background-media":"","overlay-type":"","overlay-color":"","overlay-opacity":"","overlay-gradient":""},"mobile":{"background-color":"","background-image":"","background-repeat":"repeat","background-position":"center center","background-size":"auto","background-attachment":"scroll","background-type":"","background-media":"","overlay-type":"","overlay-color":"","overlay-opacity":"","overlay-gradient":""}},"ast-content-background-meta":{"desktop":{"background-color":"var(--ast-global-color-5)","background-image":"","background-repeat":"repeat","background-position":"center center","background-size":"auto","background-attachment":"scroll","background-type":"","background-media":"","overlay-type":"","overlay-color":"","overlay-opacity":"","overlay-gradient":""},"tablet":{"background-color":"var(--ast-global-color-5)","background-image":"","background-repeat":"repeat","background-position":"center center","background-size":"auto","background-attachment":"scroll","background-type":"","background-media":"","overlay-type":"","overlay-color":"","overlay-opacity":"","overlay-gradient":""},"mobile":{"background-color":"var(--ast-global-color-5)","background-image":"","background-repeat":"repeat","background-position":"center center","background-size":"auto","background-attachment":"scroll","background-type":"","background-media":"","overlay-type":"","overlay-color":"","overlay-opacity":"","overlay-gradient":""}}},"product_brand":[],"product_cat":[1137],"product_tag":[],"product_format_filter":[6373],"class_list":{"0":"post-255097","1":"product","2":"type-product","3":"status-publish","4":"has-post-thumbnail","6":"product_cat-fleur","7":"pa_flavours-agrume","8":"pa_flavours-fruite","9":"pa_flavours-doux","10":"pa_intensity-thc-eleve","11":"pa_marques-la-ruche-fr","12":"pa_origin-quebec-fr","13":"pa_packaging-date-02-19-2026","14":"pa_prix-par-gramme-8-57","15":"pa_type-de-plante-hybride-sativa-fr","16":"product_format_filter-7g","17":"desktop-align-left","18":"tablet-align-left","19":"mobile-align-left","21":"first","22":"outofstock","23":"taxable","24":"shipping-taxable","25":"purchasable","26":"product-type-simple"},"group_of_quantity":0,"min_quantity":0,"max_quantity":"","exclude_order_quantity_value_rules":"no","exclude_category_quantity_rules":"no","combine_variations":"no","acf":[],"_links":{"self":[{"href":"https:\/\/mendomedical.ca\/fr\/wp-json\/wp\/v2\/product\/255097","targetHints":{"allow":["GET"]}}],"collection":[{"href":"https:\/\/mendomedical.ca\/fr\/wp-json\/wp\/v2\/product"}],"about":[{"href":"https:\/\/mendomedical.ca\/fr\/wp-json\/wp\/v2\/types\/product"}],"replies":[{"embeddable":true,"href":"https:\/\/mendomedical.ca\/fr\/wp-json\/wp\/v2\/comments?post=255097"}],"wp:featuredmedia":[{"embeddable":true,"href":"https:\/\/mendomedical.ca\/fr\/wp-json\/wp\/v2\/media\/256252"}],"wp:attachment":[{"href":"https:\/\/mendomedical.ca\/fr\/wp-json\/wp\/v2\/media?parent=255097"}],"wp:term":[{"taxonomy":"product_brand","embeddable":true,"href":"https:\/\/mendomedical.ca\/fr\/wp-json\/wp\/v2\/product_brand?post=255097"},{"taxonomy":"product_cat","embeddable":true,"href":"https:\/\/mendomedical.ca\/fr\/wp-json\/wp\/v2\/product_cat?post=255097"},{"taxonomy":"product_tag","embeddable":true,"href":"https:\/\/mendomedical.ca\/fr\/wp-json\/wp\/v2\/product_tag?post=255097"},{"taxonomy":"product_format_filter","embeddable":true,"href":"https:\/\/mendomedical.ca\/fr\/wp-json\/wp\/v2\/product_format_filter?post=255097"}],"curies":[{"name":"wp","href":"https:\/\/api.w.org\/{rel}","templated":true}]}}