{"id":255039,"date":"2025-08-30T05:00:44","date_gmt":"2025-08-30T09:00:44","guid":{"rendered":"https:\/\/mendomedical.ca\/product\/framboise-bleue-80-20-distillat-live-rosin-aio-vape\/"},"modified":"2026-01-15T20:25:15","modified_gmt":"2026-01-16T01:25:15","slug":"framboise-bleue-80-20-distillat-live-rosin-aio-vape","status":"publish","type":"product","link":"https:\/\/mendomedical.ca\/fr\/produit\/framboise-bleue-80-20-distillat-live-rosin-aio-vape\/","title":{"rendered":"Blue Raspberry 80\/20 Distillate\/Live Rosin All-In-One Vape"},"content":{"rendered":"","protected":false},"excerpt":{"rendered":"<div class=\"ExternalClass6979774AB18A4EDCA34C207598599026\">\n<h1>Blue Raspberry 80\/20 Distillate\/Live Rosin AIO Vape by BLASTPHEMY<\/h1>\n<p>Faites l&rsquo;exp\u00e9rience de l&rsquo;harmonie parfaite entre performance et saveur avec la Vape AIO innovante Blue Raspberry 80\/20 Distillate\/Live Rosin de BLASTPHEMY. Ce m\u00e9lange sophistiqu\u00e9 associe 80 % de distillat enrichi en terp\u00e8nes et 20 % de Live Rosin \u00e0 spectre complet, offrant une exp\u00e9rience de vapotage sup\u00e9rieure dans un format pratique tout-en-un.<\/p>\n<h3>Caract\u00e9ristiques principales<\/h3>\n<ul>\n<li style=\"list-style-type: none;\">\n<ul>- M\u00e9lange de premi\u00e8re qualit\u00e9 compos\u00e9 de 80 % de distillat et de 20 % de Rosin vivante pour des effets renforc\u00e9s.<\/ul>\n<\/li>\n<\/ul>\n<ul>\n<li style=\"list-style-type: none;\">\n<ul>- Aliment\u00e9 par du mat\u00e9riel All-in-One CCELL fiable<\/ul>\n<\/li>\n<\/ul>\n<ul>\n<li style=\"list-style-type: none;\">\n<ul>- Conception discr\u00e8te et portable<\/ul>\n<\/li>\n<\/ul>\n<ul>\n<li style=\"list-style-type: none;\">\n<ul>- Aucun chargement ni entretien n&rsquo;est n\u00e9cessaire<\/ul>\n<\/li>\n<\/ul>\n<ul>- Pr\u00eat \u00e0 l&#8217;emploi d\u00e8s la sortie de l&#8217;emballage<\/ul>\n<h3>Profil des ar\u00f4mes et des effets<\/h3>\n<p>Cette formulation unique offre un d\u00e9licieux profil de saveur de framboise bleue avec des notes fruit\u00e9es et de baies prononc\u00e9es. Les utilisateurs peuvent ressentir des effets euphoriques et stimulants, ainsi que des sentiments de relaxation et de cr\u00e9ativit\u00e9 accrue. L&rsquo;ajout de Live Rosin apporte de la profondeur \u00e0 l&rsquo;exp\u00e9rience du distillat traditionnel, offrant un profil cannabino\u00efde plus complet.<\/p>\n<h3>Pourquoi choisir All-in-One Vapes ?<\/h3>\n<p>Les vapes \u00ab\u00a0tout-en-un\u00a0\u00bb offrent aux consommateurs de cannabis m\u00e9dical une m\u00e9thode de consommation pratique, pr\u00e9cise et discr\u00e8te. Le dosage constant et l&rsquo;effet imm\u00e9diat en font un outil id\u00e9al pour g\u00e9rer les sympt\u00f4mes tout au long de la journ\u00e9e. La combinaison de distillat et de Live Rosin offre \u00e0 la fois la fiabilit\u00e9 et les avantages d&rsquo;un spectre complet dans un seul appareil.<\/p>\n<h3>Exp\u00e9dition dans tout le Canada<\/h3>\n<p>Nous offrons un service de livraison rapide et fiable \u00e0 travers le Canada pour le Blue Raspberry 80\/20 Distillate\/Live Rosin AIO Vape. Profitez de la livraison gratuite pour les commandes de plus de 150 $. Notre emballage garantit que votre produit arrive en toute s\u00e9curit\u00e9.<\/p>\n<h3>Avantages et couverture pour les anciens combattants<\/h3>\n<p>Ce produit est admissible \u00e0 la couverture d&rsquo;Anciens Combattants Canada (ACC) avec facturation directe par l&rsquo;entremise de la Croix Bleue, ce qui signifie que les anciens combattants admissibles n&rsquo;ont pas \u00e0 d\u00e9bourser d&rsquo;argent. Vous n&rsquo;avez pas encore votre carte m\u00e9dicale ? Obtenez votre inscription m\u00e9dicale gratuite rapidement et facilement gr\u00e2ce \u00e0 <a href=\"https:\/\/mendomedical.ca\/fr\/carte-medicale\/\">notre proc\u00e9dure en ligne simple.<\/a><\/p>\n<\/div>\n","protected":false},"featured_media":255029,"comment_status":"open","ping_status":"closed","template":"","meta":{"_acf_changed":false,"site-sidebar-layout":"default","site-content-layout":"","ast-site-content-layout":"default","site-content-style":"default","site-sidebar-style":"default","ast-global-header-display":"","ast-banner-title-visibility":"","ast-main-header-display":"","ast-hfb-above-header-display":"","ast-hfb-below-header-display":"","ast-hfb-mobile-header-display":"","site-post-title":"","ast-breadcrumbs-content":"","ast-featured-img":"","footer-sml-layout":"","ast-disable-related-posts":"","theme-transparent-header-meta":"default","adv-header-id-meta":"","stick-header-meta":"","header-above-stick-meta":"","header-main-stick-meta":"","header-below-stick-meta":"","astra-migrate-meta-layouts":"set","ast-page-background-enabled":"default","ast-page-background-meta":{"desktop":{"background-color":"var(--ast-global-color-4)","background-image":"","background-repeat":"repeat","background-position":"center center","background-size":"auto","background-attachment":"scroll","background-type":"","background-media":"","overlay-type":"","overlay-color":"","overlay-opacity":"","overlay-gradient":""},"tablet":{"background-color":"","background-image":"","background-repeat":"repeat","background-position":"center center","background-size":"auto","background-attachment":"scroll","background-type":"","background-media":"","overlay-type":"","overlay-color":"","overlay-opacity":"","overlay-gradient":""},"mobile":{"background-color":"","background-image":"","background-repeat":"repeat","background-position":"center center","background-size":"auto","background-attachment":"scroll","background-type":"","background-media":"","overlay-type":"","overlay-color":"","overlay-opacity":"","overlay-gradient":""}},"ast-content-background-meta":{"desktop":{"background-color":"var(--ast-global-color-5)","background-image":"","background-repeat":"repeat","background-position":"center center","background-size":"auto","background-attachment":"scroll","background-type":"","background-media":"","overlay-type":"","overlay-color":"","overlay-opacity":"","overlay-gradient":""},"tablet":{"background-color":"var(--ast-global-color-5)","background-image":"","background-repeat":"repeat","background-position":"center center","background-size":"auto","background-attachment":"scroll","background-type":"","background-media":"","overlay-type":"","overlay-color":"","overlay-opacity":"","overlay-gradient":""},"mobile":{"background-color":"var(--ast-global-color-5)","background-image":"","background-repeat":"repeat","background-position":"center center","background-size":"auto","background-attachment":"scroll","background-type":"","background-media":"","overlay-type":"","overlay-color":"","overlay-opacity":"","overlay-gradient":""}}},"product_brand":[],"product_cat":[1162,1164,1530,1159,1161],"product_tag":[],"product_format_filter":[6369],"class_list":{"0":"post-255039","1":"product","2":"type-product","3":"status-publish","4":"has-post-thumbnail","6":"product_cat-distillat","7":"product_cat-cured-et-rosin-vivante-fr","8":"product_cat-spectre-complet1","9":"product_cat-vapoteuses","10":"product_cat-tout-en-un","11":"pa_flavours-baies","12":"pa_flavours-fruite","13":"pa_intensity-thc-eleve","14":"pa_marques-blastphemy-fr","15":"pa_origin-alberta-fr","16":"pa_type-de-plante-hybride-fr","17":"product_format_filter-1g","18":"desktop-align-left","19":"tablet-align-left","20":"mobile-align-left","22":"first","23":"outofstock","24":"taxable","25":"shipping-taxable","26":"purchasable","27":"product-type-simple"},"group_of_quantity":0,"min_quantity":0,"max_quantity":"","exclude_order_quantity_value_rules":"no","exclude_category_quantity_rules":"no","combine_variations":"no","acf":[],"_links":{"self":[{"href":"https:\/\/mendomedical.ca\/fr\/wp-json\/wp\/v2\/product\/255039","targetHints":{"allow":["GET"]}}],"collection":[{"href":"https:\/\/mendomedical.ca\/fr\/wp-json\/wp\/v2\/product"}],"about":[{"href":"https:\/\/mendomedical.ca\/fr\/wp-json\/wp\/v2\/types\/product"}],"replies":[{"embeddable":true,"href":"https:\/\/mendomedical.ca\/fr\/wp-json\/wp\/v2\/comments?post=255039"}],"wp:featuredmedia":[{"embeddable":true,"href":"https:\/\/mendomedical.ca\/fr\/wp-json\/wp\/v2\/media\/255029"}],"wp:attachment":[{"href":"https:\/\/mendomedical.ca\/fr\/wp-json\/wp\/v2\/media?parent=255039"}],"wp:term":[{"taxonomy":"product_brand","embeddable":true,"href":"https:\/\/mendomedical.ca\/fr\/wp-json\/wp\/v2\/product_brand?post=255039"},{"taxonomy":"product_cat","embeddable":true,"href":"https:\/\/mendomedical.ca\/fr\/wp-json\/wp\/v2\/product_cat?post=255039"},{"taxonomy":"product_tag","embeddable":true,"href":"https:\/\/mendomedical.ca\/fr\/wp-json\/wp\/v2\/product_tag?post=255039"},{"taxonomy":"product_format_filter","embeddable":true,"href":"https:\/\/mendomedical.ca\/fr\/wp-json\/wp\/v2\/product_format_filter?post=255039"}],"curies":[{"name":"wp","href":"https:\/\/api.w.org\/{rel}","templated":true}]}}