{"id":254848,"date":"2025-09-27T16:55:12","date_gmt":"2025-09-27T20:55:12","guid":{"rendered":"https:\/\/mendomedical.ca\/product\/limonade-rose\/"},"modified":"2026-03-30T17:17:32","modified_gmt":"2026-03-30T21:17:32","slug":"pink-lemonade-fr","status":"publish","type":"product","link":"https:\/\/mendomedical.ca\/fr\/produit\/pink-lemonade-fr\/","title":{"rendered":"Pink Lemonade"},"content":{"rendered":"","protected":false},"excerpt":{"rendered":"<div class=\"ExternalClassD9A8D0543F004F94A21729A76820CEA1\">\n<h3>Pink Lemonade by Six One Charlie - Cultiv\u00e9 par : Kootenay Quantum<\/h3>\n<h3>Terp\u00e8nes totaux : 5,19 %.<\/h3>\n<p>Pink Lemonade, cr\u00e9\u00e9 par Six One Charlie, est un hybride \u00e0 dominante sativa soigneusement cultiv\u00e9, n\u00e9 du croisement des vari\u00e9t\u00e9s Crystal Caviar et Jager. Cette fleur de 7 g de qualit\u00e9 sup\u00e9rieure combine les meilleures qualit\u00e9s de ses souches parentales pour vous offrir une exp\u00e9rience unique et captivante.<\/p>\n<h4>Caract\u00e9ristiques principales du produit<\/h4>\n<ul>\n<li style=\"list-style-type: none;\">\n<ul>- Hybride cultiv\u00e9 par des experts, combinant les g\u00e9n\u00e9tiques Jager et Crystal Caviar.<\/ul>\n<\/li>\n<\/ul>\n<ul>\n<li style=\"list-style-type: none;\">\n<ul>- Fleurs denses et collantes aux teintes violettes et vertes avec des pistils orange vif.<\/ul>\n<\/li>\n<\/ul>\n<ul>\n<li style=\"list-style-type: none;\">\n<ul>- Une riche couverture de trichomes contribue \u00e0 son aspect distinctif.<\/ul>\n<\/li>\n<\/ul>\n<ul>- Portions de 7 g soigneusement par\u00e9es \u00e0 la main et soumises \u00e0 un contr\u00f4le de qualit\u00e9<\/ul>\n<h4>Profil et exp\u00e9rience<\/h4>\n<p>Le profil aromatique de Pink Lemonade pr\u00e9sente un m\u00e9lange intrigant de citron vert, de notes herbac\u00e9es et de notes gazeuses. Les utilisateurs peuvent ressentir des saveurs d&rsquo;agrumes compl\u00e9t\u00e9es par des notes sucr\u00e9es et acides. Ce cultivar est associ\u00e9 \u00e0 des effets potentiellement stimulants et euphorisants, qui peuvent soutenir les efforts cr\u00e9atifs et promouvoir un \u00e9tat d&rsquo;esprit positif.<\/p>\n<h4>Pourquoi choisir Premium Flower ?<\/h4>\n<p>La fleur s\u00e9ch\u00e9e de premi\u00e8re qualit\u00e9 offre aux patients de cannabis m\u00e9dical un contr\u00f4le pr\u00e9cis sur leur m\u00e9thode de consommation et leur dosage. Le format naturel et non trait\u00e9 permet aux utilisateurs d&rsquo;appr\u00e9cier pleinement le profil terp\u00e9nique complet de la vari\u00e9t\u00e9 et les effets escompt\u00e9s, ce qui en fait un choix privil\u00e9gi\u00e9 pour de nombreux patients de cannabis m\u00e9dical.<\/p>\n<h4>Exp\u00e9dition dans tout le Canada<\/h4>\n<p>Nous offrons une livraison rapide et discr\u00e8te \u00e0 travers le Canada pour Pink Lemonade. Les commandes de plus de 150 $ sont admissibles \u00e0 la livraison gratuite. Tous les produits sont emball\u00e9s de fa\u00e7on professionnelle afin d&rsquo;assurer qu&rsquo;ils arrivent dans un \u00e9tat optimal.<\/p>\n<h4>Avantages et couverture pour les anciens combattants<\/h4>\n<p>Pink Lemonade est \u00e9ligible \u00e0 la couverture d&rsquo;ACC avec une facturation directe par la Croix Bleue, ce qui signifie qu&rsquo;il n&rsquo;y a pas de frais \u00e0 la charge des v\u00e9t\u00e9rans approuv\u00e9s. Si vous n&rsquo;avez pas encore obtenu votre carte de cannabis m\u00e9dical, vous pouvez facilement l&rsquo;obtenir gr\u00e2ce \u00e0 notre processus simple et rapide chez <a href=\"https:\/\/mendomedical.ca\/fr\/carte-medicale\/\">Mendo Medical.<\/a><\/p>\n<div>\n<h5><em>SIx One Charlie a \u00e9t\u00e9 cr\u00e9\u00e9 par des v\u00e9t\u00e9rans pour des v\u00e9t\u00e9rans. Nous sommes tr\u00e8s fiers de s\u00e9lectionner nos produits avec le plus grand soin et la plus grande attention. En tant que patients et v\u00e9t\u00e9rans impartiaux, nous avons eu l&rsquo;opportunit\u00e9 unique d&rsquo;explorer les meilleures offres de cannabis m\u00e9dical disponibles sur le march\u00e9, en nous assurant que nous n&rsquo;acceptons que les produits qui r\u00e9pondent \u00e0 nos normes rigoureuses - dix sur dix, \u00e0 chaque fois. Notre mission est claire : fournir des solutions efficaces aux anciens combattants et \u00e0 ceux qui luttent contre les probl\u00e8mes de sant\u00e9 mentale et de stress post-traumatique. Les fleurs que nous choisissons pour nos sachets sont soigneusement s\u00e9lectionn\u00e9es en fonction de leurs propri\u00e9t\u00e9s uniques, de leur efficacit\u00e9 et des commentaires des patients pour combattre une vari\u00e9t\u00e9 de sympt\u00f4mes - qu&rsquo;il s&rsquo;agisse de douleur chronique, d&rsquo;anxi\u00e9t\u00e9, de d\u00e9pression, de probl\u00e8mes de sommeil, d&rsquo;irritabilit\u00e9 ou de probl\u00e8mes de concentration. Chaque produit que nous proposons est con\u00e7u pour soutenir le parcours de gu\u00e9rison de ceux qui servent courageusement notre pays et de ceux qui cherchent \u00e0 \u00eatre soulag\u00e9s dans leur vie quotidienne. Chez SIx One Charlie, nous voulons donner \u00e0 notre communaut\u00e9 les outils dont elle a besoin pour retrouver son bien-\u00eatre et s&rsquo;\u00e9panouir. <\/em><\/h5>\n<p>&nbsp;<\/p>\n<\/div>\n<\/div>\n","protected":false},"featured_media":256570,"comment_status":"open","ping_status":"closed","template":"","meta":{"_acf_changed":false,"site-sidebar-layout":"default","site-content-layout":"","ast-site-content-layout":"default","site-content-style":"default","site-sidebar-style":"default","ast-global-header-display":"","ast-banner-title-visibility":"","ast-main-header-display":"","ast-hfb-above-header-display":"","ast-hfb-below-header-display":"","ast-hfb-mobile-header-display":"","site-post-title":"","ast-breadcrumbs-content":"","ast-featured-img":"","footer-sml-layout":"","ast-disable-related-posts":"","theme-transparent-header-meta":"default","adv-header-id-meta":"","stick-header-meta":"","header-above-stick-meta":"","header-main-stick-meta":"","header-below-stick-meta":"","astra-migrate-meta-layouts":"set","ast-page-background-enabled":"default","ast-page-background-meta":{"desktop":{"background-color":"var(--ast-global-color-4)","background-image":"","background-repeat":"repeat","background-position":"center center","background-size":"auto","background-attachment":"scroll","background-type":"","background-media":"","overlay-type":"","overlay-color":"","overlay-opacity":"","overlay-gradient":""},"tablet":{"background-color":"","background-image":"","background-repeat":"repeat","background-position":"center center","background-size":"auto","background-attachment":"scroll","background-type":"","background-media":"","overlay-type":"","overlay-color":"","overlay-opacity":"","overlay-gradient":""},"mobile":{"background-color":"","background-image":"","background-repeat":"repeat","background-position":"center center","background-size":"auto","background-attachment":"scroll","background-type":"","background-media":"","overlay-type":"","overlay-color":"","overlay-opacity":"","overlay-gradient":""}},"ast-content-background-meta":{"desktop":{"background-color":"var(--ast-global-color-5)","background-image":"","background-repeat":"repeat","background-position":"center center","background-size":"auto","background-attachment":"scroll","background-type":"","background-media":"","overlay-type":"","overlay-color":"","overlay-opacity":"","overlay-gradient":""},"tablet":{"background-color":"var(--ast-global-color-5)","background-image":"","background-repeat":"repeat","background-position":"center center","background-size":"auto","background-attachment":"scroll","background-type":"","background-media":"","overlay-type":"","overlay-color":"","overlay-opacity":"","overlay-gradient":""},"mobile":{"background-color":"var(--ast-global-color-5)","background-image":"","background-repeat":"repeat","background-position":"center center","background-size":"auto","background-attachment":"scroll","background-type":"","background-media":"","overlay-type":"","overlay-color":"","overlay-opacity":"","overlay-gradient":""}}},"product_brand":[],"product_cat":[4801,1137],"product_tag":[],"product_format_filter":[6373],"class_list":{"0":"post-254848","1":"product","2":"type-product","3":"status-publish","4":"has-post-thumbnail","6":"product_cat-six-one-charlie-fr","7":"product_cat-fleur","8":"pa_flavours-agrume","9":"pa_flavours-aigre","10":"pa_flavours-doux","11":"pa_intensity-thc-eleve","12":"pa_marques-six-one-charlie-fr","13":"pa_origin-colombie-britannique-fr","14":"pa_packaging-date-1-18-2026","15":"pa_prix-par-gramme-8-57","16":"pa_type-de-plante-hybride-sativa-fr","17":"product_format_filter-7g","18":"desktop-align-left","19":"tablet-align-left","20":"mobile-align-left","22":"first","23":"outofstock","24":"taxable","25":"shipping-taxable","26":"purchasable","27":"product-type-simple"},"group_of_quantity":0,"min_quantity":0,"max_quantity":"","exclude_order_quantity_value_rules":"no","exclude_category_quantity_rules":"no","combine_variations":"no","acf":[],"_links":{"self":[{"href":"https:\/\/mendomedical.ca\/fr\/wp-json\/wp\/v2\/product\/254848","targetHints":{"allow":["GET"]}}],"collection":[{"href":"https:\/\/mendomedical.ca\/fr\/wp-json\/wp\/v2\/product"}],"about":[{"href":"https:\/\/mendomedical.ca\/fr\/wp-json\/wp\/v2\/types\/product"}],"replies":[{"embeddable":true,"href":"https:\/\/mendomedical.ca\/fr\/wp-json\/wp\/v2\/comments?post=254848"}],"wp:featuredmedia":[{"embeddable":true,"href":"https:\/\/mendomedical.ca\/fr\/wp-json\/wp\/v2\/media\/256570"}],"wp:attachment":[{"href":"https:\/\/mendomedical.ca\/fr\/wp-json\/wp\/v2\/media?parent=254848"}],"wp:term":[{"taxonomy":"product_brand","embeddable":true,"href":"https:\/\/mendomedical.ca\/fr\/wp-json\/wp\/v2\/product_brand?post=254848"},{"taxonomy":"product_cat","embeddable":true,"href":"https:\/\/mendomedical.ca\/fr\/wp-json\/wp\/v2\/product_cat?post=254848"},{"taxonomy":"product_tag","embeddable":true,"href":"https:\/\/mendomedical.ca\/fr\/wp-json\/wp\/v2\/product_tag?post=254848"},{"taxonomy":"product_format_filter","embeddable":true,"href":"https:\/\/mendomedical.ca\/fr\/wp-json\/wp\/v2\/product_format_filter?post=254848"}],"curies":[{"name":"wp","href":"https:\/\/api.w.org\/{rel}","templated":true}]}}