{"id":254310,"date":"2025-08-06T18:00:13","date_gmt":"2025-08-06T22:00:13","guid":{"rendered":"https:\/\/mendomedical.ca\/product\/squishy-de-raisin-1-g-live-rosin\/"},"modified":"2025-09-29T08:46:33","modified_gmt":"2025-09-29T12:46:33","slug":"squishy-de-raisin-1-g-live-rosin","status":"publish","type":"product","link":"https:\/\/mendomedical.ca\/fr\/produit\/squishy-de-raisin-1-g-live-rosin\/","title":{"rendered":"Grape Squishy Live Rosin"},"content":{"rendered":"","protected":false},"excerpt":{"rendered":"<div class=\"ExternalClass277A25EB65A541578046E97EDCE6673C\">\n<h3>Grape Squishy 1 g Live Rosin by Unlicensed Producer<\/h3>\n<p>D\u00e9couvrez la qualit\u00e9 exceptionnelle de Grape Squishy Live Rosin, un concentr\u00e9 m\u00e9ticuleusement \u00e9labor\u00e9 qui met en valeur les meilleurs attributs de sa lign\u00e9e g\u00e9n\u00e9tique premium (Ice Cream Cake x Grape Pie x Wedding Crasher). Cet hybride \u00e0 tendance indica offre un \u00e9quilibre sophistiqu\u00e9 d&rsquo;effets et de saveurs dans un format immacul\u00e9 de 1 gramme.<\/p>\n<h4>Points forts du produit<\/h4>\n<p>- Live Rosin de premi\u00e8re qualit\u00e9 avec une teneur totale en terp\u00e8nes impressionnante de 6,81 %.<br \/>\n- Extraction experte pour pr\u00e9server les propri\u00e9t\u00e9s \u00e0 spectre complet de la souche<br \/>\n- Consistance onctueuse parfaite pour des dabs pr\u00e9cis<br \/>\n- D\u00e9riv\u00e9 de fleurs de cannabis de haute qualit\u00e9 soigneusement s\u00e9lectionn\u00e9es<\/p>\n<h4>Profil d&rsquo;ar\u00f4me et d&rsquo;effet<\/h4>\n<p>Grape Squishy est \u00e0 la hauteur de son nom avec un d\u00e9licieux profil terp\u00e9nique qui combine des notes sucr\u00e9es de bonbons au raisin avec de subtiles nuances gazeuses. L&rsquo;ar\u00f4me est domin\u00e9 par des senteurs sucr\u00e9es, semblables \u00e0 celles d&rsquo;un bonbon, avec des caract\u00e9ristiques distinctes du raisin. Les utilisateurs peuvent ressentir des effets euphorisants \u00e9quilibr\u00e9s par une douce relaxation, ce qui la rend appropri\u00e9e pour un usage en soir\u00e9e.<\/p>\n<h4>Pourquoi choisir le Live Rosin ?<\/h4>\n<p>Live Rosin repr\u00e9sente le summum de l&rsquo;extraction sans solvant, offrant aux consommateurs de cannabis m\u00e9dical un concentr\u00e9 pur, \u00e0 spectre complet, qui pr\u00e9serve les terp\u00e8nes et les cannabino\u00efdes naturels de la plante. Cette pr\u00e9servation des compos\u00e9s peut apporter des avantages th\u00e9rapeutiques accrus tout en offrant une exp\u00e9rience propre et savoureuse.<\/p>\n<h4>Exp\u00e9dition dans tout le Canada<\/h4>\n<p>Nous offrons un service de livraison rapide et discret \u00e0 travers le Canada pour Grape Squishy Live Rosin. Les commandes de plus de 150 $ sont admissibles \u00e0 la livraison gratuite, ce qui vous assure un acc\u00e8s pratique \u00e0 vos m\u00e9dicaments.<\/p>\n<h4>Avantages et couverture pour les anciens combattants<\/h4>\n<p>Grape Squishy Live Rosin est admissible \u00e0 la couverture d&rsquo;ACC avec facturation directe par la Croix Bleue, ce qui signifie que les anciens combattants admissibles n&rsquo;ont pas \u00e0 d\u00e9bourser de frais. Vous n&rsquo;avez pas encore votre carte m\u00e9dicale ? <a href=\"https:\/\/mendomedical.ca\/fr\/carte-medicale\/\">Obtenez votre carte m\u00e9dicale gratuite rapidement et facilement gr\u00e2ce \u00e0 notre processus simple<\/a>.<\/p>\n<\/div>\n","protected":false},"featured_media":254309,"comment_status":"open","ping_status":"closed","template":"","meta":{"_acf_changed":false,"site-sidebar-layout":"default","site-content-layout":"","ast-site-content-layout":"default","site-content-style":"default","site-sidebar-style":"default","ast-global-header-display":"","ast-banner-title-visibility":"","ast-main-header-display":"","ast-hfb-above-header-display":"","ast-hfb-below-header-display":"","ast-hfb-mobile-header-display":"","site-post-title":"","ast-breadcrumbs-content":"","ast-featured-img":"","footer-sml-layout":"","ast-disable-related-posts":"","theme-transparent-header-meta":"default","adv-header-id-meta":"","stick-header-meta":"","header-above-stick-meta":"","header-main-stick-meta":"","header-below-stick-meta":"","astra-migrate-meta-layouts":"set","ast-page-background-enabled":"default","ast-page-background-meta":{"desktop":{"background-color":"var(--ast-global-color-4)","background-image":"","background-repeat":"repeat","background-position":"center center","background-size":"auto","background-attachment":"scroll","background-type":"","background-media":"","overlay-type":"","overlay-color":"","overlay-opacity":"","overlay-gradient":""},"tablet":{"background-color":"","background-image":"","background-repeat":"repeat","background-position":"center center","background-size":"auto","background-attachment":"scroll","background-type":"","background-media":"","overlay-type":"","overlay-color":"","overlay-opacity":"","overlay-gradient":""},"mobile":{"background-color":"","background-image":"","background-repeat":"repeat","background-position":"center center","background-size":"auto","background-attachment":"scroll","background-type":"","background-media":"","overlay-type":"","overlay-color":"","overlay-opacity":"","overlay-gradient":""}},"ast-content-background-meta":{"desktop":{"background-color":"var(--ast-global-color-5)","background-image":"","background-repeat":"repeat","background-position":"center center","background-size":"auto","background-attachment":"scroll","background-type":"","background-media":"","overlay-type":"","overlay-color":"","overlay-opacity":"","overlay-gradient":""},"tablet":{"background-color":"var(--ast-global-color-5)","background-image":"","background-repeat":"repeat","background-position":"center center","background-size":"auto","background-attachment":"scroll","background-type":"","background-media":"","overlay-type":"","overlay-color":"","overlay-opacity":"","overlay-gradient":""},"mobile":{"background-color":"var(--ast-global-color-5)","background-image":"","background-repeat":"repeat","background-position":"center center","background-size":"auto","background-attachment":"scroll","background-type":"","background-media":"","overlay-type":"","overlay-color":"","overlay-opacity":"","overlay-gradient":""}}},"product_brand":[],"product_cat":[3926,1125,1118,1119],"product_tag":[],"product_format_filter":[6369],"class_list":{"0":"post-254310","1":"product","2":"type-product","3":"status-publish","4":"has-post-thumbnail","6":"product_cat-cbd-minors-2-fr","7":"product_cat-rosin-vivante","8":"product_cat-concentres","9":"product_cat-tout-sans-solvant","10":"pa_flavours-bonbons","11":"pa_flavours-fruite","12":"pa_flavours-gazole-diesel","13":"pa_flavours-doux","14":"pa_intensity-thc-eleve","15":"pa_intensity-low-cbg-fr","16":"pa_marques-unlicensed-producer-fr","17":"pa_origin-manitoba-fr","18":"pa_profil-terpene-caryophyllene","19":"pa_profil-terpene-limonene-fr","20":"pa_profil-terpene-linalol-fr","21":"pa_profil-terpene-myrcene","22":"pa_profil-terpene-pinene-fr","23":"pa_type-de-plante-hybride-indica-fr","24":"product_format_filter-1g","25":"desktop-align-left","26":"tablet-align-left","27":"mobile-align-left","29":"first","30":"outofstock","31":"taxable","32":"shipping-taxable","33":"purchasable","34":"product-type-simple"},"group_of_quantity":0,"min_quantity":0,"max_quantity":"","exclude_order_quantity_value_rules":"no","exclude_category_quantity_rules":"no","combine_variations":"no","acf":[],"_links":{"self":[{"href":"https:\/\/mendomedical.ca\/fr\/wp-json\/wp\/v2\/product\/254310","targetHints":{"allow":["GET"]}}],"collection":[{"href":"https:\/\/mendomedical.ca\/fr\/wp-json\/wp\/v2\/product"}],"about":[{"href":"https:\/\/mendomedical.ca\/fr\/wp-json\/wp\/v2\/types\/product"}],"replies":[{"embeddable":true,"href":"https:\/\/mendomedical.ca\/fr\/wp-json\/wp\/v2\/comments?post=254310"}],"wp:featuredmedia":[{"embeddable":true,"href":"https:\/\/mendomedical.ca\/fr\/wp-json\/wp\/v2\/media\/254309"}],"wp:attachment":[{"href":"https:\/\/mendomedical.ca\/fr\/wp-json\/wp\/v2\/media?parent=254310"}],"wp:term":[{"taxonomy":"product_brand","embeddable":true,"href":"https:\/\/mendomedical.ca\/fr\/wp-json\/wp\/v2\/product_brand?post=254310"},{"taxonomy":"product_cat","embeddable":true,"href":"https:\/\/mendomedical.ca\/fr\/wp-json\/wp\/v2\/product_cat?post=254310"},{"taxonomy":"product_tag","embeddable":true,"href":"https:\/\/mendomedical.ca\/fr\/wp-json\/wp\/v2\/product_tag?post=254310"},{"taxonomy":"product_format_filter","embeddable":true,"href":"https:\/\/mendomedical.ca\/fr\/wp-json\/wp\/v2\/product_format_filter?post=254310"}],"curies":[{"name":"wp","href":"https:\/\/api.w.org\/{rel}","templated":true}]}}