{"id":253943,"date":"2025-06-16T01:25:41","date_gmt":"2025-06-16T05:25:41","guid":{"rendered":"https:\/\/mendomedical.ca\/?post_type=product&#038;p=253943"},"modified":"2026-04-16T10:16:48","modified_gmt":"2026-04-16T14:16:48","slug":"baller-box-cookies-and-cream-hash-rosin-truffle","status":"publish","type":"product","link":"https:\/\/mendomedical.ca\/fr\/produit\/baller-box-cookies-and-cream-hash-rosin-truffle\/","title":{"rendered":"Baller Box -Cookies and Cream Hash Rosin Truffle (paquet de 10)"},"content":{"rendered":"","protected":false},"excerpt":{"rendered":"<div class=\"ExternalClassD55B885C875049FA9997BDC4C7DA5F5D\">\n<h2>Baller Box - Truffe de Rosin aux biscuits et \u00e0 la cr\u00e8me<\/h2>\n<p>Laissez-vous tenter par le luxe avec les truffes Cookies and Cream Hash Rosin de Rosin Heads. Ces confiseries artisanales m\u00e9langent du chocolat blanc de premi\u00e8re qualit\u00e9 avec des morceaux de biscuits croustillants, infus\u00e9s de mani\u00e8re experte avec de la rosine de haschisch de haute qualit\u00e9. Chaque Baller Box contient 10 truffes pr\u00e9cis\u00e9ment dos\u00e9es, con\u00e7ues pour offrir une exp\u00e9rience coh\u00e9rente et raffin\u00e9e.  <\/p>\n<h3>Caract\u00e9ristiques principales<\/h3>\n<ul>\n<li style=\"list-style-type: none;\">\n<ul>- Truffes artisanales infus\u00e9es \u00e0 la rosine de haschisch de premi\u00e8re qualit\u00e9.<\/ul>\n<\/li>\n<\/ul>\n<ul>\n<li style=\"list-style-type: none;\">\n<ul>- 10 unit\u00e9s dos\u00e9es avec pr\u00e9cision par emballage<\/ul>\n<\/li>\n<\/ul>\n<ul>\n<li style=\"list-style-type: none;\">\n<ul>- Fabriqu\u00e9 avec du vrai chocolat blanc et des morceaux de biscuits<\/ul>\n<\/li>\n<\/ul>\n<ul>\n<li style=\"list-style-type: none;\">\n<ul>- Fabriqu\u00e9 \u00e0 partir de la souche Cereal Milk pour un effet \u00e9quilibr\u00e9<\/ul>\n<\/li>\n<\/ul>\n<ul>  - Processus d&rsquo;infusion de qualit\u00e9 professionnelle garantissant un dosage constant<\/ul>\n<h3>Profil<\/h3>\n<p>D\u00e9couvrez une d\u00e9licieuse symphonie de saveurs et d&rsquo;ar\u00f4mes avec ces truffes m\u00e9ticuleusement \u00e9labor\u00e9es. Le profil cr\u00e9meux et sucr\u00e9 se combine parfaitement avec d&rsquo;authentiques notes de cookies et de chocolat blanc. Fabriqu\u00e9 \u00e0 partir de la vari\u00e9t\u00e9 Cereal Milk, les utilisateurs peuvent ressentir des effets relaxants et stimulants qui peuvent favoriser un sentiment de satisfaction.  <\/p>\n<p><b>Ingr\u00e9dients :<\/b>  Chocolat blanc (sucre, beurre de cacao, lait entier en poudre, lait \u00e9cr\u00e9m\u00e9 en poudre, \u00e9mulsifiant [l\u00e9cithine de soja], ar\u00f4me), fourrage (huile de palme, sucre, lait \u00e9cr\u00e9m\u00e9 en poudre, prot\u00e9ines de lait, biscuit [farine de bl\u00e9, cacao en poudre, sirop de glucose, bicarbonate de sodium, bicarbonate d&rsquo;ammonium, amidon de ma\u00efs, sel], \u00e9mulsifiant [l\u00e9cithine de soja], ar\u00f4me de vanille), beurre de cacao, garniture de miettes de biscuits (sucre, farine enrichie non blanchie [farine de bl\u00e9, niacine, fer r\u00e9duit, mononitrate de thiamine, riboflavine, acide folique], huile de canola riche en acide ol\u00e9ique et\/ou huile de palme et\/ou huile de canola et\/ou huile de soja, cacao [trait\u00e9 avec des alcalis], sirop de ma\u00efs riche en fructose, amidon de ma\u00efs, agent levant [bicarbonate de soude et\/ou phosphate de calcium], sel, l\u00e9cithine de soja, ar\u00f4me artificiel [vanilline], chocolat), Rosine de haschisch. Contient : Lait, bl\u00e9, soja. Peut contenir : Arachides, noix. <\/p>\n<h3>Pourquoi choisir des truffes infus\u00e9es au cannabis ?<\/h3>\n<p>Les edibles offrent un moyen discret et pr\u00e9cis de consommer du cannabis, parfait pour les utilisateurs m\u00e9dicaux qui recherchent des effets plus durables sans inhalation. Ces truffes fournissent une dose constante dans un format d\u00e9licieux, ce qui en fait un excellent choix pour ceux qui pr\u00e9f\u00e8rent leur m\u00e9dicament dans une confiserie raffin\u00e9e. <\/p>\n<h3>Exp\u00e9dition dans tout le Canada<\/h3>\n<p>Nous offrons un service d&rsquo;exp\u00e9dition rapide et discret dans tout le Canada, avec une livraison gratuite pour les commandes de plus de 150 $. Veuillez noter que les produits chocolat\u00e9s peuvent \u00eatre affect\u00e9s par la chaleur pendant les mois d&rsquo;\u00e9t\u00e9. Nous vous recommandons de tenir compte des conditions m\u00e9t\u00e9orologiques lors de votre commande, car nous ne pouvons pas rembourser ou remplacer les produits fondus pendant le transport. <\/p>\n<h3>Avantages et couverture pour les anciens combattants<\/h3>\n<p>Ce produit est admissible \u00e0 la couverture d&rsquo;Anciens Combattants Canada (ACC) avec facturation directe par l&rsquo;entremise de la Croix Bleue, ce qui signifie que les anciens combattants admissibles n&rsquo;ont pas \u00e0 d\u00e9bourser d&rsquo;argent. Vous n&rsquo;avez pas encore votre carte m\u00e9dicale ? Obtenez votre carte m\u00e9dicale gratuite rapidement et facilement gr\u00e2ce \u00e0 notre <a href=\"https:\/\/mendomedical.ca\/fr\/carte-medicale\/\">proc\u00e9dure simple en ligne<\/a>.<\/p>\n<p>Contient : Lait, bl\u00e9, soja. Peut contenir : Arachides, noix. <\/p>\n<\/div>\n","protected":false},"featured_media":253929,"comment_status":"open","ping_status":"closed","template":"","meta":{"_acf_changed":false,"site-sidebar-layout":"default","site-content-layout":"","ast-site-content-layout":"default","site-content-style":"default","site-sidebar-style":"default","ast-global-header-display":"","ast-banner-title-visibility":"","ast-main-header-display":"","ast-hfb-above-header-display":"","ast-hfb-below-header-display":"","ast-hfb-mobile-header-display":"","site-post-title":"","ast-breadcrumbs-content":"","ast-featured-img":"","footer-sml-layout":"","ast-disable-related-posts":"","theme-transparent-header-meta":"default","adv-header-id-meta":"","stick-header-meta":"","header-above-stick-meta":"","header-main-stick-meta":"","header-below-stick-meta":"","astra-migrate-meta-layouts":"set","ast-page-background-enabled":"default","ast-page-background-meta":{"desktop":{"background-color":"var(--ast-global-color-4)","background-image":"","background-repeat":"repeat","background-position":"center center","background-size":"auto","background-attachment":"scroll","background-type":"","background-media":"","overlay-type":"","overlay-color":"","overlay-opacity":"","overlay-gradient":""},"tablet":{"background-color":"","background-image":"","background-repeat":"repeat","background-position":"center center","background-size":"auto","background-attachment":"scroll","background-type":"","background-media":"","overlay-type":"","overlay-color":"","overlay-opacity":"","overlay-gradient":""},"mobile":{"background-color":"","background-image":"","background-repeat":"repeat","background-position":"center center","background-size":"auto","background-attachment":"scroll","background-type":"","background-media":"","overlay-type":"","overlay-color":"","overlay-opacity":"","overlay-gradient":""}},"ast-content-background-meta":{"desktop":{"background-color":"var(--ast-global-color-5)","background-image":"","background-repeat":"repeat","background-position":"center center","background-size":"auto","background-attachment":"scroll","background-type":"","background-media":"","overlay-type":"","overlay-color":"","overlay-opacity":"","overlay-gradient":""},"tablet":{"background-color":"var(--ast-global-color-5)","background-image":"","background-repeat":"repeat","background-position":"center center","background-size":"auto","background-attachment":"scroll","background-type":"","background-media":"","overlay-type":"","overlay-color":"","overlay-opacity":"","overlay-gradient":""},"mobile":{"background-color":"var(--ast-global-color-5)","background-image":"","background-repeat":"repeat","background-position":"center center","background-size":"auto","background-attachment":"scroll","background-type":"","background-media":"","overlay-type":"","overlay-color":"","overlay-opacity":"","overlay-gradient":""}}},"product_brand":[],"product_cat":[1130,1511,1128],"product_tag":[],"product_format_filter":[],"class_list":{"0":"post-253943","1":"product","2":"type-product","3":"status-publish","4":"has-post-thumbnail","6":"product_cat-chocolats","7":"product_cat-full-spectrum-fr","8":"product_cat-comestibles","9":"pa_flavours-cremeux","10":"pa_flavours-doux","11":"pa_intensity-thc-eleve","12":"pa_marques-rosin-heads-fr","13":"pa_origin-ontario-fr","14":"pa_type-de-plante-hybride-fr","15":"pa_type-de-plante-thc-fr","16":"desktop-align-left","17":"tablet-align-left","18":"mobile-align-left","20":"first","21":"instock","22":"taxable","23":"shipping-taxable","24":"purchasable","25":"product-type-simple"},"group_of_quantity":0,"min_quantity":0,"max_quantity":"","exclude_order_quantity_value_rules":"no","exclude_category_quantity_rules":"no","combine_variations":"no","acf":[],"_links":{"self":[{"href":"https:\/\/mendomedical.ca\/fr\/wp-json\/wp\/v2\/product\/253943","targetHints":{"allow":["GET"]}}],"collection":[{"href":"https:\/\/mendomedical.ca\/fr\/wp-json\/wp\/v2\/product"}],"about":[{"href":"https:\/\/mendomedical.ca\/fr\/wp-json\/wp\/v2\/types\/product"}],"replies":[{"embeddable":true,"href":"https:\/\/mendomedical.ca\/fr\/wp-json\/wp\/v2\/comments?post=253943"}],"wp:featuredmedia":[{"embeddable":true,"href":"https:\/\/mendomedical.ca\/fr\/wp-json\/wp\/v2\/media\/253929"}],"wp:attachment":[{"href":"https:\/\/mendomedical.ca\/fr\/wp-json\/wp\/v2\/media?parent=253943"}],"wp:term":[{"taxonomy":"product_brand","embeddable":true,"href":"https:\/\/mendomedical.ca\/fr\/wp-json\/wp\/v2\/product_brand?post=253943"},{"taxonomy":"product_cat","embeddable":true,"href":"https:\/\/mendomedical.ca\/fr\/wp-json\/wp\/v2\/product_cat?post=253943"},{"taxonomy":"product_tag","embeddable":true,"href":"https:\/\/mendomedical.ca\/fr\/wp-json\/wp\/v2\/product_tag?post=253943"},{"taxonomy":"product_format_filter","embeddable":true,"href":"https:\/\/mendomedical.ca\/fr\/wp-json\/wp\/v2\/product_format_filter?post=253943"}],"curies":[{"name":"wp","href":"https:\/\/api.w.org\/{rel}","templated":true}]}}