{"id":253925,"date":"2025-09-07T01:00:41","date_gmt":"2025-09-07T05:00:41","guid":{"rendered":"https:\/\/mendomedical.ca\/?post_type=product&#038;p=253925"},"modified":"2026-04-16T10:18:16","modified_gmt":"2026-04-16T14:18:16","slug":"baller-box-hash-rosin-coupes-au-beurre-darachides-a-la-resine-pressee-de-haschish-framboise","status":"publish","type":"product","link":"https:\/\/mendomedical.ca\/fr\/produit\/baller-box-hash-rosin-coupes-au-beurre-darachides-a-la-resine-pressee-de-haschish-framboise\/","title":{"rendered":"Baller Box - Hash Rosin Coupes de beurre de cacahu\u00e8tes \u00e0 la framboise (paquet de 10)"},"content":{"rendered":"","protected":false},"excerpt":{"rendered":"<div class=\"ExternalClassBA4BF9DCC67E416FA65204CAE4ABF942\">\n<h2>Baller Box - Hash Rosin Raspberry Peanut Butter Cups par Rosin Heads<\/h2>\n<p>D\u00e9couvrez la fusion parfaite de saveurs nostalgiques avec les bouch\u00e9es au beurre de cacahu\u00e8tes \u00e0 la framboise de Rosin Heads&rsquo; Baller Box. Chaque bo\u00eete de 10 pi\u00e8ces contient des friandises infus\u00e9es \u00e0 la rosine de haschisch de premi\u00e8re qualit\u00e9, \u00e9labor\u00e9es avec de la vraie pur\u00e9e de framboise et du beurre de cacahu\u00e8te cr\u00e9meux, pour une exp\u00e9rience de confiserie de haut niveau. <\/p>\n<h3>Caract\u00e9ristiques principales du produit<\/h3>\n<ul>\n<li style=\"list-style-type: none;\">\n<ul>- Fabriqu\u00e9 avec de la Live Rosin de premi\u00e8re qualit\u00e9 de la souche Grapefruit.<\/ul>\n<\/li>\n<\/ul>\n<ul>\n<li style=\"list-style-type: none;\">\n<ul>- A base d&rsquo;authentique pur\u00e9e de framboise et de riche beurre de cacahu\u00e8te.<\/ul>\n<\/li>\n<\/ul>\n<ul>\n<li style=\"list-style-type: none;\">\n<ul>- Contient 10 unit\u00e9s emball\u00e9es individuellement<\/ul>\n<\/li>\n<\/ul>\n<ul>\n<li style=\"list-style-type: none;\">\n<ul>- Fabriqu\u00e9 avec du chocolat blanc belge de haute qualit\u00e9<\/ul>\n<\/li>\n<\/ul>\n<ul>  - Fabriqu\u00e9 \u00e0 partir d&rsquo;ingr\u00e9dients enti\u00e8rement naturels<\/ul>\n<h3>Profil de saveur et d&rsquo;exp\u00e9rience<\/h3>\n<p>Ces friandises artisanales offrent un m\u00e9lange harmonieux de framboises acidul\u00e9es et de riches notes de beurre de cacahu\u00e8tes. Les effets potentiels peuvent inclure des sentiments de relaxation, de calme et une exp\u00e9rience r\u00eaveuse et apaisante. Le profil aromatique pr\u00e9sente des notes distinctives de framboise et de beurre de cacahu\u00e8te qui rehaussent l&rsquo;exp\u00e9rience sensorielle globale.  <\/p>\n<h3>Pourquoi choisir des chocolats infus\u00e9s au cannabis ?<\/h3>\n<p>Les chocolats infus\u00e9s au cannabis constituent un moyen discret et agr\u00e9able de consommer du cannabis. Leur dosage pr\u00e9cis et leur format familier en font un excellent choix pour les consommateurs de cannabis m\u00e9dical \u00e0 la recherche d&rsquo;une exp\u00e9rience coh\u00e9rente et agr\u00e9able. La combinaison d&rsquo;ingr\u00e9dients de premi\u00e8re qualit\u00e9 et de processus d&rsquo;infusion minutieux contribue \u00e0 garantir des effets fiables.  <\/p>\n<h3>Exp\u00e9dition dans tout le Canada<\/h3>\n<p>Nous offrons un service d&rsquo;exp\u00e9dition rapide et discret dans tout le Canada, avec une livraison gratuite pour les commandes de plus de 150 $. Veuillez noter que les produits chocolat\u00e9s peuvent \u00eatre affect\u00e9s par la chaleur pendant les mois d&rsquo;\u00e9t\u00e9. Nous vous recommandons de tenir compte des conditions m\u00e9t\u00e9orologiques lorsque vous passez votre commande, car nous ne pouvons pas rembourser ou remplacer les produits fondus. <\/p>\n<h3>Avantages et couverture pour les anciens combattants<\/h3>\n<p>Ce produit est admissible \u00e0 la couverture d&rsquo;Anciens Combattants Canada (ACC) avec facturation directe par l&rsquo;entremise de la Croix Bleue, ce qui signifie que les anciens combattants admissibles n&rsquo;ont pas \u00e0 d\u00e9bourser d&rsquo;argent. Vous n&rsquo;avez pas encore votre carte m\u00e9dicale ? Visitez <a href=\"https:\/\/mendomedical.ca\/fr\/carte-medicale\/\">notre page d&rsquo;inscription<\/a> pour obtenir rapidement et facilement votre carte m\u00e9dicale gratuite.<\/p>\n<h4>Ingr\u00e9dients<\/h4>\n<p>Beurre de cacahu\u00e8te (arachides grill\u00e9es s\u00e9lectionn\u00e9es, huile de soja, maltodextrine de ma\u00efs, sucre, huile v\u00e9g\u00e9tale hydrog\u00e9n\u00e9e, sel, mono- et diglyc\u00e9rides), chocolat blanc belge (sucre, beurre de cacao, lait entier en poudre, l\u00e9cithine de soja, ar\u00f4me naturel de vanille), couverture de framboise (sucre, beurre de cacao, poudre de framboise, l\u00e9cithine de tournesol), beurre de cacao, colophane de haschisch.<\/p>\n<p>Allerg\u00e8nes : Contient des arachides, du lait, du soja. Peut contenir des noix, du bl\u00e9. <\/p>\n<\/div>\n","protected":false},"featured_media":253910,"comment_status":"open","ping_status":"closed","template":"","meta":{"_acf_changed":false,"site-sidebar-layout":"default","site-content-layout":"","ast-site-content-layout":"default","site-content-style":"default","site-sidebar-style":"default","ast-global-header-display":"","ast-banner-title-visibility":"","ast-main-header-display":"","ast-hfb-above-header-display":"","ast-hfb-below-header-display":"","ast-hfb-mobile-header-display":"","site-post-title":"","ast-breadcrumbs-content":"","ast-featured-img":"","footer-sml-layout":"","ast-disable-related-posts":"","theme-transparent-header-meta":"default","adv-header-id-meta":"","stick-header-meta":"","header-above-stick-meta":"","header-main-stick-meta":"","header-below-stick-meta":"","astra-migrate-meta-layouts":"set","ast-page-background-enabled":"default","ast-page-background-meta":{"desktop":{"background-color":"var(--ast-global-color-4)","background-image":"","background-repeat":"repeat","background-position":"center center","background-size":"auto","background-attachment":"scroll","background-type":"","background-media":"","overlay-type":"","overlay-color":"","overlay-opacity":"","overlay-gradient":""},"tablet":{"background-color":"","background-image":"","background-repeat":"repeat","background-position":"center center","background-size":"auto","background-attachment":"scroll","background-type":"","background-media":"","overlay-type":"","overlay-color":"","overlay-opacity":"","overlay-gradient":""},"mobile":{"background-color":"","background-image":"","background-repeat":"repeat","background-position":"center center","background-size":"auto","background-attachment":"scroll","background-type":"","background-media":"","overlay-type":"","overlay-color":"","overlay-opacity":"","overlay-gradient":""}},"ast-content-background-meta":{"desktop":{"background-color":"var(--ast-global-color-5)","background-image":"","background-repeat":"repeat","background-position":"center center","background-size":"auto","background-attachment":"scroll","background-type":"","background-media":"","overlay-type":"","overlay-color":"","overlay-opacity":"","overlay-gradient":""},"tablet":{"background-color":"var(--ast-global-color-5)","background-image":"","background-repeat":"repeat","background-position":"center center","background-size":"auto","background-attachment":"scroll","background-type":"","background-media":"","overlay-type":"","overlay-color":"","overlay-opacity":"","overlay-gradient":""},"mobile":{"background-color":"var(--ast-global-color-5)","background-image":"","background-repeat":"repeat","background-position":"center center","background-size":"auto","background-attachment":"scroll","background-type":"","background-media":"","overlay-type":"","overlay-color":"","overlay-opacity":"","overlay-gradient":""}}},"product_brand":[],"product_cat":[1130,1511,1128],"product_tag":[],"product_format_filter":[],"class_list":{"0":"post-253925","1":"product","2":"type-product","3":"status-publish","4":"has-post-thumbnail","6":"product_cat-chocolats","7":"product_cat-full-spectrum-fr","8":"product_cat-comestibles","9":"pa_flavours-baies","10":"pa_flavours-fruite","11":"pa_flavours-doux","12":"pa_intensity-thc-eleve","13":"pa_marques-rosin-heads-fr","14":"pa_origin-ontario-fr","15":"pa_type-de-plante-hybride-sativa-fr","16":"desktop-align-left","17":"tablet-align-left","18":"mobile-align-left","20":"first","21":"instock","22":"taxable","23":"shipping-taxable","24":"purchasable","25":"product-type-simple"},"group_of_quantity":0,"min_quantity":0,"max_quantity":"","exclude_order_quantity_value_rules":"no","exclude_category_quantity_rules":"no","combine_variations":"no","acf":[],"_links":{"self":[{"href":"https:\/\/mendomedical.ca\/fr\/wp-json\/wp\/v2\/product\/253925","targetHints":{"allow":["GET"]}}],"collection":[{"href":"https:\/\/mendomedical.ca\/fr\/wp-json\/wp\/v2\/product"}],"about":[{"href":"https:\/\/mendomedical.ca\/fr\/wp-json\/wp\/v2\/types\/product"}],"replies":[{"embeddable":true,"href":"https:\/\/mendomedical.ca\/fr\/wp-json\/wp\/v2\/comments?post=253925"}],"wp:featuredmedia":[{"embeddable":true,"href":"https:\/\/mendomedical.ca\/fr\/wp-json\/wp\/v2\/media\/253910"}],"wp:attachment":[{"href":"https:\/\/mendomedical.ca\/fr\/wp-json\/wp\/v2\/media?parent=253925"}],"wp:term":[{"taxonomy":"product_brand","embeddable":true,"href":"https:\/\/mendomedical.ca\/fr\/wp-json\/wp\/v2\/product_brand?post=253925"},{"taxonomy":"product_cat","embeddable":true,"href":"https:\/\/mendomedical.ca\/fr\/wp-json\/wp\/v2\/product_cat?post=253925"},{"taxonomy":"product_tag","embeddable":true,"href":"https:\/\/mendomedical.ca\/fr\/wp-json\/wp\/v2\/product_tag?post=253925"},{"taxonomy":"product_format_filter","embeddable":true,"href":"https:\/\/mendomedical.ca\/fr\/wp-json\/wp\/v2\/product_format_filter?post=253925"}],"curies":[{"name":"wp","href":"https:\/\/api.w.org\/{rel}","templated":true}]}}