{"id":253904,"date":"2025-08-30T07:30:08","date_gmt":"2025-08-30T11:30:08","guid":{"rendered":"https:\/\/mendomedical.ca\/?post_type=product&#038;p=253904"},"modified":"2026-03-26T06:57:52","modified_gmt":"2026-03-26T10:57:52","slug":"112-thccbd-blue-raspberry-blasters","status":"publish","type":"product","link":"https:\/\/mendomedical.ca\/fr\/produit\/112-thccbd-blue-raspberry-blasters\/","title":{"rendered":"1:12 THC:CBD Blue Raspberry Blasters"},"content":{"rendered":"","protected":false},"excerpt":{"rendered":"<div class=\"ExternalClass021A5E7E55DF473D8D679AB872EC3E1E\">\n<h3>1:12 THC:CBD Blue Raspberry Blasters de A-Ha !<\/h3>\n<p>Faites l&rsquo;exp\u00e9rience d&rsquo;un soulagement parfaitement \u00e9quilibr\u00e9 avec les Blue Raspberry Blasters de A-Ha ! Ces gommes pr\u00e9cis\u00e9ment dos\u00e9es offrent un rapport bien pens\u00e9 de 1:12 entre le THC et le CBD, d\u00e9livrant 2,5 mg de THC et 30 mg de CBD par pi\u00e8ce. Chaque paquet contient quatre gommes d\u00e9bordant d&rsquo;une authentique saveur de framboise bleue.  <\/p>\n<h4>Caract\u00e9ristiques principales<\/h4>\n<p>- Rapport \u00e9quilibr\u00e9 1:12 avec 2,5 mg de THC et 30 mg de CBD par gomme.<br \/>\n- Paquet de 4 d\u00e9licieux gummies au go\u00fbt de framboise bleue<br \/>\n- Fabriqu\u00e9 avec des ingr\u00e9dients naturels et de l&rsquo;huile de chanvre<br \/>\n- Parfait pour un microdosage pr\u00e9cis et un soulagement ax\u00e9 sur le CBD<\/p>\n<h4>Profil et exp\u00e9rience<\/h4>\n<p>Ces gommes offrent une exp\u00e9rience douce et \u00e9quilibr\u00e9e, caract\u00e9ris\u00e9e par une concentration lucide et un calme apaisant. Le ratio soigneusement \u00e9labor\u00e9 favorise la motivation tout en maintenant la s\u00e9r\u00e9nit\u00e9, ce qui est id\u00e9al pour une utilisation en journ\u00e9e. L&rsquo;ar\u00f4me naturel de baies compl\u00e8te la saveur vibrante de framboise bleue.  <\/p>\n<h4>Pourquoi choisir les gommes infus\u00e9es au cannabis ?<\/h4>\n<p>Les produits comestibles \u00e0 base de cannabis offrent un dosage pr\u00e9cis et des effets plus durables que les autres m\u00e9thodes de consommation. Le format discret et les portions contr\u00f4l\u00e9es font des gommes un excellent choix pour les patients du cannabis m\u00e9dical qui recherchent un soulagement constant tout au long de la journ\u00e9e. <\/p>\n<h4>Exp\u00e9dition dans tout le Canada<\/h4>\n<p>Nous offrons une livraison rapide dans tout le Canada, avec une livraison gratuite pour les commandes de plus de 150 $. Veuillez noter que les gommes peuvent fondre pendant le transport par temps chaud. Nous ne pouvons pas offrir de remboursement ou de remplacement pour les produits affect\u00e9s par la chaleur pendant le transport. Veuillez en tenir compte lorsque vous passez des commandes pour l&rsquo;\u00e9t\u00e9.  <\/p>\n<h4>Avantages et couverture pour les anciens combattants<\/h4>\n<p>Les Blue Raspberry Blasters sont admissibles \u00e0 la couverture d&rsquo;Anciens Combattants Canada (ACC) avec facturation directe par l&rsquo;entremise de la Croix Bleue, ce qui signifie qu&rsquo;ils n&rsquo;ont pas \u00e0 d\u00e9bourser d&rsquo;argent. Vous n&rsquo;avez pas encore votre carte de cannabis m\u00e9dical ? <a href=\"https:\/\/mendomedical.ca\/fr\/carte-medicale\/\">Obtenez votre carte m\u00e9dicale gratuite rapidement et facilement gr\u00e2ce \u00e0 notre processus simple<\/a>. <\/p>\n<h4>Ingr\u00e9dients<\/h4>\n<p>Sucres (sucre, sirop de tapioca), eau, acide citrique, pectine, ar\u00f4me naturel, citrate de sodium, indigotine, huile de graines de chanvre, extrait de cannabis, l\u00e9cithine de tournesol.<\/p>\n<\/div>\n","protected":false},"featured_media":253899,"comment_status":"open","ping_status":"closed","template":"","meta":{"_acf_changed":false,"site-sidebar-layout":"default","site-content-layout":"","ast-site-content-layout":"default","site-content-style":"default","site-sidebar-style":"default","ast-global-header-display":"","ast-banner-title-visibility":"","ast-main-header-display":"","ast-hfb-above-header-display":"","ast-hfb-below-header-display":"","ast-hfb-mobile-header-display":"","site-post-title":"","ast-breadcrumbs-content":"","ast-featured-img":"","footer-sml-layout":"","ast-disable-related-posts":"","theme-transparent-header-meta":"default","adv-header-id-meta":"","stick-header-meta":"","header-above-stick-meta":"","header-main-stick-meta":"","header-below-stick-meta":"","astra-migrate-meta-layouts":"set","ast-page-background-enabled":"default","ast-page-background-meta":{"desktop":{"background-color":"var(--ast-global-color-4)","background-image":"","background-repeat":"repeat","background-position":"center center","background-size":"auto","background-attachment":"scroll","background-type":"","background-media":"","overlay-type":"","overlay-color":"","overlay-opacity":"","overlay-gradient":""},"tablet":{"background-color":"","background-image":"","background-repeat":"repeat","background-position":"center center","background-size":"auto","background-attachment":"scroll","background-type":"","background-media":"","overlay-type":"","overlay-color":"","overlay-opacity":"","overlay-gradient":""},"mobile":{"background-color":"","background-image":"","background-repeat":"repeat","background-position":"center center","background-size":"auto","background-attachment":"scroll","background-type":"","background-media":"","overlay-type":"","overlay-color":"","overlay-opacity":"","overlay-gradient":""}},"ast-content-background-meta":{"desktop":{"background-color":"var(--ast-global-color-5)","background-image":"","background-repeat":"repeat","background-position":"center center","background-size":"auto","background-attachment":"scroll","background-type":"","background-media":"","overlay-type":"","overlay-color":"","overlay-opacity":"","overlay-gradient":""},"tablet":{"background-color":"var(--ast-global-color-5)","background-image":"","background-repeat":"repeat","background-position":"center center","background-size":"auto","background-attachment":"scroll","background-type":"","background-media":"","overlay-type":"","overlay-color":"","overlay-opacity":"","overlay-gradient":""},"mobile":{"background-color":"var(--ast-global-color-5)","background-image":"","background-repeat":"repeat","background-position":"center center","background-size":"auto","background-attachment":"scroll","background-type":"","background-media":"","overlay-type":"","overlay-color":"","overlay-opacity":"","overlay-gradient":""}}},"product_brand":[],"product_cat":[3825,1132,1511,1128],"product_tag":[],"product_format_filter":[6499],"class_list":{"0":"post-253904","1":"product","2":"type-product","3":"status-publish","4":"has-post-thumbnail","6":"product_cat-cbd-minors-3-fr","7":"product_cat-bonbons","8":"product_cat-full-spectrum-fr","9":"product_cat-comestibles","10":"pa_flavours-baies","11":"pa_intensity-cbd-moyen","12":"pa_intensity-thc-moyen","13":"pa_marques-a-ha-fr","14":"pa_origin-ontario-fr","15":"pa_type-de-plante-cbd-fr","16":"pa_type-de-plante-thc-fr","17":"product_format_filter-4units","18":"desktop-align-left","19":"tablet-align-left","20":"mobile-align-left","22":"first","23":"instock","24":"taxable","25":"shipping-taxable","26":"purchasable","27":"product-type-simple"},"group_of_quantity":0,"min_quantity":0,"max_quantity":"","exclude_order_quantity_value_rules":"no","exclude_category_quantity_rules":"no","combine_variations":"no","acf":[],"_links":{"self":[{"href":"https:\/\/mendomedical.ca\/fr\/wp-json\/wp\/v2\/product\/253904","targetHints":{"allow":["GET"]}}],"collection":[{"href":"https:\/\/mendomedical.ca\/fr\/wp-json\/wp\/v2\/product"}],"about":[{"href":"https:\/\/mendomedical.ca\/fr\/wp-json\/wp\/v2\/types\/product"}],"replies":[{"embeddable":true,"href":"https:\/\/mendomedical.ca\/fr\/wp-json\/wp\/v2\/comments?post=253904"}],"wp:featuredmedia":[{"embeddable":true,"href":"https:\/\/mendomedical.ca\/fr\/wp-json\/wp\/v2\/media\/253899"}],"wp:attachment":[{"href":"https:\/\/mendomedical.ca\/fr\/wp-json\/wp\/v2\/media?parent=253904"}],"wp:term":[{"taxonomy":"product_brand","embeddable":true,"href":"https:\/\/mendomedical.ca\/fr\/wp-json\/wp\/v2\/product_brand?post=253904"},{"taxonomy":"product_cat","embeddable":true,"href":"https:\/\/mendomedical.ca\/fr\/wp-json\/wp\/v2\/product_cat?post=253904"},{"taxonomy":"product_tag","embeddable":true,"href":"https:\/\/mendomedical.ca\/fr\/wp-json\/wp\/v2\/product_tag?post=253904"},{"taxonomy":"product_format_filter","embeddable":true,"href":"https:\/\/mendomedical.ca\/fr\/wp-json\/wp\/v2\/product_format_filter?post=253904"}],"curies":[{"name":"wp","href":"https:\/\/api.w.org\/{rel}","templated":true}]}}