{"id":253795,"date":"2025-08-01T18:05:55","date_gmt":"2025-08-01T22:05:55","guid":{"rendered":"https:\/\/mendomedical.ca\/?post_type=product&#038;p=253795"},"modified":"2026-05-02T17:28:38","modified_gmt":"2026-05-02T21:28:38","slug":"321-thccbdcbn-vape-cart-fr","status":"publish","type":"product","link":"https:\/\/mendomedical.ca\/fr\/produit\/321-thccbdcbn-vape-cart-fr\/","title":{"rendered":"3:2:1 THC:CBD:CBN Vape Cart"},"content":{"rendered":"","protected":false},"excerpt":{"rendered":"<div class=\"ExternalClass5978B44A2CA4443C96ECD5B54EEE671E\">\n<h3>3:2:1 THC:CBD:CBN Vape Cart by nightnight<\/h3>\n<p>D\u00e9couvrez l&rsquo;\u00e9quilibre parfait pour un soulagement nocturne avec la cartouche de vape 3:2:1 THC:CBD:CBN de nightnight, formul\u00e9e avec pr\u00e9cision. Cette cartouche de 1,0 g combine 48 % de CBD (480 mg\/g), 32 % de CBN (320 mg\/g) et 16 % de THC (160 mg\/g) pour produire un effet psychoactif doux, id\u00e9al pour une utilisation en soir\u00e9e. Rehauss\u00e9 par plus de 20 terp\u00e8nes naturels de souche indica et par les ar\u00f4mes nocturnes de Blue Widow, ce m\u00e9lange soigneusement \u00e9labor\u00e9 peut aider \u00e0 favoriser un sommeil r\u00e9parateur tout en traitant potentiellement la douleur et l&rsquo;anxi\u00e9t\u00e9.  <\/p>\n<h4>Caract\u00e9ristiques principales<\/h4>\n<ul>\n<li>Rapport pr\u00e9cis 3:2:1 CBD:CBN:THC optimis\u00e9 pour une utilisation nocturne avec des effets psychoactifs l\u00e9gers.<\/li>\n<li>Cartouche de 1,0 g de premi\u00e8re qualit\u00e9, avec des composants en c\u00e9ramique et en verre de haute qualit\u00e9, \u00e9tanches.<\/li>\n<li>Compatibilit\u00e9 avec le filetage standard 510 pour une utilisation avec la plupart des batteries de vape<\/li>\n<li>Enrichi de plus de 20 terp\u00e8nes naturels de souche indica pour un potentiel th\u00e9rapeutique maximal.<\/li>\n<li>Couleur jaun\u00e2tre \u00e0 brun\u00e2tre distinctive indiquant une concentration de cannabino\u00efdes de qualit\u00e9<\/li>\n<\/ul>\n<h4>Profil aromatique et terp\u00e9nique<\/h4>\n<p>Savourez le profil de saveur nocturne complexe de Blue Widow, qui commence par des notes de baies pro\u00e9minentes, suivies de nuances terreuses et d&rsquo;accents floraux d\u00e9licats. Le riche ar\u00f4me de cannabis est compl\u00e9t\u00e9 par un m\u00e9lange sophistiqu\u00e9 de terp\u00e8nes comprenant du terpin\u00e9ol, du caryophyll\u00e8ne et du limon\u00e8ne, ainsi que des compos\u00e9s th\u00e9rapeutiques tels que le linalol, le myrc\u00e8ne et le \u03b2-caryophyll\u00e8ne. Ce profil terp\u00e9nique soigneusement s\u00e9lectionn\u00e9 agit en synergie avec les cannabino\u00efdes pour am\u00e9liorer l&rsquo;exp\u00e9rience th\u00e9rapeutique globale.  <\/p>\n<h4>Pourquoi choisir les carts \u00e0 fils 510<\/h4>\n<p>Les cartouches \u00e0 filetage 510 offrent aux consommateurs de cannabis m\u00e9dical une commodit\u00e9 in\u00e9gal\u00e9e et un dosage pr\u00e9cis. Le filetage standardis\u00e9 assure la compatibilit\u00e9 avec la plupart des batteries de vapotage, tandis que le format pr\u00e9-rempli \u00e9limine les conjectures et permet d&rsquo;obtenir des r\u00e9sultats constants \u00e0 chaque utilisation. <\/p>\n<h4>Exp\u00e9dition dans tout le Canada<\/h4>\n<p>La Vape Cart 3:2:1 THC:CBD:CBN est exp\u00e9di\u00e9e rapidement \u00e0 travers le Canada. Nous offrons une livraison gratuite pour toutes les commandes de plus de 150 $, ce qui vous assure de recevoir vos produits de soulagement nocturne rapidement et \u00e0 un prix abordable. <\/p>\n<h4>Avantages et couverture pour les anciens combattants<\/h4>\n<p>La Vape Cart 3:2:1 THC:CBD:CBN est admissible \u00e0 la couverture d&rsquo;ACC (Anciens Combattants Canada) avec facturation directe par la Croix Bleue, ce qui signifie qu&rsquo;il n&rsquo;y a pas de frais \u00e0 d\u00e9bourser pour les anciens combattants admissibles. Si vous n&rsquo;avez pas encore de prescription m\u00e9dicale de cannabis, <a href=\"https:\/\/mendomedical.ca\/fr\/carte-medicale\/\">obtenez votre carte m\u00e9dicale gratuite rapidement et facilement<\/a> gr\u00e2ce \u00e0 notre processus simplifi\u00e9. <\/p>\n<\/div>\n","protected":false},"featured_media":253803,"comment_status":"closed","ping_status":"closed","template":"","meta":{"_acf_changed":false,"site-sidebar-layout":"default","site-content-layout":"","ast-site-content-layout":"default","site-content-style":"default","site-sidebar-style":"default","ast-global-header-display":"","ast-banner-title-visibility":"","ast-main-header-display":"","ast-hfb-above-header-display":"","ast-hfb-below-header-display":"","ast-hfb-mobile-header-display":"","site-post-title":"","ast-breadcrumbs-content":"","ast-featured-img":"","footer-sml-layout":"","ast-disable-related-posts":"","theme-transparent-header-meta":"default","adv-header-id-meta":"","stick-header-meta":"","header-above-stick-meta":"","header-main-stick-meta":"","header-below-stick-meta":"","astra-migrate-meta-layouts":"set","ast-page-background-enabled":"default","ast-page-background-meta":{"desktop":{"background-color":"var(--ast-global-color-4)","background-image":"","background-repeat":"repeat","background-position":"center center","background-size":"auto","background-attachment":"scroll","background-type":"","background-media":"","overlay-type":"","overlay-color":"","overlay-opacity":"","overlay-gradient":""},"tablet":{"background-color":"","background-image":"","background-repeat":"repeat","background-position":"center center","background-size":"auto","background-attachment":"scroll","background-type":"","background-media":"","overlay-type":"","overlay-color":"","overlay-opacity":"","overlay-gradient":""},"mobile":{"background-color":"","background-image":"","background-repeat":"repeat","background-position":"center center","background-size":"auto","background-attachment":"scroll","background-type":"","background-media":"","overlay-type":"","overlay-color":"","overlay-opacity":"","overlay-gradient":""}},"ast-content-background-meta":{"desktop":{"background-color":"var(--ast-global-color-5)","background-image":"","background-repeat":"repeat","background-position":"center center","background-size":"auto","background-attachment":"scroll","background-type":"","background-media":"","overlay-type":"","overlay-color":"","overlay-opacity":"","overlay-gradient":""},"tablet":{"background-color":"var(--ast-global-color-5)","background-image":"","background-repeat":"repeat","background-position":"center center","background-size":"auto","background-attachment":"scroll","background-type":"","background-media":"","overlay-type":"","overlay-color":"","overlay-opacity":"","overlay-gradient":""},"mobile":{"background-color":"var(--ast-global-color-5)","background-image":"","background-repeat":"repeat","background-position":"center center","background-size":"auto","background-attachment":"scroll","background-type":"","background-media":"","overlay-type":"","overlay-color":"","overlay-opacity":"","overlay-gradient":""}}},"product_brand":[],"product_cat":[2334,2333,1160,1159],"product_tag":[4318],"product_format_filter":[6369],"class_list":{"0":"post-253795","1":"product","2":"type-product","3":"status-publish","4":"has-post-thumbnail","6":"product_cat-cannabinoides-mineurs","7":"product_cat-cbd","8":"product_cat-cart-fil-510","9":"product_cat-vapoteuses","10":"product_tag-nightnight-fr","11":"pa_flavours-baies","12":"pa_flavours-cannabis-fr","13":"pa_flavours-floral-fr","14":"pa_flavours-terreux","15":"pa_intensity-cbn-eleve","16":"pa_intensity-eleve-en-cbd","17":"pa_intensity-thc-moyen","18":"pa_marques-nightnight-fr","19":"pa_origin-ontario-fr","20":"pa_type-de-plante-cbd-fr","21":"pa_type-de-plante-cbn-fr","22":"pa_type-de-plante-thc-fr","23":"product_format_filter-1g","24":"desktop-align-left","25":"tablet-align-left","26":"mobile-align-left","28":"first","29":"instock","30":"taxable","31":"shipping-taxable","32":"purchasable","33":"product-type-simple"},"group_of_quantity":0,"min_quantity":0,"max_quantity":"","exclude_order_quantity_value_rules":"no","exclude_category_quantity_rules":"no","combine_variations":"no","acf":[],"_links":{"self":[{"href":"https:\/\/mendomedical.ca\/fr\/wp-json\/wp\/v2\/product\/253795","targetHints":{"allow":["GET"]}}],"collection":[{"href":"https:\/\/mendomedical.ca\/fr\/wp-json\/wp\/v2\/product"}],"about":[{"href":"https:\/\/mendomedical.ca\/fr\/wp-json\/wp\/v2\/types\/product"}],"replies":[{"embeddable":true,"href":"https:\/\/mendomedical.ca\/fr\/wp-json\/wp\/v2\/comments?post=253795"}],"wp:featuredmedia":[{"embeddable":true,"href":"https:\/\/mendomedical.ca\/fr\/wp-json\/wp\/v2\/media\/253803"}],"wp:attachment":[{"href":"https:\/\/mendomedical.ca\/fr\/wp-json\/wp\/v2\/media?parent=253795"}],"wp:term":[{"taxonomy":"product_brand","embeddable":true,"href":"https:\/\/mendomedical.ca\/fr\/wp-json\/wp\/v2\/product_brand?post=253795"},{"taxonomy":"product_cat","embeddable":true,"href":"https:\/\/mendomedical.ca\/fr\/wp-json\/wp\/v2\/product_cat?post=253795"},{"taxonomy":"product_tag","embeddable":true,"href":"https:\/\/mendomedical.ca\/fr\/wp-json\/wp\/v2\/product_tag?post=253795"},{"taxonomy":"product_format_filter","embeddable":true,"href":"https:\/\/mendomedical.ca\/fr\/wp-json\/wp\/v2\/product_format_filter?post=253795"}],"curies":[{"name":"wp","href":"https:\/\/api.w.org\/{rel}","templated":true}]}}