{"id":253609,"date":"2025-10-06T20:15:58","date_gmt":"2025-10-07T00:15:58","guid":{"rendered":"https:\/\/mendomedical.ca\/product\/rockstar-kush\/"},"modified":"2026-04-27T11:48:23","modified_gmt":"2026-04-27T15:48:23","slug":"rockstar-kush","status":"publish","type":"product","link":"https:\/\/mendomedical.ca\/fr\/produit\/rockstar-kush\/","title":{"rendered":"Rockstar Kush"},"content":{"rendered":"","protected":false},"excerpt":{"rendered":"<div class=\"ExternalClass844DB82BA034462C9382EBD45A986FE4\">\n<h3>Ritual Green Rockstar Kush - Fleur de cannabis de qualit\u00e9 sup\u00e9rieure (7g)<\/h3>\n<h3>Terp\u00e8nes totaux : 2,25 %.<\/h3>\n<p>La Rockstar Kush de Ritual Green est une indica distingu\u00e9e n\u00e9e en Colombie-Britannique, repr\u00e9sentant une fusion magistrale des g\u00e9n\u00e9tiques Rockstar et Bubba Kush. Cette offre premium de 7 grammes pr\u00e9sente des fleurs m\u00e9ticuleusement cultiv\u00e9es, mettant en valeur des cocottes denses, vertes comme la for\u00eat, orn\u00e9es de pistils orange vibrant et d&rsquo;une couche de trichomes cristallins.<\/p>\n<h4>Caract\u00e9ristiques principales du produit<\/h4>\n<p>- Souche indica de premi\u00e8re qualit\u00e9 cultiv\u00e9e en Colombie-Britannique<br \/>\n- Des cocottes denses, taill\u00e9es de mani\u00e8re experte, avec une riche couverture de trichomes.<br \/>\n- G\u00e9n\u00e9tique hybride authentique de la lign\u00e9e Rockstar x Bubba Kush<br \/>\n- Disponible en format pratique de 7 grammes<br \/>\n- Cultiv\u00e9 professionnellement et transform\u00e9 \u00e0 la main<\/p>\n<h4>Profil des terp\u00e8nes et des ar\u00f4mes<\/h4>\n<p>D\u00e9couvrez un profil aromatique robuste avec des notes gazeuses pro\u00e9minentes compl\u00e9t\u00e9es par des notes terreuses et des accents sucr\u00e9s subtils. Le voyage gustatif offre un m\u00e9lange harmonieux de notes \u00e9pic\u00e9es et riches, avec une douce douceur en fin de bouche. Ce profil terp\u00e9nique soigneusement pr\u00e9serv\u00e9 peut contribuer aux effets potentiellement euphoriques et relaxants de la vari\u00e9t\u00e9.<\/p>\n<h4>Pourquoi choisir les fleurs de cannabis de qualit\u00e9 sup\u00e9rieure ?<\/h4>\n<p>Le cannabis \u00e0 fleurs enti\u00e8res offre aux utilisateurs m\u00e9dicaux un contr\u00f4le total sur leur m\u00e9thode de consommation et leur dosage. Les fleurs de qualit\u00e9 sup\u00e9rieure comme la Rockstar Kush fournissent le spectre complet des cannabino\u00efdes et des terp\u00e8nes \u00e0 l&rsquo;\u00e9tat naturel, offrant potentiellement des avantages th\u00e9rapeutiques accrus gr\u00e2ce \u00e0 l&rsquo;effet d&rsquo;entourage.<\/p>\n<h4>Exp\u00e9dition dans tout le Canada<\/h4>\n<p>Profitez d&rsquo;une livraison rapide et discr\u00e8te dans tout le Canada. Nous sommes heureux d&rsquo;offrir la livraison gratuite pour les commandes de plus de 150 $, ce qui garantit que votre cannabis m\u00e9dical arrive en toute s\u00e9curit\u00e9 et rapidement \u00e0 votre porte.<\/p>\n<h4>Avantages et couverture pour les anciens combattants<\/h4>\n<p>Rockstar Kush est admissible \u00e0 la couverture d&rsquo;Anciens Combattants Canada (ACC) avec facturation directe par l&rsquo;entremise de la Croix Bleue, ce qui signifie que les anciens combattants admissibles n&rsquo;ont pas \u00e0 d\u00e9bourser d&rsquo;argent. Vous n&rsquo;avez pas encore votre carte de cannabis m\u00e9dical ? <a href=\"https:\/\/mendomedical.ca\/fr\/carte-medicale\/\">Cliquez ici<\/a> pour obtenir rapidement et facilement votre carte m\u00e9dicale gratuite par l&rsquo;entremise de Mendo Medical.<\/p>\n<\/div>\n","protected":false},"featured_media":253757,"comment_status":"open","ping_status":"closed","template":"","meta":{"_acf_changed":false,"site-sidebar-layout":"default","site-content-layout":"","ast-site-content-layout":"default","site-content-style":"default","site-sidebar-style":"default","ast-global-header-display":"","ast-banner-title-visibility":"","ast-main-header-display":"","ast-hfb-above-header-display":"","ast-hfb-below-header-display":"","ast-hfb-mobile-header-display":"","site-post-title":"","ast-breadcrumbs-content":"","ast-featured-img":"","footer-sml-layout":"","ast-disable-related-posts":"","theme-transparent-header-meta":"default","adv-header-id-meta":"","stick-header-meta":"","header-above-stick-meta":"","header-main-stick-meta":"","header-below-stick-meta":"","astra-migrate-meta-layouts":"set","ast-page-background-enabled":"default","ast-page-background-meta":{"desktop":{"background-color":"var(--ast-global-color-4)","background-image":"","background-repeat":"repeat","background-position":"center center","background-size":"auto","background-attachment":"scroll","background-type":"","background-media":"","overlay-type":"","overlay-color":"","overlay-opacity":"","overlay-gradient":""},"tablet":{"background-color":"","background-image":"","background-repeat":"repeat","background-position":"center center","background-size":"auto","background-attachment":"scroll","background-type":"","background-media":"","overlay-type":"","overlay-color":"","overlay-opacity":"","overlay-gradient":""},"mobile":{"background-color":"","background-image":"","background-repeat":"repeat","background-position":"center center","background-size":"auto","background-attachment":"scroll","background-type":"","background-media":"","overlay-type":"","overlay-color":"","overlay-opacity":"","overlay-gradient":""}},"ast-content-background-meta":{"desktop":{"background-color":"var(--ast-global-color-5)","background-image":"","background-repeat":"repeat","background-position":"center center","background-size":"auto","background-attachment":"scroll","background-type":"","background-media":"","overlay-type":"","overlay-color":"","overlay-opacity":"","overlay-gradient":""},"tablet":{"background-color":"var(--ast-global-color-5)","background-image":"","background-repeat":"repeat","background-position":"center center","background-size":"auto","background-attachment":"scroll","background-type":"","background-media":"","overlay-type":"","overlay-color":"","overlay-opacity":"","overlay-gradient":""},"mobile":{"background-color":"var(--ast-global-color-5)","background-image":"","background-repeat":"repeat","background-position":"center center","background-size":"auto","background-attachment":"scroll","background-type":"","background-media":"","overlay-type":"","overlay-color":"","overlay-opacity":"","overlay-gradient":""}}},"product_brand":[],"product_cat":[1137],"product_tag":[],"product_format_filter":[6373],"class_list":{"0":"post-253609","1":"product","2":"type-product","3":"status-publish","4":"has-post-thumbnail","6":"product_cat-fleur","7":"pa_flavours-gaz-terreux-doux","8":"pa_intensity-thc-eleve","9":"pa_marques-rituel-vert","10":"pa_origin-nouvelle-ecosse","11":"pa_packaging-date-04-10-2026","12":"pa_prix-par-gramme-8-57","13":"pa_type-de-plante-indica-fr","14":"product_format_filter-7g","15":"desktop-align-left","16":"tablet-align-left","17":"mobile-align-left","19":"first","20":"instock","21":"taxable","22":"shipping-taxable","23":"purchasable","24":"product-type-simple"},"group_of_quantity":0,"min_quantity":0,"max_quantity":"","exclude_order_quantity_value_rules":"no","exclude_category_quantity_rules":"no","combine_variations":"no","acf":[],"_links":{"self":[{"href":"https:\/\/mendomedical.ca\/fr\/wp-json\/wp\/v2\/product\/253609","targetHints":{"allow":["GET"]}}],"collection":[{"href":"https:\/\/mendomedical.ca\/fr\/wp-json\/wp\/v2\/product"}],"about":[{"href":"https:\/\/mendomedical.ca\/fr\/wp-json\/wp\/v2\/types\/product"}],"replies":[{"embeddable":true,"href":"https:\/\/mendomedical.ca\/fr\/wp-json\/wp\/v2\/comments?post=253609"}],"wp:featuredmedia":[{"embeddable":true,"href":"https:\/\/mendomedical.ca\/fr\/wp-json\/wp\/v2\/media\/253757"}],"wp:attachment":[{"href":"https:\/\/mendomedical.ca\/fr\/wp-json\/wp\/v2\/media?parent=253609"}],"wp:term":[{"taxonomy":"product_brand","embeddable":true,"href":"https:\/\/mendomedical.ca\/fr\/wp-json\/wp\/v2\/product_brand?post=253609"},{"taxonomy":"product_cat","embeddable":true,"href":"https:\/\/mendomedical.ca\/fr\/wp-json\/wp\/v2\/product_cat?post=253609"},{"taxonomy":"product_tag","embeddable":true,"href":"https:\/\/mendomedical.ca\/fr\/wp-json\/wp\/v2\/product_tag?post=253609"},{"taxonomy":"product_format_filter","embeddable":true,"href":"https:\/\/mendomedical.ca\/fr\/wp-json\/wp\/v2\/product_format_filter?post=253609"}],"curies":[{"name":"wp","href":"https:\/\/api.w.org\/{rel}","templated":true}]}}