{"id":253507,"date":"2025-08-04T06:10:10","date_gmt":"2025-08-04T10:10:10","guid":{"rendered":"https:\/\/mendomedical.ca\/product\/hot-habanero-mango-sans-sucre-live-rosin-gummies\/"},"modified":"2026-03-13T17:09:40","modified_gmt":"2026-03-13T21:09:40","slug":"hot-habanero-mango-sans-sucre-live-rosin-gummies","status":"publish","type":"product","link":"https:\/\/mendomedical.ca\/fr\/produit\/hot-habanero-mango-sans-sucre-live-rosin-gummies\/","title":{"rendered":"Live Rosin Gummies sans sucre Habanero Piquant et Mangue"},"content":{"rendered":"","protected":false},"excerpt":{"rendered":"<div class=\"ExternalClass032E8A999D594A48AA122E92ADDA87CB\">\n<h3>Hot Habanero Mango Sugar Free Live Rosin Gummies by Polar<\/h3>\n<p>Faites l&rsquo;exp\u00e9rience d&rsquo;une touche unique sur les edibles de cannabis avec les Polar&rsquo;s Hot Habanero Mango Sugar Free Live Rosin Gummies (gummies \u00e0 la mangue sans sucre et au Live Rosin). Ces gummies \u00e0 spectre complet sans sucre combinent la douceur exotique de la mangue avec un coup de fouet subtil de l&rsquo;habanero, d\u00e9livrant 5 mg de compos\u00e9s actifs par pi\u00e8ce dans un emballage pratique de 2 pi\u00e8ces. <\/p>\n<h4>Points forts du produit<\/h4>\n<p>- L&rsquo;extraction de la Live Rosin \u00e0 spectre complet pr\u00e9serve les cannabino\u00efdes et les terp\u00e8nes naturels.<br \/>\n- Formulation sans sucre \u00e0 base de fruits de moine et d&rsquo;\u00e9rythritol<br \/>\n- Profil de saveur unique habanero-mangue<br \/>\n- Chaque gomme contient 5 mg (\u00e9quivalent \u00e0 0,8 g de fleurs s\u00e9ch\u00e9es par paquet).<br \/>\n- Effets de premi\u00e8re qualit\u00e9 d\u00e9riv\u00e9s de la sativa<\/p>\n<h4>Profil de saveur et d&rsquo;exp\u00e9rience<\/h4>\n<p>Ces gummies innovantes offrent un m\u00e9lange harmonieux de mangue tropicale sucr\u00e9e, compl\u00e9t\u00e9 par des notes chaudes de habanero. Le processus d&rsquo;extraction par le Live Rosin garantit la pr\u00e9servation des terp\u00e8nes et des cannabino\u00efdes naturels, offrant potentiellement des effets exaltants caract\u00e9ristiques des souches sativa. <\/p>\n<h4>Pourquoi choisir les Cannabis Gummies ?<\/h4>\n<p>Les produits comestibles offrent un moyen discret et pr\u00e9cis de g\u00e9rer votre routine de bien-\u00eatre. Avec des doses pr\u00e9mesur\u00e9es et des effets plus durables que d&rsquo;autres m\u00e9thodes de consommation, les gummies constituent une option pratique pour les consommateurs de cannabis m\u00e9dical \u00e0 la recherche d&rsquo;un soulagement constant. <\/p>\n<h4>Exp\u00e9dition dans tout le Canada<\/h4>\n<p>Nous offrons une livraison rapide dans tout le Canada, avec une livraison gratuite pour les commandes de plus de 150 $. Veuillez noter que les produits contenant de la g\u00e9latine peuvent fondre pendant le transport estival. Nous vous recommandons de tenir compte de ce probl\u00e8me potentiel lorsque vous passez votre commande.   Malheureusement, nous ne pouvons pas offrir de remboursement ou de remplacement pour les produits qui fondent pendant le transport.<\/p>\n<h4>Avantages et couverture pour les anciens combattants<\/h4>\n<p>Les gummies Hot Habanero Mango Live Rosin sont admissibles \u00e0 la couverture d&rsquo;Anciens Combattants Canada (ACC) avec facturation directe par l&rsquo;entremise de la Croix Bleue, ce qui signifie qu&rsquo;il n&rsquo;y a pas de frais \u00e0 d\u00e9bourser. Vous n&rsquo;avez pas encore votre carte m\u00e9dicale ? <a href=\"https:\/\/mendomedical.ca\/fr\/carte-medicale\/\">Obtenez votre carte m\u00e9dicale gratuite rapidement et facilement ici.<\/a> <\/p>\n<h4>Ingr\u00e9dients<\/h4>\n<p>Sirop de fibres, eau, g\u00e9latine, jus de monkfruit, \u00e9rythritol, acide citrique, huile MCT, poudre de chili, ar\u00f4mes naturels, l\u00e9cithine de tournesol, extrait de cannabis, tartrazine, rouge Allura, bleu brillant.<\/p>\n<\/div>\n","protected":false},"featured_media":253502,"comment_status":"open","ping_status":"closed","template":"","meta":{"_acf_changed":false,"site-sidebar-layout":"default","site-content-layout":"","ast-site-content-layout":"default","site-content-style":"default","site-sidebar-style":"default","ast-global-header-display":"","ast-banner-title-visibility":"","ast-main-header-display":"","ast-hfb-above-header-display":"","ast-hfb-below-header-display":"","ast-hfb-mobile-header-display":"","site-post-title":"","ast-breadcrumbs-content":"","ast-featured-img":"","footer-sml-layout":"","ast-disable-related-posts":"","theme-transparent-header-meta":"default","adv-header-id-meta":"","stick-header-meta":"","header-above-stick-meta":"","header-main-stick-meta":"","header-below-stick-meta":"","astra-migrate-meta-layouts":"set","ast-page-background-enabled":"default","ast-page-background-meta":{"desktop":{"background-color":"var(--ast-global-color-4)","background-image":"","background-repeat":"repeat","background-position":"center center","background-size":"auto","background-attachment":"scroll","background-type":"","background-media":"","overlay-type":"","overlay-color":"","overlay-opacity":"","overlay-gradient":""},"tablet":{"background-color":"","background-image":"","background-repeat":"repeat","background-position":"center center","background-size":"auto","background-attachment":"scroll","background-type":"","background-media":"","overlay-type":"","overlay-color":"","overlay-opacity":"","overlay-gradient":""},"mobile":{"background-color":"","background-image":"","background-repeat":"repeat","background-position":"center center","background-size":"auto","background-attachment":"scroll","background-type":"","background-media":"","overlay-type":"","overlay-color":"","overlay-opacity":"","overlay-gradient":""}},"ast-content-background-meta":{"desktop":{"background-color":"var(--ast-global-color-5)","background-image":"","background-repeat":"repeat","background-position":"center center","background-size":"auto","background-attachment":"scroll","background-type":"","background-media":"","overlay-type":"","overlay-color":"","overlay-opacity":"","overlay-gradient":""},"tablet":{"background-color":"var(--ast-global-color-5)","background-image":"","background-repeat":"repeat","background-position":"center center","background-size":"auto","background-attachment":"scroll","background-type":"","background-media":"","overlay-type":"","overlay-color":"","overlay-opacity":"","overlay-gradient":""},"mobile":{"background-color":"var(--ast-global-color-5)","background-image":"","background-repeat":"repeat","background-position":"center center","background-size":"auto","background-attachment":"scroll","background-type":"","background-media":"","overlay-type":"","overlay-color":"","overlay-opacity":"","overlay-gradient":""}}},"product_brand":[],"product_cat":[1132,1135,1511,1128],"product_tag":[],"product_format_filter":[6498],"class_list":{"0":"post-253507","1":"product","2":"type-product","3":"status-publish","4":"has-post-thumbnail","6":"product_cat-bonbons","7":"product_cat-sans-sucre","8":"product_cat-full-spectrum-fr","9":"product_cat-comestibles","10":"pa_flavours-habanero-fr","11":"pa_flavours-mango-fr","12":"pa_intensity-thc-moyen","13":"pa_marques-polaire","14":"pa_origin-quebec-fr","15":"product_format_filter-2units","16":"desktop-align-left","17":"tablet-align-left","18":"mobile-align-left","20":"first","21":"outofstock","22":"taxable","23":"shipping-taxable","24":"purchasable","25":"product-type-simple"},"group_of_quantity":0,"min_quantity":0,"max_quantity":"","exclude_order_quantity_value_rules":"no","exclude_category_quantity_rules":"no","combine_variations":"no","acf":[],"_links":{"self":[{"href":"https:\/\/mendomedical.ca\/fr\/wp-json\/wp\/v2\/product\/253507","targetHints":{"allow":["GET"]}}],"collection":[{"href":"https:\/\/mendomedical.ca\/fr\/wp-json\/wp\/v2\/product"}],"about":[{"href":"https:\/\/mendomedical.ca\/fr\/wp-json\/wp\/v2\/types\/product"}],"replies":[{"embeddable":true,"href":"https:\/\/mendomedical.ca\/fr\/wp-json\/wp\/v2\/comments?post=253507"}],"wp:featuredmedia":[{"embeddable":true,"href":"https:\/\/mendomedical.ca\/fr\/wp-json\/wp\/v2\/media\/253502"}],"wp:attachment":[{"href":"https:\/\/mendomedical.ca\/fr\/wp-json\/wp\/v2\/media?parent=253507"}],"wp:term":[{"taxonomy":"product_brand","embeddable":true,"href":"https:\/\/mendomedical.ca\/fr\/wp-json\/wp\/v2\/product_brand?post=253507"},{"taxonomy":"product_cat","embeddable":true,"href":"https:\/\/mendomedical.ca\/fr\/wp-json\/wp\/v2\/product_cat?post=253507"},{"taxonomy":"product_tag","embeddable":true,"href":"https:\/\/mendomedical.ca\/fr\/wp-json\/wp\/v2\/product_tag?post=253507"},{"taxonomy":"product_format_filter","embeddable":true,"href":"https:\/\/mendomedical.ca\/fr\/wp-json\/wp\/v2\/product_format_filter?post=253507"}],"curies":[{"name":"wp","href":"https:\/\/api.w.org\/{rel}","templated":true}]}}