{"id":253479,"date":"2025-08-04T06:05:51","date_gmt":"2025-08-04T10:05:51","guid":{"rendered":"https:\/\/mendomedical.ca\/product\/gummies-a-la-fraise-et-au-kiwi-sans-sucre-live-rosin\/"},"modified":"2026-03-06T12:23:09","modified_gmt":"2026-03-06T17:23:09","slug":"gummies-a-la-fraise-et-au-kiwi-sans-sucre-live-rosin","status":"publish","type":"product","link":"https:\/\/mendomedical.ca\/fr\/produit\/gummies-a-la-fraise-et-au-kiwi-sans-sucre-live-rosin\/","title":{"rendered":"Live Rosin Gummies sans sucre \u00e0 la fraise et au kiwi"},"content":{"rendered":"","protected":false},"excerpt":{"rendered":"<div class=\"ExternalClass2968483423884D88A5BC125EE4C5216A\">\n<h3>Strawberry Kiwi Sugar Free Live Rosin Gummies by Polar<\/h3>\n<p>D\u00e9couvrez l&rsquo;\u00e9quilibre parfait entre saveur et effet avec les gummies de rosine vivante sans sucre de premi\u00e8re qualit\u00e9 de Rosin. Chaque paquet contient des gummies dos\u00e9es avec pr\u00e9cision \u00e0 5 mg, fabriqu\u00e9es \u00e0 partir d&rsquo;une extraction de rosine vivante de haute qualit\u00e9 afin de pr\u00e9server le spectre complet des cannabino\u00efdes et des terp\u00e8nes. <\/p>\n<h4>Caract\u00e9ristiques principales du produit<\/h4>\n<p>- Formule sans sucre \u00e0 base de fruits de moine et de sirop de fibres<br \/>\n- Extraction de Live Rosin \u00e0 spectre complet pour des effets renforc\u00e9s<br \/>\n- Ar\u00f4me naturel d\u00e9licieux de fraise-kiwi<br \/>\n- Chaque gomme contient 5 mg de THC (0,8 g d&rsquo;\u00e9quivalent de fleurs s\u00e9ch\u00e9es par paquet).<br \/>\n- Un dosage constant pour des effets fiables<\/p>\n<h4>Profil d&rsquo;ar\u00f4me et d&rsquo;extrait<\/h4>\n<p>Ces gummies pr\u00e9sentent un m\u00e9lange rafra\u00eechissant d&rsquo;ar\u00f4mes de fraise et de kiwi, compl\u00e9t\u00e9 par des extraits de fruits naturels. Le processus d&rsquo;extraction par Live Rosin conserve le profil terp\u00e9nique original de la souche, offrant une exp\u00e9rience plus authentique du cannabis par rapport aux edibles traditionnels \u00e0 base de distillat. <\/p>\n<h4>Pourquoi choisir les Cannabis Gummies ?<\/h4>\n<p>Les edibles sont un moyen discret et pratique de consommer des m\u00e9dicaments \u00e0 base de cannabis, avec des effets plus durables que les autres m\u00e9thodes de consommation. Les options sans sucre comme ces Polar gummies conviennent particuli\u00e8rement aux patients qui contr\u00f4lent leur consommation de sucre tout en recherchant un soulagement constant. <\/p>\n<h4>Exp\u00e9dition dans tout le Canada<\/h4>\n<p>Nous offrons une livraison rapide dans tout le Canada, avec une livraison gratuite pour les commandes de plus de 150 $. Veuillez noter que les produits contenant de la g\u00e9latine peuvent fondre pendant l&rsquo;exp\u00e9dition en \u00e9t\u00e9. Nous vous recommandons d&rsquo;en tenir compte lorsque vous passez des commandes par temps chaud.   Malheureusement, nous ne pouvons pas offrir de remboursement ou de remplacement pour les produits qui fondent pendant le transport.<\/p>\n<h4>Avantages et couverture pour les anciens combattants<\/h4>\n<p>Ces gummies sont admissibles \u00e0 la couverture d&rsquo;Anciens Combattants Canada (ACC) avec facturation directe par l&rsquo;entremise de la Croix Bleue, ce qui signifie que les anciens combattants admissibles n&rsquo;ont pas \u00e0 d\u00e9bourser d&rsquo;argent. Vous n&rsquo;avez pas encore votre carte m\u00e9dicale ? <a href=\"https:\/\/mendomedical.ca\/fr\/carte-medicale\/\">Obtenez votre carte m\u00e9dicale gratuite rapidement et facilement ici<\/a>. <\/p>\n<\/div>\n","protected":false},"featured_media":253478,"comment_status":"open","ping_status":"closed","template":"","meta":{"_acf_changed":false,"site-sidebar-layout":"default","site-content-layout":"","ast-site-content-layout":"default","site-content-style":"default","site-sidebar-style":"default","ast-global-header-display":"","ast-banner-title-visibility":"","ast-main-header-display":"","ast-hfb-above-header-display":"","ast-hfb-below-header-display":"","ast-hfb-mobile-header-display":"","site-post-title":"","ast-breadcrumbs-content":"","ast-featured-img":"","footer-sml-layout":"","ast-disable-related-posts":"","theme-transparent-header-meta":"default","adv-header-id-meta":"","stick-header-meta":"","header-above-stick-meta":"","header-main-stick-meta":"","header-below-stick-meta":"","astra-migrate-meta-layouts":"set","ast-page-background-enabled":"default","ast-page-background-meta":{"desktop":{"background-color":"var(--ast-global-color-4)","background-image":"","background-repeat":"repeat","background-position":"center center","background-size":"auto","background-attachment":"scroll","background-type":"","background-media":"","overlay-type":"","overlay-color":"","overlay-opacity":"","overlay-gradient":""},"tablet":{"background-color":"","background-image":"","background-repeat":"repeat","background-position":"center center","background-size":"auto","background-attachment":"scroll","background-type":"","background-media":"","overlay-type":"","overlay-color":"","overlay-opacity":"","overlay-gradient":""},"mobile":{"background-color":"","background-image":"","background-repeat":"repeat","background-position":"center center","background-size":"auto","background-attachment":"scroll","background-type":"","background-media":"","overlay-type":"","overlay-color":"","overlay-opacity":"","overlay-gradient":""}},"ast-content-background-meta":{"desktop":{"background-color":"var(--ast-global-color-5)","background-image":"","background-repeat":"repeat","background-position":"center center","background-size":"auto","background-attachment":"scroll","background-type":"","background-media":"","overlay-type":"","overlay-color":"","overlay-opacity":"","overlay-gradient":""},"tablet":{"background-color":"var(--ast-global-color-5)","background-image":"","background-repeat":"repeat","background-position":"center center","background-size":"auto","background-attachment":"scroll","background-type":"","background-media":"","overlay-type":"","overlay-color":"","overlay-opacity":"","overlay-gradient":""},"mobile":{"background-color":"var(--ast-global-color-5)","background-image":"","background-repeat":"repeat","background-position":"center center","background-size":"auto","background-attachment":"scroll","background-type":"","background-media":"","overlay-type":"","overlay-color":"","overlay-opacity":"","overlay-gradient":""}}},"product_brand":[],"product_cat":[1132,1135,1511,1128],"product_tag":[],"product_format_filter":[6498],"class_list":{"0":"post-253479","1":"product","2":"type-product","3":"status-publish","4":"has-post-thumbnail","6":"product_cat-bonbons","7":"product_cat-sans-sucre","8":"product_cat-full-spectrum-fr","9":"product_cat-comestibles","10":"pa_flavours-strawberry-kiwi-fr","11":"pa_flavours-fruite","12":"pa_intensity-thc-moyen","13":"pa_marques-polaire","14":"pa_origin-quebec-fr","15":"pa_type-de-plante-hybride-fr","16":"product_format_filter-2units","17":"desktop-align-left","18":"tablet-align-left","19":"mobile-align-left","21":"first","22":"instock","23":"taxable","24":"shipping-taxable","25":"purchasable","26":"product-type-simple"},"group_of_quantity":0,"min_quantity":0,"max_quantity":"","exclude_order_quantity_value_rules":"no","exclude_category_quantity_rules":"no","combine_variations":"no","acf":[],"_links":{"self":[{"href":"https:\/\/mendomedical.ca\/fr\/wp-json\/wp\/v2\/product\/253479","targetHints":{"allow":["GET"]}}],"collection":[{"href":"https:\/\/mendomedical.ca\/fr\/wp-json\/wp\/v2\/product"}],"about":[{"href":"https:\/\/mendomedical.ca\/fr\/wp-json\/wp\/v2\/types\/product"}],"replies":[{"embeddable":true,"href":"https:\/\/mendomedical.ca\/fr\/wp-json\/wp\/v2\/comments?post=253479"}],"wp:featuredmedia":[{"embeddable":true,"href":"https:\/\/mendomedical.ca\/fr\/wp-json\/wp\/v2\/media\/253478"}],"wp:attachment":[{"href":"https:\/\/mendomedical.ca\/fr\/wp-json\/wp\/v2\/media?parent=253479"}],"wp:term":[{"taxonomy":"product_brand","embeddable":true,"href":"https:\/\/mendomedical.ca\/fr\/wp-json\/wp\/v2\/product_brand?post=253479"},{"taxonomy":"product_cat","embeddable":true,"href":"https:\/\/mendomedical.ca\/fr\/wp-json\/wp\/v2\/product_cat?post=253479"},{"taxonomy":"product_tag","embeddable":true,"href":"https:\/\/mendomedical.ca\/fr\/wp-json\/wp\/v2\/product_tag?post=253479"},{"taxonomy":"product_format_filter","embeddable":true,"href":"https:\/\/mendomedical.ca\/fr\/wp-json\/wp\/v2\/product_format_filter?post=253479"}],"curies":[{"name":"wp","href":"https:\/\/api.w.org\/{rel}","templated":true}]}}