{"id":253470,"date":"2025-08-04T06:00:51","date_gmt":"2025-08-04T10:00:51","guid":{"rendered":"https:\/\/mendomedical.ca\/product\/gummies-live-rosin-sans-sucre-a-la-framboise-bleue\/"},"modified":"2026-04-01T00:50:40","modified_gmt":"2026-04-01T04:50:40","slug":"gummies-live-rosin-sans-sucre-a-la-framboise-bleue","status":"publish","type":"product","link":"https:\/\/mendomedical.ca\/fr\/produit\/gummies-live-rosin-sans-sucre-a-la-framboise-bleue\/","title":{"rendered":"Gummies au Live Rosin sans sucre \u00e0 la framboise bleue"},"content":{"rendered":"","protected":false},"excerpt":{"rendered":"<div class=\"ExternalClass09EAC3A004E44D58882D5B3F58076643\">\n<h3>Blue Raspberry Sugar Free Live Rosin Gummies par Polar<\/h3>\n<p>Faites l&rsquo;exp\u00e9rience d&rsquo;une qualit\u00e9 sup\u00e9rieure avec les gommes Polar&rsquo;s Blue Raspberry Sugar Free Live Rosin. Ces gommes pr\u00e9cis\u00e9ment dos\u00e9es \u00e0 2 x 5 mg associent une technologie avanc\u00e9e d&rsquo;extraction de la Live Rosin \u00e0 une formulation sans sucre, offrant ainsi une approche mesur\u00e9e et naturelle du soutien au bien-\u00eatre. <\/p>\n<h4>Caract\u00e9ristiques principales du produit :<\/h4>\n<ul>\n<li style=\"list-style-type: none;\">\n<ul>- Formulation sans sucre \u00e0 base de fruits de moine et d&rsquo;\u00e9rythritol<\/ul>\n<\/li>\n<\/ul>\n<ul>\n<li style=\"list-style-type: none;\">\n<ul>- Extraction de Live Rosin de premi\u00e8re qualit\u00e9 pr\u00e9servant le profil complet des cannabino\u00efdes<\/ul>\n<\/li>\n<\/ul>\n<ul>\n<li style=\"list-style-type: none;\">\n<ul>- Go\u00fbt authentique de framboise bleue<\/ul>\n<\/li>\n<\/ul>\n<ul>\n<li style=\"list-style-type: none;\">\n<ul>- 0,8 g d&rsquo;\u00e9quivalent fleurs s\u00e9ch\u00e9es par paquet<\/ul>\n<\/li>\n<\/ul>\n<ul>- Ingr\u00e9dients naturels sans \u00e9dulcorants artificiels<\/ul>\n<h4>Profil d&rsquo;ar\u00f4me et d&rsquo;extrait<\/h4>\n<p>Fabriqu\u00e9s avec un authentique ar\u00f4me de framboise bleue, ces gommes offrent une exp\u00e9rience gustative agr\u00e9able. Le processus d&rsquo;extraction de la Live Rosin permet de conserver le spectre complet des cannabino\u00efdes et des terp\u00e8nes, ce qui peut favoriser un effet th\u00e9rapeutique plus complet. <\/p>\n<h4>Ingr\u00e9dients<\/h4>\n<p>Fabriqu\u00e9 avec du sirop de fibres, de l&rsquo;eau, de la g\u00e9latine, du jus de fruit de moine, de l&rsquo;\u00e9rythritol, des ar\u00f4mes naturels, de l&rsquo;acide citrique, de l&rsquo;huile MCT, de la l\u00e9cithine de tournesol, de l&rsquo;extrait de cannabis et des colorants bleus brillants.<\/p>\n<h4>Pourquoi choisir les Cannabis Gummies ?<\/h4>\n<p>Les gummies offrent une option discr\u00e8te et pr\u00e9cis\u00e9ment mesur\u00e9e pour la consommation de cannabis m\u00e9dical. La formulation sans sucre rend ces gummy particuli\u00e8rement adapt\u00e9es aux patients qui g\u00e8rent leur consommation de sucre tout en recherchant les avantages th\u00e9rapeutiques potentiels du cannabis. <\/p>\n<h4>Exp\u00e9dition dans tout le Canada<\/h4>\n<p>Nous offrons une livraison rapide dans tout le Canada et une livraison gratuite pour les commandes de plus de 150 $. Veuillez noter que les produits contenant de la g\u00e9latine peuvent fondre pendant l&rsquo;exp\u00e9dition en \u00e9t\u00e9. Nous vous recommandons d&rsquo;en tenir compte lorsque vous passez votre commande.   Malheureusement, nous ne pouvons pas offrir de remboursement ou de remplacement pour les produits qui fondent pendant le transport.<\/p>\n<h4>Avantages et couverture pour les anciens combattants<\/h4>\n<p>Ces gommes sont admissibles \u00e0 la couverture d&rsquo;ACC et \u00e0 la facturation directe par la Croix Bleue, ce qui signifie que les anciens combattants admissibles n&rsquo;ont pas \u00e0 d\u00e9bourser d&rsquo;argent. Vous n&rsquo;avez pas encore votre carte m\u00e9dicale ? Obtenez votre ordonnance gratuite de cannabis m\u00e9dical rapidement et facilement gr\u00e2ce \u00e0 notre <a href=\"https:\/\/mendomedical.ca\/fr\/carte-medicale\/\">enregistrement en ligne<\/a>.<\/p>\n<\/div>\n","protected":false},"featured_media":253466,"comment_status":"open","ping_status":"closed","template":"","meta":{"_acf_changed":false,"site-sidebar-layout":"default","site-content-layout":"","ast-site-content-layout":"default","site-content-style":"default","site-sidebar-style":"default","ast-global-header-display":"","ast-banner-title-visibility":"","ast-main-header-display":"","ast-hfb-above-header-display":"","ast-hfb-below-header-display":"","ast-hfb-mobile-header-display":"","site-post-title":"","ast-breadcrumbs-content":"","ast-featured-img":"","footer-sml-layout":"","ast-disable-related-posts":"","theme-transparent-header-meta":"default","adv-header-id-meta":"","stick-header-meta":"","header-above-stick-meta":"","header-main-stick-meta":"","header-below-stick-meta":"","astra-migrate-meta-layouts":"set","ast-page-background-enabled":"default","ast-page-background-meta":{"desktop":{"background-color":"var(--ast-global-color-4)","background-image":"","background-repeat":"repeat","background-position":"center center","background-size":"auto","background-attachment":"scroll","background-type":"","background-media":"","overlay-type":"","overlay-color":"","overlay-opacity":"","overlay-gradient":""},"tablet":{"background-color":"","background-image":"","background-repeat":"repeat","background-position":"center center","background-size":"auto","background-attachment":"scroll","background-type":"","background-media":"","overlay-type":"","overlay-color":"","overlay-opacity":"","overlay-gradient":""},"mobile":{"background-color":"","background-image":"","background-repeat":"repeat","background-position":"center center","background-size":"auto","background-attachment":"scroll","background-type":"","background-media":"","overlay-type":"","overlay-color":"","overlay-opacity":"","overlay-gradient":""}},"ast-content-background-meta":{"desktop":{"background-color":"var(--ast-global-color-5)","background-image":"","background-repeat":"repeat","background-position":"center center","background-size":"auto","background-attachment":"scroll","background-type":"","background-media":"","overlay-type":"","overlay-color":"","overlay-opacity":"","overlay-gradient":""},"tablet":{"background-color":"var(--ast-global-color-5)","background-image":"","background-repeat":"repeat","background-position":"center center","background-size":"auto","background-attachment":"scroll","background-type":"","background-media":"","overlay-type":"","overlay-color":"","overlay-opacity":"","overlay-gradient":""},"mobile":{"background-color":"var(--ast-global-color-5)","background-image":"","background-repeat":"repeat","background-position":"center center","background-size":"auto","background-attachment":"scroll","background-type":"","background-media":"","overlay-type":"","overlay-color":"","overlay-opacity":"","overlay-gradient":""}}},"product_brand":[],"product_cat":[1132,1135,1511,1128],"product_tag":[],"product_format_filter":[6498],"class_list":{"0":"post-253470","1":"product","2":"type-product","3":"status-publish","4":"has-post-thumbnail","6":"product_cat-bonbons","7":"product_cat-sans-sucre","8":"product_cat-full-spectrum-fr","9":"product_cat-comestibles","10":"pa_flavours-framboise-bleue-fr","11":"pa_intensity-thc-moyen","12":"pa_marques-polaire","13":"pa_origin-quebec-fr","14":"pa_type-de-plante-indica-fr","15":"product_format_filter-2units","16":"desktop-align-left","17":"tablet-align-left","18":"mobile-align-left","20":"first","21":"instock","22":"taxable","23":"shipping-taxable","24":"purchasable","25":"product-type-simple"},"group_of_quantity":0,"min_quantity":0,"max_quantity":"","exclude_order_quantity_value_rules":"no","exclude_category_quantity_rules":"no","combine_variations":"no","acf":[],"_links":{"self":[{"href":"https:\/\/mendomedical.ca\/fr\/wp-json\/wp\/v2\/product\/253470","targetHints":{"allow":["GET"]}}],"collection":[{"href":"https:\/\/mendomedical.ca\/fr\/wp-json\/wp\/v2\/product"}],"about":[{"href":"https:\/\/mendomedical.ca\/fr\/wp-json\/wp\/v2\/types\/product"}],"replies":[{"embeddable":true,"href":"https:\/\/mendomedical.ca\/fr\/wp-json\/wp\/v2\/comments?post=253470"}],"wp:featuredmedia":[{"embeddable":true,"href":"https:\/\/mendomedical.ca\/fr\/wp-json\/wp\/v2\/media\/253466"}],"wp:attachment":[{"href":"https:\/\/mendomedical.ca\/fr\/wp-json\/wp\/v2\/media?parent=253470"}],"wp:term":[{"taxonomy":"product_brand","embeddable":true,"href":"https:\/\/mendomedical.ca\/fr\/wp-json\/wp\/v2\/product_brand?post=253470"},{"taxonomy":"product_cat","embeddable":true,"href":"https:\/\/mendomedical.ca\/fr\/wp-json\/wp\/v2\/product_cat?post=253470"},{"taxonomy":"product_tag","embeddable":true,"href":"https:\/\/mendomedical.ca\/fr\/wp-json\/wp\/v2\/product_tag?post=253470"},{"taxonomy":"product_format_filter","embeddable":true,"href":"https:\/\/mendomedical.ca\/fr\/wp-json\/wp\/v2\/product_format_filter?post=253470"}],"curies":[{"name":"wp","href":"https:\/\/api.w.org\/{rel}","templated":true}]}}