{"id":252842,"date":"2024-08-05T11:54:54","date_gmt":"2024-08-05T15:54:54","guid":{"rendered":"https:\/\/mendomedical.ca\/?post_type=product&#038;p=252842"},"modified":"2026-03-20T09:36:18","modified_gmt":"2026-03-20T13:36:18","slug":"purple-haze-live-resin-vape-cart-fr","status":"publish","type":"product","link":"https:\/\/mendomedical.ca\/fr\/produit\/purple-haze-live-resin-vape-cart-fr\/","title":{"rendered":"Purple Haze Live Resin Vape Cart"},"content":{"rendered":"","protected":false},"excerpt":{"rendered":"<div class=\"ExternalClass69CD3DE026814BFB99E5E0BF61A8BBD9\">\n<h3>Purple Haze Live Resin Vape Cart de Jonny Chronic Platinum<\/h3>\n<h3>Terp\u00e8nes totaux : 9,61%.<\/h3>\n<p>D\u00e9couvrez la l\u00e9gendaire vari\u00e9t\u00e9 Purple Haze sous sa forme la plus puissante avec cette cartouche de vape en r\u00e9sine vivante de premi\u00e8re qualit\u00e9 de Jonny Chronic Platinum. Fabriqu\u00e9e \u00e0 l&rsquo;aide d&rsquo;un processus d&rsquo;extraction au butane en circuit ferm\u00e9 \u00e0 partir de fleurs Purple Haze s\u00e9ch\u00e9es, cette cartouche compatible avec un filetage de 510 offre une exp\u00e9rience exceptionnellement pure et savoureuse avec une impressionnante teneur en terp\u00e8nes totaux de 9,61 % et une puissance de THC de 75 \u00e0 86 %. <\/p>\n<h4>Caract\u00e9ristiques principales<\/h4>\n<ul>\n<li>Extrait de r\u00e9sine vivante \u00e0 haute puissance avec 75-86% de THC et un minimum de CBD<\/li>\n<li>Pr\u00e9servation exceptionnelle des terp\u00e8nes \u00e0 9,61 % pour une saveur et un ar\u00f4me accrus.<\/li>\n<li>Vari\u00e9t\u00e9 \u00e0 dominante sativa id\u00e9ale pour un usage diurne<\/li>\n<li>510-filet compatible avec une batterie USB-C rechargeable (c\u00e2ble non inclus).<\/li>\n<li>L&rsquo;extraction au butane en circuit ferm\u00e9 garantit la puret\u00e9 et l&rsquo;efficacit\u00e9 du produit.<\/li>\n<\/ul>\n<h4>Profil aromatique et gustatif<\/h4>\n<p><strong>Ar\u00f4me :<\/strong> Des notes fra\u00eeches d&rsquo;agrumes et de pin terreux captivent imm\u00e9diatement les sens, compl\u00e9t\u00e9es par des nuances subtiles d&rsquo;\u00e9pices et d&rsquo;herbes. Le profil aromatique pr\u00e9sente un m\u00e9lange harmonieux de limon\u00e8ne, de myrc\u00e8ne et de caryophyll\u00e8ne, cr\u00e9ant un parfum vivifiant et apaisant qui pr\u00e9pare le terrain pour une exp\u00e9rience \u00e9nergique. <\/p>\n<p><strong>Go\u00fbt :<\/strong> L&rsquo;inhalation offre une explosion d&rsquo;agrumes brillants suivie de notes terreuses et herbac\u00e9es qui capturent l&rsquo;essence de la Purple Haze. Le myrc\u00e8ne doux se m\u00eale aux notes d&rsquo;agrumes de limon\u00e8ne, tandis que le caryophyll\u00e8ne donne un l\u00e9ger coup de fouet poivr\u00e9 qui ajoute de la profondeur et de la complexit\u00e9. L&rsquo;expiration laisse une douceur terreuse persistante, offrant une exp\u00e9rience gustative \u00e9quilibr\u00e9e et m\u00e9morable.  <\/p>\n<p><strong>Stockage :<\/strong> Conservez dans un endroit frais et sec, en position verticale, lorsque vous ne l&rsquo;utilisez pas, afin de maintenir une qualit\u00e9 et une puissance optimales.<\/p>\n<h4>Pourquoi choisir les carts \u00e0 fils 510<\/h4>\n<p>Les cartouches de vaporisation \u00e0 filetage 510 offrent aux consommateurs de cannabis m\u00e9dical un dosage pr\u00e9cis, une apparition rapide des effets et une commodit\u00e9 exceptionnelle. Le format concentr\u00e9 de r\u00e9sine vivante pr\u00e9serve le spectre complet des cannabino\u00efdes et des terp\u00e8nes, offrant potentiellement des avantages th\u00e9rapeutiques accrus tout en maintenant la discr\u00e9tion et la portabilit\u00e9. <\/p>\n<h4>Exp\u00e9dition dans tout le Canada<\/h4>\n<p>Purple Haze Live Resin Vape Cart est exp\u00e9di\u00e9 rapidement \u00e0 travers le Canada. Nous offrons une livraison gratuite pour toutes les commandes de plus de 150 $, ce qui vous assure de recevoir vos produits de cannabis m\u00e9dical de fa\u00e7on pratique et discr\u00e8te. <\/p>\n<h4>Avantages et couverture pour les anciens combattants<\/h4>\n<p>Purple Haze Live Resin Vape Cart est admissible \u00e0 la couverture d&rsquo;ACC (Anciens Combattants Canada) avec facturation directe par la Croix Bleue, ce qui signifie qu&rsquo;il n&rsquo;y a pas de frais \u00e0 d\u00e9bourser pour les anciens combattants admissibles. Si vous n&rsquo;avez pas encore d&rsquo;ordonnance de cannabis m\u00e9dical, <a href=\"https:\/\/mendomedical.ca\/fr\/carte-medicale\/\">obtenez votre carte m\u00e9dicale gratuite rapidement et facilement<\/a> pour acc\u00e9der aux avantages de la couverture. <\/p>\n<\/div>\n","protected":false},"featured_media":103687,"comment_status":"closed","ping_status":"closed","template":"","meta":{"_acf_changed":false,"site-sidebar-layout":"default","site-content-layout":"","ast-site-content-layout":"default","site-content-style":"default","site-sidebar-style":"default","ast-global-header-display":"","ast-banner-title-visibility":"","ast-main-header-display":"","ast-hfb-above-header-display":"","ast-hfb-below-header-display":"","ast-hfb-mobile-header-display":"","site-post-title":"","ast-breadcrumbs-content":"","ast-featured-img":"","footer-sml-layout":"","ast-disable-related-posts":"","theme-transparent-header-meta":"default","adv-header-id-meta":"","stick-header-meta":"","header-above-stick-meta":"","header-main-stick-meta":"","header-below-stick-meta":"","astra-migrate-meta-layouts":"set","ast-page-background-enabled":"default","ast-page-background-meta":{"desktop":{"background-color":"var(--ast-global-color-4)","background-image":"","background-repeat":"repeat","background-position":"center center","background-size":"auto","background-attachment":"scroll","background-type":"","background-media":"","overlay-type":"","overlay-color":"","overlay-opacity":"","overlay-gradient":""},"tablet":{"background-color":"","background-image":"","background-repeat":"repeat","background-position":"center center","background-size":"auto","background-attachment":"scroll","background-type":"","background-media":"","overlay-type":"","overlay-color":"","overlay-opacity":"","overlay-gradient":""},"mobile":{"background-color":"","background-image":"","background-repeat":"repeat","background-position":"center center","background-size":"auto","background-attachment":"scroll","background-type":"","background-media":"","overlay-type":"","overlay-color":"","overlay-opacity":"","overlay-gradient":""}},"ast-content-background-meta":{"desktop":{"background-color":"var(--ast-global-color-5)","background-image":"","background-repeat":"repeat","background-position":"center center","background-size":"auto","background-attachment":"scroll","background-type":"","background-media":"","overlay-type":"","overlay-color":"","overlay-opacity":"","overlay-gradient":""},"tablet":{"background-color":"var(--ast-global-color-5)","background-image":"","background-repeat":"repeat","background-position":"center center","background-size":"auto","background-attachment":"scroll","background-type":"","background-media":"","overlay-type":"","overlay-color":"","overlay-opacity":"","overlay-gradient":""},"mobile":{"background-color":"var(--ast-global-color-5)","background-image":"","background-repeat":"repeat","background-position":"center center","background-size":"auto","background-attachment":"scroll","background-type":"","background-media":"","overlay-type":"","overlay-color":"","overlay-opacity":"","overlay-gradient":""}}},"product_brand":[],"product_cat":[1160,1163,1530,1159],"product_tag":[2214],"product_format_filter":[6369],"class_list":{"0":"post-252842","1":"product","2":"type-product","3":"status-publish","4":"has-post-thumbnail","6":"product_cat-cart-fil-510","7":"product_cat-cured-et-resine-vivante-fr","8":"product_cat-spectre-complet1","9":"product_cat-vapoteuses","10":"product_tag-jonny-chronic-platinum-fr","11":"pa_intensity-thc-eleve","12":"pa_marques-jonny-chronic-platinum-fr","13":"pa_origin-ontario-fr","14":"pa_profil-terpene-caryophyllene","15":"pa_profil-terpene-humulene-fr","16":"pa_profil-terpene-limonene-fr","17":"pa_profil-terpene-myrcene","18":"pa_profil-terpene-pinene-fr","19":"pa_type-de-plante-sativa-fr","20":"product_format_filter-1g","21":"desktop-align-left","22":"tablet-align-left","23":"mobile-align-left","25":"first","26":"instock","27":"taxable","28":"shipping-taxable","29":"purchasable","30":"product-type-simple"},"group_of_quantity":0,"min_quantity":0,"max_quantity":"","exclude_order_quantity_value_rules":"no","exclude_category_quantity_rules":"no","combine_variations":"no","acf":[],"_links":{"self":[{"href":"https:\/\/mendomedical.ca\/fr\/wp-json\/wp\/v2\/product\/252842","targetHints":{"allow":["GET"]}}],"collection":[{"href":"https:\/\/mendomedical.ca\/fr\/wp-json\/wp\/v2\/product"}],"about":[{"href":"https:\/\/mendomedical.ca\/fr\/wp-json\/wp\/v2\/types\/product"}],"replies":[{"embeddable":true,"href":"https:\/\/mendomedical.ca\/fr\/wp-json\/wp\/v2\/comments?post=252842"}],"wp:featuredmedia":[{"embeddable":true,"href":"https:\/\/mendomedical.ca\/fr\/wp-json\/wp\/v2\/media\/103687"}],"wp:attachment":[{"href":"https:\/\/mendomedical.ca\/fr\/wp-json\/wp\/v2\/media?parent=252842"}],"wp:term":[{"taxonomy":"product_brand","embeddable":true,"href":"https:\/\/mendomedical.ca\/fr\/wp-json\/wp\/v2\/product_brand?post=252842"},{"taxonomy":"product_cat","embeddable":true,"href":"https:\/\/mendomedical.ca\/fr\/wp-json\/wp\/v2\/product_cat?post=252842"},{"taxonomy":"product_tag","embeddable":true,"href":"https:\/\/mendomedical.ca\/fr\/wp-json\/wp\/v2\/product_tag?post=252842"},{"taxonomy":"product_format_filter","embeddable":true,"href":"https:\/\/mendomedical.ca\/fr\/wp-json\/wp\/v2\/product_format_filter?post=252842"}],"curies":[{"name":"wp","href":"https:\/\/api.w.org\/{rel}","templated":true}]}}