{"id":252525,"date":"2025-08-02T02:15:54","date_gmt":"2025-08-02T06:15:54","guid":{"rendered":"https:\/\/mendomedical.ca\/product\/11-thccbn-nighttime-live-rosin-soft-gels\/"},"modified":"2026-04-16T12:29:46","modified_gmt":"2026-04-16T16:29:46","slug":"11-thccbn-nighttime-live-rosin-soft-gels","status":"publish","type":"product","link":"https:\/\/mendomedical.ca\/fr\/produit\/11-thccbn-nighttime-live-rosin-soft-gels\/","title":{"rendered":"1:1 THC:CBN Nighttime Live Rosin Soft Gels"},"content":{"rendered":"","protected":false},"excerpt":{"rendered":"<div class=\"ExternalClass2789E7462F0E4EEC8730E092B8597122\">\n<h1>1:1 THC:CBN Nighttime Live Rosin Soft Gels by EAT YOUR GREENS<\/h1>\n<p>Faites l&rsquo;exp\u00e9rience du compagnon nocturne parfait avec ces g\u00e9lules souples fabriqu\u00e9es par des experts, combinant 10 mg de Live Rosin sp\u00e9cifique \u00e0 la souche indica avec 10 mg de CBN. Ces g\u00e9lules sont soigneusement formul\u00e9es pour fournir une exp\u00e9rience coh\u00e9rente et puissante aux consommateurs de cannabis m\u00e9dical \u00e0 la recherche d&rsquo;une relaxation nocturne. <\/p>\n<h3>Caract\u00e9ristiques principales du produit<\/h3>\n<p>- Rapport \u00e9quilibr\u00e9 1:1 entre le THC et le CBN (10mg chacun)<br \/>\n- Extrait de Live Rosin de premi\u00e8re qualit\u00e9 pour une efficacit\u00e9 accrue<br \/>\n- Huile de lavande naturelle pour des bienfaits aromath\u00e9rapeutiques suppl\u00e9mentaires<br \/>\n- Dosage pr\u00e9cis gr\u00e2ce \u00e0 un gel souple facile \u00e0 avaler<br \/>\n- 30 g\u00e9lules par flacon pour une r\u00e9serve d&rsquo;un mois<\/p>\n<h3>Profil et effets<\/h3>\n<p>Ces gels souples ont un ar\u00f4me subtil de lavande et peuvent favoriser des sentiments de relaxation, de calme et de confort physique. La combinaison de CBN et de THC d\u00e9riv\u00e9 de l&rsquo;indica cr\u00e9e une exp\u00e9rience potentiellement apaisante, avec un corps lourd, qui peut favoriser des soir\u00e9es reposantes. <\/p>\n<h3>Pourquoi choisir les capsules de cannabis ?<\/h3>\n<p>Les capsules de cannabis offrent un dosage pr\u00e9cis et une grande discr\u00e9tion aux utilisateurs m\u00e9dicaux. Le format de gel mou permet une lib\u00e9ration constante des cannabino\u00efdes et peut \u00eatre particuli\u00e8rement adapt\u00e9 \u00e0 ceux qui pr\u00e9f\u00e8rent une m\u00e9thode de consommation sans fum\u00e9e. La nature \u00e0 lib\u00e9ration prolong\u00e9e des capsules peut fournir des effets plus durables que d&rsquo;autres m\u00e9thodes de consommation.  <\/p>\n<h3>Exp\u00e9dition dans tout le Canada<\/h3>\n<p>Nous offrons un service de livraison rapide et discret \u00e0 travers le Canada pour 1:1 THC:CBN Nighttime Live Rosin Soft Gels. Profitez de la livraison gratuite pour les commandes de plus de 150 $. Veuillez noter que les gels mous peuvent \u00eatre affect\u00e9s par des temp\u00e9ratures extr\u00eames durant les mois d&rsquo;\u00e9t\u00e9.  <\/p>\n<h3>Avantages et couverture pour les anciens combattants<\/h3>\n<p>Ces gels mous sont admissibles \u00e0 la couverture d&rsquo;ACC et \u00e0 la facturation directe par la Croix Bleue, ce qui signifie que les anciens combattants admissibles n&rsquo;ont pas \u00e0 d\u00e9bourser d&rsquo;argent. Vous n&rsquo;avez pas encore votre carte m\u00e9dicale ? Obtenez votre autorisation m\u00e9dicale gratuite rapidement et facilement gr\u00e2ce \u00e0 <a href=\"https:\/\/mendomedical.ca\/fr\/carte-medicale\/\">notre proc\u00e9dure simple en ligne.<\/a><\/p>\n<h4>Ingr\u00e9dients<\/h4>\n<p>Huile de graines de chanvre, g\u00e9latine, glyc\u00e9rine, extrait de cannabis, colorant naturel (jus de fruits et de l\u00e9gumes), huile de lavande, eau.<\/p>\n<\/div>\n","protected":false},"featured_media":252524,"comment_status":"open","ping_status":"closed","template":"","meta":{"_acf_changed":false,"site-sidebar-layout":"default","site-content-layout":"","ast-site-content-layout":"default","site-content-style":"default","site-sidebar-style":"default","ast-global-header-display":"","ast-banner-title-visibility":"","ast-main-header-display":"","ast-hfb-above-header-display":"","ast-hfb-below-header-display":"","ast-hfb-mobile-header-display":"","site-post-title":"","ast-breadcrumbs-content":"","ast-featured-img":"","footer-sml-layout":"","ast-disable-related-posts":"","theme-transparent-header-meta":"default","adv-header-id-meta":"","stick-header-meta":"","header-above-stick-meta":"","header-main-stick-meta":"","header-below-stick-meta":"","astra-migrate-meta-layouts":"set","ast-page-background-enabled":"default","ast-page-background-meta":{"desktop":{"background-color":"var(--ast-global-color-4)","background-image":"","background-repeat":"repeat","background-position":"center center","background-size":"auto","background-attachment":"scroll","background-type":"","background-media":"","overlay-type":"","overlay-color":"","overlay-opacity":"","overlay-gradient":""},"tablet":{"background-color":"","background-image":"","background-repeat":"repeat","background-position":"center center","background-size":"auto","background-attachment":"scroll","background-type":"","background-media":"","overlay-type":"","overlay-color":"","overlay-opacity":"","overlay-gradient":""},"mobile":{"background-color":"","background-image":"","background-repeat":"repeat","background-position":"center center","background-size":"auto","background-attachment":"scroll","background-type":"","background-media":"","overlay-type":"","overlay-color":"","overlay-opacity":"","overlay-gradient":""}},"ast-content-background-meta":{"desktop":{"background-color":"var(--ast-global-color-5)","background-image":"","background-repeat":"repeat","background-position":"center center","background-size":"auto","background-attachment":"scroll","background-type":"","background-media":"","overlay-type":"","overlay-color":"","overlay-opacity":"","overlay-gradient":""},"tablet":{"background-color":"var(--ast-global-color-5)","background-image":"","background-repeat":"repeat","background-position":"center center","background-size":"auto","background-attachment":"scroll","background-type":"","background-media":"","overlay-type":"","overlay-color":"","overlay-opacity":"","overlay-gradient":""},"mobile":{"background-color":"var(--ast-global-color-5)","background-image":"","background-repeat":"repeat","background-position":"center center","background-size":"auto","background-attachment":"scroll","background-type":"","background-media":"","overlay-type":"","overlay-color":"","overlay-opacity":"","overlay-gradient":""}}},"product_brand":[],"product_cat":[3853,1116,1114],"product_tag":[],"product_format_filter":[],"class_list":{"0":"post-252525","1":"product","2":"type-product","3":"status-publish","4":"has-post-thumbnail","6":"product_cat-cbd-minors-5-fr","7":"product_cat-gels-mous","8":"product_cat-gelules","9":"pa_intensity-low-cbn-fr","10":"pa_intensity-thc-moyen","11":"pa_marques-eat-your-greens-fr","12":"pa_origin-ontario-fr","13":"pa_type-de-plante-cbn-fr","14":"pa_type-de-plante-indica-fr","15":"pa_type-de-plante-thc-fr","16":"desktop-align-left","17":"tablet-align-left","18":"mobile-align-left","20":"first","21":"instock","22":"taxable","23":"shipping-taxable","24":"purchasable","25":"product-type-simple"},"group_of_quantity":0,"min_quantity":0,"max_quantity":"","exclude_order_quantity_value_rules":"no","exclude_category_quantity_rules":"no","combine_variations":"no","acf":[],"_links":{"self":[{"href":"https:\/\/mendomedical.ca\/fr\/wp-json\/wp\/v2\/product\/252525","targetHints":{"allow":["GET"]}}],"collection":[{"href":"https:\/\/mendomedical.ca\/fr\/wp-json\/wp\/v2\/product"}],"about":[{"href":"https:\/\/mendomedical.ca\/fr\/wp-json\/wp\/v2\/types\/product"}],"replies":[{"embeddable":true,"href":"https:\/\/mendomedical.ca\/fr\/wp-json\/wp\/v2\/comments?post=252525"}],"wp:featuredmedia":[{"embeddable":true,"href":"https:\/\/mendomedical.ca\/fr\/wp-json\/wp\/v2\/media\/252524"}],"wp:attachment":[{"href":"https:\/\/mendomedical.ca\/fr\/wp-json\/wp\/v2\/media?parent=252525"}],"wp:term":[{"taxonomy":"product_brand","embeddable":true,"href":"https:\/\/mendomedical.ca\/fr\/wp-json\/wp\/v2\/product_brand?post=252525"},{"taxonomy":"product_cat","embeddable":true,"href":"https:\/\/mendomedical.ca\/fr\/wp-json\/wp\/v2\/product_cat?post=252525"},{"taxonomy":"product_tag","embeddable":true,"href":"https:\/\/mendomedical.ca\/fr\/wp-json\/wp\/v2\/product_tag?post=252525"},{"taxonomy":"product_format_filter","embeddable":true,"href":"https:\/\/mendomedical.ca\/fr\/wp-json\/wp\/v2\/product_format_filter?post=252525"}],"curies":[{"name":"wp","href":"https:\/\/api.w.org\/{rel}","templated":true}]}}