{"id":251711,"date":"2025-08-26T03:10:40","date_gmt":"2025-08-26T07:10:40","guid":{"rendered":"https:\/\/mendomedical.ca\/product\/gommes-de-rosin-a-spectre-complet-sans-solvant-a-lananas\/"},"modified":"2026-04-16T10:39:04","modified_gmt":"2026-04-16T14:39:04","slug":"pineapple-full-spectrum-solventless-rosin-gummies","status":"publish","type":"product","link":"https:\/\/mendomedical.ca\/fr\/produit\/pineapple-full-spectrum-solventless-rosin-gummies\/","title":{"rendered":"Gommes de Rosin \u00e0 spectre complet sans solvant \u00e0 l&rsquo;ananas"},"content":{"rendered":"","protected":false},"excerpt":{"rendered":"<div class=\"ExternalClassFD9E35B7FE474B6E9FD52F31DFF340EB\">\n<h2>Gommes de Rosine sans solvant \u00e0 spectre complet \u00e0 l&rsquo;ananas par Sauce Rosin Labs<\/h2>\n<p>D\u00e9couvrez l&rsquo;essence pure du cannabis avec ces gommes naturelles \u00e0 la rosine sans solvant aromatis\u00e9e \u00e0 l&rsquo;ananas. Fabriqu\u00e9s selon des m\u00e9thodes de production en petites s\u00e9ries, ces edibles de qualit\u00e9 sup\u00e9rieure offrent une exp\u00e9rience \u00e0 spectre complet qui capture le profil complet de la fleur de cannabis de haute qualit\u00e9. <\/p>\n<h3>Caract\u00e9ristiques principales du produit<\/h3>\n<ul>\n<li style=\"list-style-type: none;\">\n<ul>- Rosine sans solvant \u00e0 spectre complet pour un effet d&rsquo;entourage complet.<\/ul>\n<\/li>\n<\/ul>\n<ul>\n<li style=\"list-style-type: none;\">\n<ul>- Ar\u00f4me naturel d&rsquo;ananas pour un d\u00e9licieux go\u00fbt tropical<\/ul>\n<\/li>\n<\/ul>\n<ul>\n<li style=\"list-style-type: none;\">\n<ul>- Fabriqu\u00e9 en petite quantit\u00e9 \u00e0 partir de fleurs de cannabis de premi\u00e8re qualit\u00e9<\/ul>\n<\/li>\n<\/ul>\n<ul>  - Pr\u00e9cis\u00e9ment dos\u00e9 \u00e0 2x5mg pour des effets constants<\/ul>\n<h3>Profil et effets<\/h3>\n<p>Ces gommes artisanales offrent un m\u00e9lange sophistiqu\u00e9 d&rsquo;effets qui peuvent favoriser l&rsquo;euphorie, la concentration et la cr\u00e9ativit\u00e9 tout en maintenant un sentiment de calme. L&rsquo;ar\u00f4me naturel d&rsquo;ananas compl\u00e8te le profil du cannabis \u00e0 spectre complet, pour une exp\u00e9rience vraiment authentique. <\/p>\n<h3>Pourquoi choisir les gommes de Rosin ?<\/h3>\n<p>Les gommes de Rosin sans solvant repr\u00e9sentent le summum des produits comestibles \u00e0 base de cannabis, offrant une option pure et naturelle aux consommateurs de cannabis m\u00e9dical. Contrairement aux alternatives \u00e0 base de distillat, ces gommes pr\u00e9servent le spectre complet des compos\u00e9s b\u00e9n\u00e9fiques de la plante, offrant potentiellement des avantages th\u00e9rapeutiques plus complets. <\/p>\n<h3>Exp\u00e9dition dans tout le Canada<\/h3>\n<p>Nous offrons une livraison rapide \u00e0 travers le Canada et une livraison gratuite pour les commandes de plus de 150 $. Veuillez noter que ces gommes contiennent de la g\u00e9latine et qu&rsquo;elles peuvent fondre pendant le transport estival. Malheureusement, nous ne pouvons pas rembourser ou remplacer les produits affect\u00e9s par la chaleur pendant le transport. Veuillez en tenir compte lorsque vous commandez par temps chaud.   <\/p>\n<h3>Avantages et couverture pour les anciens combattants<\/h3>\n<p>Ces gommes sont admissibles \u00e0 la couverture d&rsquo;ACC et \u00e0 la facturation directe par l&rsquo;entremise de la Croix Bleue, ce qui permet aux anciens combattants admissibles de ne pas avoir \u00e0 d\u00e9bourser d&rsquo;argent. Vous n&rsquo;avez pas encore votre carte m\u00e9dicale ? Obtenez rapidement votre carte m\u00e9dicale gratuite gr\u00e2ce \u00e0 notre partenaire <a href=\"https:\/\/mendomedical.ca\/fr\/carte-medicale\/\">Mendo Medical.<\/a>  <\/p>\n<h4>Ingr\u00e9dients<\/h4>\n<p>Sirop de glucose, sucre, eau, g\u00e9latine, ar\u00f4me naturel, acide citrique, huile MCT, pectine, l\u00e9cithine de tournesol, jus de l\u00e9gumes, Rosine vivante.<\/p>\n<\/div>\n","protected":false},"featured_media":251685,"comment_status":"open","ping_status":"closed","template":"","meta":{"_acf_changed":false,"site-sidebar-layout":"default","site-content-layout":"","ast-site-content-layout":"default","site-content-style":"default","site-sidebar-style":"default","ast-global-header-display":"","ast-banner-title-visibility":"","ast-main-header-display":"","ast-hfb-above-header-display":"","ast-hfb-below-header-display":"","ast-hfb-mobile-header-display":"","site-post-title":"","ast-breadcrumbs-content":"","ast-featured-img":"","footer-sml-layout":"","ast-disable-related-posts":"","theme-transparent-header-meta":"default","adv-header-id-meta":"","stick-header-meta":"","header-above-stick-meta":"","header-main-stick-meta":"","header-below-stick-meta":"","astra-migrate-meta-layouts":"set","ast-page-background-enabled":"default","ast-page-background-meta":{"desktop":{"background-color":"var(--ast-global-color-4)","background-image":"","background-repeat":"repeat","background-position":"center center","background-size":"auto","background-attachment":"scroll","background-type":"","background-media":"","overlay-type":"","overlay-color":"","overlay-opacity":"","overlay-gradient":""},"tablet":{"background-color":"","background-image":"","background-repeat":"repeat","background-position":"center center","background-size":"auto","background-attachment":"scroll","background-type":"","background-media":"","overlay-type":"","overlay-color":"","overlay-opacity":"","overlay-gradient":""},"mobile":{"background-color":"","background-image":"","background-repeat":"repeat","background-position":"center center","background-size":"auto","background-attachment":"scroll","background-type":"","background-media":"","overlay-type":"","overlay-color":"","overlay-opacity":"","overlay-gradient":""}},"ast-content-background-meta":{"desktop":{"background-color":"var(--ast-global-color-5)","background-image":"","background-repeat":"repeat","background-position":"center center","background-size":"auto","background-attachment":"scroll","background-type":"","background-media":"","overlay-type":"","overlay-color":"","overlay-opacity":"","overlay-gradient":""},"tablet":{"background-color":"var(--ast-global-color-5)","background-image":"","background-repeat":"repeat","background-position":"center center","background-size":"auto","background-attachment":"scroll","background-type":"","background-media":"","overlay-type":"","overlay-color":"","overlay-opacity":"","overlay-gradient":""},"mobile":{"background-color":"var(--ast-global-color-5)","background-image":"","background-repeat":"repeat","background-position":"center center","background-size":"auto","background-attachment":"scroll","background-type":"","background-media":"","overlay-type":"","overlay-color":"","overlay-opacity":"","overlay-gradient":""}}},"product_brand":[],"product_cat":[1132,1511,1128],"product_tag":[],"product_format_filter":[6498],"class_list":{"0":"post-251711","1":"product","2":"type-product","3":"status-publish","4":"has-post-thumbnail","6":"product_cat-bonbons","7":"product_cat-full-spectrum-fr","8":"product_cat-comestibles","9":"pa_flavours-pineapple","10":"pa_intensity-thc-moyen","11":"pa_marques-sauce-rosin-labs-fr","12":"pa_origin-nouveau-brunswick","13":"pa_type-de-plante-hybride-sativa-fr-2","14":"product_format_filter-2units","15":"desktop-align-left","16":"tablet-align-left","17":"mobile-align-left","19":"first","20":"instock","21":"taxable","22":"shipping-taxable","23":"purchasable","24":"product-type-simple"},"group_of_quantity":0,"min_quantity":0,"max_quantity":"","exclude_order_quantity_value_rules":"no","exclude_category_quantity_rules":"no","combine_variations":"no","acf":[],"_links":{"self":[{"href":"https:\/\/mendomedical.ca\/fr\/wp-json\/wp\/v2\/product\/251711","targetHints":{"allow":["GET"]}}],"collection":[{"href":"https:\/\/mendomedical.ca\/fr\/wp-json\/wp\/v2\/product"}],"about":[{"href":"https:\/\/mendomedical.ca\/fr\/wp-json\/wp\/v2\/types\/product"}],"replies":[{"embeddable":true,"href":"https:\/\/mendomedical.ca\/fr\/wp-json\/wp\/v2\/comments?post=251711"}],"wp:featuredmedia":[{"embeddable":true,"href":"https:\/\/mendomedical.ca\/fr\/wp-json\/wp\/v2\/media\/251685"}],"wp:attachment":[{"href":"https:\/\/mendomedical.ca\/fr\/wp-json\/wp\/v2\/media?parent=251711"}],"wp:term":[{"taxonomy":"product_brand","embeddable":true,"href":"https:\/\/mendomedical.ca\/fr\/wp-json\/wp\/v2\/product_brand?post=251711"},{"taxonomy":"product_cat","embeddable":true,"href":"https:\/\/mendomedical.ca\/fr\/wp-json\/wp\/v2\/product_cat?post=251711"},{"taxonomy":"product_tag","embeddable":true,"href":"https:\/\/mendomedical.ca\/fr\/wp-json\/wp\/v2\/product_tag?post=251711"},{"taxonomy":"product_format_filter","embeddable":true,"href":"https:\/\/mendomedical.ca\/fr\/wp-json\/wp\/v2\/product_format_filter?post=251711"}],"curies":[{"name":"wp","href":"https:\/\/api.w.org\/{rel}","templated":true}]}}