{"id":251710,"date":"2025-09-07T17:55:35","date_gmt":"2025-09-07T21:55:35","guid":{"rendered":"https:\/\/mendomedical.ca\/product\/premium-aged-bubble-hash\/"},"modified":"2026-04-01T09:10:17","modified_gmt":"2026-04-01T13:10:17","slug":"premium-aged-bubble-hash","status":"publish","type":"product","link":"https:\/\/mendomedical.ca\/fr\/produit\/premium-aged-bubble-hash\/","title":{"rendered":"Bubble hash vieilli de qualit\u00e9 sup\u00e9rieure"},"content":{"rendered":"","protected":false},"excerpt":{"rendered":"<div class=\"ExternalClassEBC1E28BF1B14D2DBE2D60E2D33B984D\">\n<h3>Premium Aged Bubble Hash par The Hash Order<\/h3>\n<h3>Terp\u00e8nes totaux : 9,36%.<\/h3>\n<p>Faites l&rsquo;exp\u00e9rience d&rsquo;une qualit\u00e9 exceptionnelle avec Premium Aged Bubble Hash, un concentr\u00e9 m\u00e9ticuleusement \u00e9labor\u00e9 par The Hash Order. Ce hasch artisanal est produit \u00e0 l&rsquo;aide de m\u00e9thodes d&rsquo;extraction Ice Water Hash de premi\u00e8re qualit\u00e9 et vieilli dans des conditions contr\u00f4l\u00e9es afin de d\u00e9velopper son caract\u00e8re et sa puissance distincts. <\/p>\n<h4>Points forts du produit<\/h4>\n<p>- Vieillissement soigneux \u00e0 une temp\u00e9rature et dans des conditions pr\u00e9cises<\/p>\n<p>- Extraction de l&rsquo;eau glac\u00e9e de premi\u00e8re qualit\u00e9 Hash (45\u00b5-159\u00b5 micron)<\/p>\n<p>- Hachis de qualit\u00e9 sup\u00e9rieure \u00e0 forte puissance<\/p>\n<p>- Profil terp\u00e9nique impressionnant<\/p>\n<h4>Profil aromatique et gustatif<\/h4>\n<p>Ce haschisch de qualit\u00e9 sup\u00e9rieure offre un m\u00e9lange sophistiqu\u00e9 de notes sucr\u00e9es et vanill\u00e9es, compl\u00e9t\u00e9es par des notes terreuses et piquantes. La vari\u00e9t\u00e9 Sarah&rsquo;s Secret pr\u00e9sente un profil terp\u00e9nique complexe qui cr\u00e9e une exp\u00e9rience riche et vari\u00e9e. <\/p>\n<h4>Profil des effets<\/h4>\n<p>Les utilisateurs peuvent ressentir une combinaison d&rsquo;effets relaxants et cr\u00e9atifs, accompagn\u00e9s d&rsquo;une sensation de lourdeur qui peut \u00eatre s\u00e9dative. Son profil \u00e9quilibr\u00e9 en fait un produit adapt\u00e9 \u00e0 une utilisation en soir\u00e9e, lorsque l&rsquo;on recherche le calme et la d\u00e9tente. <\/p>\n<h4>Pourquoi choisir Premium Hash ?<\/h4>\n<p>Les concentr\u00e9s de haschisch offrent une m\u00e9thode de consommation traditionnelle avec un raffinement moderne. La forme concentr\u00e9e permet un dosage pr\u00e9cis, tandis que le processus de vieillissement soigneux d\u00e9veloppe un profil de saveur plus complet et une puissance accrue, ce qui en fait un excellent choix pour les patients de cannabis m\u00e9dical qui recherchent des r\u00e9sultats constants. <\/p>\n<h4>Exp\u00e9dition dans tout le Canada<\/h4>\n<p>Nous assurons une livraison rapide et fiable dans tout le Canada. Les commandes de plus de 150 $ b\u00e9n\u00e9ficient de la livraison gratuite. Notre emballage garantit que votre Premium Aged Bubble Hash arrive en parfait \u00e9tat.  <\/p>\n<h4>Avantages et couverture pour les anciens combattants<\/h4>\n<p>La prime Bubble hash est admissible \u00e0 la couverture d&rsquo;Anciens Combattants Canada (ACC) avec facturation directe par la Croix Bleue, ce qui \u00e9limine les frais \u00e0 la charge des anciens combattants admissibles. Vous n&rsquo;avez pas encore votre carte m\u00e9dicale ? Visitez <a href=\"https:\/\/mendomedical.ca\/fr\/carte-medicale\/\">notre page d&rsquo;inscription<\/a> pour obtenir rapidement et facilement votre carte m\u00e9dicale gratuite.  <\/p>\n<p>Sp\u00e9cifications techniques :<br \/>\nTeneur totale en cannabino\u00efdes : &gt;68%<br \/>\nTeneur totale en terp\u00e8nes : &gt;9%<br \/>\nMicron Hash : 45\u00b5-159\u00b5<\/p>\n<\/div>\n","protected":false},"featured_media":251683,"comment_status":"open","ping_status":"closed","template":"","meta":{"_acf_changed":false,"site-sidebar-layout":"default","site-content-layout":"","ast-site-content-layout":"default","site-content-style":"default","site-sidebar-style":"default","ast-global-header-display":"","ast-banner-title-visibility":"","ast-main-header-display":"","ast-hfb-above-header-display":"","ast-hfb-below-header-display":"","ast-hfb-mobile-header-display":"","site-post-title":"","ast-breadcrumbs-content":"","ast-featured-img":"","footer-sml-layout":"","ast-disable-related-posts":"","theme-transparent-header-meta":"default","adv-header-id-meta":"","stick-header-meta":"","header-above-stick-meta":"","header-main-stick-meta":"","header-below-stick-meta":"","astra-migrate-meta-layouts":"set","ast-page-background-enabled":"default","ast-page-background-meta":{"desktop":{"background-color":"var(--ast-global-color-4)","background-image":"","background-repeat":"repeat","background-position":"center center","background-size":"auto","background-attachment":"scroll","background-type":"","background-media":"","overlay-type":"","overlay-color":"","overlay-opacity":"","overlay-gradient":""},"tablet":{"background-color":"","background-image":"","background-repeat":"repeat","background-position":"center center","background-size":"auto","background-attachment":"scroll","background-type":"","background-media":"","overlay-type":"","overlay-color":"","overlay-opacity":"","overlay-gradient":""},"mobile":{"background-color":"","background-image":"","background-repeat":"repeat","background-position":"center center","background-size":"auto","background-attachment":"scroll","background-type":"","background-media":"","overlay-type":"","overlay-color":"","overlay-opacity":"","overlay-gradient":""}},"ast-content-background-meta":{"desktop":{"background-color":"var(--ast-global-color-5)","background-image":"","background-repeat":"repeat","background-position":"center center","background-size":"auto","background-attachment":"scroll","background-type":"","background-media":"","overlay-type":"","overlay-color":"","overlay-opacity":"","overlay-gradient":""},"tablet":{"background-color":"var(--ast-global-color-5)","background-image":"","background-repeat":"repeat","background-position":"center center","background-size":"auto","background-attachment":"scroll","background-type":"","background-media":"","overlay-type":"","overlay-color":"","overlay-opacity":"","overlay-gradient":""},"mobile":{"background-color":"var(--ast-global-color-5)","background-image":"","background-repeat":"repeat","background-position":"center center","background-size":"auto","background-attachment":"scroll","background-type":"","background-media":"","overlay-type":"","overlay-color":"","overlay-opacity":"","overlay-gradient":""}}},"product_brand":[],"product_cat":[1121,1118,1119],"product_tag":[],"product_format_filter":[6369],"class_list":{"0":"post-251710","1":"product","2":"type-product","3":"status-publish","4":"has-post-thumbnail","6":"product_cat-haschisch","7":"product_cat-concentres","8":"product_cat-tout-sans-solvant","9":"pa_flavours-cremeux","10":"pa_flavours-doux","11":"pa_flavours-vanille","12":"pa_intensity-thc-eleve","13":"pa_marques-lordre-hash","14":"pa_origin-nouveau-brunswick","15":"pa_profil-terpene-caryophyllene","16":"pa_profil-terpene-humulene-fr","17":"pa_profil-terpene-limonene-fr","18":"pa_type-de-plante-hybride-fr","19":"product_format_filter-1g","20":"desktop-align-left","21":"tablet-align-left","22":"mobile-align-left","24":"first","25":"instock","26":"taxable","27":"shipping-taxable","28":"purchasable","29":"product-type-simple"},"group_of_quantity":0,"min_quantity":0,"max_quantity":"","exclude_order_quantity_value_rules":"no","exclude_category_quantity_rules":"no","combine_variations":"no","acf":[],"_links":{"self":[{"href":"https:\/\/mendomedical.ca\/fr\/wp-json\/wp\/v2\/product\/251710","targetHints":{"allow":["GET"]}}],"collection":[{"href":"https:\/\/mendomedical.ca\/fr\/wp-json\/wp\/v2\/product"}],"about":[{"href":"https:\/\/mendomedical.ca\/fr\/wp-json\/wp\/v2\/types\/product"}],"replies":[{"embeddable":true,"href":"https:\/\/mendomedical.ca\/fr\/wp-json\/wp\/v2\/comments?post=251710"}],"wp:featuredmedia":[{"embeddable":true,"href":"https:\/\/mendomedical.ca\/fr\/wp-json\/wp\/v2\/media\/251683"}],"wp:attachment":[{"href":"https:\/\/mendomedical.ca\/fr\/wp-json\/wp\/v2\/media?parent=251710"}],"wp:term":[{"taxonomy":"product_brand","embeddable":true,"href":"https:\/\/mendomedical.ca\/fr\/wp-json\/wp\/v2\/product_brand?post=251710"},{"taxonomy":"product_cat","embeddable":true,"href":"https:\/\/mendomedical.ca\/fr\/wp-json\/wp\/v2\/product_cat?post=251710"},{"taxonomy":"product_tag","embeddable":true,"href":"https:\/\/mendomedical.ca\/fr\/wp-json\/wp\/v2\/product_tag?post=251710"},{"taxonomy":"product_format_filter","embeddable":true,"href":"https:\/\/mendomedical.ca\/fr\/wp-json\/wp\/v2\/product_format_filter?post=251710"}],"curies":[{"name":"wp","href":"https:\/\/api.w.org\/{rel}","templated":true}]}}