{"id":251704,"date":"2025-07-27T08:40:15","date_gmt":"2025-07-27T12:40:15","guid":{"rendered":"https:\/\/mendomedical.ca\/product\/mob-pie-live-rosin-cart-chariot-a-rosine\/"},"modified":"2026-03-01T22:46:42","modified_gmt":"2026-03-02T03:46:42","slug":"mob-pie-live-rosin-cart","status":"publish","type":"product","link":"https:\/\/mendomedical.ca\/fr\/produit\/mob-pie-live-rosin-cart\/","title":{"rendered":"Mob Pie Live Rosin Cart (chariot \u00e0 rosine)"},"content":{"rendered":"","protected":false},"excerpt":{"rendered":"<div class=\"ExternalClass653278FC998648E195150011EA14C011\">\n<h3>Mob Pie Live Rosin Cart par Sauce Rosin Labs<\/h3>\n<h3>Terp\u00e8nes totaux : 16,92%.<\/h3>\n<p>Faites l&rsquo;exp\u00e9rience d&rsquo;une extraction sans solvant de premi\u00e8re qualit\u00e9 avec la cartouche Live Rosin de Mob Pie, un m\u00e9lange sophistiqu\u00e9 de souches Mother of Berries x Wedding Pie. Cette cartouche de 0,5 g offre un profil terp\u00e9nique complexe dans un format pratique et portable. <\/p>\n<h4>Caract\u00e9ristiques principales<\/h4>\n<ul>\n<li style=\"list-style-type: none;\">\n<ul>- Live Rosin de premi\u00e8re pression extraite de trichomes de 73 \u00e0 159 microm\u00e8tres.<\/ul>\n<\/li>\n<\/ul>\n<ul>\n<li style=\"list-style-type: none;\">\n<ul>- Cartouche enti\u00e8rement en c\u00e9ramique con\u00e7ue sp\u00e9cifiquement pour une distribution optimale de la rosine.<\/ul>\n<\/li>\n<\/ul>\n<ul>\n<li style=\"list-style-type: none;\">\n<ul>- Production en petite quantit\u00e9, sans solvant, \u00e0 partir de fleurs de cannabis fra\u00eechement congel\u00e9es<\/ul>\n<\/li>\n<\/ul>\n<ul>  - Noyau en c\u00e9ramique avanc\u00e9e emp\u00eachant la d\u00e9gradation de la rosine<\/ul>\n<h4>Profil et exp\u00e9rience<\/h4>\n<p>Ce live Rosin artisanal offre une superposition sophistiqu\u00e9e de saveurs, combinant des notes de baies sucr\u00e9es avec des nuances d&rsquo;agrumes et un profil gazeux distinctif. L&rsquo;ar\u00f4me pr\u00e9sente un m\u00e9lange harmonieux de notes dank, d&rsquo;agrumes et de baies sucr\u00e9es. Les utilisateurs peuvent ressentir des effets stimulants et euphorisants, ce qui peut favoriser la concentration et la cr\u00e9ativit\u00e9 tout en encourageant un sentiment de motivation calme.  <\/p>\n<h4>Pourquoi choisir les chariots de Live Rosin ?<\/h4>\n<p>Les cartouches de Rosin Live repr\u00e9sentent le summum de la technologie d&rsquo;extraction sans solvant, offrant aux consommateurs de cannabis m\u00e9dical une exp\u00e9rience pure et \u00e0 spectre complet dans un format pratique. Le mat\u00e9riel enti\u00e8rement en c\u00e9ramique assure une distribution optimale des compos\u00e9s b\u00e9n\u00e9fiques tout en pr\u00e9servant l&rsquo;int\u00e9grit\u00e9 de la rosine. <\/p>\n<h4>Exp\u00e9dition dans tout le Canada<\/h4>\n<p>Nous offrons un service de livraison rapide et fiable partout au Canada pour le Live Rosin Cart de Mob Pie. B\u00e9n\u00e9ficiez de la livraison gratuite pour toute commande sup\u00e9rieure \u00e0 150 $. Notre \u00e9quipe d\u00e9vou\u00e9e s&rsquo;assure d&rsquo;une manutention soign\u00e9e et d&rsquo;une livraison rapide de vos m\u00e9dicaments.  <\/p>\n<h4>Avantages et couverture pour les anciens combattants<\/h4>\n<p>Le chariot Live Rosin de Mob Pie est admissible \u00e0 la couverture d&rsquo;Anciens Combattants Canada (ACC) avec facturation directe par l&rsquo;entremise de la Croix Bleue, ce qui \u00e9limine les frais remboursables. Vous n&rsquo;avez pas encore votre carte m\u00e9dicale ? <a href=\"https:\/\/mendomedical.ca\/fr\/carte-medicale\/\">Obtenez votre carte m\u00e9dicale gratuite rapidement et facilement gr\u00e2ce \u00e0 notre processus simplifi\u00e9<\/a>. <\/p>\n<\/div>\n","protected":false},"featured_media":251706,"comment_status":"open","ping_status":"closed","template":"","meta":{"_acf_changed":false,"site-sidebar-layout":"default","site-content-layout":"","ast-site-content-layout":"default","site-content-style":"default","site-sidebar-style":"default","ast-global-header-display":"","ast-banner-title-visibility":"","ast-main-header-display":"","ast-hfb-above-header-display":"","ast-hfb-below-header-display":"","ast-hfb-mobile-header-display":"","site-post-title":"","ast-breadcrumbs-content":"","ast-featured-img":"","footer-sml-layout":"","ast-disable-related-posts":"","theme-transparent-header-meta":"default","adv-header-id-meta":"","stick-header-meta":"","header-above-stick-meta":"","header-main-stick-meta":"","header-below-stick-meta":"","astra-migrate-meta-layouts":"set","ast-page-background-enabled":"default","ast-page-background-meta":{"desktop":{"background-color":"var(--ast-global-color-4)","background-image":"","background-repeat":"repeat","background-position":"center center","background-size":"auto","background-attachment":"scroll","background-type":"","background-media":"","overlay-type":"","overlay-color":"","overlay-opacity":"","overlay-gradient":""},"tablet":{"background-color":"","background-image":"","background-repeat":"repeat","background-position":"center center","background-size":"auto","background-attachment":"scroll","background-type":"","background-media":"","overlay-type":"","overlay-color":"","overlay-opacity":"","overlay-gradient":""},"mobile":{"background-color":"","background-image":"","background-repeat":"repeat","background-position":"center center","background-size":"auto","background-attachment":"scroll","background-type":"","background-media":"","overlay-type":"","overlay-color":"","overlay-opacity":"","overlay-gradient":""}},"ast-content-background-meta":{"desktop":{"background-color":"var(--ast-global-color-5)","background-image":"","background-repeat":"repeat","background-position":"center center","background-size":"auto","background-attachment":"scroll","background-type":"","background-media":"","overlay-type":"","overlay-color":"","overlay-opacity":"","overlay-gradient":""},"tablet":{"background-color":"var(--ast-global-color-5)","background-image":"","background-repeat":"repeat","background-position":"center center","background-size":"auto","background-attachment":"scroll","background-type":"","background-media":"","overlay-type":"","overlay-color":"","overlay-opacity":"","overlay-gradient":""},"mobile":{"background-color":"var(--ast-global-color-5)","background-image":"","background-repeat":"repeat","background-position":"center center","background-size":"auto","background-attachment":"scroll","background-type":"","background-media":"","overlay-type":"","overlay-color":"","overlay-opacity":"","overlay-gradient":""}}},"product_brand":[],"product_cat":[1160,1164,1530,1159],"product_tag":[],"product_format_filter":[6374],"class_list":{"0":"post-251704","1":"product","2":"type-product","3":"status-publish","4":"has-post-thumbnail","6":"product_cat-cart-fil-510","7":"product_cat-cured-et-rosin-vivante-fr","8":"product_cat-spectre-complet1","9":"product_cat-vapoteuses","10":"pa_flavours-agrume","11":"pa_flavours-baies","12":"pa_flavours-gaz","13":"pa_intensity-thc-eleve","14":"pa_intensity-low-cbc-fr","15":"pa_intensity-low-cbg-fr","16":"pa_marques-sauce-rosin-labs-fr","17":"pa_origin-nouveau-brunswick","18":"pa_profil-terpene-bisabolol-fr","19":"pa_profil-terpene-caryophyllene","20":"pa_profil-terpene-humulene-fr","21":"pa_profil-terpene-limonene-fr","22":"pa_profil-terpene-linalol-fr","23":"pa_profil-terpene-pinene-fr","24":"pa_type-de-plante-hybride-fr","25":"product_format_filter-0-5g","26":"desktop-align-left","27":"tablet-align-left","28":"mobile-align-left","30":"first","31":"instock","32":"taxable","33":"shipping-taxable","34":"purchasable","35":"product-type-simple"},"group_of_quantity":0,"min_quantity":0,"max_quantity":"","exclude_order_quantity_value_rules":"no","exclude_category_quantity_rules":"no","combine_variations":"no","acf":[],"_links":{"self":[{"href":"https:\/\/mendomedical.ca\/fr\/wp-json\/wp\/v2\/product\/251704","targetHints":{"allow":["GET"]}}],"collection":[{"href":"https:\/\/mendomedical.ca\/fr\/wp-json\/wp\/v2\/product"}],"about":[{"href":"https:\/\/mendomedical.ca\/fr\/wp-json\/wp\/v2\/types\/product"}],"replies":[{"embeddable":true,"href":"https:\/\/mendomedical.ca\/fr\/wp-json\/wp\/v2\/comments?post=251704"}],"wp:featuredmedia":[{"embeddable":true,"href":"https:\/\/mendomedical.ca\/fr\/wp-json\/wp\/v2\/media\/251706"}],"wp:attachment":[{"href":"https:\/\/mendomedical.ca\/fr\/wp-json\/wp\/v2\/media?parent=251704"}],"wp:term":[{"taxonomy":"product_brand","embeddable":true,"href":"https:\/\/mendomedical.ca\/fr\/wp-json\/wp\/v2\/product_brand?post=251704"},{"taxonomy":"product_cat","embeddable":true,"href":"https:\/\/mendomedical.ca\/fr\/wp-json\/wp\/v2\/product_cat?post=251704"},{"taxonomy":"product_tag","embeddable":true,"href":"https:\/\/mendomedical.ca\/fr\/wp-json\/wp\/v2\/product_tag?post=251704"},{"taxonomy":"product_format_filter","embeddable":true,"href":"https:\/\/mendomedical.ca\/fr\/wp-json\/wp\/v2\/product_format_filter?post=251704"}],"curies":[{"name":"wp","href":"https:\/\/api.w.org\/{rel}","templated":true}]}}