{"id":251602,"date":"2025-08-29T08:10:37","date_gmt":"2025-08-29T12:10:37","guid":{"rendered":"https:\/\/mendomedical.ca\/product\/n-15-distillat-delta-gommes-a-la-pasteque\/"},"modified":"2026-04-14T12:25:53","modified_gmt":"2026-04-14T16:25:53","slug":"n-15-distillat-delta-watermelon-gummie","status":"publish","type":"product","link":"https:\/\/mendomedical.ca\/fr\/produit\/n-15-distillat-delta-watermelon-gummie\/","title":{"rendered":"N\u00b0 15 Distillat Delta - Gommes \u00e0 la past\u00e8que"},"content":{"rendered":"","protected":false},"excerpt":{"rendered":"<div class=\"ExternalClass5D1824AE14F64738BB8B5EC7BB6B6087\">\n<h3>N\u00b0 15 Distillat Delta - Gommes \u00e0 la past\u00e8que par Glenn&rsquo;s <\/h3>\n<p>Faites l&rsquo;exp\u00e9rience d&rsquo;une dose de THC parfaitement dos\u00e9e avec les Glenn&rsquo;s No.15 Distillate Delta Watermelon Gummies. Chaque gomme d\u00e9livre une dose pr\u00e9cise de 10 mg de THC dans un format d\u00e9licieusement compact, offrant une alternative moins sucr\u00e9e sans compromis sur le go\u00fbt.  <\/p>\n<h4>Caract\u00e9ristiques principales<\/h4>\n<p>- Dosage pr\u00e9cis de 10mg de distillat de THC par gomme.<br \/>\n- Profil aromatique vibrant de la past\u00e8que<br \/>\n- Taille compacte pour une consommation pratique<br \/>\n- Option comestible rentable<br \/>\n- Teneur en sucre inf\u00e9rieure \u00e0 celle des gommes classiques<\/p>\n<h4>Profil d&rsquo;ar\u00f4me<\/h4>\n<p>Ces gommes ont un go\u00fbt rafra\u00eechissant de past\u00e8que qui procure une exp\u00e9rience gustative agr\u00e9able. La formule soigneusement \u00e9labor\u00e9e garantit une puissance constante tout en offrant une explosion agr\u00e9able de go\u00fbt naturel de past\u00e8que dans chaque morceau. <\/p>\n<h4>Pourquoi choisir les Cannabis Gummies ?<\/h4>\n<p>Les gommes de cannabis offrent aux utilisateurs m\u00e9dicaux un moyen discret, pr\u00e9cis et pratique de consommer leurs m\u00e9dicaments. Les doses pr\u00e9mesur\u00e9es \u00e9liminent les conjectures, tandis que le format familier permet de les int\u00e9grer facilement \u00e0 toute routine de bien-\u00eatre. <\/p>\n<h4>Exp\u00e9dition dans tout le Canada<\/h4>\n<p>Nous offrons une livraison rapide dans tout le Canada, avec une livraison gratuite pour les commandes de plus de 150 $. Veuillez noter que les produits contenant de la g\u00e9latine peuvent fondre pendant le transport estival. Nous vous recommandons de tenir compte de ce probl\u00e8me potentiel lorsque vous passez votre commande. Malheureusement, nous ne pouvons pas offrir de remboursement ou de remplacement pour les produits qui fondent pendant le transport. Nous vous remercions de votre compr\u00e9hension.<\/p>\n<h4>Avantages et couverture pour les anciens combattants<\/h4>\n<p>Ce produit est admissible \u00e0 la couverture d&rsquo;Anciens Combattants Canada (ACC) et \u00e0 la facturation directe par l&rsquo;entremise de la Croix Bleue, ce qui signifie que les personnes admissibles n&rsquo;ont rien \u00e0 d\u00e9bourser. Vous n&rsquo;avez pas encore votre carte m\u00e9dicale ? Obtenez votre carte m\u00e9dicale gratuite rapidement et facilement gr\u00e2ce \u00e0 <a href=\"https:\/\/mendomedical.ca\/fr\/carte-medicale\/\">notre processus en ligne<\/a>.  <\/p>\n<\/div>\n","protected":false},"featured_media":251594,"comment_status":"open","ping_status":"closed","template":"","meta":{"_acf_changed":false,"site-sidebar-layout":"default","site-content-layout":"","ast-site-content-layout":"default","site-content-style":"default","site-sidebar-style":"default","ast-global-header-display":"","ast-banner-title-visibility":"","ast-main-header-display":"","ast-hfb-above-header-display":"","ast-hfb-below-header-display":"","ast-hfb-mobile-header-display":"","site-post-title":"","ast-breadcrumbs-content":"","ast-featured-img":"","footer-sml-layout":"","ast-disable-related-posts":"","theme-transparent-header-meta":"default","adv-header-id-meta":"","stick-header-meta":"","header-above-stick-meta":"","header-main-stick-meta":"","header-below-stick-meta":"","astra-migrate-meta-layouts":"set","ast-page-background-enabled":"default","ast-page-background-meta":{"desktop":{"background-color":"var(--ast-global-color-4)","background-image":"","background-repeat":"repeat","background-position":"center center","background-size":"auto","background-attachment":"scroll","background-type":"","background-media":"","overlay-type":"","overlay-color":"","overlay-opacity":"","overlay-gradient":""},"tablet":{"background-color":"","background-image":"","background-repeat":"repeat","background-position":"center center","background-size":"auto","background-attachment":"scroll","background-type":"","background-media":"","overlay-type":"","overlay-color":"","overlay-opacity":"","overlay-gradient":""},"mobile":{"background-color":"","background-image":"","background-repeat":"repeat","background-position":"center center","background-size":"auto","background-attachment":"scroll","background-type":"","background-media":"","overlay-type":"","overlay-color":"","overlay-opacity":"","overlay-gradient":""}},"ast-content-background-meta":{"desktop":{"background-color":"var(--ast-global-color-5)","background-image":"","background-repeat":"repeat","background-position":"center center","background-size":"auto","background-attachment":"scroll","background-type":"","background-media":"","overlay-type":"","overlay-color":"","overlay-opacity":"","overlay-gradient":""},"tablet":{"background-color":"var(--ast-global-color-5)","background-image":"","background-repeat":"repeat","background-position":"center center","background-size":"auto","background-attachment":"scroll","background-type":"","background-media":"","overlay-type":"","overlay-color":"","overlay-opacity":"","overlay-gradient":""},"mobile":{"background-color":"var(--ast-global-color-5)","background-image":"","background-repeat":"repeat","background-position":"center center","background-size":"auto","background-attachment":"scroll","background-type":"","background-media":"","overlay-type":"","overlay-color":"","overlay-opacity":"","overlay-gradient":""}}},"product_brand":[],"product_cat":[1132,1128],"product_tag":[],"product_format_filter":[6366],"class_list":{"0":"post-251602","1":"product","2":"type-product","3":"status-publish","4":"has-post-thumbnail","6":"product_cat-bonbons","7":"product_cat-comestibles","8":"pa_flavours-watermelon-fr","9":"pa_intensity-thc-moyen","10":"pa_marques-glenns-fr","11":"pa_origin-ontario-fr","12":"pa_type-de-plante-thc-fr","13":"product_format_filter-1units","14":"desktop-align-left","15":"tablet-align-left","16":"mobile-align-left","18":"first","19":"instock","20":"taxable","21":"shipping-taxable","22":"purchasable","23":"product-type-simple"},"group_of_quantity":0,"min_quantity":0,"max_quantity":"","exclude_order_quantity_value_rules":"no","exclude_category_quantity_rules":"no","combine_variations":"no","acf":[],"_links":{"self":[{"href":"https:\/\/mendomedical.ca\/fr\/wp-json\/wp\/v2\/product\/251602","targetHints":{"allow":["GET"]}}],"collection":[{"href":"https:\/\/mendomedical.ca\/fr\/wp-json\/wp\/v2\/product"}],"about":[{"href":"https:\/\/mendomedical.ca\/fr\/wp-json\/wp\/v2\/types\/product"}],"replies":[{"embeddable":true,"href":"https:\/\/mendomedical.ca\/fr\/wp-json\/wp\/v2\/comments?post=251602"}],"wp:featuredmedia":[{"embeddable":true,"href":"https:\/\/mendomedical.ca\/fr\/wp-json\/wp\/v2\/media\/251594"}],"wp:attachment":[{"href":"https:\/\/mendomedical.ca\/fr\/wp-json\/wp\/v2\/media?parent=251602"}],"wp:term":[{"taxonomy":"product_brand","embeddable":true,"href":"https:\/\/mendomedical.ca\/fr\/wp-json\/wp\/v2\/product_brand?post=251602"},{"taxonomy":"product_cat","embeddable":true,"href":"https:\/\/mendomedical.ca\/fr\/wp-json\/wp\/v2\/product_cat?post=251602"},{"taxonomy":"product_tag","embeddable":true,"href":"https:\/\/mendomedical.ca\/fr\/wp-json\/wp\/v2\/product_tag?post=251602"},{"taxonomy":"product_format_filter","embeddable":true,"href":"https:\/\/mendomedical.ca\/fr\/wp-json\/wp\/v2\/product_format_filter?post=251602"}],"curies":[{"name":"wp","href":"https:\/\/api.w.org\/{rel}","templated":true}]}}