{"id":251599,"date":"2025-08-29T08:15:54","date_gmt":"2025-08-29T12:15:54","guid":{"rendered":"https:\/\/mendomedical.ca\/product\/n-16-true-hybrid-rosin-cotton-clouds\/"},"modified":"2026-03-04T18:04:19","modified_gmt":"2026-03-04T23:04:19","slug":"n-16-true-hybrid-rosin-cotton-clouds","status":"publish","type":"product","link":"https:\/\/mendomedical.ca\/fr\/produit\/n-16-true-hybrid-rosin-cotton-clouds\/","title":{"rendered":"N\u00b0 16 True Hybrid Rosin - Nuages de coton"},"content":{"rendered":"","protected":false},"excerpt":{"rendered":"<div class=\"ExternalClassB0D9CECC91E04304940085BE253B2A1E\">\n<h2>Glenn&rsquo;s No.16 True Hybrid Rosin - Nuages de coton <\/h2>\n<p>D\u00e9couvrez la douceur nostalgique des confiseries inspir\u00e9es du carnaval avec Glenn&rsquo;s No.16 True Hybrid Rosin Cotton Clouds. Ce comestible pr\u00e9cis\u00e9ment dos\u00e9 \u00e0 10mg combine un savoir-faire artisanal avec une extraction de Rosin sans solvant, offrant une exp\u00e9rience \u00e9quilibr\u00e9e dans un format gommeux soigneusement con\u00e7u.  <\/p>\n<h3>Caract\u00e9ristiques principales du produit<\/h3>\n<p>- Fabriqu\u00e9 par extraction de Rosin sans solvant pour des effets purs et \u00e0 spectre complet<br \/>\n- Technique de moulage \u00ab\u00a0ripple effect\u00a0\u00bb signature pour une texture am\u00e9lior\u00e9e<br \/>\n- Effets hybrides \u00e9quilibr\u00e9s convenant \u00e0 tout moment de la journ\u00e9e en utilisant le cultivar Pink Kryptonite.<br \/>\n- Qualit\u00e9 sup\u00e9rieure, dosage constant de 10 mg<br \/>\n- Profil aromatique nostalgique inspir\u00e9 de la barbe \u00e0 papa<\/p>\n<h3>Profil des effets<\/h3>\n<p>Glenn&rsquo;s No.16 True Hybrid Rosin a \u00e9t\u00e9 formul\u00e9 pour fournir des effets \u00e9quilibr\u00e9s et relaxants. La m\u00e9thode d&rsquo;extraction de la rosine \u00e0 spectre complet pr\u00e9serve le profil naturel des cannabino\u00efdes, offrant potentiellement une exp\u00e9rience plus compl\u00e8te par rapport aux alternatives \u00e0 base d&rsquo;isolat.  <\/p>\n<h3>Pourquoi choisir les produits comestibles \u00e0 base de cannabis ?<\/h3>\n<p>Les edibles constituent un moyen discret et pr\u00e9cis de consommer du cannabis, avec un dosage coh\u00e9rent et des effets plus durables que les autres m\u00e9thodes de consommation. Ils sont id\u00e9aux pour les utilisateurs m\u00e9dicaux qui recherchent un soulagement prolong\u00e9 sans avoir besoin d&rsquo;inhaler. <\/p>\n<h3>Exp\u00e9dition dans tout le Canada<\/h3>\n<p>Nous offrons un service d&rsquo;exp\u00e9dition rapide et discret dans tout le Canada, avec une livraison gratuite pour les commandes de plus de 150 $. Veuillez noter que les produits contenant de la g\u00e9latine peuvent fondre pendant le transport estival. Nous vous recommandons d&rsquo;en tenir compte lorsque vous passez des commandes par temps chaud. Malheureusement, nous ne pouvons pas offrir de remboursement ou de remplacement pour les produits qui fondent pendant le transport.<\/p>\n<h3>Avantages et couverture pour les anciens combattants<\/h3>\n<p>Ce produit est admissible \u00e0 la couverture d&rsquo;Anciens Combattants Canada (ACC) et \u00e0 la facturation directe par la Croix Bleue, ce qui signifie que les personnes admissibles n&rsquo;ont pas \u00e0 d\u00e9bourser d&rsquo;argent. Vous n&rsquo;avez pas encore votre carte m\u00e9dicale ? Obtenez votre carte m\u00e9dicale gratuite rapidement et facilement gr\u00e2ce \u00e0 <a href=\"https:\/\/mendomedical.ca\/fr\/carte-medicale\/\">notre proc\u00e9dure simple en ligne.<\/a><\/p>\n<\/div>\n","protected":false},"featured_media":251590,"comment_status":"open","ping_status":"closed","template":"","meta":{"_acf_changed":false,"site-sidebar-layout":"default","site-content-layout":"","ast-site-content-layout":"default","site-content-style":"default","site-sidebar-style":"default","ast-global-header-display":"","ast-banner-title-visibility":"","ast-main-header-display":"","ast-hfb-above-header-display":"","ast-hfb-below-header-display":"","ast-hfb-mobile-header-display":"","site-post-title":"","ast-breadcrumbs-content":"","ast-featured-img":"","footer-sml-layout":"","ast-disable-related-posts":"","theme-transparent-header-meta":"default","adv-header-id-meta":"","stick-header-meta":"","header-above-stick-meta":"","header-main-stick-meta":"","header-below-stick-meta":"","astra-migrate-meta-layouts":"set","ast-page-background-enabled":"default","ast-page-background-meta":{"desktop":{"background-color":"var(--ast-global-color-4)","background-image":"","background-repeat":"repeat","background-position":"center center","background-size":"auto","background-attachment":"scroll","background-type":"","background-media":"","overlay-type":"","overlay-color":"","overlay-opacity":"","overlay-gradient":""},"tablet":{"background-color":"","background-image":"","background-repeat":"repeat","background-position":"center center","background-size":"auto","background-attachment":"scroll","background-type":"","background-media":"","overlay-type":"","overlay-color":"","overlay-opacity":"","overlay-gradient":""},"mobile":{"background-color":"","background-image":"","background-repeat":"repeat","background-position":"center center","background-size":"auto","background-attachment":"scroll","background-type":"","background-media":"","overlay-type":"","overlay-color":"","overlay-opacity":"","overlay-gradient":""}},"ast-content-background-meta":{"desktop":{"background-color":"var(--ast-global-color-5)","background-image":"","background-repeat":"repeat","background-position":"center center","background-size":"auto","background-attachment":"scroll","background-type":"","background-media":"","overlay-type":"","overlay-color":"","overlay-opacity":"","overlay-gradient":""},"tablet":{"background-color":"var(--ast-global-color-5)","background-image":"","background-repeat":"repeat","background-position":"center center","background-size":"auto","background-attachment":"scroll","background-type":"","background-media":"","overlay-type":"","overlay-color":"","overlay-opacity":"","overlay-gradient":""},"mobile":{"background-color":"var(--ast-global-color-5)","background-image":"","background-repeat":"repeat","background-position":"center center","background-size":"auto","background-attachment":"scroll","background-type":"","background-media":"","overlay-type":"","overlay-color":"","overlay-opacity":"","overlay-gradient":""}}},"product_brand":[4118],"product_cat":[1132,1511,1128],"product_tag":[],"product_format_filter":[6366],"class_list":{"0":"post-251599","1":"product","2":"type-product","3":"status-publish","4":"has-post-thumbnail","6":"product_brand-glenns","7":"product_cat-bonbons","8":"product_cat-full-spectrum-fr","9":"product_cat-comestibles","10":"pa_intensity-thc-moyen","11":"pa_marques-glenns-fr","12":"pa_origin-ontario-fr","13":"pa_type-de-plante-hybride-fr","14":"pa_type-de-plante-thc-fr","15":"product_format_filter-1units","16":"desktop-align-left","17":"tablet-align-left","18":"mobile-align-left","20":"first","21":"outofstock","22":"taxable","23":"shipping-taxable","24":"purchasable","25":"product-type-simple"},"group_of_quantity":0,"min_quantity":0,"max_quantity":"","exclude_order_quantity_value_rules":"no","exclude_category_quantity_rules":"no","combine_variations":"no","acf":[],"_links":{"self":[{"href":"https:\/\/mendomedical.ca\/fr\/wp-json\/wp\/v2\/product\/251599","targetHints":{"allow":["GET"]}}],"collection":[{"href":"https:\/\/mendomedical.ca\/fr\/wp-json\/wp\/v2\/product"}],"about":[{"href":"https:\/\/mendomedical.ca\/fr\/wp-json\/wp\/v2\/types\/product"}],"replies":[{"embeddable":true,"href":"https:\/\/mendomedical.ca\/fr\/wp-json\/wp\/v2\/comments?post=251599"}],"wp:featuredmedia":[{"embeddable":true,"href":"https:\/\/mendomedical.ca\/fr\/wp-json\/wp\/v2\/media\/251590"}],"wp:attachment":[{"href":"https:\/\/mendomedical.ca\/fr\/wp-json\/wp\/v2\/media?parent=251599"}],"wp:term":[{"taxonomy":"product_brand","embeddable":true,"href":"https:\/\/mendomedical.ca\/fr\/wp-json\/wp\/v2\/product_brand?post=251599"},{"taxonomy":"product_cat","embeddable":true,"href":"https:\/\/mendomedical.ca\/fr\/wp-json\/wp\/v2\/product_cat?post=251599"},{"taxonomy":"product_tag","embeddable":true,"href":"https:\/\/mendomedical.ca\/fr\/wp-json\/wp\/v2\/product_tag?post=251599"},{"taxonomy":"product_format_filter","embeddable":true,"href":"https:\/\/mendomedical.ca\/fr\/wp-json\/wp\/v2\/product_format_filter?post=251599"}],"curies":[{"name":"wp","href":"https:\/\/api.w.org\/{rel}","templated":true}]}}