{"id":251510,"date":"2024-08-03T09:40:13","date_gmt":"2024-08-03T13:40:13","guid":{"rendered":"https:\/\/mendomedical.ca\/product\/refresh-cbg-cbd-h2o-tincture-rapide\/"},"modified":"2026-04-03T09:37:58","modified_gmt":"2026-04-03T13:37:58","slug":"refresh-cbg-cbd-h2o-tincture-rapide","status":"publish","type":"product","link":"https:\/\/mendomedical.ca\/fr\/produit\/refresh-cbg-cbd-h2o-tincture-rapide\/","title":{"rendered":"Refresh\u2122 - CBG + CBD H2O-Rapid Tincture"},"content":{"rendered":"","protected":false},"excerpt":{"rendered":"<div class=\"ExternalClass01C69DE68E9A4E3D86D73BAC2E36D8DA\">\n<h3>Refresh\u2122 - CBG + CBD H2O-Rapid Tincture de Kinloch Wellness<\/h3>\n<p>D\u00e9couvrez la combinaison innovante de CBG et de CBD dans cette teinture soluble dans l&rsquo;eau. Kinloch Wellness a con\u00e7u une formule rafra\u00eechissante qui offre une biodisponibilit\u00e9 am\u00e9lior\u00e9e gr\u00e2ce \u00e0 son syst\u00e8me unique d&rsquo;administration rapide H2O, ce qui en fait un choix pratique pour les consommateurs de cannabis m\u00e9dical \u00e0 la recherche d&rsquo;\u00e9quilibre et de clart\u00e9. <\/p>\n<h4>Caract\u00e9ristiques principales<\/h4>\n<ul>\n<li style=\"list-style-type: none;\">\n<ul>- Formule hydrosoluble pour une meilleure absorption<\/ul>\n<\/li>\n<\/ul>\n<ul>\n<li style=\"list-style-type: none;\">\n<ul>- Combinaison \u00e9quilibr\u00e9e de CBG et de CBD<\/ul>\n<\/li>\n<\/ul>\n<ul>\n<li style=\"list-style-type: none;\">\n<ul>- Saveur rafra\u00eechissante de mangue et d&rsquo;agrumes<\/ul>\n<\/li>\n<\/ul>\n<ul>\n<li style=\"list-style-type: none;\">\n<ul>- Flacon pratique de 60 ml avec dosage pr\u00e9cis<\/ul>\n<\/li>\n<\/ul>\n<ul>  - Ingr\u00e9dients naturels dont l&rsquo;extrait de cannabis et les terp\u00e8nes<\/ul>\n<h4>Profil et exp\u00e9rience<\/h4>\n<p>Cette teinture offre un m\u00e9lange harmonieux de saveurs tropicales et d&rsquo;agrumes, compl\u00e9t\u00e9 par un ar\u00f4me invitant de mangue et d&rsquo;agrumes. La combinaison de cannabino\u00efdes soigneusement s\u00e9lectionn\u00e9s peut favoriser des sentiments de relaxation, de calme et d&rsquo;\u00e9quilibre. La formulation hydrosoluble assure une absorption efficace, ce qui en fait un excellent compl\u00e9ment \u00e0 votre routine de bien-\u00eatre.  <\/p>\n<h4>Pourquoi choisir les teintures de cannabis ?<\/h4>\n<p>Les teintures offrent un contr\u00f4le pr\u00e9cis du dosage et une grande discr\u00e9tion, ce qui en fait un choix id\u00e9al pour les consommateurs de cannabis m\u00e9dical. La nature hydrosoluble de cette teinture particuli\u00e8re peut permettre une action plus rapide que les produits traditionnels \u00e0 base d&rsquo;huile, tout en offrant la flexibilit\u00e9 d&rsquo;\u00eatre ajout\u00e9e \u00e0 des boissons ou prise directement. <\/p>\n<h4>Exp\u00e9dition dans tout le Canada<\/h4>\n<p>Nous offrons un service de livraison rapide et fiable partout au Canada pour le Refresh\u2122 - CBG + CBD H2O-Rapid Tincture. Profitez de la livraison gratuite pour les commandes de plus de 150 $. <\/p>\n<h4>Avantages et couverture pour les anciens combattants<\/h4>\n<p>Ce produit est admissible \u00e0 la couverture d&rsquo;Anciens Combattants Canada (ACC) et \u00e0 la facturation directe par l&rsquo;entremise de la Croix Bleue, ce qui signifie que les anciens combattants admissibles n&rsquo;ont pas \u00e0 d\u00e9bourser d&rsquo;argent. Vous n&rsquo;avez pas encore votre carte m\u00e9dicale ? <a href=\"https:\/\/mendomedical.ca\/fr\/carte-medicale\/\">Obtenez votre carte m\u00e9dicale gratuite rapidement et facilement gr\u00e2ce \u00e0 notre proc\u00e9dure simple.<\/a><\/p>\n<p><strong>Ingr\u00e9dients :<\/strong><\/p>\n<p>Eau distill\u00e9e, esters polyglyc\u00e9riques d&rsquo;acides gras, l\u00e9cithine, extrait de cannabis, terp\u00e8nes, benzoate de sodium, sorbate de potassium, agents aromatisants.<\/p>\n<p>&nbsp;<\/p>\n<p><strong>Terp\u00e8nes dominants :<\/strong><br \/>\nD-Limonene, Beta Caryophyllene, Alpha Pinene.<\/p>\n<p><strong>0 mg de THC total par activation.<\/strong><\/p>\n<\/div>\n","protected":false},"featured_media":251509,"comment_status":"open","ping_status":"closed","template":"","meta":{"_acf_changed":false,"site-sidebar-layout":"default","site-content-layout":"","ast-site-content-layout":"default","site-content-style":"default","site-sidebar-style":"default","ast-global-header-display":"","ast-banner-title-visibility":"","ast-main-header-display":"","ast-hfb-above-header-display":"","ast-hfb-below-header-display":"","ast-hfb-mobile-header-display":"","site-post-title":"","ast-breadcrumbs-content":"","ast-featured-img":"","footer-sml-layout":"","ast-disable-related-posts":"","theme-transparent-header-meta":"default","adv-header-id-meta":"","stick-header-meta":"","header-above-stick-meta":"","header-main-stick-meta":"","header-below-stick-meta":"","astra-migrate-meta-layouts":"set","ast-page-background-enabled":"default","ast-page-background-meta":{"desktop":{"background-color":"var(--ast-global-color-4)","background-image":"","background-repeat":"repeat","background-position":"center center","background-size":"auto","background-attachment":"scroll","background-type":"","background-media":"","overlay-type":"","overlay-color":"","overlay-opacity":"","overlay-gradient":""},"tablet":{"background-color":"","background-image":"","background-repeat":"repeat","background-position":"center center","background-size":"auto","background-attachment":"scroll","background-type":"","background-media":"","overlay-type":"","overlay-color":"","overlay-opacity":"","overlay-gradient":""},"mobile":{"background-color":"","background-image":"","background-repeat":"repeat","background-position":"center center","background-size":"auto","background-attachment":"scroll","background-type":"","background-media":"","overlay-type":"","overlay-color":"","overlay-opacity":"","overlay-gradient":""}},"ast-content-background-meta":{"desktop":{"background-color":"var(--ast-global-color-5)","background-image":"","background-repeat":"repeat","background-position":"center center","background-size":"auto","background-attachment":"scroll","background-type":"","background-media":"","overlay-type":"","overlay-color":"","overlay-opacity":"","overlay-gradient":""},"tablet":{"background-color":"var(--ast-global-color-5)","background-image":"","background-repeat":"repeat","background-position":"center center","background-size":"auto","background-attachment":"scroll","background-type":"","background-media":"","overlay-type":"","overlay-color":"","overlay-opacity":"","overlay-gradient":""},"mobile":{"background-color":"var(--ast-global-color-5)","background-image":"","background-repeat":"repeat","background-position":"center center","background-size":"auto","background-attachment":"scroll","background-type":"","background-media":"","overlay-type":"","overlay-color":"","overlay-opacity":"","overlay-gradient":""}}},"product_brand":[],"product_cat":[3837,1143],"product_tag":[],"product_format_filter":[6495],"class_list":{"0":"post-251510","1":"product","2":"type-product","3":"status-publish","4":"has-post-thumbnail","6":"product_cat-cbd-minors-4-fr","7":"product_cat-huiles-et-teintures","8":"pa_flavours-agrume","9":"pa_flavours-tropical-fr","10":"pa_intensity-cbd-moyen","11":"pa_intensity-med-cbg-fr","12":"pa_marques-kinloch-wellness-fr","13":"pa_origin-alberta-fr","14":"pa_packaging-date-06-09-2025-fr","15":"product_format_filter-6ml","16":"desktop-align-left","17":"tablet-align-left","18":"mobile-align-left","20":"first","21":"instock","22":"taxable","23":"shipping-taxable","24":"purchasable","25":"product-type-simple"},"group_of_quantity":0,"min_quantity":0,"max_quantity":"","exclude_order_quantity_value_rules":"no","exclude_category_quantity_rules":"no","combine_variations":"no","acf":[],"_links":{"self":[{"href":"https:\/\/mendomedical.ca\/fr\/wp-json\/wp\/v2\/product\/251510","targetHints":{"allow":["GET"]}}],"collection":[{"href":"https:\/\/mendomedical.ca\/fr\/wp-json\/wp\/v2\/product"}],"about":[{"href":"https:\/\/mendomedical.ca\/fr\/wp-json\/wp\/v2\/types\/product"}],"replies":[{"embeddable":true,"href":"https:\/\/mendomedical.ca\/fr\/wp-json\/wp\/v2\/comments?post=251510"}],"wp:featuredmedia":[{"embeddable":true,"href":"https:\/\/mendomedical.ca\/fr\/wp-json\/wp\/v2\/media\/251509"}],"wp:attachment":[{"href":"https:\/\/mendomedical.ca\/fr\/wp-json\/wp\/v2\/media?parent=251510"}],"wp:term":[{"taxonomy":"product_brand","embeddable":true,"href":"https:\/\/mendomedical.ca\/fr\/wp-json\/wp\/v2\/product_brand?post=251510"},{"taxonomy":"product_cat","embeddable":true,"href":"https:\/\/mendomedical.ca\/fr\/wp-json\/wp\/v2\/product_cat?post=251510"},{"taxonomy":"product_tag","embeddable":true,"href":"https:\/\/mendomedical.ca\/fr\/wp-json\/wp\/v2\/product_tag?post=251510"},{"taxonomy":"product_format_filter","embeddable":true,"href":"https:\/\/mendomedical.ca\/fr\/wp-json\/wp\/v2\/product_format_filter?post=251510"}],"curies":[{"name":"wp","href":"https:\/\/api.w.org\/{rel}","templated":true}]}}