{"id":251502,"date":"2025-09-17T17:45:14","date_gmt":"2025-09-17T21:45:14","guid":{"rendered":"https:\/\/mendomedical.ca\/product\/fuze-pipe-a-haschisch-a-bulles-vivantes\/"},"modified":"2026-04-16T12:18:08","modified_gmt":"2026-04-16T16:18:08","slug":"fuze-live-bubble-hash-pipe","status":"publish","type":"product","link":"https:\/\/mendomedical.ca\/fr\/produit\/fuze-live-bubble-hash-pipe\/","title":{"rendered":"FUZE - Pipe \u00e0 hash \u00e0 bubble hash vivante"},"content":{"rendered":"","protected":false},"excerpt":{"rendered":"<div class=\"ExternalClass9C26BC2B83B8481CB43CA4925855C794\">\n<h3>FUZE - Live Bubble hash Pipe par INVADER<\/h3>\n<p>D\u00e9couvrez la fusion parfaite du live bubble hash et de la fleur d&rsquo;int\u00e9rieur de premi\u00e8re qualit\u00e9 avec la pipe FUZE Live Bubble Hash Pipe d&rsquo;INVADER. Ce chillum en verre innovant combine 0,6 g de live bubble hash artisanal avec 0,2 g de fleurs d&rsquo;int\u00e9rieur soigneusement s\u00e9lectionn\u00e9es, offrant une exp\u00e9rience raffin\u00e9e et sans solvant dans un format pratique et pr\u00eat \u00e0 l&#8217;emploi. <\/p>\n<h4>Points forts du produit<\/h4>\n<p>- La construction en verre borosilicat\u00e9 de qualit\u00e9 laboratoire garantit la durabilit\u00e9 et la puret\u00e9 de l&rsquo;ar\u00f4me.<br \/>\n- Pr\u00e9charg\u00e9 avec du live bubble hash de premi\u00e8re qualit\u00e9 (0,6g) et de la fleur d&rsquo;int\u00e9rieur de haute qualit\u00e9 (0,2g).<br \/>\n- Le concept de refermeture permet de conserver la fra\u00eecheur entre les sessions.<br \/>\n- Tube en verre r\u00e9utilisable offrant un excellent rapport qualit\u00e9-prix<br \/>\n- Con\u00e7ue pour un tirage en douceur et une combustion r\u00e9guli\u00e8re.<\/p>\n<h4>Profil et exp\u00e9rience des terp\u00e8nes<\/h4>\n<p>FUZE pr\u00e9sente cette nouvelle combinaison, un m\u00e9lange remarquable des g\u00e9n\u00e9tiques CNDY Fumez x Grape Gas. Le profil terp\u00e9nique complexe offre un m\u00e9lange harmonieux de notes fruit\u00e9es, tropicales et diesel, compl\u00e9t\u00e9es par de subtiles nuances sal\u00e9es. Les utilisateurs peuvent ressentir des effets stimulants et euphoriques, ce qui en fait un excellent choix pour un usage diurne.  <\/p>\n<h4>Pourquoi choisir une pipe \u00e0 haschisch ?<\/h4>\n<p>Les pipes \u00e0 haschisch offrent aux consommateurs de cannabis m\u00e9dical un moyen pratique et pr\u00e9cis de consommer des concentr\u00e9s sans la complexit\u00e9 du mat\u00e9riel de dabbing traditionnel. La combinaison de bubble hash et de fleurs vivantes offre une exp\u00e9rience \u00e0 spectre complet que de nombreux patients trouvent b\u00e9n\u00e9fique pour leurs besoins th\u00e9rapeutiques. <\/p>\n<h4>Exp\u00e9dition dans tout le Canada<\/h4>\n<p>Nous offrons un service d&rsquo;exp\u00e9dition rapide et discret dans tout le Canada. Les commandes de plus de 150 $ b\u00e9n\u00e9ficient de la livraison gratuite. Tous les produits sont soigneusement emball\u00e9s pour vous garantir qu&rsquo;ils vous parviennent en parfait \u00e9tat.<\/p>\n<h4>Avantages et couverture pour les anciens combattants<\/h4>\n<p>La pipe \u00e0 haschisch FUZE Live Bubble est admissible \u00e0 la couverture d&rsquo;ACC et \u00e0 la facturation directe par l&rsquo;entremise de la Croix Bleue, ce qui signifie que les anciens combattants admissibles n&rsquo;ont pas \u00e0 d\u00e9bourser d&rsquo;argent. Vous n&rsquo;avez pas encore votre carte m\u00e9dicale ? Obtenez votre carte m\u00e9dicale gratuite rapidement et facilement gr\u00e2ce \u00e0 notre partenariat avec [Mendo Medical] (https:\/\/mendomedical.ca\/medical-card\/).  <\/p>\n<\/div>\n","protected":false},"featured_media":279685,"comment_status":"open","ping_status":"closed","template":"","meta":{"_acf_changed":false,"site-sidebar-layout":"default","site-content-layout":"","ast-site-content-layout":"default","site-content-style":"default","site-sidebar-style":"default","ast-global-header-display":"","ast-banner-title-visibility":"","ast-main-header-display":"","ast-hfb-above-header-display":"","ast-hfb-below-header-display":"","ast-hfb-mobile-header-display":"","site-post-title":"","ast-breadcrumbs-content":"","ast-featured-img":"","footer-sml-layout":"","ast-disable-related-posts":"","theme-transparent-header-meta":"default","adv-header-id-meta":"","stick-header-meta":"","header-above-stick-meta":"","header-main-stick-meta":"","header-below-stick-meta":"","astra-migrate-meta-layouts":"set","ast-page-background-enabled":"default","ast-page-background-meta":{"desktop":{"background-color":"var(--ast-global-color-4)","background-image":"","background-repeat":"repeat","background-position":"center center","background-size":"auto","background-attachment":"scroll","background-type":"","background-media":"","overlay-type":"","overlay-color":"","overlay-opacity":"","overlay-gradient":""},"tablet":{"background-color":"","background-image":"","background-repeat":"repeat","background-position":"center center","background-size":"auto","background-attachment":"scroll","background-type":"","background-media":"","overlay-type":"","overlay-color":"","overlay-opacity":"","overlay-gradient":""},"mobile":{"background-color":"","background-image":"","background-repeat":"repeat","background-position":"center center","background-size":"auto","background-attachment":"scroll","background-type":"","background-media":"","overlay-type":"","overlay-color":"","overlay-opacity":"","overlay-gradient":""}},"ast-content-background-meta":{"desktop":{"background-color":"var(--ast-global-color-5)","background-image":"","background-repeat":"repeat","background-position":"center center","background-size":"auto","background-attachment":"scroll","background-type":"","background-media":"","overlay-type":"","overlay-color":"","overlay-opacity":"","overlay-gradient":""},"tablet":{"background-color":"var(--ast-global-color-5)","background-image":"","background-repeat":"repeat","background-position":"center center","background-size":"auto","background-attachment":"scroll","background-type":"","background-media":"","overlay-type":"","overlay-color":"","overlay-opacity":"","overlay-gradient":""},"mobile":{"background-color":"var(--ast-global-color-5)","background-image":"","background-repeat":"repeat","background-position":"center center","background-size":"auto","background-attachment":"scroll","background-type":"","background-media":"","overlay-type":"","overlay-color":"","overlay-opacity":"","overlay-gradient":""}}},"product_brand":[],"product_cat":[1121,1118,1119],"product_tag":[],"product_format_filter":[6512],"class_list":{"0":"post-251502","1":"product","2":"type-product","3":"status-publish","4":"has-post-thumbnail","6":"product_cat-haschisch","7":"product_cat-concentres","8":"product_cat-tout-sans-solvant","9":"pa_flavours-aigre","10":"pa_flavours-fruite","11":"pa_flavours-gazole-diesel","12":"pa_flavours-tropical-fr","13":"pa_intensity-thc-eleve","14":"pa_marques-invader-fr","15":"pa_origin-alberta-fr","16":"pa_type-de-plante-hybride-fr","17":"product_format_filter-0-8g","18":"desktop-align-left","19":"tablet-align-left","20":"mobile-align-left","22":"first","23":"outofstock","24":"taxable","25":"shipping-taxable","26":"purchasable","27":"product-type-simple"},"group_of_quantity":0,"min_quantity":0,"max_quantity":"","exclude_order_quantity_value_rules":"no","exclude_category_quantity_rules":"no","combine_variations":"no","acf":[],"_links":{"self":[{"href":"https:\/\/mendomedical.ca\/fr\/wp-json\/wp\/v2\/product\/251502","targetHints":{"allow":["GET"]}}],"collection":[{"href":"https:\/\/mendomedical.ca\/fr\/wp-json\/wp\/v2\/product"}],"about":[{"href":"https:\/\/mendomedical.ca\/fr\/wp-json\/wp\/v2\/types\/product"}],"replies":[{"embeddable":true,"href":"https:\/\/mendomedical.ca\/fr\/wp-json\/wp\/v2\/comments?post=251502"}],"wp:featuredmedia":[{"embeddable":true,"href":"https:\/\/mendomedical.ca\/fr\/wp-json\/wp\/v2\/media\/279685"}],"wp:attachment":[{"href":"https:\/\/mendomedical.ca\/fr\/wp-json\/wp\/v2\/media?parent=251502"}],"wp:term":[{"taxonomy":"product_brand","embeddable":true,"href":"https:\/\/mendomedical.ca\/fr\/wp-json\/wp\/v2\/product_brand?post=251502"},{"taxonomy":"product_cat","embeddable":true,"href":"https:\/\/mendomedical.ca\/fr\/wp-json\/wp\/v2\/product_cat?post=251502"},{"taxonomy":"product_tag","embeddable":true,"href":"https:\/\/mendomedical.ca\/fr\/wp-json\/wp\/v2\/product_tag?post=251502"},{"taxonomy":"product_format_filter","embeddable":true,"href":"https:\/\/mendomedical.ca\/fr\/wp-json\/wp\/v2\/product_format_filter?post=251502"}],"curies":[{"name":"wp","href":"https:\/\/api.w.org\/{rel}","templated":true}]}}