{"id":250743,"date":"2025-07-30T07:55:56","date_gmt":"2025-07-30T11:55:56","guid":{"rendered":"https:\/\/mendomedical.ca\/?post_type=product&#038;p=250743"},"modified":"2025-09-26T06:54:31","modified_gmt":"2025-09-26T10:54:31","slug":"alien-kush","status":"publish","type":"product","link":"https:\/\/mendomedical.ca\/fr\/produit\/alien-kush\/","title":{"rendered":"Alien Kush"},"content":{"rendered":"","protected":false},"excerpt":{"rendered":"<div class=\"ExternalClassA3D8F5F0EA184DC5BE9BE22466DE92E2\">\n<h3>Alien Kush par Saveur des sommets<\/h3>\n<h4>Terp\u00e8ne totaux : 3.75%<\/h4>\n<div><strong>Las Vegas Purple Kush X Alien Dawg<\/strong><\/div>\n<p>D\u00e9couvrez la qualit\u00e9 exceptionnelle de l&rsquo;Alien Kush, une fleur m\u00e9ticuleusement cultiv\u00e9e de mani\u00e8re artisanale par Saveur des sommets. Cette vari\u00e9t\u00e9 remarquable, issue du croisement de la Las Vegas Purple Kush et de l&rsquo;Alien Dawg, pr\u00e9sente des t\u00eates denses et visuellement saisissantes, orn\u00e9es de subtiles teintes violettes et d&rsquo;une impressionnante couche de trichomes cristallins.<\/p>\n<h4>Points forts du produit<\/h4>\n<p>- Culture de qualit\u00e9 artisanale garantissant une fleur de premi\u00e8re qualit\u00e9<br \/>\n- Cocottes denses et parfaitement m\u00fbres avec de d\u00e9licats accents violets.<br \/>\n- Couverture riche en trichomes pour une puissance optimale<br \/>\n- Production en petites s\u00e9ries pour une qualit\u00e9 constante<br \/>\n- Lign\u00e9e g\u00e9n\u00e9tique authentique issue de souches parentales respect\u00e9es<\/p>\n<h4>Profil et exp\u00e9rience<\/h4>\n<p>L&rsquo;Alien Kush offre un profil distinctif caract\u00e9ris\u00e9 par des saveurs cr\u00e9meuses, de type diesel, compl\u00e9t\u00e9es par des nuances kushy classiques. L&rsquo;ar\u00f4me pr\u00e9sente un caract\u00e8re gazeux robuste que les connaisseurs de cannabis appr\u00e9cieront. Les utilisateurs d\u00e9clarent g\u00e9n\u00e9ralement se sentir d\u00e9tendus avec une agr\u00e9able sensation de l\u00e9g\u00e8ret\u00e9.<\/p>\n<h4>Pourquoi choisir Premium Flower ?<\/h4>\n<p>La fleur s\u00e9ch\u00e9e de premi\u00e8re qualit\u00e9 offre aux patients qui consomment du cannabis m\u00e9dical la forme la plus naturelle de m\u00e9dicament, permettant un contr\u00f4le pr\u00e9cis du dosage et une apparition imm\u00e9diate des effets. Le profil de la plante enti\u00e8re garantit que vous recevez le spectre complet des compos\u00e9s b\u00e9n\u00e9fiques, comme la nature l&rsquo;a pr\u00e9vu.<\/p>\n<h4>Exp\u00e9dition dans tout le Canada<\/h4>\n<p>Nous assurons une livraison rapide et discr\u00e8te \u00e0 travers le Canada pour toutes les commandes de Alien Kush. B\u00e9n\u00e9ficiez de la livraison gratuite lorsque votre commande d\u00e9passe 150 $. Notre emballage soign\u00e9 garantit que votre m\u00e9decine arrive dans des conditions optimales.<\/p>\n<h4>Avantages et couverture pour les anciens combattants<\/h4>\n<p>Alien Kush est admissible \u00e0 la couverture d&rsquo;Anciens Combattants Canada (ACC) avec facturation directe par l&rsquo;entremise de la Croix Bleue, ce qui \u00e9limine les d\u00e9penses personnelles. Vous n&rsquo;avez pas encore votre carte m\u00e9dicale ? <a href=\"https:\/\/mendomedical.ca\/fr\/carte-medicale\/\">Obtenez votre carte m\u00e9dicale gratuite rapidement et facilement gr\u00e2ce \u00e0 notre processus simple<\/a>.<\/p>\n<\/div>\n","protected":false},"featured_media":250522,"comment_status":"open","ping_status":"closed","template":"","meta":{"_acf_changed":false,"site-sidebar-layout":"default","site-content-layout":"","ast-site-content-layout":"default","site-content-style":"default","site-sidebar-style":"default","ast-global-header-display":"","ast-banner-title-visibility":"","ast-main-header-display":"","ast-hfb-above-header-display":"","ast-hfb-below-header-display":"","ast-hfb-mobile-header-display":"","site-post-title":"","ast-breadcrumbs-content":"","ast-featured-img":"","footer-sml-layout":"","ast-disable-related-posts":"","theme-transparent-header-meta":"default","adv-header-id-meta":"","stick-header-meta":"","header-above-stick-meta":"","header-main-stick-meta":"","header-below-stick-meta":"","astra-migrate-meta-layouts":"set","ast-page-background-enabled":"default","ast-page-background-meta":{"desktop":{"background-color":"var(--ast-global-color-4)","background-image":"","background-repeat":"repeat","background-position":"center center","background-size":"auto","background-attachment":"scroll","background-type":"","background-media":"","overlay-type":"","overlay-color":"","overlay-opacity":"","overlay-gradient":""},"tablet":{"background-color":"","background-image":"","background-repeat":"repeat","background-position":"center center","background-size":"auto","background-attachment":"scroll","background-type":"","background-media":"","overlay-type":"","overlay-color":"","overlay-opacity":"","overlay-gradient":""},"mobile":{"background-color":"","background-image":"","background-repeat":"repeat","background-position":"center center","background-size":"auto","background-attachment":"scroll","background-type":"","background-media":"","overlay-type":"","overlay-color":"","overlay-opacity":"","overlay-gradient":""}},"ast-content-background-meta":{"desktop":{"background-color":"var(--ast-global-color-5)","background-image":"","background-repeat":"repeat","background-position":"center center","background-size":"auto","background-attachment":"scroll","background-type":"","background-media":"","overlay-type":"","overlay-color":"","overlay-opacity":"","overlay-gradient":""},"tablet":{"background-color":"var(--ast-global-color-5)","background-image":"","background-repeat":"repeat","background-position":"center center","background-size":"auto","background-attachment":"scroll","background-type":"","background-media":"","overlay-type":"","overlay-color":"","overlay-opacity":"","overlay-gradient":""},"mobile":{"background-color":"var(--ast-global-color-5)","background-image":"","background-repeat":"repeat","background-position":"center center","background-size":"auto","background-attachment":"scroll","background-type":"","background-media":"","overlay-type":"","overlay-color":"","overlay-opacity":"","overlay-gradient":""}}},"product_brand":[],"product_cat":[1137],"product_tag":[],"product_format_filter":[6373],"class_list":{"0":"post-250743","1":"product","2":"type-product","3":"status-publish","4":"has-post-thumbnail","6":"product_cat-fleur","7":"pa_flavours-cremeux","8":"pa_flavours-gazole-diesel","9":"pa_intensity-thc-eleve","10":"pa_marques-saveur-des-sommets-fr","11":"pa_origin-quebec-fr","12":"pa_packaging-date-08-20-2025","13":"pa_prix-par-gramme-8-57-fr","14":"pa_type-de-plante-hybride-fr","15":"product_format_filter-7g","16":"desktop-align-left","17":"tablet-align-left","18":"mobile-align-left","20":"first","21":"outofstock","22":"taxable","23":"shipping-taxable","24":"purchasable","25":"product-type-simple"},"group_of_quantity":0,"min_quantity":0,"max_quantity":"","exclude_order_quantity_value_rules":"no","exclude_category_quantity_rules":"no","combine_variations":"no","acf":[],"_links":{"self":[{"href":"https:\/\/mendomedical.ca\/fr\/wp-json\/wp\/v2\/product\/250743","targetHints":{"allow":["GET"]}}],"collection":[{"href":"https:\/\/mendomedical.ca\/fr\/wp-json\/wp\/v2\/product"}],"about":[{"href":"https:\/\/mendomedical.ca\/fr\/wp-json\/wp\/v2\/types\/product"}],"replies":[{"embeddable":true,"href":"https:\/\/mendomedical.ca\/fr\/wp-json\/wp\/v2\/comments?post=250743"}],"wp:featuredmedia":[{"embeddable":true,"href":"https:\/\/mendomedical.ca\/fr\/wp-json\/wp\/v2\/media\/250522"}],"wp:attachment":[{"href":"https:\/\/mendomedical.ca\/fr\/wp-json\/wp\/v2\/media?parent=250743"}],"wp:term":[{"taxonomy":"product_brand","embeddable":true,"href":"https:\/\/mendomedical.ca\/fr\/wp-json\/wp\/v2\/product_brand?post=250743"},{"taxonomy":"product_cat","embeddable":true,"href":"https:\/\/mendomedical.ca\/fr\/wp-json\/wp\/v2\/product_cat?post=250743"},{"taxonomy":"product_tag","embeddable":true,"href":"https:\/\/mendomedical.ca\/fr\/wp-json\/wp\/v2\/product_tag?post=250743"},{"taxonomy":"product_format_filter","embeddable":true,"href":"https:\/\/mendomedical.ca\/fr\/wp-json\/wp\/v2\/product_format_filter?post=250743"}],"curies":[{"name":"wp","href":"https:\/\/api.w.org\/{rel}","templated":true}]}}