{"id":250538,"date":"2025-09-17T15:53:23","date_gmt":"2025-09-17T19:53:23","guid":{"rendered":"https:\/\/mendomedical.ca\/?post_type=product&#038;p=250538"},"modified":"2026-03-25T07:14:10","modified_gmt":"2026-03-25T11:14:10","slug":"stinky-pinky-2","status":"publish","type":"product","link":"https:\/\/mendomedical.ca\/fr\/produit\/stinky-pinky-2\/","title":{"rendered":"Stinky Pinky"},"content":{"rendered":"","protected":false},"excerpt":{"rendered":"<div class=\"ExternalClass883F9D79E20B4128BF42058F5C397533\">\n<h3>Stinky Pinky par 1964<\/h3>\n<div>\n<h3>Terp\u00e8nes totaux : 4,13%.<\/h3>\n<p><strong>Ph\u00e9notype Pink Kush<\/strong><\/p>\n<\/div>\n<p>Stinky Pinky offre une interpr\u00e9tation contemporaine du ph\u00e9notype Pink Kush bien-aim\u00e9, avec une impressionnante teneur en terp\u00e8nes totaux de 3,63 %. Cette fleur premium de 1964 pr\u00e9sente des Cocottes denses et r\u00e9sineuses g\u00e9n\u00e9reusement recouvertes de trichomes sucr\u00e9s, combinant les g\u00e9n\u00e9tiques classiques du cannabis avec l&rsquo;excellence de la culture moderne. <\/p>\n<h4>Caract\u00e9ristiques principales<\/h4>\n<ul>\n<li>Ph\u00e9notype Pink Kush avec 3,63 % de terp\u00e8nes totaux pour des ar\u00f4mes renforc\u00e9s.<\/li>\n<li>Fleurs denses et r\u00e9sineuses, recouvertes de trichomes sucr\u00e9s.<\/li>\n<li>Profil aromatique complexe avec des notes gazeuses, sucr\u00e9es et vanill\u00e9es.<\/li>\n<li>G\u00e9n\u00e9tique des cultivars h\u00e9rit\u00e9s affin\u00e9e par des techniques de culture contemporaines<\/li>\n<li>Format premium de la fleur enti\u00e8re pour des m\u00e9thodes de consommation polyvalentes<\/li>\n<\/ul>\n<h4>Profil aromatique et gustatif<\/h4>\n<p>La Stinky Pinky pr\u00e9sente un profil terp\u00e9nique sophistiqu\u00e9 qui m\u00eale de douces nuances de vanille \u00e0 des notes de gaz kushy distinctives. L&rsquo;ar\u00f4me combine les caract\u00e9ristiques traditionnelles de la kush avec une douceur moderne, cr\u00e9ant une exp\u00e9rience sensorielle complexe. Avec 3,63 % de terp\u00e8nes totaux, cette vari\u00e9t\u00e9 offre des saveurs et des ar\u00f4mes prononc\u00e9s qui refl\u00e8tent son h\u00e9ritage Pink Kush tout en introduisant des nuances contemporaines.  <\/p>\n<h4>Pourquoi choisir la fleur<\/h4>\n<p>Les produits \u00e0 base de fleurs enti\u00e8res offrent aux consommateurs de cannabis m\u00e9dical une flexibilit\u00e9 maximale en mati\u00e8re de dosage et de m\u00e9thodes de consommation. La fleur permet aux patients de personnaliser leur exp\u00e9rience gr\u00e2ce \u00e0 diff\u00e9rentes m\u00e9thodes d&rsquo;administration, tout en profitant du spectre complet des cannabino\u00efdes et des terp\u00e8nes naturellement pr\u00e9sents dans la plante. <\/p>\n<h4>Exp\u00e9dition dans tout le Canada<\/h4>\n<p>Stinky Pinky livre rapidement \u00e0 travers le Canada gr\u00e2ce \u00e0 notre r\u00e9seau de livraison fiable. Nous offrons une livraison gratuite pour toutes les commandes de plus de 150 $, assurant un acc\u00e8s pratique \u00e0 des produits de cannabis m\u00e9dical de qualit\u00e9 dans tout le pays. <\/p>\n<h4>Avantages et couverture pour les anciens combattants<\/h4>\n<p>Stinky Pinky est admissible \u00e0 la couverture d&rsquo;ACC (Anciens Combattants Canada) et \u00e0 la facturation directe par l&rsquo;entremise de la Croix Bleue, ce qui signifie que les anciens combattants admissibles n&rsquo;ont pas \u00e0 d\u00e9bourser d&rsquo;argent. Si vous n&rsquo;avez pas encore votre ordonnance de cannabis m\u00e9dical, vous pouvez <a href=\"https:\/\/mendomedical.ca\/fr\/carte-medicale\/\">obtenir votre carte m\u00e9dicale gratuite rapidement et facilement<\/a> gr\u00e2ce \u00e0 notre processus simplifi\u00e9. <\/p>\n<\/div>\n","protected":false},"featured_media":250553,"comment_status":"closed","ping_status":"closed","template":"","meta":{"_acf_changed":false,"site-sidebar-layout":"default","site-content-layout":"","ast-site-content-layout":"default","site-content-style":"default","site-sidebar-style":"default","ast-global-header-display":"","ast-banner-title-visibility":"","ast-main-header-display":"","ast-hfb-above-header-display":"","ast-hfb-below-header-display":"","ast-hfb-mobile-header-display":"","site-post-title":"","ast-breadcrumbs-content":"","ast-featured-img":"","footer-sml-layout":"","ast-disable-related-posts":"","theme-transparent-header-meta":"default","adv-header-id-meta":"","stick-header-meta":"","header-above-stick-meta":"","header-main-stick-meta":"","header-below-stick-meta":"","astra-migrate-meta-layouts":"set","ast-page-background-enabled":"default","ast-page-background-meta":{"desktop":{"background-color":"var(--ast-global-color-4)","background-image":"","background-repeat":"repeat","background-position":"center center","background-size":"auto","background-attachment":"scroll","background-type":"","background-media":"","overlay-type":"","overlay-color":"","overlay-opacity":"","overlay-gradient":""},"tablet":{"background-color":"","background-image":"","background-repeat":"repeat","background-position":"center center","background-size":"auto","background-attachment":"scroll","background-type":"","background-media":"","overlay-type":"","overlay-color":"","overlay-opacity":"","overlay-gradient":""},"mobile":{"background-color":"","background-image":"","background-repeat":"repeat","background-position":"center center","background-size":"auto","background-attachment":"scroll","background-type":"","background-media":"","overlay-type":"","overlay-color":"","overlay-opacity":"","overlay-gradient":""}},"ast-content-background-meta":{"desktop":{"background-color":"var(--ast-global-color-5)","background-image":"","background-repeat":"repeat","background-position":"center center","background-size":"auto","background-attachment":"scroll","background-type":"","background-media":"","overlay-type":"","overlay-color":"","overlay-opacity":"","overlay-gradient":""},"tablet":{"background-color":"var(--ast-global-color-5)","background-image":"","background-repeat":"repeat","background-position":"center center","background-size":"auto","background-attachment":"scroll","background-type":"","background-media":"","overlay-type":"","overlay-color":"","overlay-opacity":"","overlay-gradient":""},"mobile":{"background-color":"var(--ast-global-color-5)","background-image":"","background-repeat":"repeat","background-position":"center center","background-size":"auto","background-attachment":"scroll","background-type":"","background-media":"","overlay-type":"","overlay-color":"","overlay-opacity":"","overlay-gradient":""}}},"product_brand":[4393],"product_cat":[1137],"product_tag":[4395],"product_format_filter":[6373],"class_list":{"0":"post-250538","1":"product","2":"type-product","3":"status-publish","4":"has-post-thumbnail","6":"product_brand-4393","7":"product_cat-fleur","8":"product_tag-1964-fr","9":"pa_flavours-gaz","10":"pa_flavours-doux","11":"pa_flavours-vanille","12":"pa_intensity-thc-eleve","13":"pa_marques-1964-fr","14":"pa_origin-colombie-britannique-fr","15":"pa_packaging-date-02-03-2026","16":"pa_prix-par-gramme-8-57-fr","17":"pa_type-de-plante-indica-fr","18":"product_format_filter-7g","19":"desktop-align-left","20":"tablet-align-left","21":"mobile-align-left","23":"first","24":"outofstock","25":"taxable","26":"shipping-taxable","27":"purchasable","28":"product-type-simple"},"group_of_quantity":0,"min_quantity":0,"max_quantity":"","exclude_order_quantity_value_rules":"no","exclude_category_quantity_rules":"no","combine_variations":"no","acf":[],"_links":{"self":[{"href":"https:\/\/mendomedical.ca\/fr\/wp-json\/wp\/v2\/product\/250538","targetHints":{"allow":["GET"]}}],"collection":[{"href":"https:\/\/mendomedical.ca\/fr\/wp-json\/wp\/v2\/product"}],"about":[{"href":"https:\/\/mendomedical.ca\/fr\/wp-json\/wp\/v2\/types\/product"}],"replies":[{"embeddable":true,"href":"https:\/\/mendomedical.ca\/fr\/wp-json\/wp\/v2\/comments?post=250538"}],"wp:featuredmedia":[{"embeddable":true,"href":"https:\/\/mendomedical.ca\/fr\/wp-json\/wp\/v2\/media\/250553"}],"wp:attachment":[{"href":"https:\/\/mendomedical.ca\/fr\/wp-json\/wp\/v2\/media?parent=250538"}],"wp:term":[{"taxonomy":"product_brand","embeddable":true,"href":"https:\/\/mendomedical.ca\/fr\/wp-json\/wp\/v2\/product_brand?post=250538"},{"taxonomy":"product_cat","embeddable":true,"href":"https:\/\/mendomedical.ca\/fr\/wp-json\/wp\/v2\/product_cat?post=250538"},{"taxonomy":"product_tag","embeddable":true,"href":"https:\/\/mendomedical.ca\/fr\/wp-json\/wp\/v2\/product_tag?post=250538"},{"taxonomy":"product_format_filter","embeddable":true,"href":"https:\/\/mendomedical.ca\/fr\/wp-json\/wp\/v2\/product_format_filter?post=250538"}],"curies":[{"name":"wp","href":"https:\/\/api.w.org\/{rel}","templated":true}]}}