{"id":249148,"date":"2025-09-19T07:20:28","date_gmt":"2025-09-19T11:20:28","guid":{"rendered":"https:\/\/mendomedical.ca\/product\/heavy-zs-pre-rolls-30x05g\/"},"modified":"2026-03-26T13:11:29","modified_gmt":"2026-03-26T17:11:29","slug":"heavy-zs-pre-rolls-30x05g","status":"publish","type":"product","link":"https:\/\/mendomedical.ca\/fr\/produit\/heavy-zs-pre-rolls-30x05g\/","title":{"rendered":"Pr\u00e9-rolls Heavy Z&rsquo;s 30&#215;0,5g"},"content":{"rendered":"","protected":false},"excerpt":{"rendered":"<div class=\"ExternalClass6964BE2AE0574911875874B22E6D54A7\">\n<h3>Heavy Z&rsquo;s Pr\u00e9-rolls by Six One Charlie - Premium Pr\u00e9-rolls Cannabis (30&#215;0.5g)<\/h3>\n<div>\n<p><strong><em>61 Charlie a \u00e9t\u00e9 cr\u00e9\u00e9 par des v\u00e9t\u00e9rans pour des v\u00e9t\u00e9rans. Nous sommes extr\u00eamement fiers de s\u00e9lectionner nos produits avec le plus grand soin et la plus grande intention. En tant que patients et v\u00e9t\u00e9rans impartiaux, nous avons eu l&rsquo;occasion unique d&rsquo;explorer les meilleures offres de cannabis m\u00e9dical disponibles sur le march\u00e9, en veillant \u00e0 n&rsquo;accepter que les produits qui r\u00e9pondent \u00e0 nos normes strictes - dix sur dix, \u00e0 chaque fois. Notre mission est claire : fournir des solutions efficaces aux anciens combattants et aux personnes souffrant de probl\u00e8mes de sant\u00e9 mentale et de stress post-traumatique. Les fleurs que nous choisissons pour nos sachets sont soigneusement s\u00e9lectionn\u00e9es pour leurs propri\u00e9t\u00e9s uniques et leur efficacit\u00e9, ainsi que pour les commentaires des patients, afin de traiter une vari\u00e9t\u00e9 de sympt\u00f4mes - qu&rsquo;il s&rsquo;agisse de douleur chronique, d&rsquo;anxi\u00e9t\u00e9, de d\u00e9pression, de troubles du sommeil, d&rsquo;irritabilit\u00e9 ou de probl\u00e8mes de concentration. Chaque produit que nous proposons est con\u00e7u dans un but pr\u00e9cis, afin de soutenir le parcours de gu\u00e9rison de ceux qui servent courageusement notre pays et de ceux qui recherchent un soulagement dans leur vie quotidienne. Chez 61 Charlie, nous nous effor\u00e7ons de fournir \u00e0 notre communaut\u00e9 les outils dont elle a besoin pour retrouver son bien-\u00eatre et s&rsquo;\u00e9panouir.     <\/em><\/strong><\/p>\n<div>\n<p><strong>Heavy Z&rsquo;s est un exquis hybride \u00e0 dominance indica, fi\u00e8rement cultiv\u00e9 et cur\u00e9 au Qu\u00e9bec par l&rsquo;\u00e9quipe de L\u00e9gende. S\u00e9lectionn\u00e9e \u00e0 la main pour son magnifique profil, cette vari\u00e9t\u00e9 s\u00e9duit imm\u00e9diatement par ses Cocottes denses et riches en trichomes. Son ar\u00f4me est une d\u00e9licieuse \u00e9volution de la Zkittlez gazeuse classique, agr\u00e9ment\u00e9e d&rsquo;un funk unique et piquant qui \u00e9veille v\u00e9ritablement les sens. Attendez-vous \u00e0 un high profond\u00e9ment relaxant et r\u00e9confortant, parfait pour se d\u00e9tendre apr\u00e8s une longue journ\u00e9e ou pour s&rsquo;installer dans une soir\u00e9e paisible.   <\/strong><\/p>\n<p>&nbsp;<\/p>\n<p>&nbsp;<\/p>\n<\/div>\n<p>&nbsp;<\/p>\n<\/div>\n<p>Cr\u00e9\u00e9s par des v\u00e9t\u00e9rans pour des v\u00e9t\u00e9rans, les Pr\u00e9-rolls de Heavy Z&rsquo;s offrent une exp\u00e9rience hybride \u00e0 dominance indica soigneusement \u00e9labor\u00e9e. Chaque paquet contient 30 Pr\u00e9-rolls de 0,5g mesur\u00e9s avec pr\u00e9cision, fabriqu\u00e9s de mani\u00e8re experte pour assurer la coh\u00e9rence et la qualit\u00e9 \u00e0 chaque session. <\/p>\n<h4>Caract\u00e9ristiques principales du produit<\/h4>\n<p>- Fabriqu\u00e9 \u00e0 partir de cannabis qu\u00e9b\u00e9cois riche en trichomes et s\u00e9lectionn\u00e9 \u00e0 la main.<br \/>\n- Paquet pratique de 30 pr\u00e9-rolls de 0,5 g mesur\u00e9s avec pr\u00e9cision<br \/>\n- Ar\u00f4me fruit\u00e9 complexe avec des notes de gaz et d&rsquo;\u00e9pices.<br \/>\n- Roul\u00e9s de mani\u00e8re experte pour une combustion homog\u00e8ne et r\u00e9guli\u00e8re<\/p>\n<h4>Profil et exp\u00e9rience<\/h4>\n<p>Les fleurs soigneusement s\u00e9lectionn\u00e9es offrent un voyage aromatique sophistiqu\u00e9, s&rsquo;ouvrant sur des notes fruit\u00e9es dominantes avant de r\u00e9v\u00e9ler des couches subtiles de gaz et d&rsquo;\u00e9pices. Le profil aromatique \u00e0 base de plantes offre une exp\u00e9rience unique qui peut favoriser les effets euphoriques, ce qui le rend potentiellement adapt\u00e9 \u00e0 un usage en soir\u00e9e. <\/p>\n<h4>Pourquoi choisir les pr\u00e9-rolls ?<\/h4>\n<p>Les Pr\u00e9-rolls offrent aux consommateurs de cannabis m\u00e9dical une option de dosage pratique et pr\u00e9cis\u00e9ment mesur\u00e9e, sans avoir besoin de broyer ou de rouler. Ils sont parfaits pour les patients qui pr\u00e9f\u00e8rent une m\u00e9thode de consommation traditionnelle, mais qui appr\u00e9cient la coh\u00e9rence et la commodit\u00e9 de leur traitement. <\/p>\n<h4>Exp\u00e9dition dans tout le Canada<\/h4>\n<p>Nous assurons la livraison rapide et discr\u00e8te de Heavy Z&rsquo;s Pr\u00e9-rolls partout au Canada. Les commandes de plus de 150 $ sont admissibles \u00e0 la livraison gratuite, ce qui rend encore plus pratique la r\u00e9ception de vos m\u00e9dicaments. <\/p>\n<h4>Avantages et couverture pour les anciens combattants<\/h4>\n<p>Les Pr\u00e9-rolls de Heavy Z sont \u00e9ligibles \u00e0 la couverture d&rsquo;ACC avec une facturation directe par la Croix Bleue, ce qui signifie qu&rsquo;aucun frais n&rsquo;est \u00e0 la charge des v\u00e9t\u00e9rans qualifi\u00e9s. Vous n&rsquo;avez pas encore de carte m\u00e9dicale ? <a href=\"https:\/\/mendomedical.ca\/fr\/carte-medicale\/\">Obtenez votre carte m\u00e9dicale gratuite rapidement et facilement gr\u00e2ce \u00e0 notre plateforme<\/a>. <\/p>\n<p>Fabriqu\u00e9 avec soin par Six One Charlie, chaque aspect des Pr\u00e9-rolls de Heavy Z&rsquo;s a \u00e9t\u00e9 m\u00fbrement r\u00e9fl\u00e9chi pour soutenir les v\u00e9t\u00e9rans et les consommateurs de cannabis m\u00e9dical dans leur parcours de bien-\u00eatre.<\/p>\n<\/div>\n","protected":false},"featured_media":238941,"comment_status":"open","ping_status":"closed","template":"","meta":{"_acf_changed":false,"site-sidebar-layout":"default","site-content-layout":"","ast-site-content-layout":"default","site-content-style":"default","site-sidebar-style":"default","ast-global-header-display":"","ast-banner-title-visibility":"","ast-main-header-display":"","ast-hfb-above-header-display":"","ast-hfb-below-header-display":"","ast-hfb-mobile-header-display":"","site-post-title":"","ast-breadcrumbs-content":"","ast-featured-img":"","footer-sml-layout":"","ast-disable-related-posts":"","theme-transparent-header-meta":"default","adv-header-id-meta":"","stick-header-meta":"","header-above-stick-meta":"","header-main-stick-meta":"","header-below-stick-meta":"","astra-migrate-meta-layouts":"set","ast-page-background-enabled":"default","ast-page-background-meta":{"desktop":{"background-color":"var(--ast-global-color-4)","background-image":"","background-repeat":"repeat","background-position":"center center","background-size":"auto","background-attachment":"scroll","background-type":"","background-media":"","overlay-type":"","overlay-color":"","overlay-opacity":"","overlay-gradient":""},"tablet":{"background-color":"","background-image":"","background-repeat":"repeat","background-position":"center center","background-size":"auto","background-attachment":"scroll","background-type":"","background-media":"","overlay-type":"","overlay-color":"","overlay-opacity":"","overlay-gradient":""},"mobile":{"background-color":"","background-image":"","background-repeat":"repeat","background-position":"center center","background-size":"auto","background-attachment":"scroll","background-type":"","background-media":"","overlay-type":"","overlay-color":"","overlay-opacity":"","overlay-gradient":""}},"ast-content-background-meta":{"desktop":{"background-color":"var(--ast-global-color-5)","background-image":"","background-repeat":"repeat","background-position":"center center","background-size":"auto","background-attachment":"scroll","background-type":"","background-media":"","overlay-type":"","overlay-color":"","overlay-opacity":"","overlay-gradient":""},"tablet":{"background-color":"var(--ast-global-color-5)","background-image":"","background-repeat":"repeat","background-position":"center center","background-size":"auto","background-attachment":"scroll","background-type":"","background-media":"","overlay-type":"","overlay-color":"","overlay-opacity":"","overlay-gradient":""},"mobile":{"background-color":"var(--ast-global-color-5)","background-image":"","background-repeat":"repeat","background-position":"center center","background-size":"auto","background-attachment":"scroll","background-type":"","background-media":"","overlay-type":"","overlay-color":"","overlay-opacity":"","overlay-gradient":""}}},"product_brand":[],"product_cat":[4803,4801,1144],"product_tag":[],"product_format_filter":[6374],"class_list":{"0":"post-249148","1":"product","2":"type-product","3":"status-publish","4":"has-post-thumbnail","6":"product_cat-pre-rolls-non-infuses","7":"product_cat-six-one-charlie-fr","8":"product_cat-pre-roules","9":"pa_flavours-fruite","10":"pa_flavours-funky-fr","11":"pa_flavours-a-base-de-plantes","12":"pa_flavours-terreux","13":"pa_intensity-thc-eleve","14":"pa_marques-six-one-charlie-fr","15":"pa_origin-quebec-fr","16":"pa_type-de-plante-indica-fr","17":"product_format_filter-0-5g","18":"desktop-align-left","19":"tablet-align-left","20":"mobile-align-left","22":"first","23":"instock","24":"taxable","25":"shipping-taxable","26":"purchasable","27":"product-type-simple"},"group_of_quantity":0,"min_quantity":0,"max_quantity":"","exclude_order_quantity_value_rules":"no","exclude_category_quantity_rules":"no","combine_variations":"no","acf":[],"_links":{"self":[{"href":"https:\/\/mendomedical.ca\/fr\/wp-json\/wp\/v2\/product\/249148","targetHints":{"allow":["GET"]}}],"collection":[{"href":"https:\/\/mendomedical.ca\/fr\/wp-json\/wp\/v2\/product"}],"about":[{"href":"https:\/\/mendomedical.ca\/fr\/wp-json\/wp\/v2\/types\/product"}],"replies":[{"embeddable":true,"href":"https:\/\/mendomedical.ca\/fr\/wp-json\/wp\/v2\/comments?post=249148"}],"wp:featuredmedia":[{"embeddable":true,"href":"https:\/\/mendomedical.ca\/fr\/wp-json\/wp\/v2\/media\/238941"}],"wp:attachment":[{"href":"https:\/\/mendomedical.ca\/fr\/wp-json\/wp\/v2\/media?parent=249148"}],"wp:term":[{"taxonomy":"product_brand","embeddable":true,"href":"https:\/\/mendomedical.ca\/fr\/wp-json\/wp\/v2\/product_brand?post=249148"},{"taxonomy":"product_cat","embeddable":true,"href":"https:\/\/mendomedical.ca\/fr\/wp-json\/wp\/v2\/product_cat?post=249148"},{"taxonomy":"product_tag","embeddable":true,"href":"https:\/\/mendomedical.ca\/fr\/wp-json\/wp\/v2\/product_tag?post=249148"},{"taxonomy":"product_format_filter","embeddable":true,"href":"https:\/\/mendomedical.ca\/fr\/wp-json\/wp\/v2\/product_format_filter?post=249148"}],"curies":[{"name":"wp","href":"https:\/\/api.w.org\/{rel}","templated":true}]}}