{"id":249061,"date":"2025-06-16T12:15:43","date_gmt":"2025-06-16T16:15:43","guid":{"rendered":"https:\/\/mendomedical.ca\/product\/pre-rouleaux-infuses-resin-rockets\/"},"modified":"2026-03-30T08:16:19","modified_gmt":"2026-03-30T12:16:19","slug":"pre-rouleaux-infuses-resin-rockets","status":"publish","type":"product","link":"https:\/\/mendomedical.ca\/fr\/produit\/pre-rouleaux-infuses-resin-rockets\/","title":{"rendered":"Resin Rockets Pr\u00e9-rolls infus\u00e9s"},"content":{"rendered":"","protected":false},"excerpt":{"rendered":"<div class=\"ExternalClassE478BF7E2FED45A589FFACBB08646AAF\">\n<h3>Resin Rockets Infused Pre-Rolls de Retro<\/h3>\n<p><strong>Faites l&rsquo;exp\u00e9rience du cannabis de qualit\u00e9 sup\u00e9rieure avec Resin Rockets, une collection soigneusement \u00e9labor\u00e9e de pr\u00e9-rolls infus\u00e9s de live resin. Chaque paquet contient quatre pr\u00e9-rolls de 0,5 g, cr\u00e9\u00e9s avec soin \u00e0 partir de cannabis de premi\u00e8re qualit\u00e9 et enrichis de live resin puissante. Ces pr\u00e9-rolls offrent un m\u00e9lange sophistiqu\u00e9 de saveurs et d&rsquo;effets, ce qui en fait un excellent choix pour les patients de cannabis m\u00e9dical \u00e0 la recherche d&rsquo;une option pratique et efficace. <\/strong><\/p>\n<h4>Caract\u00e9ristiques principales<\/h4>\n<p>- Des pr\u00e9-rolls de qualit\u00e9 sup\u00e9rieure infus\u00e9s avec de la r\u00e9sine vivante de haute qualit\u00e9<br \/>\n- Paquet pratique de quatre pr\u00e9-rolls de 0,5 g<br \/>\n- Roul\u00e9s de mani\u00e8re experte \u00e0 l&rsquo;aide de c\u00f4nes en papier de qualit\u00e9<br \/>\n- Renforc\u00e9 par de la live resin pour des effets sup\u00e9rieurs<\/p>\n<h4>Profil et exp\u00e9rience<\/h4>\n<p>Resin Rockets offre un profil aromatique complexe avec des notes de baies, d&rsquo;agrumes et de pin. L&rsquo;ar\u00f4me pr\u00e9sente un m\u00e9lange sophistiqu\u00e9 d&rsquo;\u00e9pices, d&rsquo;agrumes et de notes musqu\u00e9es. Les utilisateurs font g\u00e9n\u00e9ralement \u00e9tat d&rsquo;effets euphoriques et stimulants, accompagn\u00e9s d&rsquo;un sentiment de calme et de motivation, ce qui rend ces pr\u00e9-rolls adapt\u00e9s \u00e0 diff\u00e9rents moments de la journ\u00e9e.<\/p>\n<h4>Pourquoi choisir les pr\u00e9-roul\u00e9s infus\u00e9s ?<\/h4>\n<p>Les pr\u00e9-rolls infus\u00e9s offrent un moyen pratique et pr\u00e9cis de consommer du cannabis, particuli\u00e8rement b\u00e9n\u00e9fique pour les utilisateurs m\u00e9dicaux qui pr\u00e9f\u00e8rent ne pas manipuler de fleurs en vrac. L&rsquo;ajout de live resin permet de renforcer les effets et d&rsquo;affiner l&rsquo;exp\u00e9rience, ce qui pourrait permettre de mieux g\u00e9rer les sympt\u00f4mes de diverses affections.<\/p>\n<h4>Exp\u00e9dition dans tout le Canada<\/h4>\n<p>Nous offrons un service de livraison rapide et discret \u00e0 travers le Canada pour les pr\u00e9-rolls infus\u00e9s de Resin Rockets. Profitez de la livraison gratuite pour les commandes de plus de 150 $. Nos emballages s\u00e9curis\u00e9s garantissent que vos produits arrivent en parfait \u00e9tat.<\/p>\n<h4>Avantages et couverture pour les anciens combattants<\/h4>\n<p>Les pr\u00e9-rolls infus\u00e9s Resin Rockets sont admissibles \u00e0 la couverture d&rsquo;ACC et \u00e0 la facturation directe par la Croix Bleue, ce qui signifie que les anciens combattants admissibles n&rsquo;ont pas \u00e0 d\u00e9bourser d&rsquo;argent. Vous n&rsquo;avez pas encore votre carte m\u00e9dicale ? <a href=\"https:\/\/mendomedical.ca\/fr\/carte-medicale\/\">Obtenez votre carte m\u00e9dicale gratuite rapidement et facilement gr\u00e2ce \u00e0 notre processus en ligne<\/a>.<\/p>\n<\/div>\n","protected":false},"featured_media":252695,"comment_status":"open","ping_status":"closed","template":"","meta":{"_acf_changed":false,"site-sidebar-layout":"default","site-content-layout":"","ast-site-content-layout":"default","site-content-style":"default","site-sidebar-style":"default","ast-global-header-display":"","ast-banner-title-visibility":"","ast-main-header-display":"","ast-hfb-above-header-display":"","ast-hfb-below-header-display":"","ast-hfb-mobile-header-display":"","site-post-title":"","ast-breadcrumbs-content":"","ast-featured-img":"","footer-sml-layout":"","ast-disable-related-posts":"","theme-transparent-header-meta":"default","adv-header-id-meta":"","stick-header-meta":"","header-above-stick-meta":"","header-main-stick-meta":"","header-below-stick-meta":"","astra-migrate-meta-layouts":"set","ast-page-background-enabled":"default","ast-page-background-meta":{"desktop":{"background-color":"var(--ast-global-color-4)","background-image":"","background-repeat":"repeat","background-position":"center center","background-size":"auto","background-attachment":"scroll","background-type":"","background-media":"","overlay-type":"","overlay-color":"","overlay-opacity":"","overlay-gradient":""},"tablet":{"background-color":"","background-image":"","background-repeat":"repeat","background-position":"center center","background-size":"auto","background-attachment":"scroll","background-type":"","background-media":"","overlay-type":"","overlay-color":"","overlay-opacity":"","overlay-gradient":""},"mobile":{"background-color":"","background-image":"","background-repeat":"repeat","background-position":"center center","background-size":"auto","background-attachment":"scroll","background-type":"","background-media":"","overlay-type":"","overlay-color":"","overlay-opacity":"","overlay-gradient":""}},"ast-content-background-meta":{"desktop":{"background-color":"var(--ast-global-color-5)","background-image":"","background-repeat":"repeat","background-position":"center center","background-size":"auto","background-attachment":"scroll","background-type":"","background-media":"","overlay-type":"","overlay-color":"","overlay-opacity":"","overlay-gradient":""},"tablet":{"background-color":"var(--ast-global-color-5)","background-image":"","background-repeat":"repeat","background-position":"center center","background-size":"auto","background-attachment":"scroll","background-type":"","background-media":"","overlay-type":"","overlay-color":"","overlay-opacity":"","overlay-gradient":""},"mobile":{"background-color":"var(--ast-global-color-5)","background-image":"","background-repeat":"repeat","background-position":"center center","background-size":"auto","background-attachment":"scroll","background-type":"","background-media":"","overlay-type":"","overlay-color":"","overlay-opacity":"","overlay-gradient":""}}},"product_brand":[],"product_cat":[1147,1144],"product_tag":[],"product_format_filter":[6374],"class_list":{"0":"post-249061","1":"product","2":"type-product","3":"status-publish","4":"has-post-thumbnail","6":"product_cat-pre-roules-infuses","7":"product_cat-pre-roules","8":"pa_flavours-agrume","9":"pa_flavours-baies","10":"pa_flavours-pin","11":"pa_intensity-thc-eleve","12":"pa_marques-retro-fr","13":"pa_origin-ile-du-prince-edouard","14":"pa_type-de-plante-hybride-fr","15":"product_format_filter-0-5g","16":"desktop-align-left","17":"tablet-align-left","18":"mobile-align-left","20":"first","21":"instock","22":"taxable","23":"shipping-taxable","24":"purchasable","25":"product-type-simple"},"group_of_quantity":0,"min_quantity":0,"max_quantity":"","exclude_order_quantity_value_rules":"no","exclude_category_quantity_rules":"no","combine_variations":"no","acf":[],"_links":{"self":[{"href":"https:\/\/mendomedical.ca\/fr\/wp-json\/wp\/v2\/product\/249061","targetHints":{"allow":["GET"]}}],"collection":[{"href":"https:\/\/mendomedical.ca\/fr\/wp-json\/wp\/v2\/product"}],"about":[{"href":"https:\/\/mendomedical.ca\/fr\/wp-json\/wp\/v2\/types\/product"}],"replies":[{"embeddable":true,"href":"https:\/\/mendomedical.ca\/fr\/wp-json\/wp\/v2\/comments?post=249061"}],"wp:featuredmedia":[{"embeddable":true,"href":"https:\/\/mendomedical.ca\/fr\/wp-json\/wp\/v2\/media\/252695"}],"wp:attachment":[{"href":"https:\/\/mendomedical.ca\/fr\/wp-json\/wp\/v2\/media?parent=249061"}],"wp:term":[{"taxonomy":"product_brand","embeddable":true,"href":"https:\/\/mendomedical.ca\/fr\/wp-json\/wp\/v2\/product_brand?post=249061"},{"taxonomy":"product_cat","embeddable":true,"href":"https:\/\/mendomedical.ca\/fr\/wp-json\/wp\/v2\/product_cat?post=249061"},{"taxonomy":"product_tag","embeddable":true,"href":"https:\/\/mendomedical.ca\/fr\/wp-json\/wp\/v2\/product_tag?post=249061"},{"taxonomy":"product_format_filter","embeddable":true,"href":"https:\/\/mendomedical.ca\/fr\/wp-json\/wp\/v2\/product_format_filter?post=249061"}],"curies":[{"name":"wp","href":"https:\/\/api.w.org\/{rel}","templated":true}]}}