{"id":247867,"date":"2025-08-16T13:00:49","date_gmt":"2025-08-16T17:00:49","guid":{"rendered":"https:\/\/mendomedical.ca\/product\/ceintures-arc-en-ciel\/"},"modified":"2025-12-04T15:31:10","modified_gmt":"2025-12-04T20:31:10","slug":"ceintures-arc-en-ciel","status":"publish","type":"product","link":"https:\/\/mendomedical.ca\/fr\/produit\/ceintures-arc-en-ciel\/","title":{"rendered":"Rainbow Belts"},"content":{"rendered":"","protected":false},"excerpt":{"rendered":"<div class=\"ExternalClass0B51ADA02BA443B9B14E69661FAACAF1\">\n<h1>Rainbow Belts de BC Weed Co - Cannabis artisanal de qualit\u00e9 sup\u00e9rieure (7g)<\/h1>\n<h3>Terp\u00e8nes Totaux: 2.19%<\/h3>\n<p>Rainbow Belts repr\u00e9sente le cannabis artisanal de premi\u00e8re qualit\u00e9 dans toute sa splendeur. Cet hybride parfaitement \u00e9quilibr\u00e9, cr\u00e9\u00e9 en croisant la Zkittlez avec la Moonbow, offre une exp\u00e9rience exceptionnelle qui combine une saveur remarquable avec des effets \u00e9quilibr\u00e9s. Chaque lot est m\u00e9ticuleusement s\u00e9ch\u00e9 en suspension, s\u00e9ch\u00e9 lentement et taill\u00e9 \u00e0 la main pour garantir une qualit\u00e9 optimale et la pr\u00e9servation des terp\u00e8nes.<\/p>\n<h3>Caract\u00e9ristiques principales<\/h3>\n<ul>\n<li style=\"list-style-type: none;\">\n<ul>- Coupe d&rsquo;\u00e9leveur de premi\u00e8re qualit\u00e9 de la g\u00e9n\u00e9tique Rainbow Belts 2.0<\/ul>\n<\/li>\n<\/ul>\n<ul>\n<li style=\"list-style-type: none;\">\n<ul>- Cocottes denses, riches en r\u00e9sine, d&rsquo;une couleur vert fonc\u00e9 avec des nuances violettes.<\/ul>\n<\/li>\n<\/ul>\n<ul>\n<li style=\"list-style-type: none;\">\n<ul>- Par\u00e9 \u00e0 la main et s\u00e9ch\u00e9 lentement pour une r\u00e9tention maximale des terp\u00e8nes.<\/ul>\n<\/li>\n<\/ul>\n<ul>\n<li style=\"list-style-type: none;\">\n<ul>- Effets hybrides \u00e9quilibr\u00e9s convenant \u00e0 diff\u00e9rents moments de la journ\u00e9e<\/ul>\n<\/li>\n<\/ul>\n<ul>- Fabriqu\u00e9 de mani\u00e8re experte par les ma\u00eetres cultivateurs de BC Weed Co.<\/ul>\n<h3>Profil et exp\u00e9rience<\/h3>\n<p>Le profil aromatique pr\u00e9sente une d\u00e9licieuse combinaison de notes douces d&rsquo;agrumes et de raisin, compl\u00e9t\u00e9es par de subtiles nuances gazeuses. Les utilisateurs peuvent ressentir des effets euphoriques et cr\u00e9atifs tout en conservant un \u00e9tat d\u00e9tendu et apaisant. La fum\u00e9e douce et savoureuse offre une exp\u00e9rience \u00e9quilibr\u00e9e qui peut aider les utilisateurs \u00e0 se d\u00e9tendre sans s\u00e9dation excessive.<\/p>\n<h3>Pourquoi choisir Premium Craft Flower ?<\/h3>\n<p>La fleur de cannabis artisanale de premi\u00e8re qualit\u00e9 offre aux utilisateurs m\u00e9dicaux un contr\u00f4le pr\u00e9cis sur leur dosage et leur m\u00e9thode de consommation. Le spectre complet des cannabino\u00efdes et des terp\u00e8nes pr\u00e9sents dans la fleur enti\u00e8re peut apporter des b\u00e9n\u00e9fices th\u00e9rapeutiques accrus gr\u00e2ce \u00e0 l&rsquo;effet d&rsquo;entourage, ce qui en fait un choix privil\u00e9gi\u00e9 pour de nombreux patients de cannabis m\u00e9dical.<\/p>\n<h3>Exp\u00e9dition dans tout le Canada<\/h3>\n<p>Nous offrons une livraison rapide et discr\u00e8te au Canada pour les ceintures arc-en-ciel, avec une livraison gratuite pour les commandes de plus de 150 $. Chaque commande est soigneusement emball\u00e9e pour que votre m\u00e9dicament arrive en parfait \u00e9tat.<\/p>\n<h3>Avantages et couverture pour les anciens combattants<\/h3>\n<p>Rainbow Belts est admissible \u00e0 la couverture d&rsquo;ACC avec facturation directe par l&rsquo;entremise de la Croix Bleue, ce qui signifie que les anciens combattants admissibles n&rsquo;ont pas \u00e0 d\u00e9bourser d&rsquo;argent. Vous n&rsquo;avez pas encore votre carte m\u00e9dicale ? <a href=\"https:\/\/mendomedical.ca\/fr\/carte-medicale\/\">Cliquez ici<\/a> pour obtenir rapidement et facilement votre carte m\u00e9dicale gratuite.<\/p>\n<\/div>\n","protected":false},"featured_media":247870,"comment_status":"open","ping_status":"closed","template":"","meta":{"_acf_changed":false,"site-sidebar-layout":"default","site-content-layout":"","ast-site-content-layout":"default","site-content-style":"default","site-sidebar-style":"default","ast-global-header-display":"","ast-banner-title-visibility":"","ast-main-header-display":"","ast-hfb-above-header-display":"","ast-hfb-below-header-display":"","ast-hfb-mobile-header-display":"","site-post-title":"","ast-breadcrumbs-content":"","ast-featured-img":"","footer-sml-layout":"","ast-disable-related-posts":"","theme-transparent-header-meta":"default","adv-header-id-meta":"","stick-header-meta":"","header-above-stick-meta":"","header-main-stick-meta":"","header-below-stick-meta":"","astra-migrate-meta-layouts":"set","ast-page-background-enabled":"default","ast-page-background-meta":{"desktop":{"background-color":"var(--ast-global-color-4)","background-image":"","background-repeat":"repeat","background-position":"center center","background-size":"auto","background-attachment":"scroll","background-type":"","background-media":"","overlay-type":"","overlay-color":"","overlay-opacity":"","overlay-gradient":""},"tablet":{"background-color":"","background-image":"","background-repeat":"repeat","background-position":"center center","background-size":"auto","background-attachment":"scroll","background-type":"","background-media":"","overlay-type":"","overlay-color":"","overlay-opacity":"","overlay-gradient":""},"mobile":{"background-color":"","background-image":"","background-repeat":"repeat","background-position":"center center","background-size":"auto","background-attachment":"scroll","background-type":"","background-media":"","overlay-type":"","overlay-color":"","overlay-opacity":"","overlay-gradient":""}},"ast-content-background-meta":{"desktop":{"background-color":"var(--ast-global-color-5)","background-image":"","background-repeat":"repeat","background-position":"center center","background-size":"auto","background-attachment":"scroll","background-type":"","background-media":"","overlay-type":"","overlay-color":"","overlay-opacity":"","overlay-gradient":""},"tablet":{"background-color":"var(--ast-global-color-5)","background-image":"","background-repeat":"repeat","background-position":"center center","background-size":"auto","background-attachment":"scroll","background-type":"","background-media":"","overlay-type":"","overlay-color":"","overlay-opacity":"","overlay-gradient":""},"mobile":{"background-color":"var(--ast-global-color-5)","background-image":"","background-repeat":"repeat","background-position":"center center","background-size":"auto","background-attachment":"scroll","background-type":"","background-media":"","overlay-type":"","overlay-color":"","overlay-opacity":"","overlay-gradient":""}}},"product_brand":[],"product_cat":[1137],"product_tag":[],"product_format_filter":[6373],"class_list":{"0":"post-247867","1":"product","2":"type-product","3":"status-publish","4":"has-post-thumbnail","6":"product_cat-fleur","7":"pa_flavours-agrume","8":"pa_flavours-fruite","9":"pa_flavours-doux","10":"pa_intensity-thc-eleve","11":"pa_marques-bc-weed-co-fr","12":"pa_origin-colombie-britannique-fr","13":"pa_packaging-date-10-15-2025","14":"pa_type-de-plante-hybride-fr","15":"product_format_filter-7g","16":"desktop-align-left","17":"tablet-align-left","18":"mobile-align-left","20":"first","21":"outofstock","22":"taxable","23":"shipping-taxable","24":"purchasable","25":"product-type-simple"},"group_of_quantity":0,"min_quantity":0,"max_quantity":"","exclude_order_quantity_value_rules":"no","exclude_category_quantity_rules":"no","combine_variations":"no","acf":[],"_links":{"self":[{"href":"https:\/\/mendomedical.ca\/fr\/wp-json\/wp\/v2\/product\/247867","targetHints":{"allow":["GET"]}}],"collection":[{"href":"https:\/\/mendomedical.ca\/fr\/wp-json\/wp\/v2\/product"}],"about":[{"href":"https:\/\/mendomedical.ca\/fr\/wp-json\/wp\/v2\/types\/product"}],"replies":[{"embeddable":true,"href":"https:\/\/mendomedical.ca\/fr\/wp-json\/wp\/v2\/comments?post=247867"}],"wp:featuredmedia":[{"embeddable":true,"href":"https:\/\/mendomedical.ca\/fr\/wp-json\/wp\/v2\/media\/247870"}],"wp:attachment":[{"href":"https:\/\/mendomedical.ca\/fr\/wp-json\/wp\/v2\/media?parent=247867"}],"wp:term":[{"taxonomy":"product_brand","embeddable":true,"href":"https:\/\/mendomedical.ca\/fr\/wp-json\/wp\/v2\/product_brand?post=247867"},{"taxonomy":"product_cat","embeddable":true,"href":"https:\/\/mendomedical.ca\/fr\/wp-json\/wp\/v2\/product_cat?post=247867"},{"taxonomy":"product_tag","embeddable":true,"href":"https:\/\/mendomedical.ca\/fr\/wp-json\/wp\/v2\/product_tag?post=247867"},{"taxonomy":"product_format_filter","embeddable":true,"href":"https:\/\/mendomedical.ca\/fr\/wp-json\/wp\/v2\/product_format_filter?post=247867"}],"curies":[{"name":"wp","href":"https:\/\/api.w.org\/{rel}","templated":true}]}}