{"id":247865,"date":"2023-06-01T23:30:02","date_gmt":"2023-06-02T03:30:02","guid":{"rendered":"https:\/\/mendomedical.ca\/product\/haut-en-cbd-capsules-de-cbd-a-haute-puissance\/"},"modified":"2026-02-23T12:43:32","modified_gmt":"2026-02-23T17:43:32","slug":"haut-en-cbd-capsules-de-cbd-a-haute-puissance","status":"publish","type":"product","link":"https:\/\/mendomedical.ca\/fr\/produit\/haut-en-cbd-capsules-de-cbd-a-haute-puissance\/","title":{"rendered":"FLeurDeBis - Capsules de CBD \u00e0 haute puissance"},"content":{"rendered":"","protected":false},"excerpt":{"rendered":"<div class=\"ExternalClass816E4D6DEA5743E9A02CB365366FA490\">\n<h1>Haut en CBD CAPSULES - FleurDeBis (30 unit\u00e9s)<\/h1>\n<p>Faites l&rsquo;exp\u00e9rience d&rsquo;un dosage pr\u00e9cis de CBD avec les CAPSULES de CBD \u00e0 haute puissance de FleurDeBis. Chaque g\u00e9lule contient 100 mg d&rsquo;isolat de CBD pur, ce qui permet d&rsquo;obtenir une dose constante et mesurable dans un format pratique et insipide. Ces capsules sans THC sont fabriqu\u00e9es \u00e0 partir de fleurs de CBD soigneusement d\u00e9carboxyl\u00e9es, offrant une solution de premi\u00e8re qualit\u00e9 pour ceux qui recherchent les avantages du CBD pur.  <\/p>\n<h3>Caract\u00e9ristiques principales<\/h3>\n<ul>\n<li style=\"list-style-type: none;\">\n<ul>- 100 mg de CBD par g\u00e9lule<\/ul>\n<\/li>\n<\/ul>\n<ul>\n<li style=\"list-style-type: none;\">\n<ul>- Formule sans THC utilisant un isolat de CBD pur<\/ul>\n<\/li>\n<\/ul>\n<ul>\n<li style=\"list-style-type: none;\">\n<ul>- 30 g\u00e9lules par flacon pour un mois d&rsquo;approvisionnement<\/ul>\n<\/li>\n<\/ul>\n<ul>\n<li style=\"list-style-type: none;\">\n<ul>- Fabriqu\u00e9 \u00e0 partir de fleurs de CBD d\u00e9carboxyl\u00e9es de premi\u00e8re qualit\u00e9<\/ul>\n<\/li>\n<\/ul>\n<ul>- Sans go\u00fbt et facile \u00e0 int\u00e9grer dans la routine quotidienne<\/ul>\n<h3>Effets potentiels<\/h3>\n<p>Les utilisateurs peuvent ressentir un sentiment de relaxation et de clart\u00e9 mentale tout en maintenant un \u00e9quilibre tout au long de la journ\u00e9e. Ces g\u00e9lules sont con\u00e7ues pour procurer un effet apaisant sans propri\u00e9t\u00e9s intoxicantes. <\/p>\n<h3>Pourquoi choisir les capsules de CBD ?<\/h3>\n<p>Les capsules de CBD permettent un dosage pr\u00e9cis et sont pratiques pour les consommateurs de cannabis m\u00e9dical. Leur nature discr\u00e8te et leur taille de portion constante les rendent id\u00e9ales pour maintenir une routine de bien-\u00eatre r\u00e9guli\u00e8re. Elles conviennent particuli\u00e8rement \u00e0 ceux qui pr\u00e9f\u00e8rent une option sans go\u00fbt ou qui doivent \u00e9viter toute teneur en THC.  <\/p>\n<h3>Exp\u00e9dition dans tout le Canada<\/h3>\n<p>Nous offrons un service de livraison rapide et fiable \u00e0 travers le Canada pour Haut en CBD CAPSULES. Profitez de la livraison gratuite pour les commandes de plus de 150 $. Notre emballage s\u00e9curis\u00e9 garantit que vos capsules arrivent en parfait \u00e9tat.  <\/p>\n<h3>Avantages et couverture pour les anciens combattants<\/h3>\n<p>Ces capsules de CBD sont admissibles \u00e0 la couverture d&rsquo;Anciens Combattants Canada (ACC) et \u00e0 la facturation directe par l&rsquo;entremise de la Croix Bleue, ce qui \u00e9limine les frais \u00e0 la charge des personnes admissibles. Vous n&rsquo;avez pas encore votre carte m\u00e9dicale ? <a href=\"https:\/\/mendomedical.ca\/fr\/carte-medicale\/\">Obtenez votre carte m\u00e9dicale gratuite rapidement et facilement gr\u00e2ce \u00e0 notre processus simple<\/a>. <\/p>\n<\/div>\n","protected":false},"featured_media":247875,"comment_status":"open","ping_status":"closed","template":"","meta":{"_acf_changed":false,"site-sidebar-layout":"default","site-content-layout":"","ast-site-content-layout":"default","site-content-style":"default","site-sidebar-style":"default","ast-global-header-display":"","ast-banner-title-visibility":"","ast-main-header-display":"","ast-hfb-above-header-display":"","ast-hfb-below-header-display":"","ast-hfb-mobile-header-display":"","site-post-title":"","ast-breadcrumbs-content":"","ast-featured-img":"","footer-sml-layout":"","ast-disable-related-posts":"","theme-transparent-header-meta":"default","adv-header-id-meta":"","stick-header-meta":"","header-above-stick-meta":"","header-main-stick-meta":"","header-below-stick-meta":"","astra-migrate-meta-layouts":"set","ast-page-background-enabled":"default","ast-page-background-meta":{"desktop":{"background-color":"var(--ast-global-color-4)","background-image":"","background-repeat":"repeat","background-position":"center center","background-size":"auto","background-attachment":"scroll","background-type":"","background-media":"","overlay-type":"","overlay-color":"","overlay-opacity":"","overlay-gradient":""},"tablet":{"background-color":"","background-image":"","background-repeat":"repeat","background-position":"center center","background-size":"auto","background-attachment":"scroll","background-type":"","background-media":"","overlay-type":"","overlay-color":"","overlay-opacity":"","overlay-gradient":""},"mobile":{"background-color":"","background-image":"","background-repeat":"repeat","background-position":"center center","background-size":"auto","background-attachment":"scroll","background-type":"","background-media":"","overlay-type":"","overlay-color":"","overlay-opacity":"","overlay-gradient":""}},"ast-content-background-meta":{"desktop":{"background-color":"var(--ast-global-color-5)","background-image":"","background-repeat":"repeat","background-position":"center center","background-size":"auto","background-attachment":"scroll","background-type":"","background-media":"","overlay-type":"","overlay-color":"","overlay-opacity":"","overlay-gradient":""},"tablet":{"background-color":"var(--ast-global-color-5)","background-image":"","background-repeat":"repeat","background-position":"center center","background-size":"auto","background-attachment":"scroll","background-type":"","background-media":"","overlay-type":"","overlay-color":"","overlay-opacity":"","overlay-gradient":""},"mobile":{"background-color":"var(--ast-global-color-5)","background-image":"","background-repeat":"repeat","background-position":"center center","background-size":"auto","background-attachment":"scroll","background-type":"","background-media":"","overlay-type":"","overlay-color":"","overlay-opacity":"","overlay-gradient":""}}},"product_brand":[],"product_cat":[1115,3853,1114],"product_tag":[],"product_format_filter":[],"class_list":{"0":"post-247865","1":"product","2":"type-product","3":"status-publish","4":"has-post-thumbnail","6":"product_cat-gelules-fr","7":"product_cat-cbd-minors-5-fr","8":"product_cat-gelules","9":"pa_intensity-eleve-en-cbd","10":"pa_marques-fleurdebis-fr","11":"pa_origin-quebec-fr","12":"pa_type-de-plante-cbd-fr","13":"desktop-align-left","14":"tablet-align-left","15":"mobile-align-left","17":"first","18":"outofstock","19":"taxable","20":"shipping-taxable","21":"purchasable","22":"product-type-simple"},"group_of_quantity":0,"min_quantity":0,"max_quantity":"","exclude_order_quantity_value_rules":"no","exclude_category_quantity_rules":"no","combine_variations":"no","acf":[],"_links":{"self":[{"href":"https:\/\/mendomedical.ca\/fr\/wp-json\/wp\/v2\/product\/247865","targetHints":{"allow":["GET"]}}],"collection":[{"href":"https:\/\/mendomedical.ca\/fr\/wp-json\/wp\/v2\/product"}],"about":[{"href":"https:\/\/mendomedical.ca\/fr\/wp-json\/wp\/v2\/types\/product"}],"replies":[{"embeddable":true,"href":"https:\/\/mendomedical.ca\/fr\/wp-json\/wp\/v2\/comments?post=247865"}],"wp:featuredmedia":[{"embeddable":true,"href":"https:\/\/mendomedical.ca\/fr\/wp-json\/wp\/v2\/media\/247875"}],"wp:attachment":[{"href":"https:\/\/mendomedical.ca\/fr\/wp-json\/wp\/v2\/media?parent=247865"}],"wp:term":[{"taxonomy":"product_brand","embeddable":true,"href":"https:\/\/mendomedical.ca\/fr\/wp-json\/wp\/v2\/product_brand?post=247865"},{"taxonomy":"product_cat","embeddable":true,"href":"https:\/\/mendomedical.ca\/fr\/wp-json\/wp\/v2\/product_cat?post=247865"},{"taxonomy":"product_tag","embeddable":true,"href":"https:\/\/mendomedical.ca\/fr\/wp-json\/wp\/v2\/product_tag?post=247865"},{"taxonomy":"product_format_filter","embeddable":true,"href":"https:\/\/mendomedical.ca\/fr\/wp-json\/wp\/v2\/product_format_filter?post=247865"}],"curies":[{"name":"wp","href":"https:\/\/api.w.org\/{rel}","templated":true}]}}