{"id":247833,"date":"2025-06-02T08:45:15","date_gmt":"2025-06-02T12:45:15","guid":{"rendered":"https:\/\/mendomedical.ca\/product\/cbg-cbd-pre-rouleau-cherry-blossom\/"},"modified":"2026-02-25T08:20:37","modified_gmt":"2026-02-25T13:20:37","slug":"cbg-cbd-pre-rouleau-cherry-blossom","status":"publish","type":"product","link":"https:\/\/mendomedical.ca\/fr\/produit\/cbg-cbd-pre-rouleau-cherry-blossom\/","title":{"rendered":"Cherry Blossom CBG-CBD Pr\u00e9-rouleau"},"content":{"rendered":"","protected":false},"excerpt":{"rendered":"<div class=\"ExternalClass115ADE5B0F774853AFBEC14F342A9AC2\">\n<h2>Cherry Blossom CBD-CBG Pre-roll<\/h2>\n<p>D\u00e9couvrez le m\u00e9lange harmonieux de Panakeia et de Cherry Blossom dans nos pr\u00e9-rouleaux CBG-CBD m\u00e9ticuleusement \u00e9labor\u00e9s. Chaque paquet contient 10 pr\u00e9-rouleaux de 0,5 g parfaitement roul\u00e9s, con\u00e7us pour vous offrir une exp\u00e9rience \u00e9quilibr\u00e9e et lucide. Les fleurs cultiv\u00e9es \u00e0 la main et s\u00e9ch\u00e9es en suspension garantissent une qualit\u00e9 exceptionnelle \u00e0 chaque tirage.  <\/p>\n<h3>Caract\u00e9ristiques principales du produit<\/h3>\n<ul>\n<li>M\u00e9lange de vari\u00e9t\u00e9s Panakeia et Cherry Blossom de premi\u00e8re qualit\u00e9<\/li>\n<li>Fleurs s\u00e9lectionn\u00e9es et s\u00e9ch\u00e9es \u00e0 la main par des experts<\/li>\n<li>Paquet pratique de 10 pr\u00e9-rouleaux de 0,5 g<\/li>\n<li>Formule \u00e0 faible teneur en THC pour une exp\u00e9rience douce et \u00e9quilibr\u00e9e<\/li>\n<li>Un laminage pr\u00e9cis pour une qualit\u00e9 constante<\/li>\n<\/ul>\n<h3>Profil sensoriel<\/h3>\n<p>D\u00e9couvrez un profil aromatique sophistiqu\u00e9 qui commence par des notes d&rsquo;agrumes vives et des nuances douces et fruit\u00e9es. La pr\u00e9sence de b\u00eata-caryophyll\u00e8ne ajoute une complexit\u00e9 chaude et \u00e9pic\u00e9e, tandis que le b\u00eata-myrc\u00e8ne apporte des notes de base terreuses et sucr\u00e9es. Cette combinaison cr\u00e9e une exp\u00e9rience sensorielle rafra\u00eechissante et \u00e9quilibr\u00e9e qui peut favoriser des sentiments de calme et de relaxation tout en maintenant la clart\u00e9 mentale.  <\/p>\n<h3>Pourquoi choisir les pr\u00e9-rolls ?<\/h3>\n<p>Les Pr\u00e9-rolls offrent aux consommateurs de cannabis m\u00e9dical une option de consommation pratique et pr\u00e9cis\u00e9ment mesur\u00e9e. Ils \u00e9liminent le besoin de moudre et de rouler, garantissant ainsi la r\u00e9gularit\u00e9 de chaque session. Les portions soigneusement mesur\u00e9es facilitent la gestion de votre consommation et le maintien de votre routine th\u00e9rapeutique.  <\/p>\n<h3>Exp\u00e9dition dans tout le Canada<\/h3>\n<p>Nous assurons un service de livraison rapide et fiable partout au Canada pour votre CBG-CBD Cherry Blossom Pre-Rolls. Profitez de la livraison gratuite pour toutes les commandes de plus de 150 $. Nos emballages s\u00e9curis\u00e9s garantissent que vos produits arrivent en parfait \u00e9tat.  <\/p>\n<h3>Avantages et couverture pour les anciens combattants<\/h3>\n<p>Ce produit est admissible \u00e0 la couverture d&rsquo;ACC et \u00e0 la facturation directe par la Croix Bleue, ce qui signifie que les anciens combattants admissibles n&rsquo;ont rien \u00e0 d\u00e9bourser. Vous n&rsquo;avez pas encore votre carte m\u00e9dicale ? <a href=\"https:\/\/mendomedical.ca\/fr\/carte-medicale\/\">Obtenez votre carte m\u00e9dicale gratuite rapidement et facilement gr\u00e2ce \u00e0 notre processus simple<\/a>. <\/p>\n<\/div>\n","protected":false},"featured_media":247815,"comment_status":"open","ping_status":"closed","template":"","meta":{"_acf_changed":false,"site-sidebar-layout":"default","site-content-layout":"","ast-site-content-layout":"default","site-content-style":"default","site-sidebar-style":"default","ast-global-header-display":"","ast-banner-title-visibility":"","ast-main-header-display":"","ast-hfb-above-header-display":"","ast-hfb-below-header-display":"","ast-hfb-mobile-header-display":"","site-post-title":"","ast-breadcrumbs-content":"","ast-featured-img":"","footer-sml-layout":"","ast-disable-related-posts":"","theme-transparent-header-meta":"default","adv-header-id-meta":"","stick-header-meta":"","header-above-stick-meta":"","header-main-stick-meta":"","header-below-stick-meta":"","astra-migrate-meta-layouts":"set","ast-page-background-enabled":"default","ast-page-background-meta":{"desktop":{"background-color":"var(--ast-global-color-4)","background-image":"","background-repeat":"repeat","background-position":"center center","background-size":"auto","background-attachment":"scroll","background-type":"","background-media":"","overlay-type":"","overlay-color":"","overlay-opacity":"","overlay-gradient":""},"tablet":{"background-color":"","background-image":"","background-repeat":"repeat","background-position":"center center","background-size":"auto","background-attachment":"scroll","background-type":"","background-media":"","overlay-type":"","overlay-color":"","overlay-opacity":"","overlay-gradient":""},"mobile":{"background-color":"","background-image":"","background-repeat":"repeat","background-position":"center center","background-size":"auto","background-attachment":"scroll","background-type":"","background-media":"","overlay-type":"","overlay-color":"","overlay-opacity":"","overlay-gradient":""}},"ast-content-background-meta":{"desktop":{"background-color":"var(--ast-global-color-5)","background-image":"","background-repeat":"repeat","background-position":"center center","background-size":"auto","background-attachment":"scroll","background-type":"","background-media":"","overlay-type":"","overlay-color":"","overlay-opacity":"","overlay-gradient":""},"tablet":{"background-color":"var(--ast-global-color-5)","background-image":"","background-repeat":"repeat","background-position":"center center","background-size":"auto","background-attachment":"scroll","background-type":"","background-media":"","overlay-type":"","overlay-color":"","overlay-opacity":"","overlay-gradient":""},"mobile":{"background-color":"var(--ast-global-color-5)","background-image":"","background-repeat":"repeat","background-position":"center center","background-size":"auto","background-attachment":"scroll","background-type":"","background-media":"","overlay-type":"","overlay-color":"","overlay-opacity":"","overlay-gradient":""}}},"product_brand":[],"product_cat":[4803,1144],"product_tag":[],"product_format_filter":[6374],"class_list":{"0":"post-247833","1":"product","2":"type-product","3":"status-publish","4":"has-post-thumbnail","6":"product_cat-pre-rolls-non-infuses","7":"product_cat-pre-roules","8":"pa_flavours-agrume","9":"pa_flavours-fruite","10":"pa_flavours-doux","11":"pa_intensity-cbg-eleve","12":"pa_intensity-eleve-en-cbd","13":"pa_marques-trichomes-purs","14":"pa_origin-quebec-fr","15":"pa_type-de-plante-cbd-fr","16":"pa_type-de-plante-cbg-fr","17":"product_format_filter-0-5g","18":"desktop-align-left","19":"tablet-align-left","20":"mobile-align-left","22":"first","23":"instock","24":"taxable","25":"shipping-taxable","26":"purchasable","27":"product-type-simple"},"group_of_quantity":0,"min_quantity":0,"max_quantity":"","exclude_order_quantity_value_rules":"no","exclude_category_quantity_rules":"no","combine_variations":"no","acf":[],"_links":{"self":[{"href":"https:\/\/mendomedical.ca\/fr\/wp-json\/wp\/v2\/product\/247833","targetHints":{"allow":["GET"]}}],"collection":[{"href":"https:\/\/mendomedical.ca\/fr\/wp-json\/wp\/v2\/product"}],"about":[{"href":"https:\/\/mendomedical.ca\/fr\/wp-json\/wp\/v2\/types\/product"}],"replies":[{"embeddable":true,"href":"https:\/\/mendomedical.ca\/fr\/wp-json\/wp\/v2\/comments?post=247833"}],"wp:featuredmedia":[{"embeddable":true,"href":"https:\/\/mendomedical.ca\/fr\/wp-json\/wp\/v2\/media\/247815"}],"wp:attachment":[{"href":"https:\/\/mendomedical.ca\/fr\/wp-json\/wp\/v2\/media?parent=247833"}],"wp:term":[{"taxonomy":"product_brand","embeddable":true,"href":"https:\/\/mendomedical.ca\/fr\/wp-json\/wp\/v2\/product_brand?post=247833"},{"taxonomy":"product_cat","embeddable":true,"href":"https:\/\/mendomedical.ca\/fr\/wp-json\/wp\/v2\/product_cat?post=247833"},{"taxonomy":"product_tag","embeddable":true,"href":"https:\/\/mendomedical.ca\/fr\/wp-json\/wp\/v2\/product_tag?post=247833"},{"taxonomy":"product_format_filter","embeddable":true,"href":"https:\/\/mendomedical.ca\/fr\/wp-json\/wp\/v2\/product_format_filter?post=247833"}],"curies":[{"name":"wp","href":"https:\/\/api.w.org\/{rel}","templated":true}]}}