{"id":247818,"date":"2025-06-02T09:00:37","date_gmt":"2025-06-02T13:00:37","guid":{"rendered":"https:\/\/mendomedical.ca\/product\/c-18-cactus-breath-pre-rouleau-3x1g\/"},"modified":"2026-01-04T13:15:02","modified_gmt":"2026-01-04T18:15:02","slug":"c-18-cactus-breath-pre-rouleau-3x1g","status":"publish","type":"product","link":"https:\/\/mendomedical.ca\/fr\/produit\/c-18-cactus-breath-pre-rouleau-3x1g\/","title":{"rendered":"C-18 (Cactus Breath) Pre-rolls 3x1g"},"content":{"rendered":"","protected":false},"excerpt":{"rendered":"<div class=\"ExternalClass6B7C88A9743245AB9A67E67889ADD5AF\">\n<h3>C-18 (Cactus Breath) Pre-Roll 3x1g par Pure Trichomes<\/h3>\n<p>D\u00e9couvrez la qualit\u00e9 exceptionnelle des Pr\u00e9-rolls C-18 (Cactus Breath), un hybride \u00e0 dominance indica soigneusement \u00e9labor\u00e9 qui combine les g\u00e9n\u00e9tiques uniques de Cactus et Mendo Breath. Chaque paquet contient trois joints de 1 gramme roul\u00e9s avec pr\u00e9cision, pour une exp\u00e9rience coh\u00e9rente et pratique. <\/p>\n<h4>Points forts du produit<\/h4>\n<p>- Ph\u00e9notype n\u00b0 18 soigneusement s\u00e9lectionn\u00e9, connu pour sa puissance et son profil aromatique exceptionnels.<br \/>\n- Production en petites s\u00e9ries avec des fleurs s\u00e9ch\u00e9es et par\u00e9es \u00e0 la main.<br \/>\n- Profil terp\u00e9nique riche en b\u00eata-caryophyll\u00e8ne, b\u00eata-myrc\u00e8ne et limon\u00e8ne.<br \/>\n- Papier \u00e0 rouler de premi\u00e8re qualit\u00e9 et construction experte pour une combustion r\u00e9guli\u00e8re et douce<\/p>\n<h4>Profil aromatique et gustatif<\/h4>\n<p>C-18 pr\u00e9sente un parcours aromatique complexe domin\u00e9 par des notes dank et puissantes, entrelac\u00e9es de terre \u00e9pic\u00e9e et de nuances d&rsquo;agrumes vives. Le profil aromatique offre un m\u00e9lange harmonieux de notes fruit\u00e9es, diesel et sucr\u00e9es, cr\u00e9ant une exp\u00e9rience vraiment sophistiqu\u00e9e. <\/p>\n<h4>Effets potentiels<\/h4>\n<p>Les utilisateurs d\u00e9clarent ressentir une combinaison \u00e9quilibr\u00e9e d&rsquo;effets stimulants et calmants. Cette vari\u00e9t\u00e9 peut favoriser des sentiments d&rsquo;euphorie et de cr\u00e9ativit\u00e9 tout en offrant potentiellement des propri\u00e9t\u00e9s apaisantes et stimulantes pour l&rsquo;app\u00e9tit. <\/p>\n<h4>Pourquoi choisir les pr\u00e9-rolls ?<\/h4>\n<p>Les Pr\u00e9-rolls offrent aux consommateurs de cannabis m\u00e9dical une option pratique et pr\u00e9cis\u00e9ment dos\u00e9e qui ne n\u00e9cessite aucune pr\u00e9paration. Ils sont parfaits pour ceux qui pr\u00e9f\u00e8rent ne pas manipuler de fleurs en vrac ou qui veulent une certaine r\u00e9gularit\u00e9 dans leur traitement. <\/p>\n<h4>Exp\u00e9dition dans tout le Canada<\/h4>\n<p>Nous offrons un service de livraison rapide et discret \u00e0 travers le Canada pour C-18 (Cactus Breath) Pre-Rolls. Profitez de la livraison gratuite pour les commandes de plus de 150 $. Tous les colis sont soigneusement emball\u00e9s afin de pr\u00e9server la fra\u00eecheur et la qualit\u00e9 du produit pendant le transport.  <\/p>\n<h4>Avantages et couverture pour les anciens combattants<\/h4>\n<p>Les pr\u00e9-roulages C-18 (haleine de cactus) sont admissibles \u00e0 la couverture d&rsquo;ACC et \u00e0 la facturation directe par l&rsquo;entremise de la Croix Bleue, ce qui permet aux anciens combattants admissibles de ne pas avoir \u00e0 d\u00e9bourser d&rsquo;argent. Vous n&rsquo;avez pas encore votre carte m\u00e9dicale ? <a href=\"https:\/\/mendomedical.ca\/fr\/carte-medicale\/\">Cliquez ici<\/a> pour obtenir rapidement et facilement votre carte m\u00e9dicale gratuite. <\/p>\n<\/div>\n","protected":false},"featured_media":237379,"comment_status":"open","ping_status":"closed","template":"","meta":{"_acf_changed":false,"site-sidebar-layout":"default","site-content-layout":"","ast-site-content-layout":"default","site-content-style":"default","site-sidebar-style":"default","ast-global-header-display":"","ast-banner-title-visibility":"","ast-main-header-display":"","ast-hfb-above-header-display":"","ast-hfb-below-header-display":"","ast-hfb-mobile-header-display":"","site-post-title":"","ast-breadcrumbs-content":"","ast-featured-img":"","footer-sml-layout":"","ast-disable-related-posts":"","theme-transparent-header-meta":"default","adv-header-id-meta":"","stick-header-meta":"","header-above-stick-meta":"","header-main-stick-meta":"","header-below-stick-meta":"","astra-migrate-meta-layouts":"set","ast-page-background-enabled":"default","ast-page-background-meta":{"desktop":{"background-color":"var(--ast-global-color-4)","background-image":"","background-repeat":"repeat","background-position":"center center","background-size":"auto","background-attachment":"scroll","background-type":"","background-media":"","overlay-type":"","overlay-color":"","overlay-opacity":"","overlay-gradient":""},"tablet":{"background-color":"","background-image":"","background-repeat":"repeat","background-position":"center center","background-size":"auto","background-attachment":"scroll","background-type":"","background-media":"","overlay-type":"","overlay-color":"","overlay-opacity":"","overlay-gradient":""},"mobile":{"background-color":"","background-image":"","background-repeat":"repeat","background-position":"center center","background-size":"auto","background-attachment":"scroll","background-type":"","background-media":"","overlay-type":"","overlay-color":"","overlay-opacity":"","overlay-gradient":""}},"ast-content-background-meta":{"desktop":{"background-color":"var(--ast-global-color-5)","background-image":"","background-repeat":"repeat","background-position":"center center","background-size":"auto","background-attachment":"scroll","background-type":"","background-media":"","overlay-type":"","overlay-color":"","overlay-opacity":"","overlay-gradient":""},"tablet":{"background-color":"var(--ast-global-color-5)","background-image":"","background-repeat":"repeat","background-position":"center center","background-size":"auto","background-attachment":"scroll","background-type":"","background-media":"","overlay-type":"","overlay-color":"","overlay-opacity":"","overlay-gradient":""},"mobile":{"background-color":"var(--ast-global-color-5)","background-image":"","background-repeat":"repeat","background-position":"center center","background-size":"auto","background-attachment":"scroll","background-type":"","background-media":"","overlay-type":"","overlay-color":"","overlay-opacity":"","overlay-gradient":""}}},"product_brand":[],"product_cat":[4803,1144],"product_tag":[],"product_format_filter":[6369],"class_list":{"0":"post-247818","1":"product","2":"type-product","3":"status-publish","4":"has-post-thumbnail","6":"product_cat-pre-rolls-non-infuses","7":"product_cat-pre-roules","8":"pa_flavours-fruite","9":"pa_flavours-gazole-diesel","10":"pa_flavours-doux","11":"pa_intensity-thc-moyen","12":"pa_marques-trichomes-purs","13":"pa_origin-quebec-fr","14":"pa_type-de-plante-hybride-indica-fr","15":"product_format_filter-1g","16":"desktop-align-left","17":"tablet-align-left","18":"mobile-align-left","20":"first","21":"outofstock","22":"taxable","23":"shipping-taxable","24":"purchasable","25":"product-type-simple"},"group_of_quantity":0,"min_quantity":0,"max_quantity":"","exclude_order_quantity_value_rules":"no","exclude_category_quantity_rules":"no","combine_variations":"no","acf":[],"_links":{"self":[{"href":"https:\/\/mendomedical.ca\/fr\/wp-json\/wp\/v2\/product\/247818","targetHints":{"allow":["GET"]}}],"collection":[{"href":"https:\/\/mendomedical.ca\/fr\/wp-json\/wp\/v2\/product"}],"about":[{"href":"https:\/\/mendomedical.ca\/fr\/wp-json\/wp\/v2\/types\/product"}],"replies":[{"embeddable":true,"href":"https:\/\/mendomedical.ca\/fr\/wp-json\/wp\/v2\/comments?post=247818"}],"wp:featuredmedia":[{"embeddable":true,"href":"https:\/\/mendomedical.ca\/fr\/wp-json\/wp\/v2\/media\/237379"}],"wp:attachment":[{"href":"https:\/\/mendomedical.ca\/fr\/wp-json\/wp\/v2\/media?parent=247818"}],"wp:term":[{"taxonomy":"product_brand","embeddable":true,"href":"https:\/\/mendomedical.ca\/fr\/wp-json\/wp\/v2\/product_brand?post=247818"},{"taxonomy":"product_cat","embeddable":true,"href":"https:\/\/mendomedical.ca\/fr\/wp-json\/wp\/v2\/product_cat?post=247818"},{"taxonomy":"product_tag","embeddable":true,"href":"https:\/\/mendomedical.ca\/fr\/wp-json\/wp\/v2\/product_tag?post=247818"},{"taxonomy":"product_format_filter","embeddable":true,"href":"https:\/\/mendomedical.ca\/fr\/wp-json\/wp\/v2\/product_format_filter?post=247818"}],"curies":[{"name":"wp","href":"https:\/\/api.w.org\/{rel}","templated":true}]}}