{"id":247772,"date":"2025-08-26T00:45:59","date_gmt":"2025-08-26T04:45:59","guid":{"rendered":"https:\/\/mendomedical.ca\/?post_type=product&#038;p=247772"},"modified":"2026-04-26T12:33:46","modified_gmt":"2026-04-26T16:33:46","slug":"creme-nano-cbd-de-force-maximale-3000mg-the-healer","status":"publish","type":"product","link":"https:\/\/mendomedical.ca\/fr\/produit\/creme-nano-cbd-de-force-maximale-3000mg-the-healer\/","title":{"rendered":"Cr\u00e8me Nano CBD de force maximale 3000MG The Healer"},"content":{"rendered":"","protected":false},"excerpt":{"rendered":"<div class=\"ExternalClassFB656EFD2B364BEFAD92B1506EDD6826\">\n<h3>Maximum Strength Nano CBD Cream 3000MG The Healer - Pure Trichomes<\/h3>\n<p>Faites l&rsquo;exp\u00e9rience d&rsquo;un soulagement topique avanc\u00e9 avec The Healer, une cr\u00e8me premium \u00e0 base de nano CBD contenant 3000mg d&rsquo;isolat de CBD de haute qualit\u00e9. Cette formulation innovante associe du CBD nano-\u00e9mulsifi\u00e9 \u00e0 des huiles essentielles extraites au CO2 pour cr\u00e9er une solution topique puissante et inodore qui peut apporter un confort cibl\u00e9 l\u00e0 o\u00f9 vous en avez le plus besoin.<\/p>\n<h4>Caract\u00e9ristiques principales<\/h4>\n<p>- Technologie avanc\u00e9e de nano-\u00e9mulsion pour une meilleure absorption et biodisponibilit\u00e9<br \/>\n- Concentration puissante de 3000 mg de CBD pour un soulagement maximal<br \/>\n- Formule profond\u00e9ment hydratante \u00e0 base de beurres et d&rsquo;huiles naturels<br \/>\n- Application inodore pour une utilisation discr\u00e8te<br \/>\n- Fabriqu\u00e9 \u00e0 partir d&rsquo;huiles essentielles de premi\u00e8re qualit\u00e9 extraites au CO2<\/p>\n<h4>Syst\u00e8me de livraison am\u00e9lior\u00e9<\/h4>\n<p>The Healer utilise la technologie de pointe des nano-\u00e9mulsions, qui d\u00e9compose les particules de CBD en gouttelettes microscopiques. Ce processus scientifique permet une p\u00e9n\u00e9tration plus profonde dans la peau et une apparition potentiellement plus rapide des effets. Le m\u00e9lange soigneusement s\u00e9lectionn\u00e9 d&rsquo;ingr\u00e9dients naturels, dont le beurre de karit\u00e9, le beurre de graines de mangue et l&rsquo;huile de coco, cr\u00e9e une base nourrissante qui aide \u00e0 diffuser efficacement le CBD tout en hydratant la peau.<\/p>\n<h4>Pourquoi choisir les produits topiques au CBD ?<\/h4>\n<p>Les produits topiques \u00e0 base de CBD offrent une approche cibl\u00e9e du bien-\u00eatre, vous permettant d&rsquo;appliquer le produit directement l\u00e0 o\u00f9 il est n\u00e9cessaire. Ils conviennent particuli\u00e8rement aux patients qui consomment du cannabis \u00e0 des fins m\u00e9dicales et qui recherchent un soulagement localis\u00e9 sans effets syst\u00e9miques. La forte concentration et le syst\u00e8me d&rsquo;administration avanc\u00e9 de The Healer en font un excellent choix pour ceux qui ont besoin d&rsquo;une option topique puissante.<\/p>\n<h4>Exp\u00e9dition dans tout le Canada<\/h4>\n<p>Nous offrons une livraison rapide et discr\u00e8te \u00e0 travers le Canada pour The Healer Nano CBD Cream. Les commandes de plus de 150 $ sont admissibles \u00e0 la livraison gratuite. Notre emballage s\u00e9curis\u00e9 garantit que votre produit arrive en toute s\u00e9curit\u00e9 et qu&rsquo;il conserve son int\u00e9grit\u00e9 pendant le transport.<\/p>\n<h4>Avantages et couverture pour les anciens combattants<\/h4>\n<p>La cr\u00e8me Healer Nano CBD Cream est admissible \u00e0 la couverture d&rsquo;Anciens Combattants Canada (ACC) avec facturation directe par l&rsquo;entremise de la Croix Bleue, ce qui signifie que les anciens combattants admissibles n&rsquo;ont pas \u00e0 d\u00e9bourser d&rsquo;argent. Vous n&rsquo;avez pas encore votre carte de cannabis m\u00e9dical ? <a href=\"https:\/\/mendomedical.ca\/fr\/carte-medicale\/\">Cliquez ici<\/a> pour obtenir rapidement et facilement votre carte m\u00e9dicale gratuite par l&rsquo;interm\u00e9diaire de Mendo Medical.<\/p>\n<p>&nbsp;<\/p>\n<\/div>\n<p><b>Ingr\u00e9dients :<br \/>\nAQUA 45-70%GLYCERIN 8-22%BUTYROSPERMUM PARKII BUTTER 7-23%ALOE BARBADENSIS FLOWER EXTRACT 1-13%MANGIFERA INDICA SEED BUTTER 1-13%COS NUCIFERA OIL 1-13%PROPRIETARY CANNABIDIOL* 0.1-12%PROPRIETARY OIL BLEND* 0.1-10%GLYCERYL STEARATE 1-8%HELIANTHUS ANNUUS SEED OIL 1-6%PRUNUS ARMENIACA SEED OIL 1-6%CERA ALBA 1-6%SODIUM LEVULINATE 0.1-1.5%ETHOXYLATED SORBITAN MONOOLEATE 0.1-1.5%TOCOPHEROL 0.1-1.5%XANTHAN GUM 0.1-1.5%<\/b><\/p>\n","protected":false},"featured_media":247766,"comment_status":"open","ping_status":"closed","template":"","meta":{"_acf_changed":false,"site-sidebar-layout":"default","site-content-layout":"","ast-site-content-layout":"default","site-content-style":"default","site-sidebar-style":"default","ast-global-header-display":"","ast-banner-title-visibility":"","ast-main-header-display":"","ast-hfb-above-header-display":"","ast-hfb-below-header-display":"","ast-hfb-mobile-header-display":"","site-post-title":"","ast-breadcrumbs-content":"","ast-featured-img":"","footer-sml-layout":"","ast-disable-related-posts":"","theme-transparent-header-meta":"default","adv-header-id-meta":"","stick-header-meta":"","header-above-stick-meta":"","header-main-stick-meta":"","header-below-stick-meta":"","astra-migrate-meta-layouts":"set","ast-page-background-enabled":"default","ast-page-background-meta":{"desktop":{"background-color":"var(--ast-global-color-4)","background-image":"","background-repeat":"repeat","background-position":"center center","background-size":"auto","background-attachment":"scroll","background-type":"","background-media":"","overlay-type":"","overlay-color":"","overlay-opacity":"","overlay-gradient":""},"tablet":{"background-color":"","background-image":"","background-repeat":"repeat","background-position":"center center","background-size":"auto","background-attachment":"scroll","background-type":"","background-media":"","overlay-type":"","overlay-color":"","overlay-opacity":"","overlay-gradient":""},"mobile":{"background-color":"","background-image":"","background-repeat":"repeat","background-position":"center center","background-size":"auto","background-attachment":"scroll","background-type":"","background-media":"","overlay-type":"","overlay-color":"","overlay-opacity":"","overlay-gradient":""}},"ast-content-background-meta":{"desktop":{"background-color":"var(--ast-global-color-5)","background-image":"","background-repeat":"repeat","background-position":"center center","background-size":"auto","background-attachment":"scroll","background-type":"","background-media":"","overlay-type":"","overlay-color":"","overlay-opacity":"","overlay-gradient":""},"tablet":{"background-color":"var(--ast-global-color-5)","background-image":"","background-repeat":"repeat","background-position":"center center","background-size":"auto","background-attachment":"scroll","background-type":"","background-media":"","overlay-type":"","overlay-color":"","overlay-opacity":"","overlay-gradient":""},"mobile":{"background-color":"var(--ast-global-color-5)","background-image":"","background-repeat":"repeat","background-position":"center center","background-size":"auto","background-attachment":"scroll","background-type":"","background-media":"","overlay-type":"","overlay-color":"","overlay-opacity":"","overlay-gradient":""}}},"product_brand":[],"product_cat":[1153,1150],"product_tag":[],"product_format_filter":[6390],"class_list":{"0":"post-247772","1":"product","2":"type-product","3":"status-publish","4":"has-post-thumbnail","6":"product_cat-cremes","7":"product_cat-topiques","8":"pa_intensity-eleve-en-cbd","9":"pa_marques-trichomes-purs","10":"pa_origin-quebec-fr","11":"pa_type-de-plante-cbd-fr","12":"product_format_filter-5g","13":"desktop-align-left","14":"tablet-align-left","15":"mobile-align-left","17":"first","18":"instock","19":"taxable","20":"shipping-taxable","21":"purchasable","22":"product-type-simple"},"group_of_quantity":0,"min_quantity":0,"max_quantity":"","exclude_order_quantity_value_rules":"no","exclude_category_quantity_rules":"no","combine_variations":"no","acf":[],"_links":{"self":[{"href":"https:\/\/mendomedical.ca\/fr\/wp-json\/wp\/v2\/product\/247772","targetHints":{"allow":["GET"]}}],"collection":[{"href":"https:\/\/mendomedical.ca\/fr\/wp-json\/wp\/v2\/product"}],"about":[{"href":"https:\/\/mendomedical.ca\/fr\/wp-json\/wp\/v2\/types\/product"}],"replies":[{"embeddable":true,"href":"https:\/\/mendomedical.ca\/fr\/wp-json\/wp\/v2\/comments?post=247772"}],"wp:featuredmedia":[{"embeddable":true,"href":"https:\/\/mendomedical.ca\/fr\/wp-json\/wp\/v2\/media\/247766"}],"wp:attachment":[{"href":"https:\/\/mendomedical.ca\/fr\/wp-json\/wp\/v2\/media?parent=247772"}],"wp:term":[{"taxonomy":"product_brand","embeddable":true,"href":"https:\/\/mendomedical.ca\/fr\/wp-json\/wp\/v2\/product_brand?post=247772"},{"taxonomy":"product_cat","embeddable":true,"href":"https:\/\/mendomedical.ca\/fr\/wp-json\/wp\/v2\/product_cat?post=247772"},{"taxonomy":"product_tag","embeddable":true,"href":"https:\/\/mendomedical.ca\/fr\/wp-json\/wp\/v2\/product_tag?post=247772"},{"taxonomy":"product_format_filter","embeddable":true,"href":"https:\/\/mendomedical.ca\/fr\/wp-json\/wp\/v2\/product_format_filter?post=247772"}],"curies":[{"name":"wp","href":"https:\/\/api.w.org\/{rel}","templated":true}]}}