{"id":247561,"date":"2024-07-02T12:00:14","date_gmt":"2024-07-02T16:00:14","guid":{"rendered":"https:\/\/mendomedical.ca\/product\/le-baton-de-la-sensation\/"},"modified":"2026-04-16T22:26:34","modified_gmt":"2026-04-17T02:26:34","slug":"le-baton-de-la-sensation","status":"publish","type":"product","link":"https:\/\/mendomedical.ca\/fr\/produit\/le-baton-de-la-sensation\/","title":{"rendered":"The Feel Stick"},"content":{"rendered":"","protected":false},"excerpt":{"rendered":"<div class=\"ExternalClass0C88D28B5ED844B0B9FD7015E8079845\">\n<h1>Le Feel Stick d&rsquo;Ufeelu<\/h1>\n<p>Faites l&rsquo;exp\u00e9rience d&rsquo;un soulagement cibl\u00e9 avec The Feel Stick, un topique de premi\u00e8re qualit\u00e9 \u00e0 large spectre contenant un m\u00e9lange pr\u00e9cis\u00e9ment dos\u00e9 de 500 mg de CBD, 100 mg de CBG et 100 mg de CBC. Ce b\u00e2ton de pommade innovant et sans d\u00e9g\u00e2ts procure une sensation de fra\u00eecheur et de picotement gr\u00e2ce \u00e0 sa formulation naturelle \u00e0 base de beurre de cacao et de cire d&rsquo;abeille, enrichie d&rsquo;huiles essentielles th\u00e9rapeutiques. <\/p>\n<h3>Caract\u00e9ristiques principales du produit<\/h3>\n<p>- Formule \u00e0 large spectre avec 500 mg de CBD, 100 mg de CBG et 100 mg de CBC<br \/>\n- Application sans bavure Format stick pour un ciblage pr\u00e9cis<br \/>\n- Base naturelle de beurre de cacao et de cire d&rsquo;abeille pour une application en douceur<br \/>\n- Sensation de refroidissement et de picotement pour les muscles et les articulations<br \/>\n- Conception discr\u00e8te et portable pour un soulagement en d\u00e9placement<\/p>\n<h3>Profil aromatique et sensoriel<\/h3>\n<p>Le Feel Stick offre une exp\u00e9rience aromatique sophistiqu\u00e9e combinant des notes subtiles de camphre et de menthol, harmonieusement \u00e9quilibr\u00e9es avec des huiles essentielles rafra\u00eechissantes de citronnelle et de citron-eucalyptus. Sa formulation procure une douce sensation de fra\u00eecheur et de picotement d\u00e8s l&rsquo;application, ce qui en fait un produit id\u00e9al pour une utilisation cibl\u00e9e sur les muscles et les articulations. <\/p>\n<h3>Ingr\u00e9dients naturels<\/h3>\n<p>Fabriqu\u00e9 avec soin \u00e0 partir d&rsquo;ingr\u00e9dients naturels tels que le beurre de cacao, la cire d&rsquo;abeille, le menthol, le camphre et les huiles essentielles de citronnelle et de citron-eucalyptus, combin\u00e9s \u00e0 de l&rsquo;extrait de cannabis de premi\u00e8re qualit\u00e9.<\/p>\n<h3>Pourquoi choisir les produits topiques ?<\/h3>\n<p>Les topiques offrent une approche cibl\u00e9e du bien-\u00eatre, permettant une application directe sur des zones sp\u00e9cifiques. Ils constituent une excellente option pour ceux qui recherchent des effets localis\u00e9s sans impact syst\u00e9mique, ce qui les rend adapt\u00e9s \u00e0 un usage quotidien et \u00e0 un mode de vie actif. <\/p>\n<h3>Exp\u00e9dition dans tout le Canada<\/h3>\n<p>Nous assurons une livraison rapide et fiable dans tout le Canada. Profitez de la livraison gratuite pour les commandes de plus de 150 $. La formulation solide du Feel Stick garantit une exp\u00e9dition stable dans toutes les conditions m\u00e9t\u00e9orologiques.  <\/p>\n<h3>Avantages et couverture pour les anciens combattants<\/h3>\n<p>Le Feel Stick est admissible \u00e0 la couverture d&rsquo;ACC et \u00e0 la facturation directe par l&rsquo;entremise de la Croix Bleue, ce qui fait en sorte que les anciens combattants admissibles n&rsquo;ont aucuns frais \u00e0 d\u00e9bourser. Vous n&rsquo;avez pas encore votre carte m\u00e9dicale ? <a href=\"https:\/\/mendomedical.ca\/fr\/carte-medicale\/\">Obtenez votre carte m\u00e9dicale gratuite rapidement et facilement ici.<\/a> <\/p>\n<\/div>\n","protected":false},"featured_media":247556,"comment_status":"open","ping_status":"closed","template":"","meta":{"_acf_changed":false,"site-sidebar-layout":"default","site-content-layout":"","ast-site-content-layout":"default","site-content-style":"default","site-sidebar-style":"default","ast-global-header-display":"","ast-banner-title-visibility":"","ast-main-header-display":"","ast-hfb-above-header-display":"","ast-hfb-below-header-display":"","ast-hfb-mobile-header-display":"","site-post-title":"","ast-breadcrumbs-content":"","ast-featured-img":"","footer-sml-layout":"","ast-disable-related-posts":"","theme-transparent-header-meta":"default","adv-header-id-meta":"","stick-header-meta":"","header-above-stick-meta":"","header-main-stick-meta":"","header-below-stick-meta":"","astra-migrate-meta-layouts":"set","ast-page-background-enabled":"default","ast-page-background-meta":{"desktop":{"background-color":"var(--ast-global-color-4)","background-image":"","background-repeat":"repeat","background-position":"center center","background-size":"auto","background-attachment":"scroll","background-type":"","background-media":"","overlay-type":"","overlay-color":"","overlay-opacity":"","overlay-gradient":""},"tablet":{"background-color":"","background-image":"","background-repeat":"repeat","background-position":"center center","background-size":"auto","background-attachment":"scroll","background-type":"","background-media":"","overlay-type":"","overlay-color":"","overlay-opacity":"","overlay-gradient":""},"mobile":{"background-color":"","background-image":"","background-repeat":"repeat","background-position":"center center","background-size":"auto","background-attachment":"scroll","background-type":"","background-media":"","overlay-type":"","overlay-color":"","overlay-opacity":"","overlay-gradient":""}},"ast-content-background-meta":{"desktop":{"background-color":"var(--ast-global-color-5)","background-image":"","background-repeat":"repeat","background-position":"center center","background-size":"auto","background-attachment":"scroll","background-type":"","background-media":"","overlay-type":"","overlay-color":"","overlay-opacity":"","overlay-gradient":""},"tablet":{"background-color":"var(--ast-global-color-5)","background-image":"","background-repeat":"repeat","background-position":"center center","background-size":"auto","background-attachment":"scroll","background-type":"","background-media":"","overlay-type":"","overlay-color":"","overlay-opacity":"","overlay-gradient":""},"mobile":{"background-color":"var(--ast-global-color-5)","background-image":"","background-repeat":"repeat","background-position":"center center","background-size":"auto","background-attachment":"scroll","background-type":"","background-media":"","overlay-type":"","overlay-color":"","overlay-opacity":"","overlay-gradient":""}}},"product_brand":[],"product_cat":[1155,1150],"product_tag":[],"product_format_filter":[6460],"class_list":{"0":"post-247561","1":"product","2":"type-product","3":"status-publish","4":"has-post-thumbnail","6":"product_cat-rouleaux","7":"product_cat-topiques","8":"pa_intensity-eleve-en-cbd","9":"pa_intensity-low-cbc-fr","10":"pa_intensity-med-cbg-fr","11":"pa_marques-ufeelu-fr","12":"pa_origin-ontario-fr","13":"product_format_filter-28-5g","14":"desktop-align-left","15":"tablet-align-left","16":"mobile-align-left","18":"first","19":"instock","20":"taxable","21":"shipping-taxable","22":"purchasable","23":"product-type-simple"},"group_of_quantity":0,"min_quantity":0,"max_quantity":"","exclude_order_quantity_value_rules":"no","exclude_category_quantity_rules":"no","combine_variations":"no","acf":[],"_links":{"self":[{"href":"https:\/\/mendomedical.ca\/fr\/wp-json\/wp\/v2\/product\/247561","targetHints":{"allow":["GET"]}}],"collection":[{"href":"https:\/\/mendomedical.ca\/fr\/wp-json\/wp\/v2\/product"}],"about":[{"href":"https:\/\/mendomedical.ca\/fr\/wp-json\/wp\/v2\/types\/product"}],"replies":[{"embeddable":true,"href":"https:\/\/mendomedical.ca\/fr\/wp-json\/wp\/v2\/comments?post=247561"}],"wp:featuredmedia":[{"embeddable":true,"href":"https:\/\/mendomedical.ca\/fr\/wp-json\/wp\/v2\/media\/247556"}],"wp:attachment":[{"href":"https:\/\/mendomedical.ca\/fr\/wp-json\/wp\/v2\/media?parent=247561"}],"wp:term":[{"taxonomy":"product_brand","embeddable":true,"href":"https:\/\/mendomedical.ca\/fr\/wp-json\/wp\/v2\/product_brand?post=247561"},{"taxonomy":"product_cat","embeddable":true,"href":"https:\/\/mendomedical.ca\/fr\/wp-json\/wp\/v2\/product_cat?post=247561"},{"taxonomy":"product_tag","embeddable":true,"href":"https:\/\/mendomedical.ca\/fr\/wp-json\/wp\/v2\/product_tag?post=247561"},{"taxonomy":"product_format_filter","embeddable":true,"href":"https:\/\/mendomedical.ca\/fr\/wp-json\/wp\/v2\/product_format_filter?post=247561"}],"curies":[{"name":"wp","href":"https:\/\/api.w.org\/{rel}","templated":true}]}}