{"id":246692,"date":"2025-09-22T21:00:36","date_gmt":"2025-09-23T01:00:36","guid":{"rendered":"https:\/\/mendomedical.ca\/product\/reve-bleu\/"},"modified":"2026-04-06T23:54:51","modified_gmt":"2026-04-07T03:54:51","slug":"blue-dream","status":"publish","type":"product","link":"https:\/\/mendomedical.ca\/fr\/produit\/blue-dream\/","title":{"rendered":"Blue Dream"},"content":{"rendered":"","protected":false},"excerpt":{"rendered":"<div class=\"ExternalClass8886EEECBCD34BFD9C93E0B9AEE5F955\">\n<h3>Blue Dream by 1964 - Fleur de cannabis de qualit\u00e9 sup\u00e9rieure (7g)<\/h3>\n<h4>Terp\u00e8nes totaux : 2,14%.<\/h4>\n<p><strong>Faites l&rsquo;exp\u00e9rience d&rsquo;un classique parfaitement \u00e9quilibr\u00e9 avec la Blue Dream de 1964. Cet hybride l\u00e9gendaire \u00e0 dominante Sativa, n\u00e9 du mariage des g\u00e9n\u00e9tiques Blueberry et Haze, r\u00e9unit le meilleur des deux mondes. Avec une teneur en terp\u00e8nes totaux de 2,14 %, ce cultivar polyvalent offre une exp\u00e9rience raffin\u00e9e adapt\u00e9e \u00e0 diff\u00e9rents moments de la journ\u00e9e. <\/strong><\/p>\n<h4>Caract\u00e9ristiques principales du produit<\/h4>\n<p>- Format premium de 7g de fleur taill\u00e9e \u00e0 la main<br \/>\n- Profil terp\u00e9nique robuste de 2,14%.<br \/>\n- G\u00e9n\u00e9tique classique Blueberry x Haze<br \/>\n- Soigneusement cultiv\u00e9 par un producteur de longue date 1964<br \/>\n- Convient aux utilisateurs novices et exp\u00e9riment\u00e9s<\/p>\n<h4>Profil des terp\u00e8nes et des ar\u00f4mes<\/h4>\n<p>Blue Dream offre une exp\u00e9rience aromatique captivante domin\u00e9e par des notes sucr\u00e9es de myrtille, compl\u00e9t\u00e9es par des notes herbac\u00e9es. Le profil terp\u00e9nique complexe contribue \u00e0 son ar\u00f4me caract\u00e9ristique et \u00e0 ses effets \u00e9quilibr\u00e9s.<\/p>\n<h4>Pourquoi choisir Premium Flower ?<\/h4>\n<p>La fleur s\u00e9ch\u00e9e de premi\u00e8re qualit\u00e9 offre aux utilisateurs m\u00e9dicaux un contr\u00f4le total sur leur m\u00e9thode de consommation et leur dosage. Le profil \u00e9quilibr\u00e9 de Blue Dream en fait une option polyvalente pour les patients de cannabis m\u00e9dical \u00e0 la recherche d&rsquo;une exp\u00e9rience coh\u00e9rente.<\/p>\n<h4>Exp\u00e9dition dans tout le Canada<\/h4>\n<p>Profitez d&rsquo;une livraison rapide et discr\u00e8te \u00e0 travers le Canada avec Mendo Medical. Les commandes de plus de 150 $ sont admissibles \u00e0 la livraison gratuite, ce qui vous permet de maintenir votre approvisionnement en cannabis m\u00e9dical.<\/p>\n<h4>Avantages et couverture pour les anciens combattants<\/h4>\n<p>R\u00eave Bleu est admissible \u00e0 la couverture d&rsquo;Anciens Combattants Canada (ACC) avec facturation directe par l&rsquo;entremise de la Croix Bleue, ce qui \u00e9limine les frais \u00e0 d\u00e9bourser. Vous n&rsquo;avez pas encore votre carte m\u00e9dicale ? <a href=\"https:\/\/mendomedical.ca\/fr\/carte-medicale\/\">Obtenez votre carte m\u00e9dicale gratuite rapidement et facilement gr\u00e2ce \u00e0 notre processus en ligne<\/a>.<\/p>\n<\/div>\n","protected":false},"featured_media":246609,"comment_status":"open","ping_status":"closed","template":"","meta":{"_acf_changed":false,"site-sidebar-layout":"default","site-content-layout":"","ast-site-content-layout":"default","site-content-style":"default","site-sidebar-style":"default","ast-global-header-display":"","ast-banner-title-visibility":"","ast-main-header-display":"","ast-hfb-above-header-display":"","ast-hfb-below-header-display":"","ast-hfb-mobile-header-display":"","site-post-title":"","ast-breadcrumbs-content":"","ast-featured-img":"","footer-sml-layout":"","ast-disable-related-posts":"","theme-transparent-header-meta":"default","adv-header-id-meta":"","stick-header-meta":"","header-above-stick-meta":"","header-main-stick-meta":"","header-below-stick-meta":"","astra-migrate-meta-layouts":"set","ast-page-background-enabled":"default","ast-page-background-meta":{"desktop":{"background-color":"var(--ast-global-color-4)","background-image":"","background-repeat":"repeat","background-position":"center center","background-size":"auto","background-attachment":"scroll","background-type":"","background-media":"","overlay-type":"","overlay-color":"","overlay-opacity":"","overlay-gradient":""},"tablet":{"background-color":"","background-image":"","background-repeat":"repeat","background-position":"center center","background-size":"auto","background-attachment":"scroll","background-type":"","background-media":"","overlay-type":"","overlay-color":"","overlay-opacity":"","overlay-gradient":""},"mobile":{"background-color":"","background-image":"","background-repeat":"repeat","background-position":"center center","background-size":"auto","background-attachment":"scroll","background-type":"","background-media":"","overlay-type":"","overlay-color":"","overlay-opacity":"","overlay-gradient":""}},"ast-content-background-meta":{"desktop":{"background-color":"var(--ast-global-color-5)","background-image":"","background-repeat":"repeat","background-position":"center center","background-size":"auto","background-attachment":"scroll","background-type":"","background-media":"","overlay-type":"","overlay-color":"","overlay-opacity":"","overlay-gradient":""},"tablet":{"background-color":"var(--ast-global-color-5)","background-image":"","background-repeat":"repeat","background-position":"center center","background-size":"auto","background-attachment":"scroll","background-type":"","background-media":"","overlay-type":"","overlay-color":"","overlay-opacity":"","overlay-gradient":""},"mobile":{"background-color":"var(--ast-global-color-5)","background-image":"","background-repeat":"repeat","background-position":"center center","background-size":"auto","background-attachment":"scroll","background-type":"","background-media":"","overlay-type":"","overlay-color":"","overlay-opacity":"","overlay-gradient":""}}},"product_brand":[],"product_cat":[1137],"product_tag":[],"product_format_filter":[6373],"class_list":{"0":"post-246692","1":"product","2":"type-product","3":"status-publish","4":"has-post-thumbnail","6":"product_cat-fleur","7":"pa_flavours-fruite","8":"pa_flavours-a-base-de-plantes","9":"pa_flavours-doux","10":"pa_intensity-thc-moyen","11":"pa_marques-1964-fr","12":"pa_origin-colombie-britannique-fr","13":"pa_packaging-date-02-04-2026","14":"pa_prix-par-gramme-8-57","15":"pa_type-de-plante-hybride-fr","16":"product_format_filter-7g","17":"desktop-align-left","18":"tablet-align-left","19":"mobile-align-left","21":"first","22":"outofstock","23":"taxable","24":"shipping-taxable","25":"purchasable","26":"product-type-simple"},"group_of_quantity":0,"min_quantity":0,"max_quantity":"","exclude_order_quantity_value_rules":"no","exclude_category_quantity_rules":"no","combine_variations":"no","acf":[],"_links":{"self":[{"href":"https:\/\/mendomedical.ca\/fr\/wp-json\/wp\/v2\/product\/246692","targetHints":{"allow":["GET"]}}],"collection":[{"href":"https:\/\/mendomedical.ca\/fr\/wp-json\/wp\/v2\/product"}],"about":[{"href":"https:\/\/mendomedical.ca\/fr\/wp-json\/wp\/v2\/types\/product"}],"replies":[{"embeddable":true,"href":"https:\/\/mendomedical.ca\/fr\/wp-json\/wp\/v2\/comments?post=246692"}],"wp:featuredmedia":[{"embeddable":true,"href":"https:\/\/mendomedical.ca\/fr\/wp-json\/wp\/v2\/media\/246609"}],"wp:attachment":[{"href":"https:\/\/mendomedical.ca\/fr\/wp-json\/wp\/v2\/media?parent=246692"}],"wp:term":[{"taxonomy":"product_brand","embeddable":true,"href":"https:\/\/mendomedical.ca\/fr\/wp-json\/wp\/v2\/product_brand?post=246692"},{"taxonomy":"product_cat","embeddable":true,"href":"https:\/\/mendomedical.ca\/fr\/wp-json\/wp\/v2\/product_cat?post=246692"},{"taxonomy":"product_tag","embeddable":true,"href":"https:\/\/mendomedical.ca\/fr\/wp-json\/wp\/v2\/product_tag?post=246692"},{"taxonomy":"product_format_filter","embeddable":true,"href":"https:\/\/mendomedical.ca\/fr\/wp-json\/wp\/v2\/product_format_filter?post=246692"}],"curies":[{"name":"wp","href":"https:\/\/api.w.org\/{rel}","templated":true}]}}