{"id":246599,"date":"2025-12-23T08:05:38","date_gmt":"2025-12-23T13:05:38","guid":{"rendered":"https:\/\/mendomedical.ca\/product\/fraise-et-goyave\/"},"modified":"2025-12-28T11:55:01","modified_gmt":"2025-12-28T16:55:01","slug":"strawberr-guava-fr","status":"publish","type":"product","link":"https:\/\/mendomedical.ca\/fr\/produit\/strawberr-guava-fr\/","title":{"rendered":"Strawberry Guava"},"content":{"rendered":"","protected":false},"excerpt":{"rendered":"<div class=\"ExternalClassD8351DD748D34D30A670989B71CF6375\">\n<h1>Simply Bare BC Organic Strawberry Guava - Fleur de cannabis de qualit\u00e9 sup\u00e9rieure (7g)<\/h1>\n<h4>Strawberry Banana x Papaya<\/h4>\n<p><strong>BC Organic Strawberry Guava de Simply Bare repr\u00e9sente la culture de cannabis de premi\u00e8re qualit\u00e9 dans ce qu&rsquo;elle a de meilleur. Cet hybride exceptionnel, n\u00e9 d&rsquo;un croisement entre la banane fraise et la papaye, offre un m\u00e9lange sophistiqu\u00e9 de saveurs et d&rsquo;effets. Chaque pot de 7 grammes contient des cocottes m\u00e9ticuleusement taill\u00e9es \u00e0 la main, cultiv\u00e9es dans un sol vivant biologique pour garantir une qualit\u00e9 et une puissance sup\u00e9rieures. <\/strong><\/p>\n<h3>Points forts du produit<\/h3>\n<p>- Cultiv\u00e9 biologiquement en Colombie Britannique en utilisant des techniques de sol vivant<br \/>\n- Des cocottes d&rsquo;un vert \u00e9clatant orn\u00e9es de pistils d&rsquo;un orange saisissant.<br \/>\n- Par\u00e9s \u00e0 la main et soigneusement emball\u00e9s dans des bocaux en verre de premi\u00e8re qualit\u00e9<br \/>\n- Profil aromatique distinctif de fraise et de yaourt cr\u00e9meux<br \/>\n- Cultiv\u00e9 pour offrir une exp\u00e9rience stimulante<\/p>\n<h3>Profil des terp\u00e8nes et des ar\u00f4mes<\/h3>\n<p>Strawberry Guava pr\u00e9sente un voyage aromatique captivant, commen\u00e7ant par des notes de fraises fra\u00eeches compl\u00e9t\u00e9es par des nuances cr\u00e9meuses. Le profil aromatique conserve sa complexit\u00e9 gr\u00e2ce \u00e0 un m\u00e9lange harmonieux d&rsquo;\u00e9l\u00e9ments sucr\u00e9s et terreux, faisant de chaque session une exp\u00e9rience unique.<\/p>\n<h3>Pourquoi choisir les fleurs de cannabis de qualit\u00e9 sup\u00e9rieure ?<\/h3>\n<p>La fleur de cannabis de qualit\u00e9 sup\u00e9rieure offre la forme de consommation la plus naturelle et la plus traditionnelle, permettant aux patients d&rsquo;appr\u00e9cier pleinement les effets et les propri\u00e9t\u00e9s aromatiques de la plante. Le format de la fleur enti\u00e8re permet aux utilisateurs de contr\u00f4ler totalement leur m\u00e9thode de consommation et leur dosage, ce qui en fait un excellent choix pour les patients qui consomment du cannabis \u00e0 des fins m\u00e9dicales.<\/p>\n<h3>Exp\u00e9dition dans tout le Canada<\/h3>\n<p>Profitez de la commodit\u00e9 d&rsquo;une livraison de goyaves aux fraises directement \u00e0 votre porte, partout au Canada. Profitez de la livraison gratuite pour les commandes de plus de 150 $, avec un traitement rapide et un emballage discret garantis.<\/p>\n<h3>Avantages et couverture pour les anciens combattants<\/h3>\n<p>Les patients m\u00e9dicaux inscrits aupr\u00e8s d&rsquo;Anciens Combattants Canada peuvent avoir acc\u00e8s \u00e0 Strawberry Guava gr\u00e2ce \u00e0 leur couverture d&rsquo;ACC. Nous offrons la facturation directe par l&rsquo;entremise de la Croix Bleue, ce qui \u00e9limine les d\u00e9penses personnelles. Vous n&rsquo;avez pas encore votre carte m\u00e9dicale ? <a href=\"https:\/\/mendomedical.ca\/fr\/carte-medicale\/\">Faites une demande ici<\/a> pour une inscription rapide et facile.<\/p>\n<\/div>\n","protected":false},"featured_media":246591,"comment_status":"open","ping_status":"closed","template":"","meta":{"_acf_changed":false,"site-sidebar-layout":"default","site-content-layout":"","ast-site-content-layout":"default","site-content-style":"default","site-sidebar-style":"default","ast-global-header-display":"","ast-banner-title-visibility":"","ast-main-header-display":"","ast-hfb-above-header-display":"","ast-hfb-below-header-display":"","ast-hfb-mobile-header-display":"","site-post-title":"","ast-breadcrumbs-content":"","ast-featured-img":"","footer-sml-layout":"","ast-disable-related-posts":"","theme-transparent-header-meta":"default","adv-header-id-meta":"","stick-header-meta":"","header-above-stick-meta":"","header-main-stick-meta":"","header-below-stick-meta":"","astra-migrate-meta-layouts":"set","ast-page-background-enabled":"default","ast-page-background-meta":{"desktop":{"background-color":"var(--ast-global-color-4)","background-image":"","background-repeat":"repeat","background-position":"center center","background-size":"auto","background-attachment":"scroll","background-type":"","background-media":"","overlay-type":"","overlay-color":"","overlay-opacity":"","overlay-gradient":""},"tablet":{"background-color":"","background-image":"","background-repeat":"repeat","background-position":"center center","background-size":"auto","background-attachment":"scroll","background-type":"","background-media":"","overlay-type":"","overlay-color":"","overlay-opacity":"","overlay-gradient":""},"mobile":{"background-color":"","background-image":"","background-repeat":"repeat","background-position":"center center","background-size":"auto","background-attachment":"scroll","background-type":"","background-media":"","overlay-type":"","overlay-color":"","overlay-opacity":"","overlay-gradient":""}},"ast-content-background-meta":{"desktop":{"background-color":"var(--ast-global-color-5)","background-image":"","background-repeat":"repeat","background-position":"center center","background-size":"auto","background-attachment":"scroll","background-type":"","background-media":"","overlay-type":"","overlay-color":"","overlay-opacity":"","overlay-gradient":""},"tablet":{"background-color":"var(--ast-global-color-5)","background-image":"","background-repeat":"repeat","background-position":"center center","background-size":"auto","background-attachment":"scroll","background-type":"","background-media":"","overlay-type":"","overlay-color":"","overlay-opacity":"","overlay-gradient":""},"mobile":{"background-color":"var(--ast-global-color-5)","background-image":"","background-repeat":"repeat","background-position":"center center","background-size":"auto","background-attachment":"scroll","background-type":"","background-media":"","overlay-type":"","overlay-color":"","overlay-opacity":"","overlay-gradient":""}}},"product_brand":[],"product_cat":[1137],"product_tag":[],"product_format_filter":[6373],"class_list":{"0":"post-246599","1":"product","2":"type-product","3":"status-publish","4":"has-post-thumbnail","6":"product_cat-fleur","7":"pa_flavours-goyave-fraise","8":"pa_flavours-terreux","9":"pa_intensity-thc-eleve","10":"pa_marques-simply-bare-organic-fr","11":"pa_origin-colombie-britannique-fr","12":"pa_packaging-date-07-28-2025-fr","13":"pa_prix-par-gramme-9-28-fr","14":"pa_type-de-plante-hybride-indica-fr","15":"product_format_filter-7g","16":"desktop-align-left","17":"tablet-align-left","18":"mobile-align-left","20":"first","21":"outofstock","22":"taxable","23":"shipping-taxable","24":"purchasable","25":"product-type-simple"},"group_of_quantity":0,"min_quantity":0,"max_quantity":"","exclude_order_quantity_value_rules":"no","exclude_category_quantity_rules":"no","combine_variations":"no","acf":[],"_links":{"self":[{"href":"https:\/\/mendomedical.ca\/fr\/wp-json\/wp\/v2\/product\/246599","targetHints":{"allow":["GET"]}}],"collection":[{"href":"https:\/\/mendomedical.ca\/fr\/wp-json\/wp\/v2\/product"}],"about":[{"href":"https:\/\/mendomedical.ca\/fr\/wp-json\/wp\/v2\/types\/product"}],"replies":[{"embeddable":true,"href":"https:\/\/mendomedical.ca\/fr\/wp-json\/wp\/v2\/comments?post=246599"}],"wp:featuredmedia":[{"embeddable":true,"href":"https:\/\/mendomedical.ca\/fr\/wp-json\/wp\/v2\/media\/246591"}],"wp:attachment":[{"href":"https:\/\/mendomedical.ca\/fr\/wp-json\/wp\/v2\/media?parent=246599"}],"wp:term":[{"taxonomy":"product_brand","embeddable":true,"href":"https:\/\/mendomedical.ca\/fr\/wp-json\/wp\/v2\/product_brand?post=246599"},{"taxonomy":"product_cat","embeddable":true,"href":"https:\/\/mendomedical.ca\/fr\/wp-json\/wp\/v2\/product_cat?post=246599"},{"taxonomy":"product_tag","embeddable":true,"href":"https:\/\/mendomedical.ca\/fr\/wp-json\/wp\/v2\/product_tag?post=246599"},{"taxonomy":"product_format_filter","embeddable":true,"href":"https:\/\/mendomedical.ca\/fr\/wp-json\/wp\/v2\/product_format_filter?post=246599"}],"curies":[{"name":"wp","href":"https:\/\/api.w.org\/{rel}","templated":true}]}}