{"id":246567,"date":"2025-06-13T01:55:02","date_gmt":"2025-06-13T05:55:02","guid":{"rendered":"https:\/\/mendomedical.ca\/?post_type=product&#038;p=246567"},"modified":"2025-08-12T14:45:20","modified_gmt":"2025-08-12T18:45:20","slug":"caramel-sale-a-lerable-et-au-hash-rosin-sugr-kollab","status":"publish","type":"product","link":"https:\/\/mendomedical.ca\/fr\/produit\/caramel-sale-a-lerable-et-au-hash-rosin-sugr-kollab\/","title":{"rendered":"Caramel sal\u00e9 au Hash Rosin et \u00e0 l&rsquo;\u00e9rable"},"content":{"rendered":"","protected":false},"excerpt":{"rendered":"<h3>MANNA Hash Rosin \u00e9rable caramel sal\u00e9 - Premium Full Spectrum Edibles<\/h3>\n<h4>Souche utilis\u00e9e : <a href=\"https:\/\/mendomedical.ca\/fr\/produit\/drop-culture-grape-gas-live-rosin\/\">Grape Gas<\/a><\/h4>\n<p><strong>D\u00e9couvrez le summum des edibles artisanaux au cannabis avec les caramels sal\u00e9s \u00e0 l&rsquo;\u00e9rable de Hash Rosin de MANNA faits avec la rosine <a href=\"https:\/\/mendomedical.ca\/shop\/?swoof=1&amp;pa_marques=sugr-2\">SUGR<\/a> pour une exp\u00e9rience divine. Ces caramels fabriqu\u00e9s \u00e0 la main combinent du sirop d&rsquo;\u00e9rable, du beurre et de la cr\u00e8me biologiques avec de la rosine de haschisch Grape Gas de premi\u00e8re qualit\u00e9 pour une exp\u00e9rience comestible vraiment unique. Chaque caramel \u00e0 10mg de THC offre une douceur riche et beurr\u00e9e parfaitement \u00e9quilibr\u00e9e avec des saveurs audacieuses de Rosin et de d\u00e9licats flocons de sel de mer. <\/strong><\/p>\n<h4>Caract\u00e9ristiques principales<\/h4>\n<ul>\n<li>10mg de THC par caramel emball\u00e9 individuellement, infus\u00e9 avec de la rosine de haschisch Grape Gas \u00e0 spectre complet.<\/li>\n<li>Production artisanale en petites quantit\u00e9s \u00e0 base de sirop d&rsquo;\u00e9rable, de beurre et de cr\u00e8me biologiques<\/li>\n<li>Effets \u00e0 spectre complet combinant l&rsquo;euphorie et la relaxation corporelle profonde.<\/li>\n<li>Profil cannabino\u00efde riche en THC avec des traces de CBG pour des effets \u00e9quilibr\u00e9s.<\/li>\n<li>Des ingr\u00e9dients de premi\u00e8re qualit\u00e9 sans additifs artificiels - juste de la puret\u00e9 et de la bont\u00e9 biologique.<\/li>\n<\/ul>\n<h4>Profil aromatique et terp\u00e9nique<\/h4>\n<p>Chaque caramel offre un voyage gustatif complexe qui commence par une douceur soyeuse de caramel, suivie de notes chaudes d&rsquo;\u00e9rable et de nuances distinctives provenant de la rosine. Le profil terp\u00e9nique comprend du caryophyll\u00e8ne, du myrc\u00e8ne et du limon\u00e8ne, compl\u00e9t\u00e9s par des notes de linalol et d&rsquo;humul\u00e8ne.<\/p>\n<h4>Pourquoi choisir des comestibles \u00e0 spectre complet ?<\/h4>\n<p>Les edibles \u00e0 spectre complet peuvent contribuer \u00e0 la relaxation, \u00e0 la concentration cr\u00e9ative et au bien-\u00eatre g\u00e9n\u00e9ral gr\u00e2ce \u00e0 l&rsquo;effet d&rsquo;entourage de plusieurs cannabino\u00efdes agissant ensemble. La dose contr\u00f4l\u00e9e de 10 mg et l&rsquo;effet progressif font de ces caramels des produits id\u00e9aux pour les utilisateurs m\u00e9dicaux \u00e0 la recherche d&rsquo;un soulagement constant et durable.<\/p>\n<h4>Exp\u00e9dition dans tout le Canada<\/h4>\n<p>Obtenez les Caramels sal\u00e9s \u00e0 l&rsquo;\u00e9rable de MANNA Hash Rosin livr\u00e9s rapidement \u00e0 travers le Canada. Mendo Medical offre une livraison rapide \u00e0 l&rsquo;\u00e9chelle nationale et une livraison gratuite pour les commandes de plus de 150 $.<\/p>\n<h4>Avantages et couverture pour les anciens combattants<\/h4>\n<p>Les caramels sal\u00e9s \u00e0 l&rsquo;\u00e9rable de MANNA Hash Rosin sont admissibles \u00e0 la couverture d&rsquo;ACC (Anciens Combattants Canada) avec facturation directe par l&rsquo;entremise de la Croix Bleue - aucun d\u00e9bours\u00e9 n&rsquo;est requis. Vous n&rsquo;avez pas encore de carte de cannabis m\u00e9dical ? Obtenez la v\u00f4tre rapidement et facilement chez <a href=\"https:\/\/medicibis.sharepoint.com\/medical-card\">Mendo Medical<\/a>.<\/p>\n<p>&nbsp;<\/p>\n<h3>Ingr\u00e9dients<\/h3>\n<p>Sirop d&rsquo;\u00e9rable biologique, sirop de glucose, cr\u00e8me \u00e9paisse biologique, beurre biologique, flocons de sel de mer, rosine de haschisch de Grape Gas.<\/p>\n","protected":false},"featured_media":111806,"comment_status":"closed","ping_status":"closed","template":"","meta":{"_acf_changed":false,"site-sidebar-layout":"default","site-content-layout":"","ast-site-content-layout":"default","site-content-style":"default","site-sidebar-style":"default","ast-global-header-display":"","ast-banner-title-visibility":"","ast-main-header-display":"","ast-hfb-above-header-display":"","ast-hfb-below-header-display":"","ast-hfb-mobile-header-display":"","site-post-title":"","ast-breadcrumbs-content":"","ast-featured-img":"","footer-sml-layout":"","ast-disable-related-posts":"","theme-transparent-header-meta":"default","adv-header-id-meta":"","stick-header-meta":"","header-above-stick-meta":"","header-main-stick-meta":"","header-below-stick-meta":"","astra-migrate-meta-layouts":"set","ast-page-background-enabled":"default","ast-page-background-meta":{"desktop":{"background-color":"var(--ast-global-color-4)","background-image":"","background-repeat":"repeat","background-position":"center center","background-size":"auto","background-attachment":"scroll","background-type":"","background-media":"","overlay-type":"","overlay-color":"","overlay-opacity":"","overlay-gradient":""},"tablet":{"background-color":"","background-image":"","background-repeat":"repeat","background-position":"center center","background-size":"auto","background-attachment":"scroll","background-type":"","background-media":"","overlay-type":"","overlay-color":"","overlay-opacity":"","overlay-gradient":""},"mobile":{"background-color":"","background-image":"","background-repeat":"repeat","background-position":"center center","background-size":"auto","background-attachment":"scroll","background-type":"","background-media":"","overlay-type":"","overlay-color":"","overlay-opacity":"","overlay-gradient":""}},"ast-content-background-meta":{"desktop":{"background-color":"var(--ast-global-color-5)","background-image":"","background-repeat":"repeat","background-position":"center center","background-size":"auto","background-attachment":"scroll","background-type":"","background-media":"","overlay-type":"","overlay-color":"","overlay-opacity":"","overlay-gradient":""},"tablet":{"background-color":"var(--ast-global-color-5)","background-image":"","background-repeat":"repeat","background-position":"center center","background-size":"auto","background-attachment":"scroll","background-type":"","background-media":"","overlay-type":"","overlay-color":"","overlay-opacity":"","overlay-gradient":""},"mobile":{"background-color":"var(--ast-global-color-5)","background-image":"","background-repeat":"repeat","background-position":"center center","background-size":"auto","background-attachment":"scroll","background-type":"","background-media":"","overlay-type":"","overlay-color":"","overlay-opacity":"","overlay-gradient":""}}},"product_brand":[],"product_cat":[1511,1128],"product_tag":[3732],"product_format_filter":[],"class_list":{"0":"post-246567","1":"product","2":"type-product","3":"status-publish","4":"has-post-thumbnail","6":"product_cat-full-spectrum-fr","7":"product_cat-comestibles","8":"product_tag-manna","9":"pa_flavours-salted-caramel-fr","10":"pa_flavours-maple-fr","11":"pa_flavours-gazeux-diesel","12":"pa_flavours-doux","13":"pa_intensity-thc-moyen","14":"pa_marques-manna-fr","15":"pa_marques-sugr-fr","16":"pa_origin-alberta-fr","17":"pa_type-de-plante-hybride-fr","18":"desktop-align-left","19":"tablet-align-left","20":"mobile-align-left","22":"first","23":"outofstock","24":"taxable","25":"shipping-taxable","26":"purchasable","27":"product-type-simple"},"group_of_quantity":0,"min_quantity":0,"max_quantity":"","exclude_order_quantity_value_rules":"no","exclude_category_quantity_rules":"no","combine_variations":"no","acf":[],"_links":{"self":[{"href":"https:\/\/mendomedical.ca\/fr\/wp-json\/wp\/v2\/product\/246567","targetHints":{"allow":["GET"]}}],"collection":[{"href":"https:\/\/mendomedical.ca\/fr\/wp-json\/wp\/v2\/product"}],"about":[{"href":"https:\/\/mendomedical.ca\/fr\/wp-json\/wp\/v2\/types\/product"}],"replies":[{"embeddable":true,"href":"https:\/\/mendomedical.ca\/fr\/wp-json\/wp\/v2\/comments?post=246567"}],"wp:featuredmedia":[{"embeddable":true,"href":"https:\/\/mendomedical.ca\/fr\/wp-json\/wp\/v2\/media\/111806"}],"wp:attachment":[{"href":"https:\/\/mendomedical.ca\/fr\/wp-json\/wp\/v2\/media?parent=246567"}],"wp:term":[{"taxonomy":"product_brand","embeddable":true,"href":"https:\/\/mendomedical.ca\/fr\/wp-json\/wp\/v2\/product_brand?post=246567"},{"taxonomy":"product_cat","embeddable":true,"href":"https:\/\/mendomedical.ca\/fr\/wp-json\/wp\/v2\/product_cat?post=246567"},{"taxonomy":"product_tag","embeddable":true,"href":"https:\/\/mendomedical.ca\/fr\/wp-json\/wp\/v2\/product_tag?post=246567"},{"taxonomy":"product_format_filter","embeddable":true,"href":"https:\/\/mendomedical.ca\/fr\/wp-json\/wp\/v2\/product_format_filter?post=246567"}],"curies":[{"name":"wp","href":"https:\/\/api.w.org\/{rel}","templated":true}]}}