{"id":246536,"date":"2025-08-24T17:30:58","date_gmt":"2025-08-24T21:30:58","guid":{"rendered":"https:\/\/mendomedical.ca\/product\/bright-mind-cbg-kief-dipped-full-spectrum-infused-pre-roll\/"},"modified":"2026-04-26T20:52:17","modified_gmt":"2026-04-27T00:52:17","slug":"bright-mind-cbg-kief-dipped-full-spectrum-infused-pre-roll","status":"publish","type":"product","link":"https:\/\/mendomedical.ca\/fr\/produit\/bright-mind-cbg-kief-dipped-full-spectrum-infused-pre-roll\/","title":{"rendered":"Bright Mind - CBG Kief Dipped Full Spectrum Infused Pre-Roll"},"content":{"rendered":"","protected":false},"excerpt":{"rendered":"<div class=\"ExternalClass5EC532D6421C4C34AC319A1D10D88BC4\">\n<h3>Bright Mind - CBG Kief Dipped Full Spectrum Infused Pre-Roll by Jublee<\/h3>\n<h3>Total des terp\u00e8nes : 2.57%<\/h3>\n<p><strong>Faites l&rsquo;exp\u00e9rience de l&rsquo;artisanat innovant des pr\u00e9-rolls Bright Mind de Jublee, qui contiennent la vari\u00e9t\u00e9 Heaven&rsquo;s Fruit. Ces pr\u00e9-rouleaux de 0,5 g m\u00e9ticuleusement fabriqu\u00e9s sont doublement infus\u00e9s avec de l&rsquo;huile de haschisch \u00e0 spectre complet et \u00e9l\u00e9gamment enrob\u00e9s de kief CBG dor\u00e9, offrant une exp\u00e9rience raffin\u00e9e et harmonieuse du cannabis. <\/strong><\/p>\n<h4>Caract\u00e9ristiques principales<\/h4>\n<p>- Processus de double infusion combinant de l&rsquo;huile de haschisch \u00e0 spectre complet et du kief CBG<br \/>\n- S\u00e9lection de souches Premium Heaven&rsquo;s Fruit<br \/>\n- Teneur totale en terp\u00e8nes de 2.57%<br \/>\n- Format 0,5g soigneusement con\u00e7u pour un dosage optimal<br \/>\n- Conception \u00e0 bout plat pour une meilleure exp\u00e9rience de fumage<\/p>\n<h4>Profil et caract\u00e9ristiques<\/h4>\n<p>Le profil aromatique pr\u00e9sente un bouquet complexe de notes acidul\u00e9es, sucr\u00e9es et terreuses, tandis que l&rsquo;ar\u00f4me offre un m\u00e9lange subtil mais sophistiqu\u00e9 de notes terreuses et de baies. Les terp\u00e8nes dominants sont le b\u00eata-caryophyll\u00e8ne, le farn\u00e9s\u00e8ne et le s\u00e9lin\u00e8ne, qui contribuent \u00e0 son caract\u00e8re unique et \u00e0 ses effets stimulants potentiels. <\/p>\n<h4>Pourquoi choisir les pr\u00e9-roul\u00e9s infus\u00e9s ?<\/h4>\n<p>Les pr\u00e9-rolls infus\u00e9s offrent aux consommateurs de cannabis m\u00e9dical une option pratique, pr\u00e9cis\u00e9ment dos\u00e9e, qui combine les avantages de plusieurs formats de cannabis. L&rsquo;ajout de CBG kief et d&rsquo;huile de haschisch \u00e0 spectre complet permet d&rsquo;accro\u00eetre les b\u00e9n\u00e9fices th\u00e9rapeutiques potentiels tout en maintenant la facilit\u00e9 d&rsquo;utilisation. <\/p>\n<h4>Exp\u00e9dition dans tout le Canada<\/h4>\n<p>Nous offrons un service d&rsquo;exp\u00e9dition rapide et discret \u00e0 travers le Canada pour le Bright Mind CBG Kief Dipped Pre-Roll. Les commandes de plus de 150 $ sont admissibles \u00e0 la livraison gratuite, ce qui facilite l&rsquo;acc\u00e8s \u00e0 vos besoins en cannabis m\u00e9dical. <\/p>\n<h4>Avantages et couverture pour les anciens combattants<\/h4>\n<p>Ce produit est admissible \u00e0 la couverture d&rsquo;Anciens Combattants Canada (ACC) et \u00e0 la facturation directe par l&rsquo;entremise de la Croix Bleue, ce qui \u00e9limine les frais \u00e0 la charge des personnes admissibles. Vous n&rsquo;avez pas encore votre carte m\u00e9dicale ? <a href=\"https:\/\/mendomedical.ca\/fr\/carte-medicale\/\">Obtenez votre carte m\u00e9dicale gratuite rapidement et facilement gr\u00e2ce \u00e0 notre processus simplifi\u00e9<\/a>. <\/p>\n<\/div>\n","protected":false},"featured_media":266231,"comment_status":"open","ping_status":"closed","template":"","meta":{"_acf_changed":false,"site-sidebar-layout":"default","site-content-layout":"","ast-site-content-layout":"default","site-content-style":"default","site-sidebar-style":"default","ast-global-header-display":"","ast-banner-title-visibility":"","ast-main-header-display":"","ast-hfb-above-header-display":"","ast-hfb-below-header-display":"","ast-hfb-mobile-header-display":"","site-post-title":"","ast-breadcrumbs-content":"","ast-featured-img":"","footer-sml-layout":"","ast-disable-related-posts":"","theme-transparent-header-meta":"default","adv-header-id-meta":"","stick-header-meta":"","header-above-stick-meta":"","header-main-stick-meta":"","header-below-stick-meta":"","astra-migrate-meta-layouts":"set","ast-page-background-enabled":"default","ast-page-background-meta":{"desktop":{"background-color":"var(--ast-global-color-4)","background-image":"","background-repeat":"repeat","background-position":"center center","background-size":"auto","background-attachment":"scroll","background-type":"","background-media":"","overlay-type":"","overlay-color":"","overlay-opacity":"","overlay-gradient":""},"tablet":{"background-color":"","background-image":"","background-repeat":"repeat","background-position":"center center","background-size":"auto","background-attachment":"scroll","background-type":"","background-media":"","overlay-type":"","overlay-color":"","overlay-opacity":"","overlay-gradient":""},"mobile":{"background-color":"","background-image":"","background-repeat":"repeat","background-position":"center center","background-size":"auto","background-attachment":"scroll","background-type":"","background-media":"","overlay-type":"","overlay-color":"","overlay-opacity":"","overlay-gradient":""}},"ast-content-background-meta":{"desktop":{"background-color":"var(--ast-global-color-5)","background-image":"","background-repeat":"repeat","background-position":"center center","background-size":"auto","background-attachment":"scroll","background-type":"","background-media":"","overlay-type":"","overlay-color":"","overlay-opacity":"","overlay-gradient":""},"tablet":{"background-color":"var(--ast-global-color-5)","background-image":"","background-repeat":"repeat","background-position":"center center","background-size":"auto","background-attachment":"scroll","background-type":"","background-media":"","overlay-type":"","overlay-color":"","overlay-opacity":"","overlay-gradient":""},"mobile":{"background-color":"var(--ast-global-color-5)","background-image":"","background-repeat":"repeat","background-position":"center center","background-size":"auto","background-attachment":"scroll","background-type":"","background-media":"","overlay-type":"","overlay-color":"","overlay-opacity":"","overlay-gradient":""}}},"product_brand":[],"product_cat":[1147,1144],"product_tag":[],"product_format_filter":[6374],"class_list":{"0":"post-246536","1":"product","2":"type-product","3":"status-publish","4":"has-post-thumbnail","6":"product_cat-pre-roules-infuses","7":"product_cat-pre-roules","8":"pa_flavours-baies","9":"pa_flavours-a-base-de-plantes","10":"pa_intensity-thc-eleve","11":"pa_intensity-med-cbg-fr","12":"pa_marques-jublee-fr","13":"pa_origin-quebec-fr","14":"pa_type-de-plante-hybride-fr","15":"product_format_filter-0-5g","16":"desktop-align-left","17":"tablet-align-left","18":"mobile-align-left","20":"first","21":"instock","22":"taxable","23":"shipping-taxable","24":"purchasable","25":"product-type-simple"},"group_of_quantity":0,"min_quantity":0,"max_quantity":"","exclude_order_quantity_value_rules":"no","exclude_category_quantity_rules":"no","combine_variations":"no","acf":[],"_links":{"self":[{"href":"https:\/\/mendomedical.ca\/fr\/wp-json\/wp\/v2\/product\/246536","targetHints":{"allow":["GET"]}}],"collection":[{"href":"https:\/\/mendomedical.ca\/fr\/wp-json\/wp\/v2\/product"}],"about":[{"href":"https:\/\/mendomedical.ca\/fr\/wp-json\/wp\/v2\/types\/product"}],"replies":[{"embeddable":true,"href":"https:\/\/mendomedical.ca\/fr\/wp-json\/wp\/v2\/comments?post=246536"}],"wp:featuredmedia":[{"embeddable":true,"href":"https:\/\/mendomedical.ca\/fr\/wp-json\/wp\/v2\/media\/266231"}],"wp:attachment":[{"href":"https:\/\/mendomedical.ca\/fr\/wp-json\/wp\/v2\/media?parent=246536"}],"wp:term":[{"taxonomy":"product_brand","embeddable":true,"href":"https:\/\/mendomedical.ca\/fr\/wp-json\/wp\/v2\/product_brand?post=246536"},{"taxonomy":"product_cat","embeddable":true,"href":"https:\/\/mendomedical.ca\/fr\/wp-json\/wp\/v2\/product_cat?post=246536"},{"taxonomy":"product_tag","embeddable":true,"href":"https:\/\/mendomedical.ca\/fr\/wp-json\/wp\/v2\/product_tag?post=246536"},{"taxonomy":"product_format_filter","embeddable":true,"href":"https:\/\/mendomedical.ca\/fr\/wp-json\/wp\/v2\/product_format_filter?post=246536"}],"curies":[{"name":"wp","href":"https:\/\/api.w.org\/{rel}","templated":true}]}}