{"id":246252,"date":"2025-07-12T15:00:14","date_gmt":"2025-07-12T19:00:14","guid":{"rendered":"https:\/\/mendomedical.ca\/product\/strawberry-grail-signature-live-rosin\/"},"modified":"2025-09-16T09:56:13","modified_gmt":"2025-09-16T13:56:13","slug":"strawberry-grail-signature-live-rosin","status":"publish","type":"product","link":"https:\/\/mendomedical.ca\/fr\/produit\/strawberry-grail-signature-live-rosin\/","title":{"rendered":"Strawberry Grail Signature Live Rosin"},"content":{"rendered":"","protected":false},"excerpt":{"rendered":"<div class=\"ExternalClass47961BB10F664F098A89DA2629A7D75D\">\n<h1>Strawberry Grail Signature Live Rosin by Sauce - Concentr\u00e9 de cannabis de qualit\u00e9 sup\u00e9rieure<\/h1>\n<h3>Terp\u00e8nes totaux : 11,19%<\/h3>\n<p><strong>D\u00e9couvrez la qualit\u00e9 exceptionnelle de Strawberry Grail Signature Live Rosin, un concentr\u00e9 magistral n\u00e9 de la collaboration entre Sauce et Cheers Cannabis. Ce cultivar en petite quantit\u00e9, d\u00e9riv\u00e9 de la g\u00e9n\u00e9tique Strawberry Diesel x Holy Grail, offre un m\u00e9lange sophistiqu\u00e9 d&rsquo;ar\u00f4mes et d&rsquo;effets que les consommateurs de cannabis m\u00e9dical appr\u00e9cient.<\/strong><\/p>\n<h3>Caract\u00e9ristiques principales du produit<\/h3>\n<p>- Press\u00e9 de mani\u00e8re experte \u00e0 partir de t\u00eates de trichomes 73\u00b5-159\u00b5 de premi\u00e8re qualit\u00e9<br \/>\n- Culture en petits lots garantissant un contr\u00f4le de qualit\u00e9 sup\u00e9rieur<br \/>\n- Live Rosin \u00e0 spectre complet pr\u00e9servant les profils terp\u00e9niques naturels.<br \/>\n- Processus de production m\u00e9ticuleux garantissant une fra\u00eecheur et une puissance optimales<\/p>\n<h3>Profil des terp\u00e8nes et des ar\u00f4mes<\/h3>\n<p>Ce Live Rosin signature pr\u00e9sente un parcours aromatique complexe, avec des notes de musc de fraise audacieuses compl\u00e9t\u00e9es par des nuances de gaz m\u00e9talliques distinctives. Le profil d&rsquo;ar\u00f4me offre une exp\u00e9rience cors\u00e9e, o\u00f9 la fraise humide rencontre des caract\u00e9ristiques de gaz m\u00e9tallique, cr\u00e9ant ainsi un concentr\u00e9 unique et m\u00e9morable.<\/p>\n<h3>Effets potentiels<\/h3>\n<p>Les utilisateurs m\u00e9dicaux peuvent \u00e9prouver :<br \/>\n- Sensations euphoriques<br \/>\n- Effets stimulants<br \/>\n- D\u00e9tente<br \/>\n- Propri\u00e9t\u00e9s calmantes<\/p>\n<h3>Pourquoi choisir les concentr\u00e9s de Live Rosin ?<\/h3>\n<p>La Live Rosin repr\u00e9sente l&rsquo;une des formes les plus pures d&rsquo;extraits de cannabis, produite sans solvants et pr\u00e9servant tout le spectre des compos\u00e9s b\u00e9n\u00e9fiques de la plante. Pour les utilisateurs m\u00e9dicaux \u00e0 la recherche d&rsquo;une forme concentr\u00e9e de leur m\u00e9dicament, la Live Rosin offre une option propre et puissante qui pr\u00e9serve l&rsquo;int\u00e9grit\u00e9 du mat\u00e9riel v\u00e9g\u00e9tal d&rsquo;origine.<\/p>\n<h3>Exp\u00e9dition dans tout le Canada<\/h3>\n<p>Nous offrons une livraison rapide et discr\u00e8te \u00e0 travers le Canada pour votre Strawberry Grail Signature Live Rosin. Profitez de la livraison gratuite pour les commandes de plus de 150 $, ce qui vous assure un acc\u00e8s pratique \u00e0 votre m\u00e9dicament.<\/p>\n<h3>Avantages et couverture pour les anciens combattants<\/h3>\n<p>Ce produit est admissible \u00e0 la couverture d&rsquo;Anciens Combattants Canada (ACC) avec facturation directe par l&rsquo;entremise de la Croix Bleue, ce qui \u00e9limine les frais remboursables. Vous n&rsquo;avez pas encore votre carte m\u00e9dicale ? <a href=\"https:\/\/mendomedical.ca\/fr\/carte-medicale\/\">Cliquez ici<\/a> pour obtenir rapidement et facilement votre carte m\u00e9dicale gratuite.<\/p>\n<\/div>\n","protected":false},"featured_media":246727,"comment_status":"open","ping_status":"closed","template":"","meta":{"_acf_changed":false,"site-sidebar-layout":"default","site-content-layout":"","ast-site-content-layout":"default","site-content-style":"default","site-sidebar-style":"default","ast-global-header-display":"","ast-banner-title-visibility":"","ast-main-header-display":"","ast-hfb-above-header-display":"","ast-hfb-below-header-display":"","ast-hfb-mobile-header-display":"","site-post-title":"","ast-breadcrumbs-content":"","ast-featured-img":"","footer-sml-layout":"","ast-disable-related-posts":"","theme-transparent-header-meta":"default","adv-header-id-meta":"","stick-header-meta":"","header-above-stick-meta":"","header-main-stick-meta":"","header-below-stick-meta":"","astra-migrate-meta-layouts":"set","ast-page-background-enabled":"default","ast-page-background-meta":{"desktop":{"background-color":"var(--ast-global-color-4)","background-image":"","background-repeat":"repeat","background-position":"center center","background-size":"auto","background-attachment":"scroll","background-type":"","background-media":"","overlay-type":"","overlay-color":"","overlay-opacity":"","overlay-gradient":""},"tablet":{"background-color":"","background-image":"","background-repeat":"repeat","background-position":"center center","background-size":"auto","background-attachment":"scroll","background-type":"","background-media":"","overlay-type":"","overlay-color":"","overlay-opacity":"","overlay-gradient":""},"mobile":{"background-color":"","background-image":"","background-repeat":"repeat","background-position":"center center","background-size":"auto","background-attachment":"scroll","background-type":"","background-media":"","overlay-type":"","overlay-color":"","overlay-opacity":"","overlay-gradient":""}},"ast-content-background-meta":{"desktop":{"background-color":"var(--ast-global-color-5)","background-image":"","background-repeat":"repeat","background-position":"center center","background-size":"auto","background-attachment":"scroll","background-type":"","background-media":"","overlay-type":"","overlay-color":"","overlay-opacity":"","overlay-gradient":""},"tablet":{"background-color":"var(--ast-global-color-5)","background-image":"","background-repeat":"repeat","background-position":"center center","background-size":"auto","background-attachment":"scroll","background-type":"","background-media":"","overlay-type":"","overlay-color":"","overlay-opacity":"","overlay-gradient":""},"mobile":{"background-color":"var(--ast-global-color-5)","background-image":"","background-repeat":"repeat","background-position":"center center","background-size":"auto","background-attachment":"scroll","background-type":"","background-media":"","overlay-type":"","overlay-color":"","overlay-opacity":"","overlay-gradient":""}}},"product_brand":[],"product_cat":[1125,1118,1119],"product_tag":[],"product_format_filter":[6369],"class_list":{"0":"post-246252","1":"product","2":"type-product","3":"status-publish","4":"has-post-thumbnail","6":"product_cat-rosin-vivante","7":"product_cat-concentres","8":"product_cat-tout-sans-solvant","9":"pa_flavours-gazole-diesel","10":"pa_flavours-musc-a-la-fraise","11":"pa_intensity-thc-eleve","12":"pa_marques-sauce-rosin-labs-fr","13":"pa_origin-quebec-fr","14":"product_format_filter-1g","15":"desktop-align-left","16":"tablet-align-left","17":"mobile-align-left","19":"first","20":"outofstock","21":"taxable","22":"shipping-taxable","23":"purchasable","24":"product-type-simple"},"group_of_quantity":0,"min_quantity":0,"max_quantity":"","exclude_order_quantity_value_rules":"no","exclude_category_quantity_rules":"no","combine_variations":"no","acf":[],"_links":{"self":[{"href":"https:\/\/mendomedical.ca\/fr\/wp-json\/wp\/v2\/product\/246252","targetHints":{"allow":["GET"]}}],"collection":[{"href":"https:\/\/mendomedical.ca\/fr\/wp-json\/wp\/v2\/product"}],"about":[{"href":"https:\/\/mendomedical.ca\/fr\/wp-json\/wp\/v2\/types\/product"}],"replies":[{"embeddable":true,"href":"https:\/\/mendomedical.ca\/fr\/wp-json\/wp\/v2\/comments?post=246252"}],"wp:featuredmedia":[{"embeddable":true,"href":"https:\/\/mendomedical.ca\/fr\/wp-json\/wp\/v2\/media\/246727"}],"wp:attachment":[{"href":"https:\/\/mendomedical.ca\/fr\/wp-json\/wp\/v2\/media?parent=246252"}],"wp:term":[{"taxonomy":"product_brand","embeddable":true,"href":"https:\/\/mendomedical.ca\/fr\/wp-json\/wp\/v2\/product_brand?post=246252"},{"taxonomy":"product_cat","embeddable":true,"href":"https:\/\/mendomedical.ca\/fr\/wp-json\/wp\/v2\/product_cat?post=246252"},{"taxonomy":"product_tag","embeddable":true,"href":"https:\/\/mendomedical.ca\/fr\/wp-json\/wp\/v2\/product_tag?post=246252"},{"taxonomy":"product_format_filter","embeddable":true,"href":"https:\/\/mendomedical.ca\/fr\/wp-json\/wp\/v2\/product_format_filter?post=246252"}],"curies":[{"name":"wp","href":"https:\/\/api.w.org\/{rel}","templated":true}]}}