{"id":245981,"date":"2025-09-05T18:20:40","date_gmt":"2025-09-05T22:20:40","guid":{"rendered":"https:\/\/mendomedical.ca\/product\/chariot-de-vaporisation-stinky-pinky-fse\/"},"modified":"2026-03-29T21:52:17","modified_gmt":"2026-03-30T01:52:17","slug":"chariot-de-vaporisation-stinky-pinky-fse","status":"publish","type":"product","link":"https:\/\/mendomedical.ca\/fr\/produit\/chariot-de-vaporisation-stinky-pinky-fse\/","title":{"rendered":"Stinky Pinky FSE Vape Cart"},"content":{"rendered":"","protected":false},"excerpt":{"rendered":"<div class=\"ExternalClass04B79CD1B9AA40D596DA40AA607EB200\">\n<h1>Stinky Pinky FSE Vape Cart de 1964<\/h1>\n<h3>Terp\u00e8nes totaux : 3,52%.<\/h3>\n<h3>Pr\u00e9sentation du produit<\/h3>\n<p><strong>D\u00e9couvrez la l\u00e9gendaire Pink Kush dans un format de cartouche pratique avec la Vape Cart Stinky Pinky FSE de 1964. Cet extrait \u00e0 spectre complet conserve le profil authentique de ce cultivar bien-aim\u00e9, sans terp\u00e8nes ajout\u00e9s ni agents de remplissage, pour une exp\u00e9rience pure et authentique. <\/strong><\/p>\n<h3>Caract\u00e9ristiques principales<\/h3>\n<p>- Extrait \u00e0 spectre complet pr\u00e9servant le profil complet des cannabino\u00efdes et des terp\u00e8nes<br \/>\n- Extrait de cannabis pur sans additif ni agent de remplissage<br \/>\n- Format pratique de cartouche de 1g pour un dosage pr\u00e9cis<br \/>\n- La g\u00e9n\u00e9tique h\u00e9rit\u00e9e de la Pink Kush produit des effets constants.<br \/>\n- Compatible avec les batteries standard \u00e0 filetage 510<\/p>\n<h3>Profil et exp\u00e9rience<\/h3>\n<p>Stinky Pinky offre un profil aromatique complexe domin\u00e9 par des notes de terre, d&rsquo;essence et de diesel, compl\u00e9t\u00e9es par des notes d&rsquo;herbes et de pin. Les utilisateurs d\u00e9clarent g\u00e9n\u00e9ralement se sentir d\u00e9tendus et joyeux, suivis d&rsquo;effets lourds et s\u00e9datifs, ce qui en fait un produit potentiellement adapt\u00e9 \u00e0 un usage en soir\u00e9e. <\/p>\n<h3>Pourquoi choisir les cartouches de vaporisation ?<\/h3>\n<p>Les cartouches de vaporisation permettent un contr\u00f4le pr\u00e9cis du dosage et sont pratiques pour les consommateurs de cannabis m\u00e9dical. Elles constituent une m\u00e9thode de consommation discr\u00e8te avec une pr\u00e9paration minimale, permettant une administration rapide en cas de besoin. Le m\u00e9canisme de chauffage contr\u00f4l\u00e9 permet d&rsquo;assurer une distribution constante des compos\u00e9s actifs.  <\/p>\n<h3>Exp\u00e9dition dans tout le Canada<\/h3>\n<p>Profitez d&rsquo;une livraison rapide et discr\u00e8te \u00e0 travers le Canada pour votre Stinky Pinky FSE Vape Cart. Les commandes de plus de 150 $ sont admissibles \u00e0 la livraison gratuite, ce qui vous permet de vous approvisionner en fournitures de cannabis m\u00e9dical. <\/p>\n<h3>Avantages et couverture pour les anciens combattants<\/h3>\n<p>Ce produit est admissible \u00e0 la couverture d&rsquo;ACC avec facturation directe par l&rsquo;entremise de la Croix Bleue, ce qui \u00e9limine les frais \u00e0 la charge des anciens combattants admissibles. Vous n&rsquo;avez pas encore votre carte m\u00e9dicale ? <a href=\"https:\/\/mendomedical.ca\/fr\/carte-medicale\/\">Obtenez votre carte m\u00e9dicale gratuite rapidement et facilement gr\u00e2ce \u00e0 notre processus simplifi\u00e9<\/a>. <\/p>\n<\/div>\n","protected":false},"featured_media":245973,"comment_status":"open","ping_status":"closed","template":"","meta":{"_acf_changed":false,"site-sidebar-layout":"default","site-content-layout":"","ast-site-content-layout":"default","site-content-style":"default","site-sidebar-style":"default","ast-global-header-display":"","ast-banner-title-visibility":"","ast-main-header-display":"","ast-hfb-above-header-display":"","ast-hfb-below-header-display":"","ast-hfb-mobile-header-display":"","site-post-title":"","ast-breadcrumbs-content":"","ast-featured-img":"","footer-sml-layout":"","ast-disable-related-posts":"","theme-transparent-header-meta":"default","adv-header-id-meta":"","stick-header-meta":"","header-above-stick-meta":"","header-main-stick-meta":"","header-below-stick-meta":"","astra-migrate-meta-layouts":"set","ast-page-background-enabled":"default","ast-page-background-meta":{"desktop":{"background-color":"var(--ast-global-color-4)","background-image":"","background-repeat":"repeat","background-position":"center center","background-size":"auto","background-attachment":"scroll","background-type":"","background-media":"","overlay-type":"","overlay-color":"","overlay-opacity":"","overlay-gradient":""},"tablet":{"background-color":"","background-image":"","background-repeat":"repeat","background-position":"center center","background-size":"auto","background-attachment":"scroll","background-type":"","background-media":"","overlay-type":"","overlay-color":"","overlay-opacity":"","overlay-gradient":""},"mobile":{"background-color":"","background-image":"","background-repeat":"repeat","background-position":"center center","background-size":"auto","background-attachment":"scroll","background-type":"","background-media":"","overlay-type":"","overlay-color":"","overlay-opacity":"","overlay-gradient":""}},"ast-content-background-meta":{"desktop":{"background-color":"var(--ast-global-color-5)","background-image":"","background-repeat":"repeat","background-position":"center center","background-size":"auto","background-attachment":"scroll","background-type":"","background-media":"","overlay-type":"","overlay-color":"","overlay-opacity":"","overlay-gradient":""},"tablet":{"background-color":"var(--ast-global-color-5)","background-image":"","background-repeat":"repeat","background-position":"center center","background-size":"auto","background-attachment":"scroll","background-type":"","background-media":"","overlay-type":"","overlay-color":"","overlay-opacity":"","overlay-gradient":""},"mobile":{"background-color":"var(--ast-global-color-5)","background-image":"","background-repeat":"repeat","background-position":"center center","background-size":"auto","background-attachment":"scroll","background-type":"","background-media":"","overlay-type":"","overlay-color":"","overlay-opacity":"","overlay-gradient":""}}},"product_brand":[],"product_cat":[1160,1163,1159],"product_tag":[],"product_format_filter":[6369],"class_list":{"0":"post-245981","1":"product","2":"type-product","3":"status-publish","4":"has-post-thumbnail","6":"product_cat-cart-fil-510","7":"product_cat-cured-et-resine-vivante-fr","8":"product_cat-vapoteuses","9":"pa_flavours-gazole-diesel","10":"pa_flavours-a-base-de-plantes","11":"pa_flavours-pin","12":"pa_intensity-thc-eleve","13":"pa_marques-1964-fr","14":"pa_origin-colombie-britannique-fr","15":"pa_type-de-plante-indica-fr","16":"product_format_filter-1g","17":"desktop-align-left","18":"tablet-align-left","19":"mobile-align-left","21":"first","22":"outofstock","23":"taxable","24":"shipping-taxable","25":"purchasable","26":"product-type-simple"},"group_of_quantity":0,"min_quantity":0,"max_quantity":"","exclude_order_quantity_value_rules":"no","exclude_category_quantity_rules":"no","combine_variations":"no","acf":[],"_links":{"self":[{"href":"https:\/\/mendomedical.ca\/fr\/wp-json\/wp\/v2\/product\/245981","targetHints":{"allow":["GET"]}}],"collection":[{"href":"https:\/\/mendomedical.ca\/fr\/wp-json\/wp\/v2\/product"}],"about":[{"href":"https:\/\/mendomedical.ca\/fr\/wp-json\/wp\/v2\/types\/product"}],"replies":[{"embeddable":true,"href":"https:\/\/mendomedical.ca\/fr\/wp-json\/wp\/v2\/comments?post=245981"}],"wp:featuredmedia":[{"embeddable":true,"href":"https:\/\/mendomedical.ca\/fr\/wp-json\/wp\/v2\/media\/245973"}],"wp:attachment":[{"href":"https:\/\/mendomedical.ca\/fr\/wp-json\/wp\/v2\/media?parent=245981"}],"wp:term":[{"taxonomy":"product_brand","embeddable":true,"href":"https:\/\/mendomedical.ca\/fr\/wp-json\/wp\/v2\/product_brand?post=245981"},{"taxonomy":"product_cat","embeddable":true,"href":"https:\/\/mendomedical.ca\/fr\/wp-json\/wp\/v2\/product_cat?post=245981"},{"taxonomy":"product_tag","embeddable":true,"href":"https:\/\/mendomedical.ca\/fr\/wp-json\/wp\/v2\/product_tag?post=245981"},{"taxonomy":"product_format_filter","embeddable":true,"href":"https:\/\/mendomedical.ca\/fr\/wp-json\/wp\/v2\/product_format_filter?post=245981"}],"curies":[{"name":"wp","href":"https:\/\/api.w.org\/{rel}","templated":true}]}}