{"id":245681,"date":"2025-09-26T09:35:30","date_gmt":"2025-09-26T13:35:30","guid":{"rendered":"https:\/\/mendomedical.ca\/?post_type=product&#038;p=245681"},"modified":"2026-04-13T15:38:49","modified_gmt":"2026-04-13T19:38:49","slug":"rapid-fire-tropical-twist-thcthcv-gummies","status":"publish","type":"product","link":"https:\/\/mendomedical.ca\/fr\/produit\/rapid-fire-tropical-twist-thcthcv-gummies\/","title":{"rendered":"Rapid Fire - Tropical Twist THC+THCV Gummies"},"content":{"rendered":"","protected":false},"excerpt":{"rendered":"<div class=\"Qr7Oae\" role=\"listitem\">\n<div class=\"OxAavc NVbRL\" data-required=\"true\" data-item-id=\"323164731\">\n<div class=\"Ih4Dzb\">\n<div class=\"q4tvle JqSWld yqQS1\" tabindex=\"0\" role=\"textbox\" aria-label=\"Short Product Description&lt;br&gt;Give a brief overall description of the product&lt;br&gt;ex: Indulge your senses in the harmonious symphony of LA Kush Cake and Lindsay OG, two iconic strains seamlessly blended to create a truly extraordinary hybrid cannabis flower. This meticulously cultivated masterpiece boasts a mesmerizing combination of aromas, flavors, and effects that will elevate your cannabis experience to new heights.\" aria-disabled=\"true\">\n<h3>Rapid Fire - THC+THCV Tropical Twist Gummies<\/h3>\n<p>D\u00e9couvrez le m\u00e9lange \u00e9nergisant de cannabino\u00efdes avec les gommes Rapid Fire Tropical Twist de Six One Charlie. Ces gommes d&rsquo;un rouge \u00e9clatant combinent le THC et le THCV, un cannabino\u00efde unique connu pour ses propri\u00e9t\u00e9s distinctes, et offrent une saveur de punch tropical qui rend votre routine quotidienne de cannabis plus agr\u00e9able. Fabriqu\u00e9s avec des ingr\u00e9dients naturels et de l&rsquo;huile de chanvre, ces gommes offrent un moyen pratique et contr\u00f4l\u00e9 d&rsquo;incorporer le THC et le THCV dans votre r\u00e9gime de bien-\u00eatre.  <\/p>\n<h3>Caract\u00e9ristiques principales<\/h3>\n<ul>\n<li>Combinaison unique de 5 mg de THC (10 mg au total) + 5 mg de THCV (10 mg au total) de cannabino\u00efdes par gomme pour une exp\u00e9rience unique.<\/li>\n<li>Ar\u00f4me de punch tropical avec colorant naturel de jus de fruits et de l\u00e9gumes<\/li>\n<li>Fabriqu\u00e9 avec des ingr\u00e9dients de qualit\u00e9, dont l&rsquo;huile de graines de chanvre et la l\u00e9cithine de tournesol.<\/li>\n<li>Format gommeux pratique pour un dosage pr\u00e9cis et constant<\/li>\n<li>Couleur rouge vif d&rsquo;origine naturelle<\/li>\n<\/ul>\n<h3><\/h3>\n<h3>Profil d&rsquo;ar\u00f4me<\/h3>\n<p>Ces gommes \u00ab\u00a0punch tropical\u00a0\u00bb offrent une explosion de saveur fruit\u00e9e qui masque le go\u00fbt du cannabis.<\/p>\n<p>&nbsp;<\/p>\n<h3>Profil des cannabino\u00efdes<\/h3>\n<p>La combinaison du THC et du THCV cr\u00e9e un profil cannabino\u00efde unique - tandis que le THC fournit ses effets bien connus, le THCV ajoute ses propres propri\u00e9t\u00e9s distinctes qui peuvent aider \u00e0 soutenir la concentration et les niveaux d&rsquo;\u00e9nergie. La saveur de punch tropical est obtenue gr\u00e2ce \u00e0 un ar\u00f4me naturel, ce qui cr\u00e9e une exp\u00e9rience de consommation agr\u00e9able. <\/p>\n<h3><\/h3>\n<h3>Pourquoi choisir THC+THCV Gummies ?<\/h3>\n<p>Les gommes offrent aux consommateurs de cannabis m\u00e9dical un dosage pr\u00e9cis et des effets durables par rapport aux m\u00e9thodes d&rsquo;inhalation. L&rsquo;ajout de THCV aux gommes de THC traditionnelles fournit un profil cannabino\u00efde unique qui peut aider \u00e0 soutenir l&rsquo;usage diurne et \u00e0 am\u00e9liorer la concentration tout en maintenant les avantages th\u00e9rapeutiques du THC. <\/p>\n<h3><\/h3>\n<h3>Exp\u00e9dition dans tout le Canada<\/h3>\n<p>Obtenez les gommes Rapid Fire Tropical Twist THC+THCV livr\u00e9es rapidement partout au Canada. Nous offrons une livraison rapide et discr\u00e8te dans tout le pays et une livraison gratuite pour toutes les commandes de plus de 150 $. <\/p>\n<h3><\/h3>\n<h3>Avantages et couverture pour les anciens combattants<\/h3>\n<p>Les gommes Rapid Fire Tropical Twist THC+THCV sont admissibles \u00e0 la couverture d&rsquo;ACC (Anciens Combattants Canada) avec facturation directe par la Croix Bleue - ce qui signifie que les anciens combattants admissibles n&rsquo;ont pas \u00e0 d\u00e9bourser d&rsquo;argent. Vous n&rsquo;avez pas encore votre carte de cannabis m\u00e9dical ? <a href=\"https:\/\/mendomedical.ca\/fr\/carte-medicale\/\">Commencez rapidement et facilement<\/a>. <\/p>\n<\/div>\n<\/div>\n<\/div>\n<\/div>\n<div class=\"Qr7Oae\" role=\"listitem\">\n<div class=\"OxAavc NVbRL\" data-required=\"true\" data-item-id=\"1218851885\">\n<div class=\"pYfr3c\">\n<div class=\"prOLdf\">\n<div class=\"g53bl\">\n<div class=\"cTDvob D1wxyf RjsPE\" role=\"heading\" aria-level=\"3\" aria-describedby=\"i.desc.1218851885 c3349\"><\/div>\n<\/div>\n<\/div>\n<\/div>\n<\/div>\n<\/div>\n<h3 data-start=\"776\" data-end=\"991\"><strong data-start=\"776\" data-end=\"792\">Ingr\u00e9dients :<\/strong><\/h3>\n<div class=\"lrKTG\">\n<div class=\"o3Dpx\" role=\"list\">\n<div class=\"Qr7Oae\" role=\"listitem\">\n<div class=\"OxAavc NVbRL\" data-required=\"true\" data-item-id=\"1849670336\">\n<div class=\"Ih4Dzb\">\n<div class=\"q4tvle JqSWld yqQS1\" tabindex=\"0\" role=\"textbox\" aria-label=\"Ingredient list if applicable ( If not applicable enter NONE )\" aria-disabled=\"true\">Sucres (sucre, sirop de tapioca), eau, acide citrique, ar\u00f4me naturel, pectine, citrate de sodium, colorant naturel (jus de fruits et de l\u00e9gumes), huile de graines de chanvre, l\u00e9cithine de tournesol, extrait de cannabis.<\/div>\n<\/div>\n<\/div>\n<\/div>\n<\/div>\n<\/div>\n","protected":false},"featured_media":245684,"comment_status":"closed","ping_status":"closed","template":"","meta":{"_acf_changed":false,"site-sidebar-layout":"default","site-content-layout":"","ast-site-content-layout":"default","site-content-style":"default","site-sidebar-style":"default","ast-global-header-display":"","ast-banner-title-visibility":"","ast-main-header-display":"","ast-hfb-above-header-display":"","ast-hfb-below-header-display":"","ast-hfb-mobile-header-display":"","site-post-title":"","ast-breadcrumbs-content":"","ast-featured-img":"","footer-sml-layout":"","ast-disable-related-posts":"","theme-transparent-header-meta":"default","adv-header-id-meta":"","stick-header-meta":"","header-above-stick-meta":"","header-main-stick-meta":"","header-below-stick-meta":"","astra-migrate-meta-layouts":"set","ast-page-background-enabled":"default","ast-page-background-meta":{"desktop":{"background-color":"var(--ast-global-color-4)","background-image":"","background-repeat":"repeat","background-position":"center center","background-size":"auto","background-attachment":"scroll","background-type":"","background-media":"","overlay-type":"","overlay-color":"","overlay-opacity":"","overlay-gradient":""},"tablet":{"background-color":"","background-image":"","background-repeat":"repeat","background-position":"center center","background-size":"auto","background-attachment":"scroll","background-type":"","background-media":"","overlay-type":"","overlay-color":"","overlay-opacity":"","overlay-gradient":""},"mobile":{"background-color":"","background-image":"","background-repeat":"repeat","background-position":"center center","background-size":"auto","background-attachment":"scroll","background-type":"","background-media":"","overlay-type":"","overlay-color":"","overlay-opacity":"","overlay-gradient":""}},"ast-content-background-meta":{"desktop":{"background-color":"var(--ast-global-color-5)","background-image":"","background-repeat":"repeat","background-position":"center center","background-size":"auto","background-attachment":"scroll","background-type":"","background-media":"","overlay-type":"","overlay-color":"","overlay-opacity":"","overlay-gradient":""},"tablet":{"background-color":"var(--ast-global-color-5)","background-image":"","background-repeat":"repeat","background-position":"center center","background-size":"auto","background-attachment":"scroll","background-type":"","background-media":"","overlay-type":"","overlay-color":"","overlay-opacity":"","overlay-gradient":""},"mobile":{"background-color":"var(--ast-global-color-5)","background-image":"","background-repeat":"repeat","background-position":"center center","background-size":"auto","background-attachment":"scroll","background-type":"","background-media":"","overlay-type":"","overlay-color":"","overlay-opacity":"","overlay-gradient":""}}},"product_brand":[],"product_cat":[3825,1132,4801,1511,1128],"product_tag":[2656],"product_format_filter":[6498],"class_list":{"0":"post-245681","1":"product","2":"type-product","3":"status-publish","4":"has-post-thumbnail","6":"product_cat-cbd-minors-3-fr","7":"product_cat-bonbons","8":"product_cat-six-one-charlie-fr","9":"product_cat-full-spectrum-fr","10":"product_cat-comestibles","11":"product_tag-six-one-charlie-fr","12":"pa_flavours-tropical-fr","13":"pa_intensity-low-thcv-fr","14":"pa_intensity-thc-moyen","15":"pa_marques-six-one-charlie-fr","16":"pa_origin-ontario-fr","17":"pa_type-de-plante-thc-fr","18":"pa_type-de-plante-thcv-fr","19":"product_format_filter-2units","20":"desktop-align-left","21":"tablet-align-left","22":"mobile-align-left","24":"first","25":"instock","26":"taxable","27":"shipping-taxable","28":"purchasable","29":"product-type-simple"},"group_of_quantity":0,"min_quantity":0,"max_quantity":"","exclude_order_quantity_value_rules":"no","exclude_category_quantity_rules":"no","combine_variations":"no","acf":[],"_links":{"self":[{"href":"https:\/\/mendomedical.ca\/fr\/wp-json\/wp\/v2\/product\/245681","targetHints":{"allow":["GET"]}}],"collection":[{"href":"https:\/\/mendomedical.ca\/fr\/wp-json\/wp\/v2\/product"}],"about":[{"href":"https:\/\/mendomedical.ca\/fr\/wp-json\/wp\/v2\/types\/product"}],"replies":[{"embeddable":true,"href":"https:\/\/mendomedical.ca\/fr\/wp-json\/wp\/v2\/comments?post=245681"}],"wp:featuredmedia":[{"embeddable":true,"href":"https:\/\/mendomedical.ca\/fr\/wp-json\/wp\/v2\/media\/245684"}],"wp:attachment":[{"href":"https:\/\/mendomedical.ca\/fr\/wp-json\/wp\/v2\/media?parent=245681"}],"wp:term":[{"taxonomy":"product_brand","embeddable":true,"href":"https:\/\/mendomedical.ca\/fr\/wp-json\/wp\/v2\/product_brand?post=245681"},{"taxonomy":"product_cat","embeddable":true,"href":"https:\/\/mendomedical.ca\/fr\/wp-json\/wp\/v2\/product_cat?post=245681"},{"taxonomy":"product_tag","embeddable":true,"href":"https:\/\/mendomedical.ca\/fr\/wp-json\/wp\/v2\/product_tag?post=245681"},{"taxonomy":"product_format_filter","embeddable":true,"href":"https:\/\/mendomedical.ca\/fr\/wp-json\/wp\/v2\/product_format_filter?post=245681"}],"curies":[{"name":"wp","href":"https:\/\/api.w.org\/{rel}","templated":true}]}}