{"id":245640,"date":"2025-09-05T17:20:06","date_gmt":"2025-09-05T21:20:06","guid":{"rendered":"https:\/\/mendomedical.ca\/?post_type=product&#038;p=245640"},"modified":"2026-04-27T18:39:17","modified_gmt":"2026-04-27T22:39:17","slug":"bazookas-70x0-4g-pre-rolls","status":"publish","type":"product","link":"https:\/\/mendomedical.ca\/fr\/produit\/bazookas-70x0-4g-pre-rolls\/","title":{"rendered":"Pr\u00e9-roul\u00e9s Bazookas (70&#215;0.4g)"},"content":{"rendered":"","protected":false},"excerpt":{"rendered":"<div class=\"ExternalClassC6EB698D00304A6894C422BF2361A014\">\n<h3>Pr\u00e9-roul\u00e9s Bazookas (70&#215;0.4g) par Ostara M\u00e9dical<\/h3>\n<h3>Terp\u00e8nes totaux : 3,4%.<\/h3>\n<div>\n<h5>Bubblegum Biscotti X Grape Gasoline<\/h5>\n<\/div>\n<p>D\u00e9couvrez le savoir-faire exceptionnel des pr\u00e9-roul\u00e9s Bazookas, m\u00e9ticuleusement roul\u00e9s \u00e0 la main \u00e0 partir de fleurs de premi\u00e8re qualit\u00e9 issues du croisement unique de Bubblegum Biscotti et Grape Gasoline. Avec une impressionnante teneur en terp\u00e8nes totaux de 3,4 %, ces pr\u00e9-roul\u00e9s offrent une exp\u00e9rience puissante con\u00e7ue pour les consommateurs chevronn\u00e9s \u00e0 la recherche d&rsquo;un soulagement puissant et d&rsquo;une clart\u00e9 mentale.<\/p>\n<h3>Caract\u00e9ristiques principales<\/h3>\n<ul>\n<li>70 pr\u00e9-roul\u00e9s de qualit\u00e9 sup\u00e9rieure de 0,4 g chacun pour un dosage r\u00e9gulier et pratique<\/li>\n<li>Fabriqu\u00e9 \u00e0 la main avec des fleurs de haute qualit\u00e9 contenant 3,4 % de terp\u00e8nes totaux.<\/li>\n<li>Souche \u00e0 dominance indica connue pour ses propri\u00e9t\u00e9s calmantes et \u00e9nergisantes.<\/li>\n<li>Profil terp\u00e9nique riche en limon\u00e8ne, caryophyll\u00e8ne et humul\u00e8ne<\/li>\n<li>Peut contribuer \u00e0 la gestion de la douleur, \u00e0 l&rsquo;am\u00e9lioration de l&rsquo;humeur et \u00e0 la qualit\u00e9 du sommeil.<\/li>\n<\/ul>\n<h3>Profil aromatique et gustatif<\/h3>\n<p><strong>Ar\u00f4me :<\/strong> Il s&rsquo;ouvre sur des notes terreuses robustes qui c\u00e8dent la place \u00e0 des notes d&rsquo;essence caract\u00e9ristiques et \u00e0 des nuances d&rsquo;agrumes vives.<\/p>\n<p><strong>Ar\u00f4me :<\/strong> Les saveurs dominantes d&rsquo;agrumes et de citron enveloppent le palais d\u00e8s l&rsquo;inhalation, cr\u00e9ant une exp\u00e9rience rafra\u00eechissante et m\u00e9morable.<\/p>\n<p><strong>Profil terp\u00e9nique :<\/strong> M\u00e9lange vari\u00e9 de limon\u00e8ne (agrumes), de caryophyll\u00e8ne (\u00e9pic\u00e9) et d&rsquo;humul\u00e8ne (terreux), contribuant \u00e0 la fois au caract\u00e8re unique de la souche et \u00e0 ses bienfaits th\u00e9rapeutiques potentiels.<\/p>\n<h3>Pourquoi choisir les pr\u00e9-roul\u00e9s ?<\/h3>\n<p>Les pr\u00e9-roul\u00e9s offrent aux consommateurs de cannabis m\u00e9dical le summum de la commodit\u00e9 et de la coh\u00e9rence. Chaque pr\u00e9-roul\u00e9s contient des quantit\u00e9s de fleurs mesur\u00e9es avec pr\u00e9cision, garantissant un dosage fiable sans avoir besoin d&rsquo;\u00e9quipement de broyage ou de roulage.<\/p>\n<h3>Exp\u00e9dition dans tout le Canada<\/h3>\n<p>Pr\u00e9-roul\u00e9s Bazookas (70&#215;0.4g)\u00a0 est exp\u00e9di\u00e9 rapidement \u00e0 travers le Canada. Profitez de la livraison gratuite pour les commandes de plus de 150 $, en vous assurant que votre cannabis m\u00e9dical vous parvienne rapidement et discr\u00e8tement.<\/p>\n<h3>Avantages et couverture pour les anciens combattants<\/h3>\n<p>Pr\u00e9-roul\u00e9s Bazookas (70&#215;0,4g) est admissible \u00e0 la couverture d&rsquo;ACC (Anciens Combattants Canada) avec facturation directe par la Croix Bleue, ce qui signifie que les anciens combattants admissibles n&rsquo;ont pas \u00e0 d\u00e9bourser d&rsquo;argent. Si vous n&rsquo;avez pas encore de carte de cannabis m\u00e9dical, <a href=\"https:\/\/mendomedical.ca\/fr\/carte-medicale\/\">obtenez votre carte m\u00e9dicale gratuite rapidement et facilement ici.<\/a><\/p>\n<\/div>\n","protected":false},"featured_media":245752,"comment_status":"closed","ping_status":"closed","template":"","meta":{"_acf_changed":false,"site-sidebar-layout":"default","site-content-layout":"","ast-site-content-layout":"default","site-content-style":"default","site-sidebar-style":"default","ast-global-header-display":"","ast-banner-title-visibility":"","ast-main-header-display":"","ast-hfb-above-header-display":"","ast-hfb-below-header-display":"","ast-hfb-mobile-header-display":"","site-post-title":"","ast-breadcrumbs-content":"","ast-featured-img":"","footer-sml-layout":"","ast-disable-related-posts":"","theme-transparent-header-meta":"default","adv-header-id-meta":"","stick-header-meta":"","header-above-stick-meta":"","header-main-stick-meta":"","header-below-stick-meta":"","astra-migrate-meta-layouts":"set","ast-page-background-enabled":"default","ast-page-background-meta":{"desktop":{"background-color":"var(--ast-global-color-4)","background-image":"","background-repeat":"repeat","background-position":"center center","background-size":"auto","background-attachment":"scroll","background-type":"","background-media":"","overlay-type":"","overlay-color":"","overlay-opacity":"","overlay-gradient":""},"tablet":{"background-color":"","background-image":"","background-repeat":"repeat","background-position":"center center","background-size":"auto","background-attachment":"scroll","background-type":"","background-media":"","overlay-type":"","overlay-color":"","overlay-opacity":"","overlay-gradient":""},"mobile":{"background-color":"","background-image":"","background-repeat":"repeat","background-position":"center center","background-size":"auto","background-attachment":"scroll","background-type":"","background-media":"","overlay-type":"","overlay-color":"","overlay-opacity":"","overlay-gradient":""}},"ast-content-background-meta":{"desktop":{"background-color":"var(--ast-global-color-5)","background-image":"","background-repeat":"repeat","background-position":"center center","background-size":"auto","background-attachment":"scroll","background-type":"","background-media":"","overlay-type":"","overlay-color":"","overlay-opacity":"","overlay-gradient":""},"tablet":{"background-color":"var(--ast-global-color-5)","background-image":"","background-repeat":"repeat","background-position":"center center","background-size":"auto","background-attachment":"scroll","background-type":"","background-media":"","overlay-type":"","overlay-color":"","overlay-opacity":"","overlay-gradient":""},"mobile":{"background-color":"var(--ast-global-color-5)","background-image":"","background-repeat":"repeat","background-position":"center center","background-size":"auto","background-attachment":"scroll","background-type":"","background-media":"","overlay-type":"","overlay-color":"","overlay-opacity":"","overlay-gradient":""}}},"product_brand":[],"product_cat":[4803,1144],"product_tag":[2515],"product_format_filter":[6419],"class_list":{"0":"post-245640","1":"product","2":"type-product","3":"status-publish","4":"has-post-thumbnail","6":"product_cat-pre-rolls-non-infuses","7":"product_cat-pre-roules","8":"product_tag-ostara-medical-fr","9":"pa_flavours-agrume","10":"pa_flavours-citron","11":"pa_intensity-thc-eleve","12":"pa_marques-ostara-medical-fr","13":"pa_origin-quebec-fr","14":"pa_type-de-plante-hybride-indica-fr","15":"product_format_filter-0-4g","16":"desktop-align-left","17":"tablet-align-left","18":"mobile-align-left","20":"first","21":"outofstock","22":"taxable","23":"shipping-taxable","24":"purchasable","25":"product-type-simple"},"group_of_quantity":0,"min_quantity":0,"max_quantity":"","exclude_order_quantity_value_rules":"no","exclude_category_quantity_rules":"no","combine_variations":"no","acf":[],"_links":{"self":[{"href":"https:\/\/mendomedical.ca\/fr\/wp-json\/wp\/v2\/product\/245640","targetHints":{"allow":["GET"]}}],"collection":[{"href":"https:\/\/mendomedical.ca\/fr\/wp-json\/wp\/v2\/product"}],"about":[{"href":"https:\/\/mendomedical.ca\/fr\/wp-json\/wp\/v2\/types\/product"}],"replies":[{"embeddable":true,"href":"https:\/\/mendomedical.ca\/fr\/wp-json\/wp\/v2\/comments?post=245640"}],"wp:featuredmedia":[{"embeddable":true,"href":"https:\/\/mendomedical.ca\/fr\/wp-json\/wp\/v2\/media\/245752"}],"wp:attachment":[{"href":"https:\/\/mendomedical.ca\/fr\/wp-json\/wp\/v2\/media?parent=245640"}],"wp:term":[{"taxonomy":"product_brand","embeddable":true,"href":"https:\/\/mendomedical.ca\/fr\/wp-json\/wp\/v2\/product_brand?post=245640"},{"taxonomy":"product_cat","embeddable":true,"href":"https:\/\/mendomedical.ca\/fr\/wp-json\/wp\/v2\/product_cat?post=245640"},{"taxonomy":"product_tag","embeddable":true,"href":"https:\/\/mendomedical.ca\/fr\/wp-json\/wp\/v2\/product_tag?post=245640"},{"taxonomy":"product_format_filter","embeddable":true,"href":"https:\/\/mendomedical.ca\/fr\/wp-json\/wp\/v2\/product_format_filter?post=245640"}],"curies":[{"name":"wp","href":"https:\/\/api.w.org\/{rel}","templated":true}]}}