{"id":245544,"date":"2025-06-10T16:50:27","date_gmt":"2025-06-10T20:50:27","guid":{"rendered":"https:\/\/mendomedical.ca\/?post_type=product&#038;p=245544"},"modified":"2026-03-12T09:19:39","modified_gmt":"2026-03-12T13:19:39","slug":"ambassador-whole-cbd-flower-copy-2","status":"publish","type":"product","link":"https:\/\/mendomedical.ca\/fr\/produit\/ambassador-whole-cbd-flower-copy-2\/","title":{"rendered":"Fleur de CBD moulue Ambassador"},"content":{"rendered":"","protected":false},"excerpt":{"rendered":"<div class=\"ExternalClass290DF93506B445C381E27742F943AEB2\">\n<h3>Ambassador Milled CBD Flower - Chanvre de qualit\u00e9 sup\u00e9rieure Haut en CBD par Seventails Sevens<\/h3>\n<p>D\u00e9couvrez la qualit\u00e9 raffin\u00e9e de l&rsquo;Ambassador Milled CBD Flower, une vari\u00e9t\u00e9 de chanvre haut en CBD de premi\u00e8re qualit\u00e9 d\u00e9velopp\u00e9e par la c\u00e9l\u00e8bre \u00e9quipe de s\u00e9lectionneurs de Charlotte&rsquo;s Web. Cette vari\u00e9t\u00e9 soigneusement \u00e9labor\u00e9e combine une g\u00e9n\u00e9tique exceptionnelle avec un profil de cannabino\u00efdes \u00e9quilibr\u00e9, offrant 12,7 % de cannabino\u00efdes totaux pour une exp\u00e9rience douce et non psychoactive. Avec son m\u00e9lange harmonieux de notes douces et terreuses rehauss\u00e9es par des nuances lumineuses d&rsquo;agrumes et de pin, l&rsquo;Ambassador constitue une option sophistiqu\u00e9e pour ceux qui recherchent un soutien naturel au bien-\u00eatre et \u00e0 la relaxation.  <\/p>\n<h4>Caract\u00e9ristiques principales<\/h4>\n<ul>\n<li>Souche de chanvre haut en CBD de premi\u00e8re qualit\u00e9 avec 12,7 % de cannabino\u00efdes totaux pour une relaxation sans effets psychoactifs.<\/li>\n<li>L&rsquo;\u00e9quipe l\u00e9gendaire de Charlotte&rsquo;s Web a \u00e9lev\u00e9 les animaux de mani\u00e8re experte, ce qui garantit une qualit\u00e9 et des effets constants.<\/li>\n<li>Profil terp\u00e9nique complexe comprenant du \u03b2-Myrc\u00e8ne, du \u03b2-Caryophyll\u00e8ne et du Limon\u00e8ne pour des propri\u00e9t\u00e9s anti-stress potentielles.<\/li>\n<li>Des notes d&rsquo;agrumes, de pin et d&rsquo;ar\u00f4mes sucr\u00e9s cr\u00e9ent une exp\u00e9rience douce et rafra\u00eechissante.<\/li>\n<li>Pr\u00e9moulu pour plus de commodit\u00e9 - pr\u00eat \u00e0 \u00eatre utilis\u00e9 selon votre m\u00e9thode de consommation pr\u00e9f\u00e9r\u00e9e<\/li>\n<\/ul>\n<h4>Profil aromatique et terp\u00e9nique<\/h4>\n<p>L&rsquo;Ambassador offre une exp\u00e9rience sensorielle sophistiqu\u00e9e gr\u00e2ce \u00e0 sa riche composition en terp\u00e8nes. La vari\u00e9t\u00e9 vous accueille avec un ar\u00f4me doux et terreux, compl\u00e9t\u00e9 par des notes d&rsquo;agrumes et de pin. En bouche, la douceur des herbes et de la terre se m\u00eale \u00e0 de douces nuances florales, tandis qu&rsquo;une subtile luminosit\u00e9 d&rsquo;agrumes \u00e9merge \u00e0 l&rsquo;expiration - rappelant le zeste de citron ou la mandarine m\u00fbre. Le profil terp\u00e9nique soigneusement \u00e9quilibr\u00e9 comprend le \u03b2-Myrc\u00e8ne (terre, herbes), le \u03b2-Caryophyll\u00e8ne (\u00e9pic\u00e9, bois\u00e9), le Limon\u00e8ne (\u00e9clat des agrumes), l&rsquo;\u03b1-Bisabolol et le Linalol (notes florales). Ce m\u00e9lange harmonieux peut offrir des propri\u00e9t\u00e9s anti-inflammatoires et anti-stress tout en conservant une saveur douce et nuanc\u00e9e, parfaite pour un usage diurne.    <\/p>\n<h4>Pourquoi choisir la fleur de CBD<\/h4>\n<p>La fleur de CBD offre aux utilisateurs m\u00e9dicaux une exp\u00e9rience naturelle, \u00e0 partir d&rsquo;une plante enti\u00e8re, avec tout le spectre des cannabino\u00efdes et des terp\u00e8nes qui agissent ensemble. La teneur \u00e9lev\u00e9e en CBD de l&rsquo;Ambassador la rend id\u00e9ale pour ceux qui recherchent un soulagement potentiel du stress et de l&rsquo;inconfort physique tout en maintenant une clart\u00e9 mentale tout au long de la journ\u00e9e. <\/p>\n<h4>Exp\u00e9dition dans tout le Canada<\/h4>\n<p>Ambassador Milled CBD Flower est exp\u00e9di\u00e9 rapidement dans tout le Canada, avec une livraison gratuite pour les commandes de plus de 150 $. Nous assurons une livraison rapide et discr\u00e8te pour vous aider dans votre d\u00e9marche de bien-\u00eatre, o\u00f9 que vous soyez dans le pays. <\/p>\n<h4>Avantages et couverture pour les anciens combattants<\/h4>\n<p>La fleur de CBD moulue Ambassador est admissible \u00e0 la couverture d&rsquo;ACC (Anciens Combattants Canada) avec facturation directe par l&rsquo;entremise de la Croix Bleue, ce qui signifie que les anciens combattants admissibles n&rsquo;ont pas \u00e0 d\u00e9bourser d&rsquo;argent. Si vous n&rsquo;avez pas encore de carte m\u00e9dicale, vous pouvez <a href=\"https:\/\/mendomedical.ca\/fr\/carte-medicale\/\">obtenir votre carte m\u00e9dicale gratuite rapidement et facilement<\/a> pour acc\u00e9der \u00e0 ces avantages. <\/p>\n<\/div>\n","protected":false},"featured_media":245549,"comment_status":"closed","ping_status":"closed","template":"","meta":{"_acf_changed":false,"site-sidebar-layout":"default","site-content-layout":"","ast-site-content-layout":"default","site-content-style":"default","site-sidebar-style":"default","ast-global-header-display":"","ast-banner-title-visibility":"","ast-main-header-display":"","ast-hfb-above-header-display":"","ast-hfb-below-header-display":"","ast-hfb-mobile-header-display":"","site-post-title":"","ast-breadcrumbs-content":"","ast-featured-img":"","footer-sml-layout":"","ast-disable-related-posts":"","theme-transparent-header-meta":"default","adv-header-id-meta":"","stick-header-meta":"","header-above-stick-meta":"","header-main-stick-meta":"","header-below-stick-meta":"","astra-migrate-meta-layouts":"set","ast-page-background-enabled":"default","ast-page-background-meta":{"desktop":{"background-color":"var(--ast-global-color-4)","background-image":"","background-repeat":"repeat","background-position":"center center","background-size":"auto","background-attachment":"scroll","background-type":"","background-media":"","overlay-type":"","overlay-color":"","overlay-opacity":"","overlay-gradient":""},"tablet":{"background-color":"","background-image":"","background-repeat":"repeat","background-position":"center center","background-size":"auto","background-attachment":"scroll","background-type":"","background-media":"","overlay-type":"","overlay-color":"","overlay-opacity":"","overlay-gradient":""},"mobile":{"background-color":"","background-image":"","background-repeat":"repeat","background-position":"center center","background-size":"auto","background-attachment":"scroll","background-type":"","background-media":"","overlay-type":"","overlay-color":"","overlay-opacity":"","overlay-gradient":""}},"ast-content-background-meta":{"desktop":{"background-color":"var(--ast-global-color-5)","background-image":"","background-repeat":"repeat","background-position":"center center","background-size":"auto","background-attachment":"scroll","background-type":"","background-media":"","overlay-type":"","overlay-color":"","overlay-opacity":"","overlay-gradient":""},"tablet":{"background-color":"var(--ast-global-color-5)","background-image":"","background-repeat":"repeat","background-position":"center center","background-size":"auto","background-attachment":"scroll","background-type":"","background-media":"","overlay-type":"","overlay-color":"","overlay-opacity":"","overlay-gradient":""},"mobile":{"background-color":"var(--ast-global-color-5)","background-image":"","background-repeat":"repeat","background-position":"center center","background-size":"auto","background-attachment":"scroll","background-type":"","background-media":"","overlay-type":"","overlay-color":"","overlay-opacity":"","overlay-gradient":""}}},"product_brand":[4449],"product_cat":[4733,1137],"product_tag":[],"product_format_filter":[6407],"class_list":{"0":"post-245544","1":"product","2":"type-product","3":"status-publish","4":"has-post-thumbnail","6":"product_brand-ostara-medical","7":"product_cat-cbd-et-mineurs","8":"product_cat-fleur","9":"pa_flavours-agrume","10":"pa_flavours-piney-fr","11":"pa_flavours-doux","12":"pa_intensity-eleve-en-cbd","13":"pa_marques-seventails-sevens-fr","14":"pa_origin-colombie-britannique-fr","15":"pa_packaging-date-07-26-2025","16":"pa_prix-par-gramme-1-29","17":"pa_type-de-plante-cbd-fr","18":"product_format_filter-14g","19":"desktop-align-left","20":"tablet-align-left","21":"mobile-align-left","23":"first","24":"outofstock","25":"taxable","26":"shipping-taxable","27":"purchasable","28":"product-type-simple"},"group_of_quantity":0,"min_quantity":0,"max_quantity":"","exclude_order_quantity_value_rules":"no","exclude_category_quantity_rules":"no","combine_variations":"no","acf":[],"_links":{"self":[{"href":"https:\/\/mendomedical.ca\/fr\/wp-json\/wp\/v2\/product\/245544","targetHints":{"allow":["GET"]}}],"collection":[{"href":"https:\/\/mendomedical.ca\/fr\/wp-json\/wp\/v2\/product"}],"about":[{"href":"https:\/\/mendomedical.ca\/fr\/wp-json\/wp\/v2\/types\/product"}],"replies":[{"embeddable":true,"href":"https:\/\/mendomedical.ca\/fr\/wp-json\/wp\/v2\/comments?post=245544"}],"wp:featuredmedia":[{"embeddable":true,"href":"https:\/\/mendomedical.ca\/fr\/wp-json\/wp\/v2\/media\/245549"}],"wp:attachment":[{"href":"https:\/\/mendomedical.ca\/fr\/wp-json\/wp\/v2\/media?parent=245544"}],"wp:term":[{"taxonomy":"product_brand","embeddable":true,"href":"https:\/\/mendomedical.ca\/fr\/wp-json\/wp\/v2\/product_brand?post=245544"},{"taxonomy":"product_cat","embeddable":true,"href":"https:\/\/mendomedical.ca\/fr\/wp-json\/wp\/v2\/product_cat?post=245544"},{"taxonomy":"product_tag","embeddable":true,"href":"https:\/\/mendomedical.ca\/fr\/wp-json\/wp\/v2\/product_tag?post=245544"},{"taxonomy":"product_format_filter","embeddable":true,"href":"https:\/\/mendomedical.ca\/fr\/wp-json\/wp\/v2\/product_format_filter?post=245544"}],"curies":[{"name":"wp","href":"https:\/\/api.w.org\/{rel}","templated":true}]}}