{"id":245474,"date":"2025-08-22T13:55:25","date_gmt":"2025-08-22T17:55:25","guid":{"rendered":"https:\/\/mendomedical.ca\/?post_type=product&#038;p=245474"},"modified":"2026-04-04T18:32:50","modified_gmt":"2026-04-04T22:32:50","slug":"cool-menthol-cbd-pain-relief-stick-copy","status":"publish","type":"product","link":"https:\/\/mendomedical.ca\/fr\/produit\/cool-menthol-cbd-pain-relief-stick-copy\/","title":{"rendered":"B\u00e2ton de chanvre apr\u00e8s-soleil"},"content":{"rendered":"<div class=\"description_toggle\">\n<div class=\"the_content active_toggle\">\n<div id=\"shopify-section-product-template\" class=\"shopify-section\">\n<section class=\"product-single wrapper product--product-template\" data-section-type=\"product-template\" data-section-id=\"product-template\" data-reviews=\"false\" data-swatches=\"false\">\n<div class=\"grid--full\">\n<div class=\"grid__item\">\n<div class=\"grid\">\n<div class=\"grid__item large--one-half text-left\">\n<div class=\"product-description-wrapper\">\n<div class=\"product-tabs js-product-tabs\">\n<div class=\"product-tab\">\n<div id=\"ProductTab--ingredients-2\" class=\"product-tab__content is-expanded\" data-collapsible-container=\"\">\n<div class=\"product-tab__inner rte\" data-collapsible-content=\"\">\n<p>&nbsp;<\/p>\n<\/div>\n<\/div>\n<\/div>\n<\/div>\n<\/div>\n<\/div>\n<\/div>\n<\/div>\n<\/div>\n<\/section>\n<\/div>\n<\/div>\n<\/div>\n<p class=\"format_produit\">\n","protected":false},"excerpt":{"rendered":"<div class=\"ExternalClassD9095B2508FB4930990AEFD086B626A0\">\n<h3>B\u00e2ton de chanvre apr\u00e8s-soleil par Wildwood Labs<\/h3>\n<p>Le b\u00e2ton de chanvre apr\u00e8s-soleil procure un soulagement cibl\u00e9 gr\u00e2ce \u00e0 un m\u00e9lange unique d&rsquo;extraits de chanvre \u00e0 spectre complet et d&rsquo;huiles essentielles botaniques. Ce topique innovant en roll-on combine le profil cannabino\u00efde complet du chanvre avec des ingr\u00e9dients nourrissants pour la peau comme les huiles de mandarine et de copaiba, le tout log\u00e9 dans un applicateur pratique \u00e0 tourner. Con\u00e7u sp\u00e9cialement pour les peaux expos\u00e9es aux intemp\u00e9ries, ce baume de couleur dor\u00e9e offre une approche sophistiqu\u00e9e des soins de la peau apr\u00e8s l&rsquo;ext\u00e9rieur gr\u00e2ce \u00e0 la puissance synergique de l&rsquo;effet d&rsquo;entourage.  <\/p>\n<h4>Caract\u00e9ristiques principales<\/h4>\n<ul>\n<li>Extrait de chanvre \u00e0 spectre complet contenant du CBD, du CBG, du CBC, du CBN et des traces de THC pour des bienfaits cannabiques complets.<\/li>\n<li>Enrichi en huiles essentielles naturelles, notamment de mandarine, de copaiba et de gaulth\u00e9rie, pour des propri\u00e9t\u00e9s th\u00e9rapeutiques renforc\u00e9es.<\/li>\n<li>La conception pratique du b\u00e2tonnet twist-up permet une application cibl\u00e9e et sans d\u00e9g\u00e2ts sur des zones sp\u00e9cifiques.<\/li>\n<li>Format compact et facile \u00e0 transporter, parfait pour un soulagement en d\u00e9placement apr\u00e8s des activit\u00e9s de plein air.<\/li>\n<li>Ingr\u00e9dients naturels de premi\u00e8re qualit\u00e9, dont la cire d&rsquo;abeille, l&rsquo;huile de noix de coco et le beurre de karit\u00e9, pour une nutrition optimale de la peau.<\/li>\n<\/ul>\n<h4>Profil aromatique et terp\u00e9nique<\/h4>\n<p>Le b\u00e2ton de chanvre apr\u00e8s-soleil pr\u00e9sente un profil aromatique sophistiqu\u00e9 qui associe l&rsquo;\u00e9clat des agrumes \u00e0 des nuances chaudes et balsamiques. L&rsquo;huile essentielle de mandarine douce fournit du limon\u00e8ne stimulant, tandis que le copaiba apporte du \u03b2-caryophyll\u00e8ne. L&rsquo;extrait de chanvre \u00e0 spectre complet ajoute des terp\u00e8nes naturels, dont l&rsquo;humul\u00e8ne et le bisabolol, cr\u00e9ant un bouquet complexe \u00e0 la fois calmant et r\u00e9parateur. Ce m\u00e9lange de terp\u00e8nes soigneusement s\u00e9lectionn\u00e9 agit en synergie pour favoriser l&rsquo;\u00e9quilibre et le r\u00e9tablissement de la peau.   <\/p>\n<h4>Pourquoi choisir les produits topiques en roll-on ?<\/h4>\n<p>Les topiques en rouleau offrent aux consommateurs de cannabis m\u00e9dical une application pr\u00e9cise et localis\u00e9e sans effets syst\u00e9miques. Le format pratique permet un soulagement cibl\u00e9 exactement l\u00e0 o\u00f9 c&rsquo;est n\u00e9cessaire, ce qui les rend id\u00e9aux pour traiter des zones sp\u00e9cifiques d&rsquo;inconfort tout en maintenant une clart\u00e9 et une fonction totales tout au long de la journ\u00e9e. <\/p>\n<h4>Exp\u00e9dition dans tout le Canada<\/h4>\n<p>Le b\u00e2ton de chanvre After-Sun est exp\u00e9di\u00e9 rapidement \u00e0 travers le Canada avec une livraison gratuite pour les commandes de plus de 150 $. Nous assurons une livraison discr\u00e8te et fiable aux patients de cannabis m\u00e9dical dans tout le pays, apportant un soulagement topique de premi\u00e8re qualit\u00e9 directement \u00e0 votre porte. <\/p>\n<h4>Avantages et couverture pour les anciens combattants<\/h4>\n<p>Le b\u00e2ton de chanvre After-Sun est admissible \u00e0 la couverture d&rsquo;ACC (Anciens Combattants Canada) et est factur\u00e9 directement par la Croix Bleue, ce qui signifie que les anciens combattants admissibles n&rsquo;ont pas \u00e0 d\u00e9bourser d&rsquo;argent. Si vous n&rsquo;avez pas encore votre carte de cannabis m\u00e9dical, vous pouvez <a href=\"https:\/\/mendomedical.ca\/fr\/carte-medicale\/\">obtenir votre carte m\u00e9dicale gratuite rapidement et facilement<\/a> pour acc\u00e9der \u00e0 ces avantages. <\/p>\n<\/div>\n","protected":false},"featured_media":265350,"comment_status":"closed","ping_status":"closed","template":"","meta":{"_acf_changed":false,"site-sidebar-layout":"default","site-content-layout":"","ast-site-content-layout":"default","site-content-style":"default","site-sidebar-style":"default","ast-global-header-display":"","ast-banner-title-visibility":"","ast-main-header-display":"","ast-hfb-above-header-display":"","ast-hfb-below-header-display":"","ast-hfb-mobile-header-display":"","site-post-title":"","ast-breadcrumbs-content":"","ast-featured-img":"","footer-sml-layout":"","ast-disable-related-posts":"","theme-transparent-header-meta":"default","adv-header-id-meta":"","stick-header-meta":"","header-above-stick-meta":"","header-main-stick-meta":"","header-below-stick-meta":"","astra-migrate-meta-layouts":"set","ast-page-background-enabled":"default","ast-page-background-meta":{"desktop":{"background-color":"var(--ast-global-color-4)","background-image":"","background-repeat":"repeat","background-position":"center center","background-size":"auto","background-attachment":"scroll","background-type":"","background-media":"","overlay-type":"","overlay-color":"","overlay-opacity":"","overlay-gradient":""},"tablet":{"background-color":"","background-image":"","background-repeat":"repeat","background-position":"center center","background-size":"auto","background-attachment":"scroll","background-type":"","background-media":"","overlay-type":"","overlay-color":"","overlay-opacity":"","overlay-gradient":""},"mobile":{"background-color":"","background-image":"","background-repeat":"repeat","background-position":"center center","background-size":"auto","background-attachment":"scroll","background-type":"","background-media":"","overlay-type":"","overlay-color":"","overlay-opacity":"","overlay-gradient":""}},"ast-content-background-meta":{"desktop":{"background-color":"var(--ast-global-color-5)","background-image":"","background-repeat":"repeat","background-position":"center center","background-size":"auto","background-attachment":"scroll","background-type":"","background-media":"","overlay-type":"","overlay-color":"","overlay-opacity":"","overlay-gradient":""},"tablet":{"background-color":"var(--ast-global-color-5)","background-image":"","background-repeat":"repeat","background-position":"center center","background-size":"auto","background-attachment":"scroll","background-type":"","background-media":"","overlay-type":"","overlay-color":"","overlay-opacity":"","overlay-gradient":""},"mobile":{"background-color":"var(--ast-global-color-5)","background-image":"","background-repeat":"repeat","background-position":"center center","background-size":"auto","background-attachment":"scroll","background-type":"","background-media":"","overlay-type":"","overlay-color":"","overlay-opacity":"","overlay-gradient":""}}},"product_brand":[],"product_cat":[1151,1155,1150],"product_tag":[3684],"product_format_filter":[6408],"class_list":{"0":"post-245474","1":"product","2":"type-product","3":"status-publish","4":"has-post-thumbnail","6":"product_cat-baumes","7":"product_cat-rouleaux","8":"product_cat-topiques","9":"product_tag-wildwood-labs-fr","10":"pa_intensity-cbd-moyen","11":"pa_marques-wildwood-labs-fr","12":"pa_origin-ontario-fr","13":"pa_profil-terpene-bisabolol-fr","14":"pa_profil-terpene-caryophyllene","15":"pa_profil-terpene-humulene-fr","16":"pa_profil-terpene-limonene-fr","17":"pa_type-de-plante-cbd-fr","18":"product_format_filter-3g","19":"desktop-align-left","20":"tablet-align-left","21":"mobile-align-left","23":"first","24":"instock","25":"taxable","26":"shipping-taxable","27":"purchasable","28":"product-type-simple"},"group_of_quantity":0,"min_quantity":0,"max_quantity":"","exclude_order_quantity_value_rules":"no","exclude_category_quantity_rules":"no","combine_variations":"no","acf":[],"_links":{"self":[{"href":"https:\/\/mendomedical.ca\/fr\/wp-json\/wp\/v2\/product\/245474","targetHints":{"allow":["GET"]}}],"collection":[{"href":"https:\/\/mendomedical.ca\/fr\/wp-json\/wp\/v2\/product"}],"about":[{"href":"https:\/\/mendomedical.ca\/fr\/wp-json\/wp\/v2\/types\/product"}],"replies":[{"embeddable":true,"href":"https:\/\/mendomedical.ca\/fr\/wp-json\/wp\/v2\/comments?post=245474"}],"wp:featuredmedia":[{"embeddable":true,"href":"https:\/\/mendomedical.ca\/fr\/wp-json\/wp\/v2\/media\/265350"}],"wp:attachment":[{"href":"https:\/\/mendomedical.ca\/fr\/wp-json\/wp\/v2\/media?parent=245474"}],"wp:term":[{"taxonomy":"product_brand","embeddable":true,"href":"https:\/\/mendomedical.ca\/fr\/wp-json\/wp\/v2\/product_brand?post=245474"},{"taxonomy":"product_cat","embeddable":true,"href":"https:\/\/mendomedical.ca\/fr\/wp-json\/wp\/v2\/product_cat?post=245474"},{"taxonomy":"product_tag","embeddable":true,"href":"https:\/\/mendomedical.ca\/fr\/wp-json\/wp\/v2\/product_tag?post=245474"},{"taxonomy":"product_format_filter","embeddable":true,"href":"https:\/\/mendomedical.ca\/fr\/wp-json\/wp\/v2\/product_format_filter?post=245474"}],"curies":[{"name":"wp","href":"https:\/\/api.w.org\/{rel}","templated":true}]}}