{"id":244944,"date":"2025-08-06T16:45:06","date_gmt":"2025-08-06T20:45:06","guid":{"rendered":"https:\/\/mendomedical.ca\/?post_type=product&#038;p=244944"},"modified":"2026-03-02T12:51:10","modified_gmt":"2026-03-02T17:51:10","slug":"baby-jeeter-liquid-diamond-infused-multi-5-pack-copy","status":"publish","type":"product","link":"https:\/\/mendomedical.ca\/fr\/produit\/baby-jeeter-liquid-diamond-infused-multi-5-pack-copy\/","title":{"rendered":"Pr\u00e9-rolls Baby Jeeter Infused Granddaddy Purp"},"content":{"rendered":"","protected":false},"excerpt":{"rendered":"<div class=\"ExternalClassF9EB328A93DA4157A2540BD57C17A5A7\">\n<h3>Pr\u00e9-rolls Baby Jeeter Infused Granddaddy Purp<\/h3>\n<p>Faites l&rsquo;exp\u00e9rience de la l\u00e9gendaire souche Granddaddy Purp \u00e9lev\u00e9e \u00e0 de nouveaux sommets avec les pr\u00e9-rouleaux infus\u00e9s de premi\u00e8re qualit\u00e9 de Baby Jeeter. Cette indica embl\u00e9matique, issue des g\u00e9n\u00e9tiques Mendocino Purps, Skunk et Afghani, offre des saveurs de raisin audacieuses, compl\u00e9t\u00e9es par des \u00e9pices terreuses subtiles. Chaque pr\u00e9-rouleau est m\u00e9ticuleusement fabriqu\u00e9 avec du distillat liquide enrichi de diamants et termin\u00e9 par un g\u00e9n\u00e9reux enrobage de kief, garantissant une exp\u00e9rience de fumage exceptionnellement douce et puissante qui fait honneur \u00e0 l&rsquo;h\u00e9ritage de cette vari\u00e9t\u00e9 classique.  <\/p>\n<h4>Caract\u00e9ristiques principales<\/h4>\n<ul>\n<li>Souche indica de qualit\u00e9 sup\u00e9rieure infus\u00e9e avec du distillat liquide enrichi de diamants pour une puissance accrue<\/li>\n<li>Roul\u00e9s de mani\u00e8re experte et enrob\u00e9s de kief pour une combustion douce et homog\u00e8ne.<\/li>\n<li>Profil d&rsquo;ar\u00f4me de raisin riche avec des notes terreuses et \u00e9pic\u00e9es.<\/li>\n<li>Contient des terp\u00e8nes relaxants tels que le myrc\u00e8ne, le pin\u00e8ne et le caryophyll\u00e8ne.<\/li>\n<li>Id\u00e9al pour le soir et la d\u00e9tente<\/li>\n<\/ul>\n<h4>Profil aromatique et terp\u00e9nique<\/h4>\n<p>Les pr\u00e9-rouleaux Granddaddy Purp de Baby Jeeter pr\u00e9sentent un ar\u00f4me sucr\u00e9 distinctif, semblable \u00e0 celui du raisin, qui captive imm\u00e9diatement les sens. Le profil de saveur offre de riches notes d&rsquo;agrumes et de sucre, \u00e9quilibr\u00e9es par un subtil accent \u00e9pic\u00e9 de terre qui ajoute de la complexit\u00e9 \u00e0 chaque bouff\u00e9e. Le profil terp\u00e9nique comprend du myrc\u00e8ne pour la relaxation, du pin\u00e8ne pour la clart\u00e9 et du caryophyll\u00e8ne pour ses notes \u00e9pic\u00e9es et ses propri\u00e9t\u00e9s anti-inflammatoires potentielles. Cette combinaison cr\u00e9e une exp\u00e9rience cors\u00e9e et indulgente qui peut aider \u00e0 promouvoir une relaxation profonde.   <\/p>\n<h4>Pourquoi choisir les pr\u00e9-rolls ?<\/h4>\n<p>Les Pr\u00e9-rolls offrent aux consommateurs de cannabis m\u00e9dical un dosage coh\u00e9rent et une commodit\u00e9 sans avoir besoin de broyer ou de rouler. Les Pr\u00e9-rolls infus\u00e9s de Baby Jeeter offrent une exp\u00e9rience \u00e9lev\u00e9e avec une puissance am\u00e9lior\u00e9e, ce qui les rend id\u00e9aux pour les patients \u00e0 la recherche d&rsquo;options fiables et pr\u00eates \u00e0 l&#8217;emploi pour leur routine de bien-\u00eatre du soir. <\/p>\n<h4>Exp\u00e9dition dans tout le Canada<\/h4>\n<p>Les Pr\u00e9-rolls Baby Jeeter Infused Granddaddy Purp sont exp\u00e9di\u00e9s rapidement \u00e0 travers le Canada. Nous offrons une livraison gratuite pour toutes les commandes de plus de 150 $, assurant ainsi un acc\u00e8s pratique \u00e0 des produits de cannabis de qualit\u00e9 sup\u00e9rieure dans tout le pays. <\/p>\n<h4>Avantages et couverture pour les anciens combattants<\/h4>\n<p>Les Pr\u00e9-rolls Baby Jeeter Infused Granddaddy Purp sont admissibles \u00e0 la couverture d&rsquo;ACC (Anciens Combattants Canada) avec facturation directe par la Croix Bleue, ce qui signifie qu&rsquo;il n&rsquo;y a pas de frais \u00e0 d\u00e9bourser pour les anciens combattants admissibles. Si vous n&rsquo;avez pas encore de prescription m\u00e9dicale de cannabis, <a href=\"https:\/\/mendomedical.ca\/fr\/carte-medicale\/\">obtenez rapidement et facilement votre carte m\u00e9dicale gratuite<\/a> pour acc\u00e9der \u00e0 ces avantages. <\/p>\n<div><b>Ingr\u00e9dients<\/b><br \/>\nCannabis, agents aromatiques, gomme arabique<\/div>\n<\/div>\n","protected":false},"featured_media":244966,"comment_status":"closed","ping_status":"closed","template":"","meta":{"_acf_changed":false,"site-sidebar-layout":"default","site-content-layout":"","ast-site-content-layout":"default","site-content-style":"default","site-sidebar-style":"default","ast-global-header-display":"","ast-banner-title-visibility":"","ast-main-header-display":"","ast-hfb-above-header-display":"","ast-hfb-below-header-display":"","ast-hfb-mobile-header-display":"","site-post-title":"","ast-breadcrumbs-content":"","ast-featured-img":"","footer-sml-layout":"","ast-disable-related-posts":"","theme-transparent-header-meta":"default","adv-header-id-meta":"","stick-header-meta":"","header-above-stick-meta":"","header-main-stick-meta":"","header-below-stick-meta":"","astra-migrate-meta-layouts":"set","ast-page-background-enabled":"default","ast-page-background-meta":{"desktop":{"background-color":"var(--ast-global-color-4)","background-image":"","background-repeat":"repeat","background-position":"center center","background-size":"auto","background-attachment":"scroll","background-type":"","background-media":"","overlay-type":"","overlay-color":"","overlay-opacity":"","overlay-gradient":""},"tablet":{"background-color":"","background-image":"","background-repeat":"repeat","background-position":"center center","background-size":"auto","background-attachment":"scroll","background-type":"","background-media":"","overlay-type":"","overlay-color":"","overlay-opacity":"","overlay-gradient":""},"mobile":{"background-color":"","background-image":"","background-repeat":"repeat","background-position":"center center","background-size":"auto","background-attachment":"scroll","background-type":"","background-media":"","overlay-type":"","overlay-color":"","overlay-opacity":"","overlay-gradient":""}},"ast-content-background-meta":{"desktop":{"background-color":"var(--ast-global-color-5)","background-image":"","background-repeat":"repeat","background-position":"center center","background-size":"auto","background-attachment":"scroll","background-type":"","background-media":"","overlay-type":"","overlay-color":"","overlay-opacity":"","overlay-gradient":""},"tablet":{"background-color":"var(--ast-global-color-5)","background-image":"","background-repeat":"repeat","background-position":"center center","background-size":"auto","background-attachment":"scroll","background-type":"","background-media":"","overlay-type":"","overlay-color":"","overlay-opacity":"","overlay-gradient":""},"mobile":{"background-color":"var(--ast-global-color-5)","background-image":"","background-repeat":"repeat","background-position":"center center","background-size":"auto","background-attachment":"scroll","background-type":"","background-media":"","overlay-type":"","overlay-color":"","overlay-opacity":"","overlay-gradient":""}}},"product_brand":[4563],"product_cat":[1147,1144],"product_tag":[4567],"product_format_filter":[6374],"class_list":{"0":"post-244944","1":"product","2":"type-product","3":"status-publish","4":"has-post-thumbnail","6":"product_brand-jeeter","7":"product_cat-pre-roules-infuses","8":"product_cat-pre-roules","9":"product_tag-jeeter-fr","10":"pa_flavours-agrume","11":"pa_flavours-aigre","12":"pa_flavours-doux","13":"pa_intensity-thc-eleve","14":"pa_marques-jeeter-fr","15":"pa_origin-ontario-fr","16":"pa_profil-terpene-caryophyllene","17":"pa_profil-terpene-myrcene","18":"pa_profil-terpene-pinene-fr","19":"pa_type-de-plante-indica-fr","20":"product_format_filter-0-5g","21":"desktop-align-left","22":"tablet-align-left","23":"mobile-align-left","25":"first","26":"outofstock","27":"taxable","28":"shipping-taxable","29":"purchasable","30":"product-type-simple"},"group_of_quantity":0,"min_quantity":0,"max_quantity":"","exclude_order_quantity_value_rules":"no","exclude_category_quantity_rules":"no","combine_variations":"no","acf":[],"_links":{"self":[{"href":"https:\/\/mendomedical.ca\/fr\/wp-json\/wp\/v2\/product\/244944","targetHints":{"allow":["GET"]}}],"collection":[{"href":"https:\/\/mendomedical.ca\/fr\/wp-json\/wp\/v2\/product"}],"about":[{"href":"https:\/\/mendomedical.ca\/fr\/wp-json\/wp\/v2\/types\/product"}],"replies":[{"embeddable":true,"href":"https:\/\/mendomedical.ca\/fr\/wp-json\/wp\/v2\/comments?post=244944"}],"wp:featuredmedia":[{"embeddable":true,"href":"https:\/\/mendomedical.ca\/fr\/wp-json\/wp\/v2\/media\/244966"}],"wp:attachment":[{"href":"https:\/\/mendomedical.ca\/fr\/wp-json\/wp\/v2\/media?parent=244944"}],"wp:term":[{"taxonomy":"product_brand","embeddable":true,"href":"https:\/\/mendomedical.ca\/fr\/wp-json\/wp\/v2\/product_brand?post=244944"},{"taxonomy":"product_cat","embeddable":true,"href":"https:\/\/mendomedical.ca\/fr\/wp-json\/wp\/v2\/product_cat?post=244944"},{"taxonomy":"product_tag","embeddable":true,"href":"https:\/\/mendomedical.ca\/fr\/wp-json\/wp\/v2\/product_tag?post=244944"},{"taxonomy":"product_format_filter","embeddable":true,"href":"https:\/\/mendomedical.ca\/fr\/wp-json\/wp\/v2\/product_format_filter?post=244944"}],"curies":[{"name":"wp","href":"https:\/\/api.w.org\/{rel}","templated":true}]}}