{"id":244934,"date":"2024-07-02T10:30:24","date_gmt":"2024-07-02T14:30:24","guid":{"rendered":"https:\/\/mendomedical.ca\/?post_type=product&#038;p=244934"},"modified":"2026-04-16T16:20:43","modified_gmt":"2026-04-16T20:20:43","slug":"relief-bath-bomb-copy","status":"publish","type":"product","link":"https:\/\/mendomedical.ca\/fr\/produit\/relief-bath-bomb-copy\/","title":{"rendered":"Bombe de bain Revive"},"content":{"rendered":"<div class=\"description_toggle\">\n<div class=\"the_content active_toggle\">\n<div id=\"shopify-section-product-template\" class=\"shopify-section\">\n<section class=\"product-single wrapper product--product-template\" data-section-type=\"product-template\" data-section-id=\"product-template\" data-reviews=\"false\" data-swatches=\"false\">\n<div class=\"grid--full\">\n<div class=\"grid__item\">\n<div class=\"grid\">\n<div class=\"grid__item large--one-half text-left\">\n<div class=\"product-description-wrapper\">\n<div class=\"product-tabs js-product-tabs\">\n<div class=\"product-tab\">\n<div id=\"ProductTab--ingredients-2\" class=\"product-tab__content is-expanded\" data-collapsible-container=\"\">\n<div class=\"product-tab__inner rte\" data-collapsible-content=\"\">\n<p>&nbsp;<\/p>\n<\/div>\n<\/div>\n<\/div>\n<\/div>\n<\/div>\n<\/div>\n<\/div>\n<\/div>\n<\/div>\n<\/section>\n<\/div>\n<\/div>\n<\/div>\n<p class=\"format_produit\">\n","protected":false},"excerpt":{"rendered":"<div class=\"ExternalClass2251B51965FB41EC8BBAEC2C1ECA461D\">\n<h3>Bombe de bain Proofly Revive<\/h3>\n<p>Transformez votre routine quotidienne de bain en une exp\u00e9rience spa \u00e9nergisante avec la bombe de bain Revive de Proofly. Cette bombe de bain soigneusement \u00e9labor\u00e9e associe les bienfaits th\u00e9rapeutiques du CBD et du CBG \u00e0 une aromath\u00e9rapie revigorante, avec des notes d&rsquo;agrumes, de mandarine et de citronnelle. Infus\u00e9e de sel d&rsquo;Epsom et d&rsquo;ingr\u00e9dients hydratants naturels, cette sph\u00e8re de couleur p\u00eache se dissout pour cr\u00e9er un rituel de bain rajeunissant qui peut vous aider \u00e0 soutenir votre routine de bien-\u00eatre et \u00e0 vous pr\u00e9parer pour la journ\u00e9e \u00e0 venir.  <\/p>\n<h4>Caract\u00e9ristiques principales<\/h4>\n<ul>\n<li>Am\u00e9lior\u00e9 avec 1 mg\/g de CBD et 0,5 mg\/g de CBG pour une exp\u00e9rience cannabique \u00e9quilibr\u00e9e.<\/li>\n<li>Enrichi en sel d&rsquo;Epsom riche en magn\u00e9sium pour favoriser la relaxation musculaire.<\/li>\n<li>Ingr\u00e9dients hydratants naturels dont l&rsquo;huile de graines de tournesol pour nourrir la peau.<\/li>\n<li>M\u00e9lange aromatique \u00e9nergisant d&rsquo;agrumes, de mandarine et de citronnelle.<\/li>\n<li>Ingr\u00e9dients de premi\u00e8re qualit\u00e9 avec des isolats de CBD et de CBG pour une puissance constante<\/li>\n<\/ul>\n<h4>Ar\u00f4me et profil cannabique<\/h4>\n<p>Chaque bombe de bain Revive offre une exp\u00e9rience sensorielle stimulante gr\u00e2ce \u00e0 son m\u00e9lange d&rsquo;agrumes \u00e9nergisant. La combinaison de mandarine juteuse et de citronnelle fra\u00eeche cr\u00e9e un ar\u00f4me propre et revigorant con\u00e7u pour am\u00e9liorer votre routine matinale. Avec une teneur en cannabino\u00efdes pr\u00e9cis\u00e9ment mesur\u00e9e \u00e0 1 mg\/g de CBD et 0,5 mg\/g de CBG, cette bombe de bain offre une introduction douce \u00e0 la th\u00e9rapie topique aux cannabino\u00efdes.  <\/p>\n<h4>Pourquoi choisir les bombes de bain au CBD<\/h4>\n<p>Les bombes de bain infus\u00e9es au CBD offrent aux consommateurs de cannabis m\u00e9dical une m\u00e9thode d&rsquo;application topique relaxante pour tout le corps. L&rsquo;eau chaude du bain permet d&rsquo;ouvrir les pores, ce qui peut favoriser l&rsquo;absorption, tandis que les \u00e9l\u00e9ments aromath\u00e9rapeutiques peuvent contribuer au bien-\u00eatre g\u00e9n\u00e9ral et \u00e0 la gestion du stress. <\/p>\n<h4>Exp\u00e9dition dans tout le Canada<\/h4>\n<p>La bombe de bain Revive est exp\u00e9di\u00e9e rapidement partout au Canada, et la livraison est gratuite pour les commandes de plus de 150 $. Vos produits de bien-\u00eatre sont livr\u00e9s dans un emballage discret afin de pr\u00e9server votre vie priv\u00e9e. <\/p>\n<h4>Avantages et couverture pour les anciens combattants<\/h4>\n<p>Revive Bath Bomb est admissible \u00e0 la couverture d&rsquo;ACC (Anciens Combattants Canada) avec facturation directe par l&rsquo;entremise de la Croix Bleue, ce qui signifie que les anciens combattants admissibles n&rsquo;ont pas \u00e0 d\u00e9bourser d&rsquo;argent. Si vous n&rsquo;avez pas encore votre carte de cannabis m\u00e9dical, <a href=\"https:\/\/mendomedical.ca\/fr\/carte-medicale\/\">obtenez votre carte m\u00e9dicale gratuite rapidement et facilement<\/a>. <\/p>\n<p><strong>Ingr\u00e9dients :<\/strong> Bicarbonate de sodium, acide citrique, sulfate de magn\u00e9sium, lauryl sulfoac\u00e9tate de sodium, huile de graines d&rsquo;Helianthus Annuus (tournesol), isolat de CBD, isolat de CBG, triglyc\u00e9ride caprylique\/caprique, eau, polysorbate 20, polyester-3, jaune 5, parfum.<\/p>\n<\/div>\n","protected":false},"featured_media":244939,"comment_status":"closed","ping_status":"closed","template":"","meta":{"_acf_changed":false,"site-sidebar-layout":"default","site-content-layout":"","ast-site-content-layout":"default","site-content-style":"default","site-sidebar-style":"default","ast-global-header-display":"","ast-banner-title-visibility":"","ast-main-header-display":"","ast-hfb-above-header-display":"","ast-hfb-below-header-display":"","ast-hfb-mobile-header-display":"","site-post-title":"","ast-breadcrumbs-content":"","ast-featured-img":"","footer-sml-layout":"","ast-disable-related-posts":"","theme-transparent-header-meta":"default","adv-header-id-meta":"","stick-header-meta":"","header-above-stick-meta":"","header-main-stick-meta":"","header-below-stick-meta":"","astra-migrate-meta-layouts":"set","ast-page-background-enabled":"default","ast-page-background-meta":{"desktop":{"background-color":"var(--ast-global-color-4)","background-image":"","background-repeat":"repeat","background-position":"center center","background-size":"auto","background-attachment":"scroll","background-type":"","background-media":"","overlay-type":"","overlay-color":"","overlay-opacity":"","overlay-gradient":""},"tablet":{"background-color":"","background-image":"","background-repeat":"repeat","background-position":"center center","background-size":"auto","background-attachment":"scroll","background-type":"","background-media":"","overlay-type":"","overlay-color":"","overlay-opacity":"","overlay-gradient":""},"mobile":{"background-color":"","background-image":"","background-repeat":"repeat","background-position":"center center","background-size":"auto","background-attachment":"scroll","background-type":"","background-media":"","overlay-type":"","overlay-color":"","overlay-opacity":"","overlay-gradient":""}},"ast-content-background-meta":{"desktop":{"background-color":"var(--ast-global-color-5)","background-image":"","background-repeat":"repeat","background-position":"center center","background-size":"auto","background-attachment":"scroll","background-type":"","background-media":"","overlay-type":"","overlay-color":"","overlay-opacity":"","overlay-gradient":""},"tablet":{"background-color":"var(--ast-global-color-5)","background-image":"","background-repeat":"repeat","background-position":"center center","background-size":"auto","background-attachment":"scroll","background-type":"","background-media":"","overlay-type":"","overlay-color":"","overlay-opacity":"","overlay-gradient":""},"mobile":{"background-color":"var(--ast-global-color-5)","background-image":"","background-repeat":"repeat","background-position":"center center","background-size":"auto","background-attachment":"scroll","background-type":"","background-media":"","overlay-type":"","overlay-color":"","overlay-opacity":"","overlay-gradient":""}}},"product_brand":[],"product_cat":[1152,1150],"product_tag":[3686],"product_format_filter":[6401],"class_list":{"0":"post-244934","1":"product","2":"type-product","3":"status-publish","4":"has-post-thumbnail","6":"product_cat-bains","7":"product_cat-topiques","8":"product_tag-proofly-fr","9":"pa_intensity-faible-cbd","10":"pa_intensity-low-cbg-fr","11":"pa_marques-a-lepreuve","12":"pa_origin-ontario-fr","13":"pa_type-de-plante-cbg-fr","14":"pa_type-de-plante-thc-fr","15":"product_format_filter-16g","16":"desktop-align-left","17":"tablet-align-left","18":"mobile-align-left","20":"first","21":"instock","22":"taxable","23":"shipping-taxable","24":"purchasable","25":"product-type-simple"},"group_of_quantity":0,"min_quantity":0,"max_quantity":"","exclude_order_quantity_value_rules":"no","exclude_category_quantity_rules":"no","combine_variations":"no","acf":[],"_links":{"self":[{"href":"https:\/\/mendomedical.ca\/fr\/wp-json\/wp\/v2\/product\/244934","targetHints":{"allow":["GET"]}}],"collection":[{"href":"https:\/\/mendomedical.ca\/fr\/wp-json\/wp\/v2\/product"}],"about":[{"href":"https:\/\/mendomedical.ca\/fr\/wp-json\/wp\/v2\/types\/product"}],"replies":[{"embeddable":true,"href":"https:\/\/mendomedical.ca\/fr\/wp-json\/wp\/v2\/comments?post=244934"}],"wp:featuredmedia":[{"embeddable":true,"href":"https:\/\/mendomedical.ca\/fr\/wp-json\/wp\/v2\/media\/244939"}],"wp:attachment":[{"href":"https:\/\/mendomedical.ca\/fr\/wp-json\/wp\/v2\/media?parent=244934"}],"wp:term":[{"taxonomy":"product_brand","embeddable":true,"href":"https:\/\/mendomedical.ca\/fr\/wp-json\/wp\/v2\/product_brand?post=244934"},{"taxonomy":"product_cat","embeddable":true,"href":"https:\/\/mendomedical.ca\/fr\/wp-json\/wp\/v2\/product_cat?post=244934"},{"taxonomy":"product_tag","embeddable":true,"href":"https:\/\/mendomedical.ca\/fr\/wp-json\/wp\/v2\/product_tag?post=244934"},{"taxonomy":"product_format_filter","embeddable":true,"href":"https:\/\/mendomedical.ca\/fr\/wp-json\/wp\/v2\/product_format_filter?post=244934"}],"curies":[{"name":"wp","href":"https:\/\/api.w.org\/{rel}","templated":true}]}}