{"id":244717,"date":"2023-06-01T17:45:50","date_gmt":"2023-06-01T21:45:50","guid":{"rendered":"https:\/\/mendomedical.ca\/?post_type=product&#038;p=244717"},"modified":"2025-09-22T08:39:14","modified_gmt":"2025-09-22T12:39:14","slug":"charlottes-diesel-cbd-5000-softgels","status":"publish","type":"product","link":"https:\/\/mendomedical.ca\/fr\/produit\/charlottes-diesel-cbd-5000-softgels\/","title":{"rendered":"Charlotte&rsquo;s Diesel CBD 5000 softgels"},"content":{"rendered":"","protected":false},"excerpt":{"rendered":"<div class=\"ExternalClass345F0A61C67B4146A78932C6A5999C62\">\n<h3>Charlotte&rsquo;s Diesel CBD 5000 Capsules Molles<\/h3>\n<p>D\u00e9couvrez le potentiel th\u00e9rapeutique de Charlotte&rsquo;s Diesel CBD 5000 Softgels de Camp River Cannabis. Cette formulation de qualit\u00e9 sup\u00e9rieure combine les g\u00e9n\u00e9tiques l\u00e9gendaires de Charlotte&rsquo;s Web et Sour Diesel, fournissant 100 capsules molles avec 50mg de CBD \u00e0 spectre complet chacune. Fabriqu\u00e9es avec de l&rsquo;huile MCT de qualit\u00e9 pharmaceutique provenant \u00e0 100% de noix de coco, ces capsules molles de couleur ambre offrent un moyen pratique et pr\u00e9cis d&rsquo;incorporer le CBD dans votre routine quotidienne de bien-\u00eatre.  <\/p>\n<h4>Caract\u00e9ristiques principales<\/h4>\n<ul>\n<li>100 softgels par bouteille, chacun contenant 50mg de CBD \u00e0 spectre complet (5000mg au total)<\/li>\n<li>D\u00e9riv\u00e9 exclusivement de la g\u00e9n\u00e9tique de la souche Charlotte&rsquo;s Diesel<\/li>\n<li>Formul\u00e9 avec de l&rsquo;huile MCT de qualit\u00e9 pharmaceutique provenant \u00e0 100 % de noix de coco, sans huile de palme.<\/li>\n<li>Capsules molles brillantes et uniformes dans un flacon de type pharmaceutique pour une fra\u00eecheur optimale<\/li>\n<li>Profil non intoxicant adapt\u00e9 \u00e0 une utilisation quotidienne<\/li>\n<\/ul>\n<h4>Profil des cannabino\u00efdes et des terp\u00e8nes<\/h4>\n<p>Ces capsules molles contiennent un extrait de CBD \u00e0 spectre complet d\u00e9riv\u00e9 exclusivement du cultivar Charlotte&rsquo;s Diesel. La formulation pr\u00e9serve les cannabino\u00efdes mineurs et les terp\u00e8nes naturels de la souche, contribuant \u00e0 un profil cannabino\u00efde plus complet. Chaque softgel offre une puissance constante gr\u00e2ce \u00e0 l&rsquo;huile MCT de qualit\u00e9 pharmaceutique, garantissant une absorption et une biodisponibilit\u00e9 optimales.  <\/p>\n<p><strong>Ingr\u00e9dients :<\/strong> Extrait de cannabis, huile MCT<\/p>\n<h4>Pourquoi choisir les capsules de CBD<\/h4>\n<p>Les capsules de CBD offrent aux patients qui consomment du cannabis m\u00e9dical un dosage pr\u00e9cis et coh\u00e9rent, sans qu&rsquo;il soit n\u00e9cessaire de les mesurer ou de les pr\u00e9parer. Le format softgel permet une administration discr\u00e8te et pratique qui s&rsquo;int\u00e8gre parfaitement dans la routine quotidienne, ce qui les rend id\u00e9ales pour ceux qui recherchent une suppl\u00e9mentation fiable en CBD. <\/p>\n<h4>Exp\u00e9dition dans tout le Canada<\/h4>\n<p>Charlotte&rsquo;s Diesel CBD 5000 Softgels est exp\u00e9di\u00e9 rapidement \u00e0 travers le Canada. Nous offrons une livraison gratuite pour toutes les commandes de plus de 150 $, ce qui vous assure de recevoir vos produits de bien-\u00eatre rapidement et \u00e0 un prix abordable. <\/p>\n<h4>Avantages et couverture pour les anciens combattants<\/h4>\n<p>Charlotte&rsquo;s Diesel CBD 5000 Softgels est admissible \u00e0 la couverture d&rsquo;ACC (Anciens Combattants Canada) avec facturation directe par l&rsquo;entremise de la Croix Bleue - aucun d\u00e9bours\u00e9 n&rsquo;est requis. Si vous n&rsquo;avez pas encore d&rsquo;ordonnance de cannabis m\u00e9dical, <a href=\"https:\/\/mendomedical.ca\/fr\/carte-medicale\/\">obtenez rapidement et facilement votre carte m\u00e9dicale gratuite<\/a> pour acc\u00e9der \u00e0 ces avantages. <\/p>\n<div><b>Liste des ingr\u00e9dients :<\/b><br \/>\nExtrait de cannabis, huile MCT<\/div>\n<\/div>\n","protected":false},"featured_media":244719,"comment_status":"closed","ping_status":"closed","template":"","meta":{"_acf_changed":false,"site-sidebar-layout":"default","site-content-layout":"","ast-site-content-layout":"default","site-content-style":"default","site-sidebar-style":"default","ast-global-header-display":"","ast-banner-title-visibility":"","ast-main-header-display":"","ast-hfb-above-header-display":"","ast-hfb-below-header-display":"","ast-hfb-mobile-header-display":"","site-post-title":"","ast-breadcrumbs-content":"","ast-featured-img":"","footer-sml-layout":"","ast-disable-related-posts":"","theme-transparent-header-meta":"default","adv-header-id-meta":"","stick-header-meta":"","header-above-stick-meta":"","header-main-stick-meta":"","header-below-stick-meta":"","astra-migrate-meta-layouts":"set","ast-page-background-enabled":"default","ast-page-background-meta":{"desktop":{"background-color":"var(--ast-global-color-4)","background-image":"","background-repeat":"repeat","background-position":"center center","background-size":"auto","background-attachment":"scroll","background-type":"","background-media":"","overlay-type":"","overlay-color":"","overlay-opacity":"","overlay-gradient":""},"tablet":{"background-color":"","background-image":"","background-repeat":"repeat","background-position":"center center","background-size":"auto","background-attachment":"scroll","background-type":"","background-media":"","overlay-type":"","overlay-color":"","overlay-opacity":"","overlay-gradient":""},"mobile":{"background-color":"","background-image":"","background-repeat":"repeat","background-position":"center center","background-size":"auto","background-attachment":"scroll","background-type":"","background-media":"","overlay-type":"","overlay-color":"","overlay-opacity":"","overlay-gradient":""}},"ast-content-background-meta":{"desktop":{"background-color":"var(--ast-global-color-5)","background-image":"","background-repeat":"repeat","background-position":"center center","background-size":"auto","background-attachment":"scroll","background-type":"","background-media":"","overlay-type":"","overlay-color":"","overlay-opacity":"","overlay-gradient":""},"tablet":{"background-color":"var(--ast-global-color-5)","background-image":"","background-repeat":"repeat","background-position":"center center","background-size":"auto","background-attachment":"scroll","background-type":"","background-media":"","overlay-type":"","overlay-color":"","overlay-opacity":"","overlay-gradient":""},"mobile":{"background-color":"var(--ast-global-color-5)","background-image":"","background-repeat":"repeat","background-position":"center center","background-size":"auto","background-attachment":"scroll","background-type":"","background-media":"","overlay-type":"","overlay-color":"","overlay-opacity":"","overlay-gradient":""}}},"product_brand":[],"product_cat":[1115,1114],"product_tag":[],"product_format_filter":[],"class_list":{"0":"post-244717","1":"product","2":"type-product","3":"status-publish","4":"has-post-thumbnail","6":"product_cat-gelules-fr","7":"product_cat-gelules","8":"pa_intensity-thc-moyen","9":"pa_marques-camp-river-cannabis-fr","10":"pa_origin-ontario-fr","11":"pa_type-de-plante-hybride-sativa-fr","12":"pa_type-de-plante-thc-fr","13":"desktop-align-left","14":"tablet-align-left","15":"mobile-align-left","17":"first","18":"outofstock","19":"taxable","20":"shipping-taxable","21":"purchasable","22":"product-type-simple"},"group_of_quantity":0,"min_quantity":0,"max_quantity":"","exclude_order_quantity_value_rules":"no","exclude_category_quantity_rules":"no","combine_variations":"no","acf":[],"_links":{"self":[{"href":"https:\/\/mendomedical.ca\/fr\/wp-json\/wp\/v2\/product\/244717","targetHints":{"allow":["GET"]}}],"collection":[{"href":"https:\/\/mendomedical.ca\/fr\/wp-json\/wp\/v2\/product"}],"about":[{"href":"https:\/\/mendomedical.ca\/fr\/wp-json\/wp\/v2\/types\/product"}],"replies":[{"embeddable":true,"href":"https:\/\/mendomedical.ca\/fr\/wp-json\/wp\/v2\/comments?post=244717"}],"wp:featuredmedia":[{"embeddable":true,"href":"https:\/\/mendomedical.ca\/fr\/wp-json\/wp\/v2\/media\/244719"}],"wp:attachment":[{"href":"https:\/\/mendomedical.ca\/fr\/wp-json\/wp\/v2\/media?parent=244717"}],"wp:term":[{"taxonomy":"product_brand","embeddable":true,"href":"https:\/\/mendomedical.ca\/fr\/wp-json\/wp\/v2\/product_brand?post=244717"},{"taxonomy":"product_cat","embeddable":true,"href":"https:\/\/mendomedical.ca\/fr\/wp-json\/wp\/v2\/product_cat?post=244717"},{"taxonomy":"product_tag","embeddable":true,"href":"https:\/\/mendomedical.ca\/fr\/wp-json\/wp\/v2\/product_tag?post=244717"},{"taxonomy":"product_format_filter","embeddable":true,"href":"https:\/\/mendomedical.ca\/fr\/wp-json\/wp\/v2\/product_format_filter?post=244717"}],"curies":[{"name":"wp","href":"https:\/\/api.w.org\/{rel}","templated":true}]}}