{"id":244670,"date":"2025-06-08T18:10:07","date_gmt":"2025-06-08T22:10:07","guid":{"rendered":"https:\/\/mendomedical.ca\/?post_type=product&#038;p=244670"},"modified":"2025-10-09T08:58:47","modified_gmt":"2025-10-09T12:58:47","slug":"hi-c-2","status":"publish","type":"product","link":"https:\/\/mendomedical.ca\/fr\/produit\/hi-c-2\/","title":{"rendered":"Hi-C"},"content":{"rendered":"","protected":false},"excerpt":{"rendered":"<div class=\"ExternalClass0FC7E8E550BA474F85DC936931F4C7EC\">\n<h3>Hi-C par Saveur des Sommets<\/h3>\n<p>D\u00e9couvrez l&rsquo;exceptionnelle fleur de cannabis Hi-C de Saveur des Sommets, un hybride remarquable qui combine le l\u00e9gendaire West Coast Diesel avec les g\u00e9n\u00e9tiques exotiques Apples &amp; Bananas. Avec une teneur totale en terp\u00e8nes impressionnante de 3,85 %, cette fleur dense et couverte de trichomes offre une exp\u00e9rience sensorielle complexe qui s\u00e9duit les consommateurs de cannabis chevronn\u00e9s \u00e0 la recherche d&rsquo;effets puissants et de saveurs audacieuses. <\/p>\n<h4>Points forts du produit<\/h4>\n<ul>\n<li>G\u00e9n\u00e9tique haut de gamme : West Coast Diesel \u00d7 Apples &amp; Bananas crois\u00e9<\/li>\n<li>Teneur \u00e9lev\u00e9e en terp\u00e8nes (3,85 %) pour une saveur et des effets renforc\u00e9s<\/li>\n<li>Cocottes denses et visuellement frappantes avec des teintes vertes vibrantes, des accents violets et des pistils orange vif.<\/li>\n<li>Profil aromatique complexe avec des notes piquantes d&rsquo;agrumes et de diesel et des nuances sucr\u00e9es et \u00e9pic\u00e9es.<\/li>\n<li>La teneur \u00e9lev\u00e9e en THC est id\u00e9ale pour les utilisateurs exp\u00e9riment\u00e9s \u00e0 la recherche d&rsquo;effets c\u00e9r\u00e9braux et physiques puissants.<\/li>\n<\/ul>\n<h4>Saveur, ar\u00f4me et profil des terp\u00e8nes<\/h4>\n<p>Hi-C pr\u00e9sente un profil terp\u00e9nique sophistiqu\u00e9 domin\u00e9 par le myrc\u00e8ne, l&rsquo;\u03b1-pin\u00e8ne et le \u03b2-ocim\u00e8ne. L&rsquo;ar\u00f4me initial pr\u00e9sente une combinaison prononc\u00e9e de citron et de diesel, un h\u00e9ritage clair de son parent West Coast Diesel. Il est magnifiquement compl\u00e9t\u00e9 par des notes plus douces et plus \u00e9pic\u00e9es provenant de la g\u00e9n\u00e9tique Apples &amp; Bananas, cr\u00e9ant ainsi une exp\u00e9rience sensorielle intense et stratifi\u00e9e. L&rsquo;ar\u00f4me refl\u00e8te cette complexit\u00e9, d\u00e9livrant des notes d&rsquo;agrumes et de diesel gazeux, suivies d&rsquo;\u00e9pices subtiles sur l&rsquo;expiration. Avec des niveaux \u00e9lev\u00e9s de THC et une teneur minimale en CBD, Haut en CBD fournit des effets puissants qui peuvent offrir des propri\u00e9t\u00e9s \u00e0 la fois \u00e9difiantes et relaxantes.    <\/p>\n<h4>Pourquoi choisir Premium Flower<\/h4>\n<p>La fleur de cannabis de haute qualit\u00e9 comme Hi-C offre aux utilisateurs m\u00e9dicaux un contr\u00f4le pr\u00e9cis du dosage et une exp\u00e9rience \u00e0 spectre complet avec des terp\u00e8nes et des cannabino\u00efdes d&rsquo;origine naturelle. Le riche profil des terp\u00e8nes peut renforcer les effets th\u00e9rapeutiques gr\u00e2ce \u00e0 l&rsquo;effet d&rsquo;entourage, ce qui peut r\u00e9pondre \u00e0 divers besoins en mati\u00e8re de bien-\u00eatre. <\/p>\n<h4>Exp\u00e9dition dans tout le Canada<\/h4>\n<p>Hi-C est disponible pour une livraison rapide \u00e0 travers le Canada. Nous offrons une livraison gratuite pour toutes les commandes de plus de 150 $, assurant un acc\u00e8s pratique \u00e0 des produits de cannabis de qualit\u00e9 sup\u00e9rieure dans tout le pays. <\/p>\n<h4>Avantages et couverture pour les anciens combattants<\/h4>\n<p>Hi-C est admissible \u00e0 la couverture d&rsquo;ACC (Anciens Combattants Canada) et \u00e0 la facturation directe par l&rsquo;entremise de la Croix Bleue, ce qui \u00e9limine les frais \u00e0 la charge des anciens combattants admissibles. Si vous n&rsquo;avez pas encore d&rsquo;ordonnance de cannabis m\u00e9dical, <a href=\"https:\/\/mendomedical.ca\/fr\/carte-medicale\/\">obtenez rapidement et facilement votre carte m\u00e9dicale gratuite<\/a> pour acc\u00e9der \u00e0 ces avantages. <\/p>\n<\/div>\n","protected":false},"featured_media":244773,"comment_status":"closed","ping_status":"closed","template":"","meta":{"_acf_changed":false,"site-sidebar-layout":"default","site-content-layout":"","ast-site-content-layout":"default","site-content-style":"default","site-sidebar-style":"default","ast-global-header-display":"","ast-banner-title-visibility":"","ast-main-header-display":"","ast-hfb-above-header-display":"","ast-hfb-below-header-display":"","ast-hfb-mobile-header-display":"","site-post-title":"","ast-breadcrumbs-content":"","ast-featured-img":"","footer-sml-layout":"","ast-disable-related-posts":"","theme-transparent-header-meta":"default","adv-header-id-meta":"","stick-header-meta":"","header-above-stick-meta":"","header-main-stick-meta":"","header-below-stick-meta":"","astra-migrate-meta-layouts":"set","ast-page-background-enabled":"default","ast-page-background-meta":{"desktop":{"background-color":"var(--ast-global-color-4)","background-image":"","background-repeat":"repeat","background-position":"center center","background-size":"auto","background-attachment":"scroll","background-type":"","background-media":"","overlay-type":"","overlay-color":"","overlay-opacity":"","overlay-gradient":""},"tablet":{"background-color":"","background-image":"","background-repeat":"repeat","background-position":"center center","background-size":"auto","background-attachment":"scroll","background-type":"","background-media":"","overlay-type":"","overlay-color":"","overlay-opacity":"","overlay-gradient":""},"mobile":{"background-color":"","background-image":"","background-repeat":"repeat","background-position":"center center","background-size":"auto","background-attachment":"scroll","background-type":"","background-media":"","overlay-type":"","overlay-color":"","overlay-opacity":"","overlay-gradient":""}},"ast-content-background-meta":{"desktop":{"background-color":"var(--ast-global-color-5)","background-image":"","background-repeat":"repeat","background-position":"center center","background-size":"auto","background-attachment":"scroll","background-type":"","background-media":"","overlay-type":"","overlay-color":"","overlay-opacity":"","overlay-gradient":""},"tablet":{"background-color":"var(--ast-global-color-5)","background-image":"","background-repeat":"repeat","background-position":"center center","background-size":"auto","background-attachment":"scroll","background-type":"","background-media":"","overlay-type":"","overlay-color":"","overlay-opacity":"","overlay-gradient":""},"mobile":{"background-color":"var(--ast-global-color-5)","background-image":"","background-repeat":"repeat","background-position":"center center","background-size":"auto","background-attachment":"scroll","background-type":"","background-media":"","overlay-type":"","overlay-color":"","overlay-opacity":"","overlay-gradient":""}}},"product_brand":[4219],"product_cat":[1137],"product_tag":[],"product_format_filter":[6373],"class_list":{"0":"post-244670","1":"product","2":"type-product","3":"status-publish","4":"has-post-thumbnail","6":"product_brand-papa-joes-organics","7":"product_cat-fleur","8":"pa_flavours-agrume","9":"pa_flavours-pimenter","10":"pa_flavours-gazeux-diesel","11":"pa_intensity-thc-eleve","12":"pa_marques-saveur-des-sommets-fr","13":"pa_origin-quebec-fr","14":"pa_packaging-date-07-21-2025-fr","15":"pa_prix-par-gramme-8-57-fr","16":"pa_profil-terpene-caryophyllene","17":"pa_profil-terpene-limonene-fr","18":"pa_profil-terpene-myrcene","19":"pa_profil-terpene-ocimene-fr","20":"pa_profil-terpene-pinene-fr","21":"pa_type-de-plante-hybride-fr","22":"product_format_filter-7g","23":"desktop-align-left","24":"tablet-align-left","25":"mobile-align-left","27":"first","28":"outofstock","29":"taxable","30":"shipping-taxable","31":"purchasable","32":"product-type-simple"},"group_of_quantity":0,"min_quantity":0,"max_quantity":"","exclude_order_quantity_value_rules":"no","exclude_category_quantity_rules":"no","combine_variations":"no","acf":[],"_links":{"self":[{"href":"https:\/\/mendomedical.ca\/fr\/wp-json\/wp\/v2\/product\/244670","targetHints":{"allow":["GET"]}}],"collection":[{"href":"https:\/\/mendomedical.ca\/fr\/wp-json\/wp\/v2\/product"}],"about":[{"href":"https:\/\/mendomedical.ca\/fr\/wp-json\/wp\/v2\/types\/product"}],"replies":[{"embeddable":true,"href":"https:\/\/mendomedical.ca\/fr\/wp-json\/wp\/v2\/comments?post=244670"}],"wp:featuredmedia":[{"embeddable":true,"href":"https:\/\/mendomedical.ca\/fr\/wp-json\/wp\/v2\/media\/244773"}],"wp:attachment":[{"href":"https:\/\/mendomedical.ca\/fr\/wp-json\/wp\/v2\/media?parent=244670"}],"wp:term":[{"taxonomy":"product_brand","embeddable":true,"href":"https:\/\/mendomedical.ca\/fr\/wp-json\/wp\/v2\/product_brand?post=244670"},{"taxonomy":"product_cat","embeddable":true,"href":"https:\/\/mendomedical.ca\/fr\/wp-json\/wp\/v2\/product_cat?post=244670"},{"taxonomy":"product_tag","embeddable":true,"href":"https:\/\/mendomedical.ca\/fr\/wp-json\/wp\/v2\/product_tag?post=244670"},{"taxonomy":"product_format_filter","embeddable":true,"href":"https:\/\/mendomedical.ca\/fr\/wp-json\/wp\/v2\/product_format_filter?post=244670"}],"curies":[{"name":"wp","href":"https:\/\/api.w.org\/{rel}","templated":true}]}}