{"id":243554,"date":"2025-06-07T02:00:37","date_gmt":"2025-06-07T06:00:37","guid":{"rendered":"https:\/\/mendomedical.ca\/?post_type=product&#038;p=243554"},"modified":"2026-04-20T18:38:08","modified_gmt":"2026-04-20T22:38:08","slug":"cannavine-thc-copy-2","status":"publish","type":"product","link":"https:\/\/mendomedical.ca\/fr\/produit\/cannavine-thc-copy-2\/","title":{"rendered":"Solar Eclipse THC:CBG Fraise Hibiscus Live Rosin Gummy"},"content":{"rendered":"","protected":false},"excerpt":{"rendered":"<div class=\"ExternalClassC37677B4CDE849DF9A46E9012E70F27E\">\n<h3>Solar Eclipse THC:CBG Fraise Hibiscus Live Rosin Gummy<\/h3>\n<p>Faites l&rsquo;exp\u00e9rience de l&rsquo;\u00e9quilibre parfait des cannabino\u00efdes avec la gomme Live Rosin Solar Eclipse de BLAST. Ce comestible artisanal pr\u00e9sente un ratio pr\u00e9cis de 1:1 de THC et de CBG, fabriqu\u00e9 avec un extrait de Live Rosin de premi\u00e8re qualit\u00e9 pour une puissance et une puret\u00e9 accrues. La d\u00e9licieuse saveur de fraise et d&rsquo;hibiscus cr\u00e9e une exp\u00e9rience gustative rafra\u00eechissante qui compl\u00e8te les effets \u00e9quilibr\u00e9s de cette gomme bien con\u00e7ue.  <\/p>\n<h4>Caract\u00e9ristiques principales<\/h4>\n<ul>\n<li>Rapport \u00e9quilibr\u00e9 1:1 THC:CBG pour des effets harmonieux<\/li>\n<li>Fabriqu\u00e9 avec de l&rsquo;extrait de Live Rosin de premi\u00e8re qualit\u00e9 pour une qualit\u00e9 sup\u00e9rieure.<\/li>\n<li>Ar\u00f4me naturel de fraise et d&rsquo;hibiscus pour un go\u00fbt d\u00e9licieux<\/li>\n<li>Formule \u00e0 base de pectine adapt\u00e9e aux r\u00e9gimes v\u00e9g\u00e9tariens<\/li>\n<li>Infusion d&rsquo;huile MCT pour une meilleure absorption des cannabino\u00efdes<\/li>\n<\/ul>\n<h4>Profil d&rsquo;ar\u00f4me et d\u00e9tails sur les cannabino\u00efdes<\/h4>\n<p>Cette gomme offre une saveur vibrante de fraise et d&rsquo;hibiscus qui masque parfaitement tout go\u00fbt de cannabis tout en offrant une exp\u00e9rience rafra\u00eechissante et fruit\u00e9e. La formulation 1:1 THC:CBG offre un profil cannabino\u00efde unique o\u00f9 les propri\u00e9t\u00e9s potentielles du CBG en mati\u00e8re de concentration peuvent compl\u00e9ter les effets traditionnels du THC, cr\u00e9ant ainsi une exp\u00e9rience \u00e9quilibr\u00e9e adapt\u00e9e \u00e0 diff\u00e9rents moments de la journ\u00e9e. <\/p>\n<h4>Pourquoi choisir les plantes aromatiques<\/h4>\n<p>Les edibles offrent un dosage pr\u00e9cis et coh\u00e9rent et des effets durables, ce qui les rend id\u00e9aux pour les consommateurs de cannabis m\u00e9dical \u00e0 la recherche d&rsquo;un soulagement durable. Leur nature discr\u00e8te et leur facilit\u00e9 de consommation font des edibles une option pratique pour g\u00e9rer les sympt\u00f4mes tout au long de la journ\u00e9e. <\/p>\n<h4>Exp\u00e9dition dans tout le Canada<\/h4>\n<p>Solar Eclipse THC:CBG Strawberry Hibiscus Live Rosin Gummy est exp\u00e9di\u00e9 rapidement \u00e0 travers le Canada avec la livraison gratuite pour les commandes de plus de 150 $. Veuillez noter que les produits contenant de la g\u00e9latine peuvent fondre pendant l&rsquo;exp\u00e9dition durant les mois d&rsquo;\u00e9t\u00e9. Nous vous recommandons de tenir compte de ce probl\u00e8me potentiel lorsque vous passez votre commande.   Malheureusement, nous ne pouvons pas offrir de remboursement ou de remplacement pour les produits qui fondent pendant le transport. Nous vous remercions de votre compr\u00e9hension.<\/p>\n<h4>Avantages et couverture pour les anciens combattants<\/h4>\n<p>Solar Eclipse THC:CBG Strawberry Hibiscus Live Rosin Gummy est admissible \u00e0 la couverture d&rsquo;ACC (Anciens Combattants Canada) avec facturation directe par la Croix Bleue, ce qui signifie que les anciens combattants admissibles n&rsquo;ont rien \u00e0 d\u00e9bourser. Si vous n&rsquo;avez pas encore de carte m\u00e9dicale, <a href=\"https:\/\/mendomedical.ca\/fr\/carte-medicale\/\">obtenez votre carte m\u00e9dicale gratuite rapidement et facilement ici<\/a>. <\/p>\n<p><strong>Ingr\u00e9dients :<\/strong> Sirop de glucose, sucre, eau, pectine, huile MCT, ar\u00f4mes naturels, acide citrique, extrait de cannabis, concentr\u00e9 de carotte noire, jus de l\u00e9gumes, b\u00eatacarot\u00e8ne, l\u00e9cithine de tournesol.<\/p>\n<\/div>\n","protected":false},"featured_media":257995,"comment_status":"closed","ping_status":"closed","template":"","meta":{"_acf_changed":false,"site-sidebar-layout":"default","site-content-layout":"","ast-site-content-layout":"default","site-content-style":"default","site-sidebar-style":"default","ast-global-header-display":"","ast-banner-title-visibility":"","ast-main-header-display":"","ast-hfb-above-header-display":"","ast-hfb-below-header-display":"","ast-hfb-mobile-header-display":"","site-post-title":"","ast-breadcrumbs-content":"","ast-featured-img":"","footer-sml-layout":"","ast-disable-related-posts":"","theme-transparent-header-meta":"default","adv-header-id-meta":"","stick-header-meta":"","header-above-stick-meta":"","header-main-stick-meta":"","header-below-stick-meta":"","astra-migrate-meta-layouts":"set","ast-page-background-enabled":"default","ast-page-background-meta":{"desktop":{"background-color":"var(--ast-global-color-4)","background-image":"","background-repeat":"repeat","background-position":"center center","background-size":"auto","background-attachment":"scroll","background-type":"","background-media":"","overlay-type":"","overlay-color":"","overlay-opacity":"","overlay-gradient":""},"tablet":{"background-color":"","background-image":"","background-repeat":"repeat","background-position":"center center","background-size":"auto","background-attachment":"scroll","background-type":"","background-media":"","overlay-type":"","overlay-color":"","overlay-opacity":"","overlay-gradient":""},"mobile":{"background-color":"","background-image":"","background-repeat":"repeat","background-position":"center center","background-size":"auto","background-attachment":"scroll","background-type":"","background-media":"","overlay-type":"","overlay-color":"","overlay-opacity":"","overlay-gradient":""}},"ast-content-background-meta":{"desktop":{"background-color":"var(--ast-global-color-5)","background-image":"","background-repeat":"repeat","background-position":"center center","background-size":"auto","background-attachment":"scroll","background-type":"","background-media":"","overlay-type":"","overlay-color":"","overlay-opacity":"","overlay-gradient":""},"tablet":{"background-color":"var(--ast-global-color-5)","background-image":"","background-repeat":"repeat","background-position":"center center","background-size":"auto","background-attachment":"scroll","background-type":"","background-media":"","overlay-type":"","overlay-color":"","overlay-opacity":"","overlay-gradient":""},"mobile":{"background-color":"var(--ast-global-color-5)","background-image":"","background-repeat":"repeat","background-position":"center center","background-size":"auto","background-attachment":"scroll","background-type":"","background-media":"","overlay-type":"","overlay-color":"","overlay-opacity":"","overlay-gradient":""}}},"product_brand":[],"product_cat":[3825,1132,1511,1128],"product_tag":[],"product_format_filter":[6366],"class_list":{"0":"post-243554","1":"product","2":"type-product","3":"status-publish","4":"has-post-thumbnail","6":"product_cat-cbd-minors-3-fr","7":"product_cat-bonbons","8":"product_cat-full-spectrum-fr","9":"product_cat-comestibles","10":"pa_flavours-hibiscus-a-la-fraise","11":"pa_intensity-low-cbg-fr","12":"pa_intensity-thc-moyen","13":"pa_marques-blast-fr","14":"pa_origin-colombie-britannique-fr","15":"pa_type-de-plante-cbg-fr","16":"pa_type-de-plante-thc-fr","17":"product_format_filter-1units","18":"desktop-align-left","19":"tablet-align-left","20":"mobile-align-left","22":"first","23":"instock","24":"taxable","25":"shipping-taxable","26":"purchasable","27":"product-type-simple"},"group_of_quantity":0,"min_quantity":0,"max_quantity":"","exclude_order_quantity_value_rules":"no","exclude_category_quantity_rules":"no","combine_variations":"no","acf":[],"_links":{"self":[{"href":"https:\/\/mendomedical.ca\/fr\/wp-json\/wp\/v2\/product\/243554","targetHints":{"allow":["GET"]}}],"collection":[{"href":"https:\/\/mendomedical.ca\/fr\/wp-json\/wp\/v2\/product"}],"about":[{"href":"https:\/\/mendomedical.ca\/fr\/wp-json\/wp\/v2\/types\/product"}],"replies":[{"embeddable":true,"href":"https:\/\/mendomedical.ca\/fr\/wp-json\/wp\/v2\/comments?post=243554"}],"wp:featuredmedia":[{"embeddable":true,"href":"https:\/\/mendomedical.ca\/fr\/wp-json\/wp\/v2\/media\/257995"}],"wp:attachment":[{"href":"https:\/\/mendomedical.ca\/fr\/wp-json\/wp\/v2\/media?parent=243554"}],"wp:term":[{"taxonomy":"product_brand","embeddable":true,"href":"https:\/\/mendomedical.ca\/fr\/wp-json\/wp\/v2\/product_brand?post=243554"},{"taxonomy":"product_cat","embeddable":true,"href":"https:\/\/mendomedical.ca\/fr\/wp-json\/wp\/v2\/product_cat?post=243554"},{"taxonomy":"product_tag","embeddable":true,"href":"https:\/\/mendomedical.ca\/fr\/wp-json\/wp\/v2\/product_tag?post=243554"},{"taxonomy":"product_format_filter","embeddable":true,"href":"https:\/\/mendomedical.ca\/fr\/wp-json\/wp\/v2\/product_format_filter?post=243554"}],"curies":[{"name":"wp","href":"https:\/\/api.w.org\/{rel}","templated":true}]}}