{"id":243519,"date":"2025-09-19T12:50:45","date_gmt":"2025-09-19T16:50:45","guid":{"rendered":"https:\/\/mendomedical.ca\/?post_type=product&#038;p=243519"},"modified":"2026-04-06T23:54:53","modified_gmt":"2026-04-07T03:54:53","slug":"9-pound-hammer-pre-rolls-5x0-5g-copy","status":"publish","type":"product","link":"https:\/\/mendomedical.ca\/fr\/produit\/9-pound-hammer-pre-rolls-5x0-5g-copy\/","title":{"rendered":"9 Pound Hammer Pre-Rolls 10&#215;0.5g"},"content":{"rendered":"","protected":false},"excerpt":{"rendered":"<div class=\"ExternalClass74E43FE3E0584B4E91DF0CD17842500E\">\n<h3>9 Pound Hammer Pre-Rolls 10&#215;0.5g de Six One Charlie<\/h3>\n<p>D\u00e9couvrez la formidable puissance de 9 Pound Hammer dans un format pratique de Pr\u00e9-rolls. Six One Charlie pr\u00e9sente cet hybride \u00e0 dominance indica dans un paquet de 10 joints de 0,5g roul\u00e9s de mani\u00e8re experte, offrant une qualit\u00e9 constante et une relaxation profonde. Nomm\u00e9 pour sa capacit\u00e9 \u00e0 d\u00e9livrer des effets profonds et s\u00e9datifs, ces Pr\u00e9-rolls offrent un soulagement exceptionnel avec un d\u00e9licieux profil sucr\u00e9 et fruit\u00e9 qui rend chaque session \u00e0 la fois th\u00e9rapeutique et agr\u00e9able.  <\/p>\n<h4>Caract\u00e9ristiques principales<\/h4>\n<ul>\n<li>Paquet de 10 pr\u00e9-rouleaux de 0,5 g pour un dosage pratique et mesur\u00e9<\/li>\n<li>Teneur \u00e9lev\u00e9e en THC (20-25 %) pour des effets th\u00e9rapeutiques puissants.<\/li>\n<li>Hybride \u00e0 dominance indica id\u00e9al pour une utilisation en soir\u00e9e et une relaxation profonde.<\/li>\n<li>Profil d&rsquo;ar\u00f4me doux de raisin et de baies avec des nuances terreuses.<\/li>\n<li>Des pr\u00e9-rouleaux de fleurs pures, non infus\u00e9es, qui mettent en valeur les caract\u00e9ristiques naturelles de la souche<\/li>\n<\/ul>\n<h4>Profil aromatique et terp\u00e8nes<\/h4>\n<p>9 Pound Hammer offre une exp\u00e9rience sensorielle complexe qui commence par une douceur prononc\u00e9e de raisin et de baies m\u00e9lang\u00e9es \u00e0 l&rsquo;inhalation, compl\u00e9t\u00e9e par des notes acidul\u00e9es d&rsquo;agrumes. L&rsquo;expiration introduit une terre subtile avec des notes de pin, laissant un arri\u00e8re-go\u00fbt sucr\u00e9 persistant. Ce profil exceptionnel est le fruit d&rsquo;un riche m\u00e9lange de terp\u00e8nes comprenant du myrc\u00e8ne pour les ar\u00f4mes fruit\u00e9s et les qualit\u00e9s s\u00e9datives, du pin\u00e8ne pour les notes de pin et du caryophyll\u00e8ne pour la touche \u00e9pic\u00e9e et les propri\u00e9t\u00e9s anti-inflammatoires.  <\/p>\n<h4>Pourquoi choisir les pr\u00e9-rolls ?<\/h4>\n<p>Les Pr\u00e9-rolls offrent aux consommateurs de cannabis m\u00e9dical une commodit\u00e9 et une coh\u00e9rence in\u00e9gal\u00e9es. Chaque joint est roul\u00e9 professionnellement pour assurer une combustion uniforme et un flux d&rsquo;air optimal, \u00e9liminant ainsi le temps de pr\u00e9paration tout en fournissant un dosage pr\u00e9cis pour des effets th\u00e9rapeutiques fiables. <\/p>\n<h4>Exp\u00e9dition dans tout le Canada<\/h4>\n<p>9 Pound Hammer Pre-Rolls 10&#215;0.5g est exp\u00e9di\u00e9 rapidement au Canada. Nous offrons la livraison gratuite pour les commandes de plus de 150 $, ce qui garantit que vos produits th\u00e9rapeutiques vous parviennent rapidement et discr\u00e8tement. <\/p>\n<h4>Avantages et couverture pour les anciens combattants<\/h4>\n<p>9 Pound Hammer Pre-Rolls 10&#215;0.5g est admissible \u00e0 la couverture d&rsquo;ACC (Anciens Combattants Canada) avec facturation directe par l&rsquo;entremise de la Croix Bleue, ce qui signifie que les anciens combattants admissibles n&rsquo;ont pas \u00e0 d\u00e9bourser d&rsquo;argent. Si vous n&rsquo;avez pas encore de carte m\u00e9dicale, <a href=\"https:\/\/mendomedical.ca\/fr\/carte-medicale\/\">obtenez votre carte m\u00e9dicale gratuite rapidement et facilement<\/a> pour acc\u00e9der \u00e0 ces avantages. <\/p>\n<\/div>\n","protected":false},"featured_media":238936,"comment_status":"closed","ping_status":"closed","template":"","meta":{"_acf_changed":false,"site-sidebar-layout":"default","site-content-layout":"","ast-site-content-layout":"default","site-content-style":"default","site-sidebar-style":"default","ast-global-header-display":"","ast-banner-title-visibility":"","ast-main-header-display":"","ast-hfb-above-header-display":"","ast-hfb-below-header-display":"","ast-hfb-mobile-header-display":"","site-post-title":"","ast-breadcrumbs-content":"","ast-featured-img":"","footer-sml-layout":"","ast-disable-related-posts":"","theme-transparent-header-meta":"default","adv-header-id-meta":"","stick-header-meta":"","header-above-stick-meta":"","header-main-stick-meta":"","header-below-stick-meta":"","astra-migrate-meta-layouts":"set","ast-page-background-enabled":"default","ast-page-background-meta":{"desktop":{"background-color":"var(--ast-global-color-4)","background-image":"","background-repeat":"repeat","background-position":"center center","background-size":"auto","background-attachment":"scroll","background-type":"","background-media":"","overlay-type":"","overlay-color":"","overlay-opacity":"","overlay-gradient":""},"tablet":{"background-color":"","background-image":"","background-repeat":"repeat","background-position":"center center","background-size":"auto","background-attachment":"scroll","background-type":"","background-media":"","overlay-type":"","overlay-color":"","overlay-opacity":"","overlay-gradient":""},"mobile":{"background-color":"","background-image":"","background-repeat":"repeat","background-position":"center center","background-size":"auto","background-attachment":"scroll","background-type":"","background-media":"","overlay-type":"","overlay-color":"","overlay-opacity":"","overlay-gradient":""}},"ast-content-background-meta":{"desktop":{"background-color":"var(--ast-global-color-5)","background-image":"","background-repeat":"repeat","background-position":"center center","background-size":"auto","background-attachment":"scroll","background-type":"","background-media":"","overlay-type":"","overlay-color":"","overlay-opacity":"","overlay-gradient":""},"tablet":{"background-color":"var(--ast-global-color-5)","background-image":"","background-repeat":"repeat","background-position":"center center","background-size":"auto","background-attachment":"scroll","background-type":"","background-media":"","overlay-type":"","overlay-color":"","overlay-opacity":"","overlay-gradient":""},"mobile":{"background-color":"var(--ast-global-color-5)","background-image":"","background-repeat":"repeat","background-position":"center center","background-size":"auto","background-attachment":"scroll","background-type":"","background-media":"","overlay-type":"","overlay-color":"","overlay-opacity":"","overlay-gradient":""}}},"product_brand":[],"product_cat":[4803,4801,1144],"product_tag":[],"product_format_filter":[6374],"class_list":{"0":"post-243519","1":"product","2":"type-product","3":"status-publish","4":"has-post-thumbnail","6":"product_cat-pre-rolls-non-infuses","7":"product_cat-six-one-charlie-fr","8":"product_cat-pre-roules","9":"pa_flavours-agrume","10":"pa_flavours-baies","11":"pa_flavours-fruite","12":"pa_flavours-pin","13":"pa_flavours-raisin","14":"pa_flavours-doux","15":"pa_flavours-terreux","16":"pa_intensity-thc-moyen","17":"pa_marques-six-one-charlie-fr","18":"pa_origin-colombie-britannique-fr","19":"pa_profil-terpene-caryophyllene","20":"pa_profil-terpene-myrcene","21":"pa_profil-terpene-pinene-fr","22":"pa_type-de-plante-indica-fr","23":"product_format_filter-0-5g","24":"desktop-align-left","25":"tablet-align-left","26":"mobile-align-left","28":"first","29":"instock","30":"taxable","31":"shipping-taxable","32":"purchasable","33":"product-type-simple"},"group_of_quantity":0,"min_quantity":0,"max_quantity":"","exclude_order_quantity_value_rules":"no","exclude_category_quantity_rules":"no","combine_variations":"no","acf":[],"_links":{"self":[{"href":"https:\/\/mendomedical.ca\/fr\/wp-json\/wp\/v2\/product\/243519","targetHints":{"allow":["GET"]}}],"collection":[{"href":"https:\/\/mendomedical.ca\/fr\/wp-json\/wp\/v2\/product"}],"about":[{"href":"https:\/\/mendomedical.ca\/fr\/wp-json\/wp\/v2\/types\/product"}],"replies":[{"embeddable":true,"href":"https:\/\/mendomedical.ca\/fr\/wp-json\/wp\/v2\/comments?post=243519"}],"wp:featuredmedia":[{"embeddable":true,"href":"https:\/\/mendomedical.ca\/fr\/wp-json\/wp\/v2\/media\/238936"}],"wp:attachment":[{"href":"https:\/\/mendomedical.ca\/fr\/wp-json\/wp\/v2\/media?parent=243519"}],"wp:term":[{"taxonomy":"product_brand","embeddable":true,"href":"https:\/\/mendomedical.ca\/fr\/wp-json\/wp\/v2\/product_brand?post=243519"},{"taxonomy":"product_cat","embeddable":true,"href":"https:\/\/mendomedical.ca\/fr\/wp-json\/wp\/v2\/product_cat?post=243519"},{"taxonomy":"product_tag","embeddable":true,"href":"https:\/\/mendomedical.ca\/fr\/wp-json\/wp\/v2\/product_tag?post=243519"},{"taxonomy":"product_format_filter","embeddable":true,"href":"https:\/\/mendomedical.ca\/fr\/wp-json\/wp\/v2\/product_format_filter?post=243519"}],"curies":[{"name":"wp","href":"https:\/\/api.w.org\/{rel}","templated":true}]}}